{"id":5271,"date":"2024-09-22T17:33:49","date_gmt":"2024-09-22T15:33:49","guid":{"rendered":"https:\/\/site.educa.madrid.org\/cp.sanjuandelacruz.madrid\/?page_id=5271"},"modified":"2025-02-20T22:47:56","modified_gmt":"2025-02-20T21:47:56","slug":"actividades-complementarias-salidas-2-2","status":"publish","type":"page","link":"https:\/\/site.educa.madrid.org\/cp.sanjuandelacruz.madrid\/index.php\/actividades-complementarias-salidas-2-2\/","title":{"rendered":"ACTIVIDADES COMPLEMENTARIAS: SALIDAS CURSO 2024-25"},"content":{"rendered":"\n<p>Durante este curso 2024-25 se realizar\u00e1n las siguientes salidas y actividades complementarias previa aprobaci\u00f3n del Consejo Escolar.<\/p>\n\n\n\n<div class=\"wp-block-columns has-2-columns is-layout-flex wp-container-core-columns-is-layout-9d6595d7 wp-block-columns-is-layout-flex\">\n<div class=\"wp-block-column is-layout-flow wp-block-column-is-layout-flow\">\n<p class=\"has-large-font-size\">3 a\u00f1os<\/p>\n<\/div>\n\n\n\n<div class=\"wp-block-column is-layout-flow wp-block-column-is-layout-flow\" style=\"flex-basis:500px\">\n<ul class=\"wp-block-list\">\n<li>Teatro \u00abElmer\u00bb<\/li>\n\n\n\n<li>Mago en ingl\u00e9s (centro)<\/li>\n\n\n\n<li>Granja-Escuela<\/li>\n<\/ul>\n<\/div>\n<\/div>\n\n\n\n<hr class=\"wp-block-separator has-css-opacity is-style-wide\"\/>\n\n\n\n<div class=\"wp-block-columns has-2-columns is-layout-flex wp-container-core-columns-is-layout-9d6595d7 wp-block-columns-is-layout-flex\">\n<div class=\"wp-block-column is-layout-flow wp-block-column-is-layout-flow\">\n<p class=\"has-large-font-size\">4 a\u00f1os<\/p>\n<\/div>\n\n\n\n<div class=\"wp-block-column is-layout-flow wp-block-column-is-layout-flow\" style=\"flex-basis:500px\">\n<ul class=\"wp-block-list\">\n<li>Teatro: \u00abElmer\u00bb<\/li>\n\n\n\n<li>Mago en ingl\u00e9s (centro)<\/li>\n\n\n\n<li>Zoo-Acuarium<\/li>\n<\/ul>\n<\/div>\n<\/div>\n\n\n\n<hr class=\"wp-block-separator has-css-opacity is-style-wide\"\/>\n\n\n\n<div class=\"wp-block-columns has-2-columns is-layout-flex wp-container-core-columns-is-layout-9d6595d7 wp-block-columns-is-layout-flex\">\n<div class=\"wp-block-column is-layout-flow wp-block-column-is-layout-flow\">\n<p class=\"has-large-font-size\">5 a\u00f1os<\/p>\n<\/div>\n\n\n\n<div class=\"wp-block-column is-layout-flow wp-block-column-is-layout-flow\" style=\"flex-basis:500px\">\n<ul class=\"wp-block-list\">\n<li>Visita a Arqueopinto (prehistoria)<\/li>\n\n\n\n<li>Teatro: \u00abElmer\u00bb<\/li>\n\n\n\n<li>Mago en ingl\u00e9s (centro)<\/li>\n<\/ul>\n<\/div>\n<\/div>\n\n\n\n<hr class=\"wp-block-separator has-css-opacity is-style-wide\"\/>\n\n\n\n<div class=\"wp-block-columns has-2-columns is-layout-flex wp-container-core-columns-is-layout-9d6595d7 wp-block-columns-is-layout-flex\">\n<div class=\"wp-block-column is-layout-flow wp-block-column-is-layout-flow\">\n<p class=\"has-large-font-size\">1\u00ba Primaria<\/p>\n<\/div>\n\n\n\n<div class=\"wp-block-column is-layout-flow wp-block-column-is-layout-flow\" style=\"flex-basis:500px\">\n<ul class=\"wp-block-list\">\n<li>Educaci\u00f3n Vial a cargo de la Polic\u00eda Municipal (centro)<\/li>\n\n\n\n<li>Musical \u00abLa Bella y la Bestia\u00bb<\/li>\n\n\n\n<li>Talleres de consumo<\/li>\n\n\n\n<li>Zoo-Acuarium<\/li>\n\n\n\n<li>Granja-Escuela<\/li>\n<\/ul>\n<\/div>\n<\/div>\n\n\n\n<hr class=\"wp-block-separator has-css-opacity is-style-wide\"\/>\n\n\n\n<div class=\"wp-block-columns has-2-columns is-layout-flex wp-container-core-columns-is-layout-9d6595d7 wp-block-columns-is-layout-flex\">\n<div class=\"wp-block-column is-layout-flow wp-block-column-is-layout-flow\">\n<p class=\"has-large-font-size\">2\u00ba Primaria<\/p>\n<\/div>\n\n\n\n<div class=\"wp-block-column is-layout-flow wp-block-column-is-layout-flow\" style=\"flex-basis:500px\">\n<ul class=\"wp-block-list\">\n<li>Senda Madrid-R\u00edo<\/li>\n\n\n\n<li>Musical \u00abLa Bella y la Bestia\u00bb<\/li>\n\n\n\n<li>Talleres de consumo<\/li>\n\n\n\n<li>Granja-Escuela<\/li>\n<\/ul>\n<\/div>\n<\/div>\n\n\n\n<hr class=\"wp-block-separator has-css-opacity is-style-wide\"\/>\n\n\n\n<div class=\"wp-block-columns has-2-columns is-layout-flex wp-container-core-columns-is-layout-9d6595d7 wp-block-columns-is-layout-flex\">\n<div class=\"wp-block-column is-layout-flow wp-block-column-is-layout-flow\">\n<p class=\"has-large-font-size\">3\u00ba Primaria<\/p>\n<\/div>\n\n\n\n<div class=\"wp-block-column is-layout-flow wp-block-column-is-layout-flow\" style=\"flex-basis:500px\">\n<ul class=\"wp-block-list\">\n<li>Educaci\u00f3n Vial a cargo de la Polic\u00eda Municipal (colegio)<\/li>\n\n\n\n<li>Museo del Aire<\/li>\n\n\n\n<li>Talleres de consumo<\/li>\n\n\n\n<li>Musical \u00abHalloween\u00bb<\/li>\n\n\n\n<li>Teatro en ingl\u00e9s<\/li>\n\n\n\n<li>Sesiones de educaci\u00f3n emocional<\/li>\n\n\n\n<li>Visita al Parque de Bomberos<\/li>\n\n\n\n<li>Roc\u00f3dromo Municipal<\/li>\n\n\n\n<li>Museo Tiflol\u00f3gico<\/li>\n<\/ul>\n<\/div>\n<\/div>\n\n\n\n<hr class=\"wp-block-separator has-css-opacity is-style-wide\"\/>\n\n\n\n<div class=\"wp-block-columns has-2-columns is-layout-flex wp-container-core-columns-is-layout-9d6595d7 wp-block-columns-is-layout-flex\">\n<div class=\"wp-block-column is-layout-flow wp-block-column-is-layout-flow\">\n<p class=\"has-large-font-size\">4\u00ba Primaria<\/p>\n<\/div>\n\n\n\n<div class=\"wp-block-column is-layout-flow wp-block-column-is-layout-flow\" style=\"flex-basis:500px\">\n<ul class=\"wp-block-list\">\n<li>Museo del Aire<\/li>\n\n\n\n<li>Talleres de consumo<\/li>\n\n\n\n<li>Musical \u00abHalloween\u00bb<\/li>\n\n\n\n<li>Teatro en ingl\u00e9s<\/li>\n\n\n\n<li>Sesiones de educaci\u00f3n emocional<\/li>\n\n\n\n<li>Roc\u00f3dromo Municipal<\/li>\n\n\n\n<li>Museo Tiflol\u00f3gico<\/li>\n\n\n\n<li>Museo Arqueol\u00f3gico Nacional<\/li>\n<\/ul>\n<\/div>\n<\/div>\n\n\n\n<hr class=\"wp-block-separator has-css-opacity is-style-wide\"\/>\n\n\n\n<div class=\"wp-block-columns has-2-columns is-layout-flex wp-container-core-columns-is-layout-9d6595d7 wp-block-columns-is-layout-flex\">\n<div class=\"wp-block-column is-layout-flow wp-block-column-is-layout-flow\">\n<p class=\"has-large-font-size\">5\u00ba Primaria<\/p>\n<\/div>\n\n\n\n<div class=\"wp-block-column is-layout-flow wp-block-column-is-layout-flow\" style=\"flex-basis:500px\">\n<ul class=\"wp-block-list\">\n<li>Educaci\u00f3n Vial a cargo de la Polic\u00eda Municipal (colegio)<\/li>\n\n\n\n<li>Talleres de consumo<\/li>\n\n\n\n<li>Senda \u00abCaminando por la Naturaleza\u00bb<\/li>\n\n\n\n<li>Charla Agencia Tributaria<\/li>\n\n\n\n<li>Teatro en ingl\u00e9s<\/li>\n\n\n\n<li>Charla \u00abAdicci\u00f3n a Nuevas Tecnolog\u00edas\u00bb<\/li>\n\n\n\n<li>Charla \u00abAdicci\u00f3n a sustancias nocivas\u00bb<\/li>\n\n\n\n<li>Museo Arqueol\u00f3gico Nacional<\/li>\n<\/ul>\n<\/div>\n<\/div>\n\n\n\n<hr class=\"wp-block-separator has-css-opacity is-style-wide\"\/>\n\n\n\n<div class=\"wp-block-columns has-2-columns is-layout-flex wp-container-core-columns-is-layout-9d6595d7 wp-block-columns-is-layout-flex\">\n<div class=\"wp-block-column is-layout-flow wp-block-column-is-layout-flow\">\n<p class=\"has-large-font-size\">6\u00ba Primaria<\/p>\n<\/div>\n\n\n\n<div class=\"wp-block-column is-layout-flow wp-block-column-is-layout-flow\" style=\"flex-basis:500px\">\n<ul class=\"wp-block-list\">\n<li>Educaci\u00f3n Vial (Parque de Aluche de la Polic\u00eda Municipal)<\/li>\n\n\n\n<li>Talleres de consumo<\/li>\n\n\n\n<li>Senda \u00abCaminando por la Naturaleza\u00bb<\/li>\n\n\n\n<li>Charla Agencia Tributaria<\/li>\n\n\n\n<li>Visita al IES Santamarca<\/li>\n\n\n\n<li>Charla \u00abAdicci\u00f3n a Nuevas Tecnolog\u00edas\u00bb<\/li>\n\n\n\n<li>Charla \u00abAdicci\u00f3n a sustancias nocivas\u00bb<\/li>\n\n\n\n<li>Bienal de arte de la ONCE<\/li>\n<\/ul>\n<\/div>\n<\/div>\n","protected":false},"excerpt":{"rendered":"<p>Durante este curso 2024-25 se realizar\u00e1n las siguientes salidas y actividades complementarias previa aprobaci\u00f3n del Consejo Escolar. 3 a\u00f1os 4 a\u00f1os 5 a\u00f1os 1\u00ba Primaria 2\u00ba Primaria 3\u00ba Primaria 4\u00ba Primaria 5\u00ba Primaria 6\u00ba Primaria<\/p>\n","protected":false},"author":5,"featured_media":0,"parent":0,"menu_order":0,"comment_status":"closed","ping_status":"closed","template":"","meta":{"footnotes":""},"folder":[],"class_list":["post-5271","page","type-page","status-publish","hentry"],"rttpg_featured_image_url":null,"rttpg_author":{"display_name":"jestudios","author_link":"https:\/\/site.educa.madrid.org\/cp.sanjuandelacruz.madrid\/index.php\/author\/cuenta_jestudios-cp-sanjuandelacruz-madrid\/"},"rttpg_comment":0,"rttpg_category":false,"rttpg_excerpt":"Durante este curso 2024-25 se realizar\u00e1n las siguientes salidas y actividades complementarias previa aprobaci\u00f3n del Consejo Escolar. 3 a\u00f1os 4 a\u00f1os 5 a\u00f1os 1\u00ba Primaria 2\u00ba Primaria 3\u00ba Primaria 4\u00ba Primaria 5\u00ba Primaria 6\u00ba Primaria","post_mailing_queue_ids":[],"_links":{"self":[{"href":"https:\/\/site.educa.madrid.org\/cp.sanjuandelacruz.madrid\/index.php\/wp-json\/wp\/v2\/pages\/5271","targetHints":{"allow":["GET"]}}],"collection":[{"href":"https:\/\/site.educa.madrid.org\/cp.sanjuandelacruz.madrid\/index.php\/wp-json\/wp\/v2\/pages"}],"about":[{"href":"https:\/\/site.educa.madrid.org\/cp.sanjuandelacruz.madrid\/index.php\/wp-json\/wp\/v2\/types\/page"}],"author":[{"embeddable":true,"href":"https:\/\/site.educa.madrid.org\/cp.sanjuandelacruz.madrid\/index.php\/wp-json\/wp\/v2\/users\/5"}],"replies":[{"embeddable":true,"href":"https:\/\/site.educa.madrid.org\/cp.sanjuandelacruz.madrid\/index.php\/wp-json\/wp\/v2\/comments?post=5271"}],"version-history":[{"count":2,"href":"https:\/\/site.educa.madrid.org\/cp.sanjuandelacruz.madrid\/index.php\/wp-json\/wp\/v2\/pages\/5271\/revisions"}],"predecessor-version":[{"id":5709,"href":"https:\/\/site.educa.madrid.org\/cp.sanjuandelacruz.madrid\/index.php\/wp-json\/wp\/v2\/pages\/5271\/revisions\/5709"}],"wp:attachment":[{"href":"https:\/\/site.educa.madrid.org\/cp.sanjuandelacruz.madrid\/index.php\/wp-json\/wp\/v2\/media?parent=5271"}],"wp:term":[{"taxonomy":"folder","embeddable":true,"href":"https:\/\/site.educa.madrid.org\/cp.sanjuandelacruz.madrid\/index.php\/wp-json\/wp\/v2\/folder?post=5271"}],"curies":[{"name":"wp","href":"https:\/\/api.w.org\/{rel}","templated":true}]}}