{"id":5273,"date":"2024-09-22T17:35:24","date_gmt":"2024-09-22T15:35:24","guid":{"rendered":"https:\/\/site.educa.madrid.org\/cp.sanjuandelacruz.madrid\/?page_id=5273"},"modified":"2025-06-20T13:58:44","modified_gmt":"2025-06-20T11:58:44","slug":"actividades-complementarias-celebraciones-curso-2023-24-2","status":"publish","type":"page","link":"https:\/\/site.educa.madrid.org\/cp.sanjuandelacruz.madrid\/index.php\/actividades-complementarias-celebraciones-curso-2023-24-2\/","title":{"rendered":"ACTIVIDADES COMPLEMENTARIAS: CELEBRACIONES CURSO 2024-25"},"content":{"rendered":"\n<p class=\"has-text-align-center has-very-light-gray-color has-luminous-vivid-orange-background-color has-text-color has-background has-large-font-size\"><strong>HALLOWEEN<\/strong><\/p>\n\n\n\n<figure class=\"wp-block-embed aligncenter is-type-wp-embed is-provider-san-juan-de-la-cruz wp-block-embed-san-juan-de-la-cruz\"><div class=\"wp-block-embed__wrapper\">\n<blockquote class=\"wp-embedded-content\" data-secret=\"FvBgXrBS1P\"><a href=\"https:\/\/site.educa.madrid.org\/cp.sanjuandelacruz.madrid\/index.php\/2024\/11\/10\/halloween-2024\/\">HALLOWEEN 2024<\/a><\/blockquote><iframe loading=\"lazy\" class=\"wp-embedded-content\" sandbox=\"allow-scripts\" security=\"restricted\" style=\"position: absolute; visibility: hidden;\" title=\"\u00abHALLOWEEN 2024\u00bb \u2014 SAN JUAN DE LA CRUZ\" src=\"https:\/\/site.educa.madrid.org\/cp.sanjuandelacruz.madrid\/index.php\/2024\/11\/10\/halloween-2024\/embed\/#?secret=ND7ZAIVdmO#?secret=FvBgXrBS1P\" data-secret=\"FvBgXrBS1P\" width=\"600\" height=\"338\" frameborder=\"0\" marginwidth=\"0\" marginheight=\"0\" scrolling=\"no\"><\/iframe>\n<\/div><\/figure>\n\n\n\n<p class=\"has-text-align-center has-very-light-gray-color has-vivid-green-cyan-background-color has-text-color has-background has-large-font-size\"><strong>NAVIDAD<\/strong><\/p>\n\n\n\n<figure class=\"wp-block-embed aligncenter is-type-wp-embed is-provider-san-juan-de-la-cruz wp-block-embed-san-juan-de-la-cruz\"><div class=\"wp-block-embed__wrapper\">\n<blockquote class=\"wp-embedded-content\" data-secret=\"g1nwKuczNm\"><a href=\"https:\/\/site.educa.madrid.org\/cp.sanjuandelacruz.madrid\/index.php\/2024\/12\/16\/decorando-la-navidad\/\">DECORANDO LA NAVIDAD<\/a><\/blockquote><iframe loading=\"lazy\" class=\"wp-embedded-content\" sandbox=\"allow-scripts\" security=\"restricted\" style=\"position: absolute; visibility: hidden;\" title=\"\u00abDECORANDO LA NAVIDAD\u00bb \u2014 SAN JUAN DE LA CRUZ\" src=\"https:\/\/site.educa.madrid.org\/cp.sanjuandelacruz.madrid\/index.php\/2024\/12\/16\/decorando-la-navidad\/embed\/#?secret=MndTlR9FjX#?secret=g1nwKuczNm\" data-secret=\"g1nwKuczNm\" width=\"600\" height=\"338\" frameborder=\"0\" marginwidth=\"0\" marginheight=\"0\" scrolling=\"no\"><\/iframe>\n<\/div><\/figure>\n\n\n\n<p class=\"has-text-align-center has-very-light-gray-color has-vivid-cyan-blue-background-color has-text-color has-background has-large-font-size\"><strong>D\u00cdA DE LA PAZ<\/strong><\/p>\n\n\n\n<figure class=\"wp-block-embed aligncenter is-type-wp-embed is-provider-san-juan-de-la-cruz wp-block-embed-san-juan-de-la-cruz\"><div class=\"wp-block-embed__wrapper\">\n<blockquote class=\"wp-embedded-content\" data-secret=\"j1jkjSixD1\"><a href=\"https:\/\/site.educa.madrid.org\/cp.sanjuandelacruz.madrid\/index.php\/2025\/01\/30\/celebramos-la-paz-conocemos-la-paz\/\">CELEBRAMOS LA PAZ, CONOCEMOS LA PAZ<\/a><\/blockquote><iframe loading=\"lazy\" class=\"wp-embedded-content\" sandbox=\"allow-scripts\" security=\"restricted\" style=\"position: absolute; visibility: hidden;\" title=\"\u00abCELEBRAMOS LA PAZ, CONOCEMOS LA PAZ\u00bb \u2014 SAN JUAN DE LA CRUZ\" src=\"https:\/\/site.educa.madrid.org\/cp.sanjuandelacruz.madrid\/index.php\/2025\/01\/30\/celebramos-la-paz-conocemos-la-paz\/embed\/#?secret=mQC9Gr1tdb#?secret=j1jkjSixD1\" data-secret=\"j1jkjSixD1\" width=\"600\" height=\"338\" frameborder=\"0\" marginwidth=\"0\" marginheight=\"0\" scrolling=\"no\"><\/iframe>\n<\/div><\/figure>\n\n\n\n<p class=\"has-text-align-center has-very-light-gray-color has-luminous-vivid-amber-background-color has-text-color has-background has-large-font-size\"><strong>CARNAVAL<\/strong><\/p>\n\n\n\n<figure class=\"wp-block-embed aligncenter is-type-wp-embed is-provider-san-juan-de-la-cruz wp-block-embed-san-juan-de-la-cruz\"><div class=\"wp-block-embed__wrapper\">\n<blockquote class=\"wp-embedded-content\" data-secret=\"cbArGb7ZcV\"><a href=\"https:\/\/site.educa.madrid.org\/cp.sanjuandelacruz.madrid\/index.php\/2025\/02\/15\/carnaval-2025\/\">CARNAVAL &#8211; 2025<\/a><\/blockquote><iframe loading=\"lazy\" class=\"wp-embedded-content\" sandbox=\"allow-scripts\" security=\"restricted\" style=\"position: absolute; visibility: hidden;\" title=\"\u00abCARNAVAL &#8211; 2025\u00bb \u2014 SAN JUAN DE LA CRUZ\" src=\"https:\/\/site.educa.madrid.org\/cp.sanjuandelacruz.madrid\/index.php\/2025\/02\/15\/carnaval-2025\/embed\/#?secret=G3Qgdx0VTl#?secret=cbArGb7ZcV\" data-secret=\"cbArGb7ZcV\" width=\"600\" height=\"338\" frameborder=\"0\" marginwidth=\"0\" marginheight=\"0\" scrolling=\"no\"><\/iframe>\n<\/div><\/figure>\n\n\n\n<figure class=\"wp-block-embed aligncenter is-type-wp-embed is-provider-san-juan-de-la-cruz wp-block-embed-san-juan-de-la-cruz\"><div class=\"wp-block-embed__wrapper\">\n<blockquote class=\"wp-embedded-content\" data-secret=\"9xZ0ITIPjP\"><a href=\"https:\/\/site.educa.madrid.org\/cp.sanjuandelacruz.madrid\/index.php\/2025\/02\/26\/mascaras-de-carnaval-3\/\">M\u00e1scaras de carnaval<\/a><\/blockquote><iframe loading=\"lazy\" class=\"wp-embedded-content\" sandbox=\"allow-scripts\" security=\"restricted\" style=\"position: absolute; visibility: hidden;\" title=\"\u00abM\u00e1scaras de carnaval\u00bb \u2014 SAN JUAN DE LA CRUZ\" src=\"https:\/\/site.educa.madrid.org\/cp.sanjuandelacruz.madrid\/index.php\/2025\/02\/26\/mascaras-de-carnaval-3\/embed\/#?secret=kVENAanEID#?secret=9xZ0ITIPjP\" data-secret=\"9xZ0ITIPjP\" width=\"600\" height=\"338\" frameborder=\"0\" marginwidth=\"0\" marginheight=\"0\" scrolling=\"no\"><\/iframe>\n<\/div><\/figure>\n\n\n\n<figure class=\"wp-block-embed aligncenter is-type-wp-embed is-provider-san-juan-de-la-cruz wp-block-embed-san-juan-de-la-cruz\"><div class=\"wp-block-embed__wrapper\">\n<blockquote class=\"wp-embedded-content\" data-secret=\"m46Tug1KRV\"><a href=\"https:\/\/site.educa.madrid.org\/cp.sanjuandelacruz.madrid\/index.php\/2025\/03\/10\/desfile-de-carnaval\/\">DESFILE DE CARNAVAL<\/a><\/blockquote><iframe loading=\"lazy\" class=\"wp-embedded-content\" sandbox=\"allow-scripts\" security=\"restricted\" style=\"position: absolute; visibility: hidden;\" title=\"\u00abDESFILE DE CARNAVAL\u00bb \u2014 SAN JUAN DE LA CRUZ\" src=\"https:\/\/site.educa.madrid.org\/cp.sanjuandelacruz.madrid\/index.php\/2025\/03\/10\/desfile-de-carnaval\/embed\/#?secret=0knhy7UYE6#?secret=m46Tug1KRV\" data-secret=\"m46Tug1KRV\" width=\"600\" height=\"338\" frameborder=\"0\" marginwidth=\"0\" marginheight=\"0\" scrolling=\"no\"><\/iframe>\n<\/div><\/figure>\n\n\n\n<p class=\"has-text-align-center has-very-light-gray-color has-vivid-purple-background-color has-text-color has-background has-large-font-size\"><strong>D\u00cdA DE LA MUJER<\/strong><\/p>\n\n\n\n<figure class=\"wp-block-embed aligncenter is-type-wp-embed is-provider-san-juan-de-la-cruz wp-block-embed-san-juan-de-la-cruz\"><div class=\"wp-block-embed__wrapper\">\n<blockquote class=\"wp-embedded-content\" data-secret=\"e5CHhvXWT4\"><a href=\"https:\/\/site.educa.madrid.org\/cp.sanjuandelacruz.madrid\/index.php\/2025\/03\/10\/dia-de-la-mujer-2025\/\">D\u00eda de la Mujer &#8211; 2025<\/a><\/blockquote><iframe loading=\"lazy\" class=\"wp-embedded-content\" sandbox=\"allow-scripts\" security=\"restricted\" style=\"position: absolute; visibility: hidden;\" title=\"\u00abD\u00eda de la Mujer &#8211; 2025\u00bb \u2014 SAN JUAN DE LA CRUZ\" src=\"https:\/\/site.educa.madrid.org\/cp.sanjuandelacruz.madrid\/index.php\/2025\/03\/10\/dia-de-la-mujer-2025\/embed\/#?secret=OnfZRBjwXn#?secret=e5CHhvXWT4\" data-secret=\"e5CHhvXWT4\" width=\"600\" height=\"338\" frameborder=\"0\" marginwidth=\"0\" marginheight=\"0\" scrolling=\"no\"><\/iframe>\n<\/div><\/figure>\n\n\n\n<p class=\"has-text-align-center has-very-light-gray-color has-light-green-cyan-background-color has-text-color has-background\" style=\"font-size:34px\"><strong> SEMANA CULTURAL<\/strong><\/p>\n\n\n\n<figure class=\"wp-block-embed aligncenter is-type-wp-embed is-provider-san-juan-de-la-cruz wp-block-embed-san-juan-de-la-cruz\"><div class=\"wp-block-embed__wrapper\">\n<blockquote class=\"wp-embedded-content\" data-secret=\"U605QN4Xy4\"><a href=\"https:\/\/site.educa.madrid.org\/cp.sanjuandelacruz.madrid\/index.php\/2025\/04\/23\/semana-cultural-2024-25\/\">SEMANA CULTURAL 2024-25<\/a><\/blockquote><iframe loading=\"lazy\" class=\"wp-embedded-content\" sandbox=\"allow-scripts\" security=\"restricted\" style=\"position: absolute; visibility: hidden;\" title=\"\u00abSEMANA CULTURAL 2024-25\u00bb \u2014 SAN JUAN DE LA CRUZ\" src=\"https:\/\/site.educa.madrid.org\/cp.sanjuandelacruz.madrid\/index.php\/2025\/04\/23\/semana-cultural-2024-25\/embed\/#?secret=32FvwSXrz9#?secret=U605QN4Xy4\" data-secret=\"U605QN4Xy4\" width=\"600\" height=\"338\" frameborder=\"0\" marginwidth=\"0\" marginheight=\"0\" scrolling=\"no\"><\/iframe>\n<\/div><\/figure>\n\n\n\n<p class=\"has-text-align-center has-very-light-gray-color has-pale-pink-background-color has-text-color has-background has-large-font-size\"><strong>D\u00cdA DEL LIBRO<\/strong><\/p>\n\n\n\n<figure class=\"wp-block-embed aligncenter is-type-wp-embed is-provider-san-juan-de-la-cruz wp-block-embed-san-juan-de-la-cruz\"><div class=\"wp-block-embed__wrapper\">\n<blockquote class=\"wp-embedded-content\" data-secret=\"emRG404ZM8\"><a href=\"https:\/\/site.educa.madrid.org\/cp.sanjuandelacruz.madrid\/index.php\/2025\/04\/24\/dia-del-libro-2024-25\/\">D\u00eda del Libro 2024-25<\/a><\/blockquote><iframe loading=\"lazy\" class=\"wp-embedded-content\" sandbox=\"allow-scripts\" security=\"restricted\" style=\"position: absolute; visibility: hidden;\" title=\"\u00abD\u00eda del Libro 2024-25\u00bb \u2014 SAN JUAN DE LA CRUZ\" src=\"https:\/\/site.educa.madrid.org\/cp.sanjuandelacruz.madrid\/index.php\/2025\/04\/24\/dia-del-libro-2024-25\/embed\/#?secret=1762tWROPD#?secret=emRG404ZM8\" data-secret=\"emRG404ZM8\" width=\"600\" height=\"338\" frameborder=\"0\" marginwidth=\"0\" marginheight=\"0\" scrolling=\"no\"><\/iframe>\n<\/div><\/figure>\n\n\n\n<p class=\"has-text-align-center has-very-light-gray-color has-vivid-red-background-color has-text-color has-background\" style=\"font-size:34px\"><strong>SAN ISIDRO <\/strong><\/p>\n\n\n\n<figure class=\"wp-block-embed aligncenter is-type-wp-embed is-provider-san-juan-de-la-cruz wp-block-embed-san-juan-de-la-cruz\"><div class=\"wp-block-embed__wrapper\">\n<blockquote class=\"wp-embedded-content\" data-secret=\"TwADwWusuZ\"><a href=\"https:\/\/site.educa.madrid.org\/cp.sanjuandelacruz.madrid\/index.php\/2025\/05\/16\/san-isidro-2024-25\/\">SAN ISIDRO 2024-25<\/a><\/blockquote><iframe loading=\"lazy\" class=\"wp-embedded-content\" sandbox=\"allow-scripts\" security=\"restricted\" style=\"position: absolute; visibility: hidden;\" title=\"\u00abSAN ISIDRO 2024-25\u00bb \u2014 SAN JUAN DE LA CRUZ\" src=\"https:\/\/site.educa.madrid.org\/cp.sanjuandelacruz.madrid\/index.php\/2025\/05\/16\/san-isidro-2024-25\/embed\/#?secret=4IhBPjcdxX#?secret=TwADwWusuZ\" data-secret=\"TwADwWusuZ\" width=\"600\" height=\"338\" frameborder=\"0\" marginwidth=\"0\" marginheight=\"0\" scrolling=\"no\"><\/iframe>\n<\/div><\/figure>\n\n\n\n<p class=\"has-text-align-center has-very-light-gray-color has-pale-cyan-blue-background-color has-text-color has-background has-large-font-size\"><strong>FIN DE CURSO<\/strong><\/p>\n\n\n\n<figure class=\"wp-block-embed is-type-wp-embed is-provider-san-juan-de-la-cruz wp-block-embed-san-juan-de-la-cruz\"><div class=\"wp-block-embed__wrapper\">\n<blockquote class=\"wp-embedded-content\" data-secret=\"R5SsVpwTCu\"><a href=\"https:\/\/site.educa.madrid.org\/cp.sanjuandelacruz.madrid\/index.php\/2025\/06\/20\/fiesta-fin-de-curso\/\">FIESTA FIN DE CURSO<\/a><\/blockquote><iframe loading=\"lazy\" class=\"wp-embedded-content\" sandbox=\"allow-scripts\" security=\"restricted\" style=\"position: absolute; visibility: hidden;\" title=\"\u00abFIESTA FIN DE CURSO\u00bb \u2014 SAN JUAN DE LA CRUZ\" src=\"https:\/\/site.educa.madrid.org\/cp.sanjuandelacruz.madrid\/index.php\/2025\/06\/20\/fiesta-fin-de-curso\/embed\/#?secret=lwvuPMuYur#?secret=R5SsVpwTCu\" data-secret=\"R5SsVpwTCu\" width=\"600\" height=\"338\" frameborder=\"0\" marginwidth=\"0\" marginheight=\"0\" scrolling=\"no\"><\/iframe>\n<\/div><\/figure>\n","protected":false},"excerpt":{"rendered":"<p>HALLOWEEN NAVIDAD D\u00cdA DE LA PAZ CARNAVAL D\u00cdA DE LA MUJER SEMANA CULTURAL D\u00cdA DEL LIBRO SAN ISIDRO FIN DE CURSO<\/p>\n","protected":false},"author":5,"featured_media":0,"parent":0,"menu_order":0,"comment_status":"closed","ping_status":"closed","template":"","meta":{"footnotes":""},"folder":[],"class_list":["post-5273","page","type-page","status-publish","hentry"],"rttpg_featured_image_url":null,"rttpg_author":{"display_name":"jestudios","author_link":"https:\/\/site.educa.madrid.org\/cp.sanjuandelacruz.madrid\/index.php\/author\/cuenta_jestudios-cp-sanjuandelacruz-madrid\/"},"rttpg_comment":0,"rttpg_category":false,"rttpg_excerpt":"HALLOWEEN NAVIDAD D\u00cdA DE LA PAZ CARNAVAL D\u00cdA DE LA MUJER SEMANA CULTURAL D\u00cdA DEL LIBRO SAN ISIDRO FIN DE CURSO","post_mailing_queue_ids":[],"_links":{"self":[{"href":"https:\/\/site.educa.madrid.org\/cp.sanjuandelacruz.madrid\/index.php\/wp-json\/wp\/v2\/pages\/5273","targetHints":{"allow":["GET"]}}],"collection":[{"href":"https:\/\/site.educa.madrid.org\/cp.sanjuandelacruz.madrid\/index.php\/wp-json\/wp\/v2\/pages"}],"about":[{"href":"https:\/\/site.educa.madrid.org\/cp.sanjuandelacruz.madrid\/index.php\/wp-json\/wp\/v2\/types\/page"}],"author":[{"embeddable":true,"href":"https:\/\/site.educa.madrid.org\/cp.sanjuandelacruz.madrid\/index.php\/wp-json\/wp\/v2\/users\/5"}],"replies":[{"embeddable":true,"href":"https:\/\/site.educa.madrid.org\/cp.sanjuandelacruz.madrid\/index.php\/wp-json\/wp\/v2\/comments?post=5273"}],"version-history":[{"count":10,"href":"https:\/\/site.educa.madrid.org\/cp.sanjuandelacruz.madrid\/index.php\/wp-json\/wp\/v2\/pages\/5273\/revisions"}],"predecessor-version":[{"id":5926,"href":"https:\/\/site.educa.madrid.org\/cp.sanjuandelacruz.madrid\/index.php\/wp-json\/wp\/v2\/pages\/5273\/revisions\/5926"}],"wp:attachment":[{"href":"https:\/\/site.educa.madrid.org\/cp.sanjuandelacruz.madrid\/index.php\/wp-json\/wp\/v2\/media?parent=5273"}],"wp:term":[{"taxonomy":"folder","embeddable":true,"href":"https:\/\/site.educa.madrid.org\/cp.sanjuandelacruz.madrid\/index.php\/wp-json\/wp\/v2\/folder?post=5273"}],"curies":[{"name":"wp","href":"https:\/\/api.w.org\/{rel}","templated":true}]}}