{"id":556,"date":"2019-08-10T16:14:00","date_gmt":"2019-08-10T14:14:00","guid":{"rendered":"https:\/\/site.educa.madrid.org\/cp.sanjuandelacruz.madrid\/?page_id=556"},"modified":"2023-11-29T18:32:27","modified_gmt":"2023-11-29T17:32:27","slug":"actividades-complementarias-salidas","status":"publish","type":"page","link":"https:\/\/site.educa.madrid.org\/cp.sanjuandelacruz.madrid\/index.php\/actividades-complementarias-salidas\/","title":{"rendered":"ACTIVIDADES COMPLEMENTARIAS: SALIDAS CURSO 2022-23"},"content":{"rendered":"\n<p>Durante este curso 2022-23 se realizar\u00e1n las siguientes  salidas y actividades complementarias previa aprobaci\u00f3n del Consejo Escolar.<\/p>\n\n\n\n<div class=\"wp-block-columns has-2-columns is-layout-flex wp-container-core-columns-is-layout-9d6595d7 wp-block-columns-is-layout-flex\">\n<div class=\"wp-block-column is-layout-flow wp-block-column-is-layout-flow\">\n<p class=\"has-large-font-size\">3 a\u00f1os<\/p>\n<\/div>\n\n\n\n<div class=\"wp-block-column is-layout-flow wp-block-column-is-layout-flow\">\n<ul class=\"wp-block-list\">\n<li>Magia en ingl\u00e9s (colegio)<\/li>\n\n\n\n<li>Cuentacuentos (colegio)<\/li>\n\n\n\n<li>Teatro<\/li>\n\n\n\n<li>Granja-Escuela<\/li>\n<\/ul>\n<\/div>\n<\/div>\n\n\n\n<hr class=\"wp-block-separator has-css-opacity is-style-wide\"\/>\n\n\n\n<div class=\"wp-block-columns has-2-columns is-layout-flex wp-container-core-columns-is-layout-9d6595d7 wp-block-columns-is-layout-flex\">\n<div class=\"wp-block-column is-layout-flow wp-block-column-is-layout-flow\">\n<p class=\"has-large-font-size\">4 a\u00f1os<\/p>\n<\/div>\n\n\n\n<div class=\"wp-block-column is-layout-flow wp-block-column-is-layout-flow\">\n<ul class=\"wp-block-list\">\n<li>Magia en ingl\u00e9s (colegio)<\/li>\n\n\n\n<li>Cuentacuentos (colegio)<\/li>\n\n\n\n<li>Educaci\u00f3n Vial (colegio)<\/li>\n\n\n\n<li>Teatro<\/li>\n\n\n\n<li>Planetario<\/li>\n<\/ul>\n<\/div>\n<\/div>\n\n\n\n<hr class=\"wp-block-separator has-css-opacity is-style-wide\"\/>\n\n\n\n<div class=\"wp-block-columns has-2-columns is-layout-flex wp-container-core-columns-is-layout-9d6595d7 wp-block-columns-is-layout-flex\">\n<div class=\"wp-block-column is-layout-flow wp-block-column-is-layout-flow\">\n<p class=\"has-large-font-size\">5 a\u00f1os<\/p>\n<\/div>\n\n\n\n<div class=\"wp-block-column is-layout-flow wp-block-column-is-layout-flow\">\n<ul class=\"wp-block-list\">\n<li>Magia en ingl\u00e9s (colegio)<\/li>\n\n\n\n<li>Cuentacuentos (colegio)<\/li>\n\n\n\n<li>Educaci\u00f3n Vial (colegio)<\/li>\n\n\n\n<li>Arqueopinto<\/li>\n\n\n\n<li>Teatro<\/li>\n\n\n\n<li>Museo Aqueol\u00f3gico Nacional<\/li>\n<\/ul>\n<\/div>\n<\/div>\n\n\n\n<hr class=\"wp-block-separator has-css-opacity is-style-wide\"\/>\n\n\n\n<div class=\"wp-block-columns has-2-columns is-layout-flex wp-container-core-columns-is-layout-9d6595d7 wp-block-columns-is-layout-flex\">\n<div class=\"wp-block-column is-layout-flow wp-block-column-is-layout-flow\">\n<p class=\"has-large-font-size\">1\u00ba Primaria<\/p>\n<\/div>\n\n\n\n<div class=\"wp-block-column is-layout-flow wp-block-column-is-layout-flow\">\n<ul class=\"wp-block-list\">\n<li>Magia en ingl\u00e9s<\/li>\n\n\n\n<li>Educaci\u00f3n Vial (colegio)<\/li>\n\n\n\n<li>Concierto Pedag\u00f3gico<\/li>\n\n\n\n<li>Planetario<\/li>\n\n\n\n<li>Samur (centro)<\/li>\n<\/ul>\n<\/div>\n<\/div>\n\n\n\n<hr class=\"wp-block-separator has-css-opacity is-style-wide\"\/>\n\n\n\n<div class=\"wp-block-columns has-2-columns is-layout-flex wp-container-core-columns-is-layout-9d6595d7 wp-block-columns-is-layout-flex\">\n<div class=\"wp-block-column is-layout-flow wp-block-column-is-layout-flow\">\n<p class=\"has-large-font-size\">2\u00ba Primaria<\/p>\n<\/div>\n\n\n\n<div class=\"wp-block-column is-layout-flow wp-block-column-is-layout-flow\">\n<ul class=\"wp-block-list\">\n<li>Magia en ingl\u00e9s (colegio)<\/li>\n\n\n\n<li>Arqueopinto <\/li>\n\n\n\n<li>Planetario<\/li>\n\n\n\n<li>Samur (colegio)<\/li>\n\n\n\n<li>SnowZone Xanad\u00fa<\/li>\n<\/ul>\n<\/div>\n<\/div>\n\n\n\n<hr class=\"wp-block-separator has-css-opacity is-style-wide\"\/>\n\n\n\n<div class=\"wp-block-columns has-2-columns is-layout-flex wp-container-core-columns-is-layout-9d6595d7 wp-block-columns-is-layout-flex\">\n<div class=\"wp-block-column is-layout-flow wp-block-column-is-layout-flow\">\n<p class=\"has-large-font-size\">3\u00ba Primaria<\/p>\n<\/div>\n\n\n\n<div class=\"wp-block-column is-layout-flow wp-block-column-is-layout-flow\">\n<ul class=\"wp-block-list\">\n<li>II Carrera de Cross<\/li>\n\n\n\n<li>Charla \u00abS\u00e9 Genial en Internet\u00bb<\/li>\n\n\n\n<li>Magia en ingl\u00e9s (colegio)<\/li>\n\n\n\n<li>Educaci\u00f3n Vial (colegio)<\/li>\n\n\n\n<li>Visita al Palacio de Cibeles<\/li>\n\n\n\n<li>Planetario<\/li>\n\n\n\n<li>Samur (colegio)<\/li>\n\n\n\n<li>SnowZone Xanad\u00fa<\/li>\n\n\n\n<li>Sesiones de Educaci\u00f3n Emocional<\/li>\n<\/ul>\n<\/div>\n<\/div>\n\n\n\n<hr class=\"wp-block-separator has-css-opacity is-style-wide\"\/>\n\n\n\n<div class=\"wp-block-columns has-2-columns is-layout-flex wp-container-core-columns-is-layout-9d6595d7 wp-block-columns-is-layout-flex\">\n<div class=\"wp-block-column is-layout-flow wp-block-column-is-layout-flow\">\n<p class=\"has-large-font-size\">4\u00ba Primaria<\/p>\n<\/div>\n\n\n\n<div class=\"wp-block-column is-layout-flow wp-block-column-is-layout-flow\">\n<ul class=\"wp-block-list\">\n<li>II Carrera de Cross<\/li>\n\n\n\n<li>Charla \u00abS\u00e9 Genial en Internet\u00bb<\/li>\n\n\n\n<li>Visita a la ciudad de Toledo<\/li>\n\n\n\n<li>Teatro en ingl\u00e9s<\/li>\n\n\n\n<li>Excursi\u00f3n a la sierra<\/li>\n\n\n\n<li>Visita al Museo Reina Sof\u00eda<\/li>\n\n\n\n<li>Visita al Palacio de Cibeles<\/li>\n\n\n\n<li>Taller Cient\u00edfico<\/li>\n\n\n\n<li>Sesiones de Educaci\u00f3n Emocional<\/li>\n<\/ul>\n<\/div>\n<\/div>\n\n\n\n<hr class=\"wp-block-separator has-css-opacity is-style-wide\"\/>\n\n\n\n<div class=\"wp-block-columns has-2-columns is-layout-flex wp-container-core-columns-is-layout-9d6595d7 wp-block-columns-is-layout-flex\">\n<div class=\"wp-block-column is-layout-flow wp-block-column-is-layout-flow\">\n<p class=\"has-large-font-size\">5\u00ba Primaria<\/p>\n<\/div>\n\n\n\n<div class=\"wp-block-column is-layout-flow wp-block-column-is-layout-flow\">\n<ul class=\"wp-block-list\">\n<li>II Carrera de Cross<\/li>\n\n\n\n<li>Charla \u00abS\u00e9 Genial en Internet\u00bb<\/li>\n\n\n\n<li>Teatro en ingl\u00e9s<\/li>\n\n\n\n<li>Visita a la ciudad de Toledo<\/li>\n\n\n\n<li>Educaci\u00f3n Vial (colegio)<\/li>\n\n\n\n<li>Excursi\u00f3n a la sierra<\/li>\n\n\n\n<li>Visita al Museo Reina Sof\u00eda<\/li>\n\n\n\n<li>Aula de campo \u00abNuestros \u00e1rboles\u00bb<\/li>\n\n\n\n<li>Taller Cient\u00edfico<\/li>\n\n\n\n<li>Charla Agencia Tributaria<\/li>\n\n\n\n<li>Programa para el desarrollo de competencias personales y prevenci\u00f3n de adicciones comportamentales<\/li>\n<\/ul>\n\n\n\n<p><\/p>\n\n\n\n<p><\/p>\n<\/div>\n<\/div>\n\n\n\n<hr class=\"wp-block-separator has-css-opacity is-style-wide\"\/>\n\n\n\n<div class=\"wp-block-columns has-2-columns is-layout-flex wp-container-core-columns-is-layout-9d6595d7 wp-block-columns-is-layout-flex\">\n<div class=\"wp-block-column is-layout-flow wp-block-column-is-layout-flow\">\n<p class=\"has-large-font-size\">6\u00ba Primaria<\/p>\n<\/div>\n\n\n\n<div class=\"wp-block-column is-layout-flow wp-block-column-is-layout-flow\">\n<ul class=\"wp-block-list\">\n<li>D\u00eda de la Bici &#8211; Actividad organizada por la Junta Municipal de Chamart\u00edn<\/li>\n\n\n\n<li>II Carrera de Cross<\/li>\n\n\n\n<li>Charla \u00abS\u00e9 Genial en Internet\u00bb<\/li>\n\n\n\n<li>Teatro en ingl\u00e9s<\/li>\n\n\n\n<li>Visita a la ciudad de Toledo<\/li>\n\n\n\n<li>Actividad de Orientaci\u00f3n<\/li>\n\n\n\n<li>Excursi\u00f3n a la sierra<\/li>\n\n\n\n<li>Visita al Museo Reina Sof\u00eda<\/li>\n\n\n\n<li>Charla Agencia Tributaria<\/li>\n\n\n\n<li>Visita al Instituto Santamarca<\/li>\n\n\n\n<li>Taller Cient\u00edfico<\/li>\n\n\n\n<li>Educaci\u00f3n Vial (Parque de Aluche)<\/li>\n<\/ul>\n<\/div>\n<\/div>\n","protected":false},"excerpt":{"rendered":"<p>Durante este curso 2022-23 se realizar\u00e1n las siguientes salidas y actividades complementarias previa aprobaci\u00f3n del Consejo Escolar. 3 a\u00f1os 4 a\u00f1os 5 a\u00f1os 1\u00ba Primaria 2\u00ba Primaria 3\u00ba Primaria 4\u00ba Primaria 5\u00ba Primaria 6\u00ba Primaria<\/p>\n","protected":false},"author":5,"featured_media":0,"parent":0,"menu_order":0,"comment_status":"closed","ping_status":"closed","template":"","meta":{"footnotes":""},"folder":[],"class_list":["post-556","page","type-page","status-publish","hentry"],"rttpg_featured_image_url":null,"rttpg_author":{"display_name":"jestudios","author_link":"https:\/\/site.educa.madrid.org\/cp.sanjuandelacruz.madrid\/index.php\/author\/cuenta_jestudios-cp-sanjuandelacruz-madrid\/"},"rttpg_comment":0,"rttpg_category":false,"rttpg_excerpt":"Durante este curso 2022-23 se realizar\u00e1n las siguientes salidas y actividades complementarias previa aprobaci\u00f3n del Consejo Escolar. 3 a\u00f1os 4 a\u00f1os 5 a\u00f1os 1\u00ba Primaria 2\u00ba Primaria 3\u00ba Primaria 4\u00ba Primaria 5\u00ba Primaria 6\u00ba Primaria","post_mailing_queue_ids":[],"_links":{"self":[{"href":"https:\/\/site.educa.madrid.org\/cp.sanjuandelacruz.madrid\/index.php\/wp-json\/wp\/v2\/pages\/556","targetHints":{"allow":["GET"]}}],"collection":[{"href":"https:\/\/site.educa.madrid.org\/cp.sanjuandelacruz.madrid\/index.php\/wp-json\/wp\/v2\/pages"}],"about":[{"href":"https:\/\/site.educa.madrid.org\/cp.sanjuandelacruz.madrid\/index.php\/wp-json\/wp\/v2\/types\/page"}],"author":[{"embeddable":true,"href":"https:\/\/site.educa.madrid.org\/cp.sanjuandelacruz.madrid\/index.php\/wp-json\/wp\/v2\/users\/5"}],"replies":[{"embeddable":true,"href":"https:\/\/site.educa.madrid.org\/cp.sanjuandelacruz.madrid\/index.php\/wp-json\/wp\/v2\/comments?post=556"}],"version-history":[{"count":26,"href":"https:\/\/site.educa.madrid.org\/cp.sanjuandelacruz.madrid\/index.php\/wp-json\/wp\/v2\/pages\/556\/revisions"}],"predecessor-version":[{"id":4798,"href":"https:\/\/site.educa.madrid.org\/cp.sanjuandelacruz.madrid\/index.php\/wp-json\/wp\/v2\/pages\/556\/revisions\/4798"}],"wp:attachment":[{"href":"https:\/\/site.educa.madrid.org\/cp.sanjuandelacruz.madrid\/index.php\/wp-json\/wp\/v2\/media?parent=556"}],"wp:term":[{"taxonomy":"folder","embeddable":true,"href":"https:\/\/site.educa.madrid.org\/cp.sanjuandelacruz.madrid\/index.php\/wp-json\/wp\/v2\/folder?post=556"}],"curies":[{"name":"wp","href":"https:\/\/api.w.org\/{rel}","templated":true}]}}