{"id":5586,"date":"2025-01-26T22:04:50","date_gmt":"2025-01-26T21:04:50","guid":{"rendered":"https:\/\/site.educa.madrid.org\/cp.sanjuandelacruz.madrid\/?page_id=5586"},"modified":"2025-01-26T23:00:05","modified_gmt":"2025-01-26T22:00:05","slug":"plataformas-informaticas","status":"publish","type":"page","link":"https:\/\/site.educa.madrid.org\/cp.sanjuandelacruz.madrid\/index.php\/plataformas-informaticas\/","title":{"rendered":"PLATAFORMAS INFORM\u00c1TICAS"},"content":{"rendered":"\n<p>El centro en su labor educativa y administrativa utiliza las herramientas que la Comunidad de Madrid pone a su disposici\u00f3n:<\/p>\n\n\n\n<p><a href=\"https:\/\/site.educa.madrid.org\/cp.sanjuandelacruz.madrid\/index.php\/robles\/\"><img loading=\"lazy\" decoding=\"async\" width=\"150\" height=\"34\" class=\"wp-image-5590\" style=\"width: 150px;\" src=\"https:\/\/site.educa.madrid.org\/cp.sanjuandelacruz.madrid\/\/wp-content\/uploads\/cp.sanjuandelacruz.madrid\/2025\/01\/logos_RAICES_ROBLE.jpg\" alt=\"\" srcset=\"https:\/\/site.educa.madrid.org\/cp.sanjuandelacruz.madrid\/\/wp-content\/uploads\/cp.sanjuandelacruz.madrid\/2025\/01\/logos_RAICES_ROBLE.jpg 896w, https:\/\/site.educa.madrid.org\/cp.sanjuandelacruz.madrid\/\/wp-content\/uploads\/cp.sanjuandelacruz.madrid\/2025\/01\/logos_RAICES_ROBLE-300x69.jpg 300w, https:\/\/site.educa.madrid.org\/cp.sanjuandelacruz.madrid\/\/wp-content\/uploads\/cp.sanjuandelacruz.madrid\/2025\/01\/logos_RAICES_ROBLE-768x176.jpg 768w\" sizes=\"auto, (max-width: 150px) 100vw, 150px\" \/><span style=\"color: #993366;\"><strong>Ra\u00edces y la app para familias (Roble)<\/strong><\/span><\/a> para la gesti\u00f3n administrativa, acad\u00e9mica y de comunicaci\u00f3n con las familias. <\/p>\n\n\n\n<p>Cada tutor legales dispone de su credencial para acceder y, entre otras funciones, conocer las calificaciones, justificar las ausencias y comunicarse con el profesorado. <\/p>\n\n\n\n<p>La gesti\u00f3n de credenciales es a trav\u00e9s del equipo directivo.<\/p>\n\n\n\n<div style=\"height:41px\" aria-hidden=\"true\" class=\"wp-block-spacer\"><\/div>\n\n\n\n<p><a href=\"https:\/\/site.educa.madrid.org\/cp.sanjuandelacruz.madrid\/index.php\/aula-virtual\/\"><img loading=\"lazy\" decoding=\"async\" width=\"150\" height=\"44\" class=\"wp-image-5591\" style=\"width: 150px;\" src=\"https:\/\/site.educa.madrid.org\/cp.sanjuandelacruz.madrid\/\/wp-content\/uploads\/cp.sanjuandelacruz.madrid\/2025\/01\/Aulasvirtualeseducamadrid.png\" alt=\"\" srcset=\"https:\/\/site.educa.madrid.org\/cp.sanjuandelacruz.madrid\/\/wp-content\/uploads\/cp.sanjuandelacruz.madrid\/2025\/01\/Aulasvirtualeseducamadrid.png 1226w, https:\/\/site.educa.madrid.org\/cp.sanjuandelacruz.madrid\/\/wp-content\/uploads\/cp.sanjuandelacruz.madrid\/2025\/01\/Aulasvirtualeseducamadrid-300x88.png 300w, https:\/\/site.educa.madrid.org\/cp.sanjuandelacruz.madrid\/\/wp-content\/uploads\/cp.sanjuandelacruz.madrid\/2025\/01\/Aulasvirtualeseducamadrid-1024x299.png 1024w, https:\/\/site.educa.madrid.org\/cp.sanjuandelacruz.madrid\/\/wp-content\/uploads\/cp.sanjuandelacruz.madrid\/2025\/01\/Aulasvirtualeseducamadrid-768x224.png 768w\" sizes=\"auto, (max-width: 150px) 100vw, 150px\" \/><strong><span style=\"color: #993366;\">Aulas Virtuales<\/span><\/strong> <\/a>del entorno Educamadrid para complementar la formaci\u00f3n acad\u00e9mica del alumnado. <\/p>\n\n\n\n<p>As\u00ed cada alumno dispone\u00a0 de su credencial para el acceso al Aula Virtual y dem\u00e1s aplicaciones de Educamadrid o bajo el amparo de esta para poder realizar tareas y acceder a actividades de ampliaci\u00f3n o refuerzo. <\/p>\n\n\n\n<p>La gesti\u00f3n de las credenciales es a trav\u00e9s del tutor.<\/p>\n","protected":false},"excerpt":{"rendered":"<p>El centro en su labor educativa y administrativa utiliza las herramientas que la Comunidad de Madrid pone a su disposici\u00f3n: Ra\u00edces y la app para familias (Roble) para la gesti\u00f3n administrativa, acad\u00e9mica y de comunicaci\u00f3n con las familias. Cada tutor legales dispone de su credencial para acceder y, entre otras funciones, conocer las calificaciones, justificar<\/p><\/div>\n<div class=\"blog-btn\"><a href=\"https:\/\/site.educa.madrid.org\/cp.sanjuandelacruz.madrid\/index.php\/plataformas-informaticas\/\" class=\"home-blog-btn\">Leer m\u00e1s<\/a><\/p>\n","protected":false},"author":5,"featured_media":0,"parent":0,"menu_order":0,"comment_status":"closed","ping_status":"closed","template":"","meta":{"footnotes":""},"folder":[],"class_list":["post-5586","page","type-page","status-publish","hentry"],"rttpg_featured_image_url":null,"rttpg_author":{"display_name":"jestudios","author_link":"https:\/\/site.educa.madrid.org\/cp.sanjuandelacruz.madrid\/index.php\/author\/cuenta_jestudios-cp-sanjuandelacruz-madrid\/"},"rttpg_comment":0,"rttpg_category":false,"rttpg_excerpt":"El centro en su labor educativa y administrativa utiliza las herramientas que la Comunidad de Madrid pone a su disposici\u00f3n: Ra\u00edces y la app para familias (Roble) para la gesti\u00f3n administrativa, acad\u00e9mica y de comunicaci\u00f3n con las familias. Cada tutor legales dispone de su credencial para acceder y, entre otras funciones, conocer las calificaciones, justificarLeer&hellip;","post_mailing_queue_ids":[],"_links":{"self":[{"href":"https:\/\/site.educa.madrid.org\/cp.sanjuandelacruz.madrid\/index.php\/wp-json\/wp\/v2\/pages\/5586","targetHints":{"allow":["GET"]}}],"collection":[{"href":"https:\/\/site.educa.madrid.org\/cp.sanjuandelacruz.madrid\/index.php\/wp-json\/wp\/v2\/pages"}],"about":[{"href":"https:\/\/site.educa.madrid.org\/cp.sanjuandelacruz.madrid\/index.php\/wp-json\/wp\/v2\/types\/page"}],"author":[{"embeddable":true,"href":"https:\/\/site.educa.madrid.org\/cp.sanjuandelacruz.madrid\/index.php\/wp-json\/wp\/v2\/users\/5"}],"replies":[{"embeddable":true,"href":"https:\/\/site.educa.madrid.org\/cp.sanjuandelacruz.madrid\/index.php\/wp-json\/wp\/v2\/comments?post=5586"}],"version-history":[{"count":6,"href":"https:\/\/site.educa.madrid.org\/cp.sanjuandelacruz.madrid\/index.php\/wp-json\/wp\/v2\/pages\/5586\/revisions"}],"predecessor-version":[{"id":5595,"href":"https:\/\/site.educa.madrid.org\/cp.sanjuandelacruz.madrid\/index.php\/wp-json\/wp\/v2\/pages\/5586\/revisions\/5595"}],"wp:attachment":[{"href":"https:\/\/site.educa.madrid.org\/cp.sanjuandelacruz.madrid\/index.php\/wp-json\/wp\/v2\/media?parent=5586"}],"wp:term":[{"taxonomy":"folder","embeddable":true,"href":"https:\/\/site.educa.madrid.org\/cp.sanjuandelacruz.madrid\/index.php\/wp-json\/wp\/v2\/folder?post=5586"}],"curies":[{"name":"wp","href":"https:\/\/api.w.org\/{rel}","templated":true}]}}