{"id":5615,"date":"2025-01-26T23:17:18","date_gmt":"2025-01-26T22:17:18","guid":{"rendered":"https:\/\/site.educa.madrid.org\/cp.sanjuandelacruz.madrid\/?page_id=5615"},"modified":"2025-01-26T23:17:20","modified_gmt":"2025-01-26T22:17:20","slug":"plan-digital-familiar","status":"publish","type":"page","link":"https:\/\/site.educa.madrid.org\/cp.sanjuandelacruz.madrid\/index.php\/plan-digital-familiar\/","title":{"rendered":"PLAN DIGITAL FAMILIAR"},"content":{"rendered":"\n<p>La irrupci\u00f3n de las nuevas tecnolog\u00edas hace necesaria la colaboraci\u00f3n familia-escuela en orden a utilizar de manera responsable la tecnolog\u00eda y los dispositivos.<\/p>\n\n\n\n<p>En el centro nuestro plan digital de centro incide en la formaci\u00f3n con el alumnado en un uso responsable tanto en la forma como en el tiempo y queremos compartir con las familias orientaciones de diversas instituciones que puedan ayudar en esta tarea compartida.<\/p>\n\n\n\n<div data-wp-interactive=\"core\/file\" class=\"wp-block-file\"><object data-wp-bind--hidden=\"!state.hasPdfPreview\" hidden class=\"wp-block-file__embed\" data=\"https:\/\/site.educa.madrid.org\/cp.sanjuandelacruz.madrid\/\/wp-content\/uploads\/cp.sanjuandelacruz.madrid\/2024\/12\/plan-digital-familiar-infografia.pdf\" type=\"application\/pdf\" style=\"width:100%;height:600px\" aria-label=\"Incrustado de plan-digital-familiar-infografia.\"><\/object><a id=\"wp-block-file--media-204e2f4d-0776-4ee4-b7b5-bbb19c859bd0\" href=\"https:\/\/site.educa.madrid.org\/cp.sanjuandelacruz.madrid\/\/wp-content\/uploads\/cp.sanjuandelacruz.madrid\/2024\/12\/plan-digital-familiar-infografia.pdf\">plan-digital-familiar-infografia<\/a><a href=\"https:\/\/site.educa.madrid.org\/cp.sanjuandelacruz.madrid\/\/wp-content\/uploads\/cp.sanjuandelacruz.madrid\/2024\/12\/plan-digital-familiar-infografia.pdf\" class=\"wp-block-file__button wp-element-button\" download aria-describedby=\"wp-block-file--media-204e2f4d-0776-4ee4-b7b5-bbb19c859bd0\">Descarga<\/a><\/div>\n\n\n\n<div data-wp-interactive=\"core\/file\" class=\"wp-block-file\"><object data-wp-bind--hidden=\"!state.hasPdfPreview\" hidden class=\"wp-block-file__embed\" data=\"https:\/\/site.educa.madrid.org\/cp.sanjuandelacruz.madrid\/\/wp-content\/uploads\/cp.sanjuandelacruz.madrid\/2024\/12\/info-mas-que-un-movil.pdf\" type=\"application\/pdf\" style=\"width:100%;height:600px\" aria-label=\"Incrustado de info-mas-que-un-movil.\"><\/object><a id=\"wp-block-file--media-1e0515da-88b2-461f-b3dc-5f783edda8a7\" href=\"https:\/\/site.educa.madrid.org\/cp.sanjuandelacruz.madrid\/\/wp-content\/uploads\/cp.sanjuandelacruz.madrid\/2024\/12\/info-mas-que-un-movil.pdf\">info-mas-que-un-movil<\/a><a href=\"https:\/\/site.educa.madrid.org\/cp.sanjuandelacruz.madrid\/\/wp-content\/uploads\/cp.sanjuandelacruz.madrid\/2024\/12\/info-mas-que-un-movil.pdf\" class=\"wp-block-file__button wp-element-button\" download aria-describedby=\"wp-block-file--media-1e0515da-88b2-461f-b3dc-5f783edda8a7\">Descarga<\/a><\/div>\n\n\n\n<div data-wp-interactive=\"core\/file\" class=\"wp-block-file\"><object data-wp-bind--hidden=\"!state.hasPdfPreview\" hidden class=\"wp-block-file__embed\" data=\"https:\/\/site.educa.madrid.org\/cp.sanjuandelacruz.madrid\/\/wp-content\/uploads\/cp.sanjuandelacruz.madrid\/2024\/12\/FAMILIAS.pdf\" type=\"application\/pdf\" style=\"width:100%;height:600px\" aria-label=\"Incrustado de FAMILIAS.\"><\/object><a id=\"wp-block-file--media-7a4459b7-8c26-49f9-b096-0b57acac0769\" href=\"https:\/\/site.educa.madrid.org\/cp.sanjuandelacruz.madrid\/\/wp-content\/uploads\/cp.sanjuandelacruz.madrid\/2024\/12\/FAMILIAS.pdf\">FAMILIAS<\/a><a href=\"https:\/\/site.educa.madrid.org\/cp.sanjuandelacruz.madrid\/\/wp-content\/uploads\/cp.sanjuandelacruz.madrid\/2024\/12\/FAMILIAS.pdf\" class=\"wp-block-file__button wp-element-button\" download aria-describedby=\"wp-block-file--media-7a4459b7-8c26-49f9-b096-0b57acac0769\">Descarga<\/a><\/div>\n","protected":false},"excerpt":{"rendered":"<p>La irrupci\u00f3n de las nuevas tecnolog\u00edas hace necesaria la colaboraci\u00f3n familia-escuela en orden a utilizar de manera responsable la tecnolog\u00eda y los dispositivos. En el centro nuestro plan digital de centro incide en la formaci\u00f3n con el alumnado en un uso responsable tanto en la forma como en el tiempo y queremos compartir con las<\/p><\/div>\n<div class=\"blog-btn\"><a href=\"https:\/\/site.educa.madrid.org\/cp.sanjuandelacruz.madrid\/index.php\/plan-digital-familiar\/\" class=\"home-blog-btn\">Leer m\u00e1s<\/a><\/p>\n","protected":false},"author":5,"featured_media":0,"parent":0,"menu_order":0,"comment_status":"closed","ping_status":"closed","template":"","meta":{"footnotes":""},"folder":[],"class_list":["post-5615","page","type-page","status-publish","hentry"],"rttpg_featured_image_url":null,"rttpg_author":{"display_name":"jestudios","author_link":"https:\/\/site.educa.madrid.org\/cp.sanjuandelacruz.madrid\/index.php\/author\/cuenta_jestudios-cp-sanjuandelacruz-madrid\/"},"rttpg_comment":0,"rttpg_category":false,"rttpg_excerpt":"La irrupci\u00f3n de las nuevas tecnolog\u00edas hace necesaria la colaboraci\u00f3n familia-escuela en orden a utilizar de manera responsable la tecnolog\u00eda y los dispositivos. En el centro nuestro plan digital de centro incide en la formaci\u00f3n con el alumnado en un uso responsable tanto en la forma como en el tiempo y queremos compartir con lasLeer&hellip;","post_mailing_queue_ids":[],"_links":{"self":[{"href":"https:\/\/site.educa.madrid.org\/cp.sanjuandelacruz.madrid\/index.php\/wp-json\/wp\/v2\/pages\/5615","targetHints":{"allow":["GET"]}}],"collection":[{"href":"https:\/\/site.educa.madrid.org\/cp.sanjuandelacruz.madrid\/index.php\/wp-json\/wp\/v2\/pages"}],"about":[{"href":"https:\/\/site.educa.madrid.org\/cp.sanjuandelacruz.madrid\/index.php\/wp-json\/wp\/v2\/types\/page"}],"author":[{"embeddable":true,"href":"https:\/\/site.educa.madrid.org\/cp.sanjuandelacruz.madrid\/index.php\/wp-json\/wp\/v2\/users\/5"}],"replies":[{"embeddable":true,"href":"https:\/\/site.educa.madrid.org\/cp.sanjuandelacruz.madrid\/index.php\/wp-json\/wp\/v2\/comments?post=5615"}],"version-history":[{"count":2,"href":"https:\/\/site.educa.madrid.org\/cp.sanjuandelacruz.madrid\/index.php\/wp-json\/wp\/v2\/pages\/5615\/revisions"}],"predecessor-version":[{"id":5617,"href":"https:\/\/site.educa.madrid.org\/cp.sanjuandelacruz.madrid\/index.php\/wp-json\/wp\/v2\/pages\/5615\/revisions\/5617"}],"wp:attachment":[{"href":"https:\/\/site.educa.madrid.org\/cp.sanjuandelacruz.madrid\/index.php\/wp-json\/wp\/v2\/media?parent=5615"}],"wp:term":[{"taxonomy":"folder","embeddable":true,"href":"https:\/\/site.educa.madrid.org\/cp.sanjuandelacruz.madrid\/index.php\/wp-json\/wp\/v2\/folder?post=5615"}],"curies":[{"name":"wp","href":"https:\/\/api.w.org\/{rel}","templated":true}]}}