{"id":563,"date":"2019-08-10T16:18:08","date_gmt":"2019-08-10T16:18:08","guid":{"rendered":"https:\/\/site.educa.madrid.org\/cp.sanjuandelacruz.madrid\/?page_id=563"},"modified":"2021-03-17T17:07:09","modified_gmt":"2021-03-17T17:07:09","slug":"instalaciones","status":"publish","type":"page","link":"https:\/\/site.educa.madrid.org\/cp.sanjuandelacruz.madrid\/index.php\/instalaciones\/","title":{"rendered":"INSTALACIONES"},"content":{"rendered":"\n<p>El Colegio San Juan de la Cruz alberga las ense\u00f1anzas de Educaci\u00f3n infantil (3-6) y de Educaci\u00f3n Primaria para lo cual dispone de:<\/p>\n\n\n\n<ul class=\"wp-block-list\"><li>Tres aulas de infantil en la planta baja<\/li><li>Seis aulas de primaria en la primera planta<\/li><li>Aula de M\u00fasica<\/li><li>Gimnasio<\/li><li>Biblioteca<\/li><li>Aula de Inform\u00e1tica<\/li><li>Aula de Pedagog\u00eda Terap\u00e9utica<\/li><\/ul>\n\n\n\n<p>Las aulas est\u00e1n dotadas de pizarra digital, incluidas el aula de m\u00fasica y la biblioteca. El aula de inform\u00e1tica dispone de 12 puestos para alumno m\u00e1s uno de profesor y en el gimnasio est\u00e1 instalada una pantalla gigante para diversos usos. En este sentido podemos decir que el centro ha apostado con gran firmeza por la implantaci\u00f3n de las Tecnolog\u00edas de la Informaci\u00f3n y la Comunicaci\u00f3n con la adquisici\u00f3n de tablets,  la donaci\u00f3n de AMPA y la dotaci\u00f3n de la Comunidad de Madrid a ra\u00edz de la pandemia.<\/p>\n\n\n\n<p>Adem\u00e1s disponemos de comedor con cocina propia, Sala de Profesores y los despachos de Direcci\u00f3n, Jefatura de Estudios, Secretar\u00eda y Orientaci\u00f3n<\/p>\n\n\n\n<p>Finamente destacar los patios que rodean el centro, uno para infantil, con arenero, zona de juegos y un peque\u00f1o huerto; y, otro para primaria, con canchas de baloncesto y f\u00fatbol, juegos de suelo y zonas techadas.<\/p>\n","protected":false},"excerpt":{"rendered":"<p>El Colegio San Juan de la Cruz alberga las ense\u00f1anzas de Educaci\u00f3n infantil (3-6) y de Educaci\u00f3n Primaria para lo cual dispone de: Tres aulas de infantil en la planta baja Seis aulas de primaria en la primera planta Aula de M\u00fasica Gimnasio Biblioteca Aula de Inform\u00e1tica Aula de Pedagog\u00eda Terap\u00e9utica Las aulas est\u00e1n dotadas<\/p><\/div>\n<div class=\"blog-btn\"><a href=\"https:\/\/site.educa.madrid.org\/cp.sanjuandelacruz.madrid\/index.php\/instalaciones\/\" class=\"home-blog-btn\">Leer m\u00e1s<\/a><\/p>\n","protected":false},"author":2,"featured_media":0,"parent":0,"menu_order":0,"comment_status":"closed","ping_status":"closed","template":"","meta":{"footnotes":""},"folder":[],"class_list":["post-563","page","type-page","status-publish","hentry"],"rttpg_featured_image_url":null,"rttpg_author":{"display_name":"Cuenta TIC","author_link":"https:\/\/site.educa.madrid.org\/cp.sanjuandelacruz.madrid\/index.php\/author\/cuenta_tic-cp-sanjuandelacruz-madrid\/"},"rttpg_comment":0,"rttpg_category":false,"rttpg_excerpt":"El Colegio San Juan de la Cruz alberga las ense\u00f1anzas de Educaci\u00f3n infantil (3-6) y de Educaci\u00f3n Primaria para lo cual dispone de: Tres aulas de infantil en la planta baja Seis aulas de primaria en la primera planta Aula de M\u00fasica Gimnasio Biblioteca Aula de Inform\u00e1tica Aula de Pedagog\u00eda Terap\u00e9utica Las aulas est\u00e1n dotadasLeer&hellip;","post_mailing_queue_ids":[],"_links":{"self":[{"href":"https:\/\/site.educa.madrid.org\/cp.sanjuandelacruz.madrid\/index.php\/wp-json\/wp\/v2\/pages\/563","targetHints":{"allow":["GET"]}}],"collection":[{"href":"https:\/\/site.educa.madrid.org\/cp.sanjuandelacruz.madrid\/index.php\/wp-json\/wp\/v2\/pages"}],"about":[{"href":"https:\/\/site.educa.madrid.org\/cp.sanjuandelacruz.madrid\/index.php\/wp-json\/wp\/v2\/types\/page"}],"author":[{"embeddable":true,"href":"https:\/\/site.educa.madrid.org\/cp.sanjuandelacruz.madrid\/index.php\/wp-json\/wp\/v2\/users\/2"}],"replies":[{"embeddable":true,"href":"https:\/\/site.educa.madrid.org\/cp.sanjuandelacruz.madrid\/index.php\/wp-json\/wp\/v2\/comments?post=563"}],"version-history":[{"count":2,"href":"https:\/\/site.educa.madrid.org\/cp.sanjuandelacruz.madrid\/index.php\/wp-json\/wp\/v2\/pages\/563\/revisions"}],"predecessor-version":[{"id":2473,"href":"https:\/\/site.educa.madrid.org\/cp.sanjuandelacruz.madrid\/index.php\/wp-json\/wp\/v2\/pages\/563\/revisions\/2473"}],"wp:attachment":[{"href":"https:\/\/site.educa.madrid.org\/cp.sanjuandelacruz.madrid\/index.php\/wp-json\/wp\/v2\/media?parent=563"}],"wp:term":[{"taxonomy":"folder","embeddable":true,"href":"https:\/\/site.educa.madrid.org\/cp.sanjuandelacruz.madrid\/index.php\/wp-json\/wp\/v2\/folder?post=563"}],"curies":[{"name":"wp","href":"https:\/\/api.w.org\/{rel}","templated":true}]}}