{"id":5646,"date":"2025-02-04T21:30:40","date_gmt":"2025-02-04T20:30:40","guid":{"rendered":"https:\/\/site.educa.madrid.org\/cp.sanjuandelacruz.madrid\/?page_id=5646"},"modified":"2025-02-04T21:30:41","modified_gmt":"2025-02-04T20:30:41","slug":"buzon-de-denuncias-de-sospecha-de-consumo-de-sustancias-adictivas","status":"publish","type":"page","link":"https:\/\/site.educa.madrid.org\/cp.sanjuandelacruz.madrid\/index.php\/buzon-de-denuncias-de-sospecha-de-consumo-de-sustancias-adictivas\/","title":{"rendered":"BUZ\u00d3N DE DENUNCIAS DE SOSPECHA DE CONSUMO DE SUSTANCIAS ADICTIVAS"},"content":{"rendered":"\n<p>Dentro del Plan Regional contra las drogas de la Comunidad de Madrid,  la Consejer\u00eda de Educaci\u00f3n ha desarrollado un nuevo protocolo de actuaci\u00f3n para frenar y erradicar actitudes en relaci\u00f3n con el uso de drogas. <\/p>\n\n\n\n<p>Entre ellas se considera prioritario la detecci\u00f3n temprana de conductas y situaciones de consumo de drogas, por lo que todos los centros dispondr\u00e1n de diversas v\u00edas para la denuncia de una situaci\u00f3n de posible riesgo, sospecha o evidencia de consumo de drogas:<\/p>\n\n\n\n<ul class=\"wp-block-list\">\n<li>Buz\u00f3n f\u00edsico en los centros, que ser\u00e1 revisado por la direcci\u00f3n del centro<\/li>\n\n\n\n<li>Buz\u00f3n de denuncias por correo electr\u00f3nico:  mandando un correo a la direcci\u00f3n <a href=\"mailto:buzonfueradrogas@educa.madrid.org\">buzonfueradrogas@educa.madrid.org<\/a><\/li>\n\n\n\n<li>Buz\u00f3n de denuncias a trav\u00e9s de c\u00f3digo QR: Este buz\u00f3n es an\u00f3nimo y garantiza la confidencialidad de los datos. Se selecciona tu centro, rellena el campo de texto y pulsa en \u00abEnviar\u00bb.<\/li>\n<\/ul>\n\n\n\n<div data-wp-interactive=\"core\/file\" class=\"wp-block-file\"><object data-wp-bind--hidden=\"!state.hasPdfPreview\" hidden class=\"wp-block-file__embed\" data=\"https:\/\/site.educa.madrid.org\/cp.sanjuandelacruz.madrid\/\/wp-content\/uploads\/cp.sanjuandelacruz.madrid\/2025\/02\/QR_Buzon.pdf\" type=\"application\/pdf\" style=\"width:100%;height:600px\" aria-label=\"Incrustado de QR_Buzon.\"><\/object><a id=\"wp-block-file--media-39f68830-5345-4c6e-9dd3-64cf193062f1\" href=\"https:\/\/site.educa.madrid.org\/cp.sanjuandelacruz.madrid\/\/wp-content\/uploads\/cp.sanjuandelacruz.madrid\/2025\/02\/QR_Buzon.pdf\">QR_Buzon<\/a><a href=\"https:\/\/site.educa.madrid.org\/cp.sanjuandelacruz.madrid\/\/wp-content\/uploads\/cp.sanjuandelacruz.madrid\/2025\/02\/QR_Buzon.pdf\" class=\"wp-block-file__button wp-element-button\" download aria-describedby=\"wp-block-file--media-39f68830-5345-4c6e-9dd3-64cf193062f1\">Descarga<\/a><\/div>\n\n\n\n<p>En todos los casos, ante una denuncia ser\u00e1 la Unidad de Convivencia la que abra el protocolo de intervenci\u00f3n. <\/p>\n\n\n\n<p><\/p>\n\n\n\n<p><\/p>\n","protected":false},"excerpt":{"rendered":"<p>Dentro del Plan Regional contra las drogas de la Comunidad de Madrid, la Consejer\u00eda de Educaci\u00f3n ha desarrollado un nuevo protocolo de actuaci\u00f3n para frenar y erradicar actitudes en relaci\u00f3n con el uso de drogas. Entre ellas se considera prioritario la detecci\u00f3n temprana de conductas y situaciones de consumo de drogas, por lo que todos<\/p><\/div>\n<div class=\"blog-btn\"><a href=\"https:\/\/site.educa.madrid.org\/cp.sanjuandelacruz.madrid\/index.php\/buzon-de-denuncias-de-sospecha-de-consumo-de-sustancias-adictivas\/\" class=\"home-blog-btn\">Leer m\u00e1s<\/a><\/p>\n","protected":false},"author":5,"featured_media":0,"parent":0,"menu_order":0,"comment_status":"closed","ping_status":"closed","template":"","meta":{"footnotes":""},"folder":[],"class_list":["post-5646","page","type-page","status-publish","hentry"],"rttpg_featured_image_url":null,"rttpg_author":{"display_name":"jestudios","author_link":"https:\/\/site.educa.madrid.org\/cp.sanjuandelacruz.madrid\/index.php\/author\/cuenta_jestudios-cp-sanjuandelacruz-madrid\/"},"rttpg_comment":0,"rttpg_category":false,"rttpg_excerpt":"Dentro del Plan Regional contra las drogas de la Comunidad de Madrid, la Consejer\u00eda de Educaci\u00f3n ha desarrollado un nuevo protocolo de actuaci\u00f3n para frenar y erradicar actitudes en relaci\u00f3n con el uso de drogas. Entre ellas se considera prioritario la detecci\u00f3n temprana de conductas y situaciones de consumo de drogas, por lo que todosLeer&hellip;","post_mailing_queue_ids":[],"_links":{"self":[{"href":"https:\/\/site.educa.madrid.org\/cp.sanjuandelacruz.madrid\/index.php\/wp-json\/wp\/v2\/pages\/5646","targetHints":{"allow":["GET"]}}],"collection":[{"href":"https:\/\/site.educa.madrid.org\/cp.sanjuandelacruz.madrid\/index.php\/wp-json\/wp\/v2\/pages"}],"about":[{"href":"https:\/\/site.educa.madrid.org\/cp.sanjuandelacruz.madrid\/index.php\/wp-json\/wp\/v2\/types\/page"}],"author":[{"embeddable":true,"href":"https:\/\/site.educa.madrid.org\/cp.sanjuandelacruz.madrid\/index.php\/wp-json\/wp\/v2\/users\/5"}],"replies":[{"embeddable":true,"href":"https:\/\/site.educa.madrid.org\/cp.sanjuandelacruz.madrid\/index.php\/wp-json\/wp\/v2\/comments?post=5646"}],"version-history":[{"count":2,"href":"https:\/\/site.educa.madrid.org\/cp.sanjuandelacruz.madrid\/index.php\/wp-json\/wp\/v2\/pages\/5646\/revisions"}],"predecessor-version":[{"id":5649,"href":"https:\/\/site.educa.madrid.org\/cp.sanjuandelacruz.madrid\/index.php\/wp-json\/wp\/v2\/pages\/5646\/revisions\/5649"}],"wp:attachment":[{"href":"https:\/\/site.educa.madrid.org\/cp.sanjuandelacruz.madrid\/index.php\/wp-json\/wp\/v2\/media?parent=5646"}],"wp:term":[{"taxonomy":"folder","embeddable":true,"href":"https:\/\/site.educa.madrid.org\/cp.sanjuandelacruz.madrid\/index.php\/wp-json\/wp\/v2\/folder?post=5646"}],"curies":[{"name":"wp","href":"https:\/\/api.w.org\/{rel}","templated":true}]}}