{"id":6008,"date":"2025-10-16T11:10:39","date_gmt":"2025-10-16T09:10:39","guid":{"rendered":"https:\/\/site.educa.madrid.org\/cp.sanjuandelacruz.madrid\/?page_id=6008"},"modified":"2026-04-20T10:06:04","modified_gmt":"2026-04-20T08:06:04","slug":"actividades-complementarias-salidas-2-2-2","status":"publish","type":"page","link":"https:\/\/site.educa.madrid.org\/cp.sanjuandelacruz.madrid\/index.php\/actividades-complementarias-salidas-2-2-2\/","title":{"rendered":"ACTIVIDADES COMPLEMENTARIAS: SALIDAS CURSO 2025-26"},"content":{"rendered":"\n<p>Durante este curso 2025-26 se realizar\u00e1n las siguientes salidas y actividades complementarias previa aprobaci\u00f3n del Consejo Escolar.<\/p>\n\n\n\n<div class=\"wp-block-columns has-2-columns is-layout-flex wp-container-core-columns-is-layout-9d6595d7 wp-block-columns-is-layout-flex\">\n<div class=\"wp-block-column is-layout-flow wp-block-column-is-layout-flow\">\n<p class=\"has-large-font-size\">3 a\u00f1os<\/p>\n<\/div>\n\n\n\n<div class=\"wp-block-column is-layout-flow wp-block-column-is-layout-flow\" style=\"flex-basis:500px\">\n<ul class=\"wp-block-list\">\n<li>Taller de jardiner\u00eda<\/li>\n\n\n\n<li>Museo del Ferrocarril<\/li>\n\n\n\n<li>Teatro<\/li>\n\n\n\n<li>Granja Escuela<\/li>\n\n\n\n<li>Teatro en ingl\u00e9s<\/li>\n<\/ul>\n<\/div>\n<\/div>\n\n\n\n<hr class=\"wp-block-separator has-css-opacity is-style-wide\"\/>\n\n\n\n<div class=\"wp-block-columns has-2-columns is-layout-flex wp-container-core-columns-is-layout-9d6595d7 wp-block-columns-is-layout-flex\">\n<div class=\"wp-block-column is-layout-flow wp-block-column-is-layout-flow\">\n<p class=\"has-large-font-size\">4 a\u00f1os<\/p>\n<\/div>\n\n\n\n<div class=\"wp-block-column is-layout-flow wp-block-column-is-layout-flow\" style=\"flex-basis:500px\">\n<ul class=\"wp-block-list\">\n<li>Taller de jardiner\u00eda<\/li>\n\n\n\n<li>Museo de Ciencias Naturales<\/li>\n\n\n\n<li>Teatro en ingl\u00e9s<\/li>\n\n\n\n<li>Granja Escuela<\/li>\n<\/ul>\n<\/div>\n<\/div>\n\n\n\n<hr class=\"wp-block-separator has-css-opacity is-style-wide\"\/>\n\n\n\n<div class=\"wp-block-columns has-2-columns is-layout-flex wp-container-core-columns-is-layout-9d6595d7 wp-block-columns-is-layout-flex\">\n<div class=\"wp-block-column is-layout-flow wp-block-column-is-layout-flow\">\n<p class=\"has-large-font-size\">5 a\u00f1os<\/p>\n<\/div>\n\n\n\n<div class=\"wp-block-column is-layout-flow wp-block-column-is-layout-flow\" style=\"flex-basis:500px\">\n<ul class=\"wp-block-list\">\n<li>Taller de jardiner\u00eda<\/li>\n\n\n\n<li>Charla de h\u00e1bitos de vida saludable<\/li>\n\n\n\n<li>Museo de Ciencias Naturales<\/li>\n\n\n\n<li>Teatro en ingl\u00e9s<\/li>\n\n\n\n<li>Granja Escuela<\/li>\n\n\n\n<li>Aula de la Naturaleza<\/li>\n<\/ul>\n<\/div>\n<\/div>\n\n\n\n<hr class=\"wp-block-separator has-css-opacity is-style-wide\"\/>\n\n\n\n<div class=\"wp-block-columns has-2-columns is-layout-flex wp-container-core-columns-is-layout-9d6595d7 wp-block-columns-is-layout-flex\">\n<div class=\"wp-block-column is-layout-flow wp-block-column-is-layout-flow\">\n<p class=\"has-large-font-size\">1\u00ba Primaria<\/p>\n<\/div>\n\n\n\n<div class=\"wp-block-column is-layout-flow wp-block-column-is-layout-flow\" style=\"flex-basis:500px\">\n<ul class=\"wp-block-list\">\n<li>Planetario<\/li>\n\n\n\n<li>Charla de h\u00e1bitos de vida saludable<\/li>\n\n\n\n<li>Museo del Ferrocarril<\/li>\n\n\n\n<li>Vertical Park<\/li>\n\n\n\n<li>Salud Bucodental<\/li>\n\n\n\n<li>Granja Escuela<\/li>\n\n\n\n<li>Biblioteca D\u00e1maso Alonso<\/li>\n\n\n\n<li>Educaci\u00f3n Vial a cargo de la Polic\u00eda Municipal (colegio)<\/li>\n<\/ul>\n<\/div>\n<\/div>\n\n\n\n<hr class=\"wp-block-separator has-css-opacity is-style-wide\"\/>\n\n\n\n<div class=\"wp-block-columns has-2-columns is-layout-flex wp-container-core-columns-is-layout-9d6595d7 wp-block-columns-is-layout-flex\">\n<div class=\"wp-block-column is-layout-flow wp-block-column-is-layout-flow\">\n<p class=\"has-large-font-size\">2\u00ba Primaria<\/p>\n<\/div>\n\n\n\n<div class=\"wp-block-column is-layout-flow wp-block-column-is-layout-flow\" style=\"flex-basis:500px\">\n<ul class=\"wp-block-list\">\n<li>Planetario<\/li>\n\n\n\n<li>Museo del Ferrocarril<\/li>\n\n\n\n<li>Sesiones de educaci\u00f3n emocional<\/li>\n\n\n\n<li>Vertical Park<\/li>\n\n\n\n<li>Teatro en ingl\u00e9s<\/li>\n\n\n\n<li>Granja Escuela<\/li>\n<\/ul>\n<\/div>\n<\/div>\n\n\n\n<hr class=\"wp-block-separator has-css-opacity is-style-wide\"\/>\n\n\n\n<div class=\"wp-block-columns has-2-columns is-layout-flex wp-container-core-columns-is-layout-9d6595d7 wp-block-columns-is-layout-flex\">\n<div class=\"wp-block-column is-layout-flow wp-block-column-is-layout-flow\">\n<p class=\"has-large-font-size\">3\u00ba Primaria<\/p>\n<\/div>\n\n\n\n<div class=\"wp-block-column is-layout-flow wp-block-column-is-layout-flow\" style=\"flex-basis:500px\">\n<ul class=\"wp-block-list\">\n<li>Teatro musical<\/li>\n\n\n\n<li>Sesiones de educaci\u00f3n emocional<\/li>\n\n\n\n<li>Charla Microsoft \u00abConstruyamos el futuro\u00bb D\u00eda de la Ni\u00f1a y la Ciencia<\/li>\n\n\n\n<li>Escape room (centro)<\/li>\n\n\n\n<li>Palacio de Cibeles<\/li>\n\n\n\n<li>Visita al Parque de Bomberos<\/li>\n\n\n\n<li>Educaci\u00f3n Vial a cargo de la Polic\u00eda Municipal (colegio)<\/li>\n<\/ul>\n<\/div>\n<\/div>\n\n\n\n<hr class=\"wp-block-separator has-css-opacity is-style-wide\"\/>\n\n\n\n<div class=\"wp-block-columns has-2-columns is-layout-flex wp-container-core-columns-is-layout-9d6595d7 wp-block-columns-is-layout-flex\">\n<div class=\"wp-block-column is-layout-flow wp-block-column-is-layout-flow\">\n<p class=\"has-large-font-size\">4\u00ba Primaria<\/p>\n<\/div>\n\n\n\n<div class=\"wp-block-column is-layout-flow wp-block-column-is-layout-flow\" style=\"flex-basis:500px\">\n<ul class=\"wp-block-list\">\n<li>Teatro musical<\/li>\n\n\n\n<li>Museo L\u00e1zaro Galdiano<\/li>\n\n\n\n<li>Charla Microsoft \u00abConstruyamos el futuro\u00bb D\u00eda de la Ni\u00f1a y la Ciencia<\/li>\n\n\n\n<li>Escape room (centro)<\/li>\n\n\n\n<li>Palacio de Cibeles<\/li>\n<\/ul>\n<\/div>\n<\/div>\n\n\n\n<hr class=\"wp-block-separator has-css-opacity is-style-wide\"\/>\n\n\n\n<div class=\"wp-block-columns has-2-columns is-layout-flex wp-container-core-columns-is-layout-9d6595d7 wp-block-columns-is-layout-flex\">\n<div class=\"wp-block-column is-layout-flow wp-block-column-is-layout-flow\">\n<p class=\"has-large-font-size\">5\u00ba Primaria<\/p>\n<\/div>\n\n\n\n<div class=\"wp-block-column is-layout-flow wp-block-column-is-layout-flow\" style=\"flex-basis:500px\">\n<ul class=\"wp-block-list\">\n<li>Actividad de orientaci\u00f3n<\/li>\n\n\n\n<li>Programa de desarrollo de competencias personales y prevenci\u00f3n de adicciones comportamentales<\/li>\n\n\n\n<li>Charla Microsoft \u00abConstruyamos el futuro\u00bb D\u00eda de la Ni\u00f1a y la Ciencia<\/li>\n\n\n\n<li>Escape room (centro)<\/li>\n\n\n\n<li>Charla Agencia Tributaria<\/li>\n\n\n\n<li>Actividad de vela<\/li>\n\n\n\n<li>Educaci\u00f3n Vial a cargo de la Polic\u00eda Municipal (colegio)<\/li>\n<\/ul>\n<\/div>\n<\/div>\n\n\n\n<hr class=\"wp-block-separator has-css-opacity is-style-wide\"\/>\n\n\n\n<div class=\"wp-block-columns has-2-columns is-layout-flex wp-container-core-columns-is-layout-9d6595d7 wp-block-columns-is-layout-flex\">\n<div class=\"wp-block-column is-layout-flow wp-block-column-is-layout-flow\">\n<p class=\"has-large-font-size\">6\u00ba Primaria<\/p>\n<\/div>\n\n\n\n<div class=\"wp-block-column is-layout-flow wp-block-column-is-layout-flow\" style=\"flex-basis:500px\">\n<ul class=\"wp-block-list\">\n<li>Aula municipal de esgrima<\/li>\n\n\n\n<li>Educaci\u00f3n Vial (Parque de Aluche de la Polic\u00eda Municipal)<\/li>\n\n\n\n<li>Cross Escolar Chamart\u00edn<\/li>\n\n\n\n<li>Programa de desarrollo de competencias personales y prevenci\u00f3n de adicciones comportamentales<\/li>\n\n\n\n<li>Charla Microsoft \u00abConstruyamos el futuro\u00bb D\u00eda de la Ni\u00f1a y la Ciencia<\/li>\n\n\n\n<li>Visita a IES Santamarca<\/li>\n\n\n\n<li>Escape room (centro)<\/li>\n\n\n\n<li>Actividad de vela<\/li>\n<\/ul>\n<\/div>\n<\/div>\n\n\n\n<p><\/p>\n","protected":false},"excerpt":{"rendered":"<p>Durante este curso 2025-26 se realizar\u00e1n las siguientes salidas y actividades complementarias previa aprobaci\u00f3n del Consejo Escolar. 3 a\u00f1os 4 a\u00f1os 5 a\u00f1os 1\u00ba Primaria 2\u00ba Primaria 3\u00ba Primaria 4\u00ba Primaria 5\u00ba Primaria 6\u00ba Primaria<\/p>\n","protected":false},"author":3,"featured_media":0,"parent":0,"menu_order":0,"comment_status":"closed","ping_status":"closed","template":"","meta":{"footnotes":""},"folder":[],"class_list":["post-6008","page","type-page","status-publish","hentry"],"rttpg_featured_image_url":null,"rttpg_author":{"display_name":"cp.sanjuandelacruz.madrid","author_link":"https:\/\/site.educa.madrid.org\/cp.sanjuandelacruz.madrid\/index.php\/author\/cuenta_cp-sanjuandelacruz-madrid\/"},"rttpg_comment":0,"rttpg_category":false,"rttpg_excerpt":"Durante este curso 2025-26 se realizar\u00e1n las siguientes salidas y actividades complementarias previa aprobaci\u00f3n del Consejo Escolar. 3 a\u00f1os 4 a\u00f1os 5 a\u00f1os 1\u00ba Primaria 2\u00ba Primaria 3\u00ba Primaria 4\u00ba Primaria 5\u00ba Primaria 6\u00ba Primaria","post_mailing_queue_ids":[],"_links":{"self":[{"href":"https:\/\/site.educa.madrid.org\/cp.sanjuandelacruz.madrid\/index.php\/wp-json\/wp\/v2\/pages\/6008","targetHints":{"allow":["GET"]}}],"collection":[{"href":"https:\/\/site.educa.madrid.org\/cp.sanjuandelacruz.madrid\/index.php\/wp-json\/wp\/v2\/pages"}],"about":[{"href":"https:\/\/site.educa.madrid.org\/cp.sanjuandelacruz.madrid\/index.php\/wp-json\/wp\/v2\/types\/page"}],"author":[{"embeddable":true,"href":"https:\/\/site.educa.madrid.org\/cp.sanjuandelacruz.madrid\/index.php\/wp-json\/wp\/v2\/users\/3"}],"replies":[{"embeddable":true,"href":"https:\/\/site.educa.madrid.org\/cp.sanjuandelacruz.madrid\/index.php\/wp-json\/wp\/v2\/comments?post=6008"}],"version-history":[{"count":13,"href":"https:\/\/site.educa.madrid.org\/cp.sanjuandelacruz.madrid\/index.php\/wp-json\/wp\/v2\/pages\/6008\/revisions"}],"predecessor-version":[{"id":7184,"href":"https:\/\/site.educa.madrid.org\/cp.sanjuandelacruz.madrid\/index.php\/wp-json\/wp\/v2\/pages\/6008\/revisions\/7184"}],"wp:attachment":[{"href":"https:\/\/site.educa.madrid.org\/cp.sanjuandelacruz.madrid\/index.php\/wp-json\/wp\/v2\/media?parent=6008"}],"wp:term":[{"taxonomy":"folder","embeddable":true,"href":"https:\/\/site.educa.madrid.org\/cp.sanjuandelacruz.madrid\/index.php\/wp-json\/wp\/v2\/folder?post=6008"}],"curies":[{"name":"wp","href":"https:\/\/api.w.org\/{rel}","templated":true}]}}