{"id":6050,"date":"2025-10-21T15:00:17","date_gmt":"2025-10-21T13:00:17","guid":{"rendered":"https:\/\/site.educa.madrid.org\/cp.sanjuandelacruz.madrid\/?page_id=6050"},"modified":"2026-04-30T09:48:15","modified_gmt":"2026-04-30T07:48:15","slug":"radio-curso-2002-23-2-2","status":"publish","type":"page","link":"https:\/\/site.educa.madrid.org\/cp.sanjuandelacruz.madrid\/index.php\/radio-curso-2002-23-2-2\/","title":{"rendered":"RADIO CURSO 2025-26"},"content":{"rendered":"\n<p>Queremos compartir con vosotros los podcast mensuales que vamos a ir grabando a lo largo del curso en nuestro canal de radio SJC.FM RADIO.<\/p>\n\n\n\n<p>Cada mes un curso se encargar\u00e1 de grabar su propio podcast contando los acontecimientos del centro o las inquietudes de cada grupo.<\/p>\n\n\n\n<p><strong>5\u00ba PRIMARIA &#8211; HALLOWEEN<\/strong><\/p>\n\n\n\n<p>Los alumnos de 5\u00ba de Primaria han grabado un podcast con la tem\u00e1tica de Halloween, una de las celebraciones que m\u00e1s gusta al alumnado del colegio.<\/p>\n\n\n\n<figure class=\"wp-block-audio\"><audio controls src=\"https:\/\/site.educa.madrid.org\/cp.sanjuandelacruz.madrid\/\/wp-content\/uploads\/cp.sanjuandelacruz.madrid\/2025\/10\/PODCAST-OCTUBRE5EP.mp3\"><\/audio><\/figure>\n\n\n\n<p><strong>4\u00ba PRIMARIA &#8211; VOCES POR LA IGUALDAD<\/strong><\/p>\n\n\n\n<p>Los alumnos de 4\u00ba de Primaria han grabado el podcast del mes de noviembre. Aprovechando que el d\u00eda 25 de noviembre es el D\u00eda Internacional de la Eliminaci\u00f3n de la Violencia contra la Mujer, han trabajado la importancia de fomentar la igualdad entre hombres y mujeres fomentando la tolerancia y el respeto.<\/p>\n\n\n\n<figure class=\"wp-block-audio\"><audio controls src=\"https:\/\/site.educa.madrid.org\/cp.sanjuandelacruz.madrid\/\/wp-content\/uploads\/cp.sanjuandelacruz.madrid\/2025\/12\/PODCAST-NOVIEMBRE-4o-PRIMARIA.mp3\"><\/audio><\/figure>\n\n\n\n<p><strong>5\u00ba PRIMARIA &#8211; NAVIDAD<\/strong><\/p>\n\n\n\n<p>Los alumnos de 6\u00ba de Primaria han sido los encargados del grabar el podcast del mes de diciembre. El tema de este mes no pod\u00eda ser otro que la Navidad y en el nos cuentan cosas muy interesantes de las tradiciones navide\u00f1as en todo el mundo.<\/p>\n\n\n\n<figure class=\"wp-block-audio\"><audio controls src=\"https:\/\/site.educa.madrid.org\/cp.sanjuandelacruz.madrid\/\/wp-content\/uploads\/cp.sanjuandelacruz.madrid\/2025\/12\/PODCAST-DICIEMBRE.mp3\"><\/audio><\/figure>\n\n\n\n<p><strong>1\u00ba PRIMARIA &#8211; D\u00cdA DE LA PAZ<\/strong><\/p>\n\n\n\n<p>Los alumnos de 1\u00ba de Primaria se han encargado de realizar el podcast de nuestra radio escolar este mes. Aprovechando que el d\u00eda 30  de enero es el D\u00eda Escolar de la Paz y la No Violencia han escogido esa tem\u00e1tica para la grabaci\u00f3n.<\/p>\n\n\n\n<figure class=\"wp-block-audio\"><audio controls src=\"https:\/\/site.educa.madrid.org\/cp.sanjuandelacruz.madrid\/\/wp-content\/uploads\/cp.sanjuandelacruz.madrid\/2026\/01\/PODCAST-ENERO-1o.mp3\"><\/audio><\/figure>\n\n\n\n<p><strong>3\u00ba PRIMARIA &#8211; CARNAVAL<\/strong><\/p>\n\n\n\n<p>Los alumnos de 3\u00ba de Primaria han preparado el podcast de la radio escolar del colegio del mes de febrero. El tema escogido en esta ocasi\u00f3n ha sido Carnaval, una de las fiestas que m\u00e1s les gusta celebrar.<\/p>\n\n\n\n<figure class=\"wp-block-audio\"><audio controls src=\"https:\/\/site.educa.madrid.org\/cp.sanjuandelacruz.madrid\/\/wp-content\/uploads\/cp.sanjuandelacruz.madrid\/2026\/02\/PODCAST-FEBRERO-3o.mp3\"><\/audio><\/figure>\n\n\n\n<p><strong>2\u00ba PRIMARIA &#8211; SEMANA CULTURAL<\/strong><\/p>\n\n\n\n<p>Los alumnos de 2\u00ba de Primaria han grabado el podcast de nuestra radio escolar del mes de marzo. En este mes en el colegio hemos celebrado la Semana Cultural y ese ha sido el tema elegido para el podcast. La semana Cultural del centro gira en torno al ODS 11 y se han realizado varios talleres para lograr entre todos concienciarnos sobre la importancia de desarrollar ciudades sostenibles.<\/p>\n\n\n\n<figure class=\"wp-block-audio\"><audio controls src=\"https:\/\/site.educa.madrid.org\/cp.sanjuandelacruz.madrid\/\/wp-content\/uploads\/cp.sanjuandelacruz.madrid\/2026\/03\/PODCAST-MARZO-2o.mp3\"><\/audio><\/figure>\n\n\n\n<p><strong>INFANTIL 3 A\u00d1OS &#8211; D\u00cdA DEL LIBRO<\/strong><\/p>\n\n\n\n<p>En el mes de abril los alumnos de Infantil 3 a\u00f1os han sido los responsables del podcast de nuestra radio escolar. El tema elegido ha sido el D\u00eda del Libro, festividad que hemos celebrado en el colegio el d\u00eda 23 de abril. <\/p>\n\n\n\n<figure class=\"wp-block-audio\"><audio controls src=\"https:\/\/site.educa.madrid.org\/cp.sanjuandelacruz.madrid\/\/wp-content\/uploads\/cp.sanjuandelacruz.madrid\/2026\/04\/PODCAST-ABRIL-3-ANOS.mp3\"><\/audio><\/figure>\n","protected":false},"excerpt":{"rendered":"<p>Queremos compartir con vosotros los podcast mensuales que vamos a ir grabando a lo largo del curso en nuestro canal de radio SJC.FM RADIO. Cada mes un curso se encargar\u00e1 de grabar su propio podcast contando los acontecimientos del centro o las inquietudes de cada grupo. 5\u00ba PRIMARIA &#8211; HALLOWEEN Los alumnos de 5\u00ba de<\/p><\/div>\n<div class=\"blog-btn\"><a href=\"https:\/\/site.educa.madrid.org\/cp.sanjuandelacruz.madrid\/index.php\/radio-curso-2002-23-2-2\/\" class=\"home-blog-btn\">Leer m\u00e1s<\/a><\/p>\n","protected":false},"author":3,"featured_media":0,"parent":0,"menu_order":0,"comment_status":"open","ping_status":"closed","template":"","meta":{"footnotes":""},"folder":[],"class_list":["post-6050","page","type-page","status-publish","hentry"],"rttpg_featured_image_url":null,"rttpg_author":{"display_name":"cp.sanjuandelacruz.madrid","author_link":"https:\/\/site.educa.madrid.org\/cp.sanjuandelacruz.madrid\/index.php\/author\/cuenta_cp-sanjuandelacruz-madrid\/"},"rttpg_comment":0,"rttpg_category":false,"rttpg_excerpt":"Queremos compartir con vosotros los podcast mensuales que vamos a ir grabando a lo largo del curso en nuestro canal de radio SJC.FM RADIO. Cada mes un curso se encargar\u00e1 de grabar su propio podcast contando los acontecimientos del centro o las inquietudes de cada grupo. 5\u00ba PRIMARIA &#8211; HALLOWEEN Los alumnos de 5\u00ba deLeer&hellip;","post_mailing_queue_ids":[],"_links":{"self":[{"href":"https:\/\/site.educa.madrid.org\/cp.sanjuandelacruz.madrid\/index.php\/wp-json\/wp\/v2\/pages\/6050","targetHints":{"allow":["GET"]}}],"collection":[{"href":"https:\/\/site.educa.madrid.org\/cp.sanjuandelacruz.madrid\/index.php\/wp-json\/wp\/v2\/pages"}],"about":[{"href":"https:\/\/site.educa.madrid.org\/cp.sanjuandelacruz.madrid\/index.php\/wp-json\/wp\/v2\/types\/page"}],"author":[{"embeddable":true,"href":"https:\/\/site.educa.madrid.org\/cp.sanjuandelacruz.madrid\/index.php\/wp-json\/wp\/v2\/users\/3"}],"replies":[{"embeddable":true,"href":"https:\/\/site.educa.madrid.org\/cp.sanjuandelacruz.madrid\/index.php\/wp-json\/wp\/v2\/comments?post=6050"}],"version-history":[{"count":14,"href":"https:\/\/site.educa.madrid.org\/cp.sanjuandelacruz.madrid\/index.php\/wp-json\/wp\/v2\/pages\/6050\/revisions"}],"predecessor-version":[{"id":7268,"href":"https:\/\/site.educa.madrid.org\/cp.sanjuandelacruz.madrid\/index.php\/wp-json\/wp\/v2\/pages\/6050\/revisions\/7268"}],"wp:attachment":[{"href":"https:\/\/site.educa.madrid.org\/cp.sanjuandelacruz.madrid\/index.php\/wp-json\/wp\/v2\/media?parent=6050"}],"wp:term":[{"taxonomy":"folder","embeddable":true,"href":"https:\/\/site.educa.madrid.org\/cp.sanjuandelacruz.madrid\/index.php\/wp-json\/wp\/v2\/folder?post=6050"}],"curies":[{"name":"wp","href":"https:\/\/api.w.org\/{rel}","templated":true}]}}