{"id":6337,"date":"2025-11-19T13:37:35","date_gmt":"2025-11-19T12:37:35","guid":{"rendered":"https:\/\/site.educa.madrid.org\/cp.sanjuandelacruz.madrid\/?page_id=6337"},"modified":"2025-11-19T13:37:35","modified_gmt":"2025-11-19T12:37:35","slug":"instagram","status":"publish","type":"page","link":"https:\/\/site.educa.madrid.org\/cp.sanjuandelacruz.madrid\/index.php\/instagram\/","title":{"rendered":"INSTAGRAM"},"content":{"rendered":"\n<p>Este curso 2025\/2026 estrenamos cuenta en Instagram. S\u00edguenos y podr\u00e1s estar al d\u00eda de muchas de nuestras actividades, proyectos, salidas, iniciativas&#8230;<\/p>\n\n\n\n<p>Nuestro usuario es <a href=\"https:\/\/www.instagram.com\/ceip_sanjuandelacruz\/\">https:\/\/www.instagram.com\/ceip_sanjuandelacruz\/<\/a><\/p>\n\n\n\n<p><\/p>\n","protected":false},"excerpt":{"rendered":"<p>Este curso 2025\/2026 estrenamos cuenta en Instagram. S\u00edguenos y podr\u00e1s estar al d\u00eda de muchas de nuestras actividades, proyectos, salidas, iniciativas&#8230; Nuestro usuario es https:\/\/www.instagram.com\/ceip_sanjuandelacruz\/<\/p>\n","protected":false},"author":3,"featured_media":0,"parent":0,"menu_order":0,"comment_status":"closed","ping_status":"closed","template":"","meta":{"footnotes":""},"folder":[],"class_list":["post-6337","page","type-page","status-publish","hentry"],"rttpg_featured_image_url":null,"rttpg_author":{"display_name":"cp.sanjuandelacruz.madrid","author_link":"https:\/\/site.educa.madrid.org\/cp.sanjuandelacruz.madrid\/index.php\/author\/cuenta_cp-sanjuandelacruz-madrid\/"},"rttpg_comment":0,"rttpg_category":false,"rttpg_excerpt":"Este curso 2025\/2026 estrenamos cuenta en Instagram. S\u00edguenos y podr\u00e1s estar al d\u00eda de muchas de nuestras actividades, proyectos, salidas, iniciativas&#8230; Nuestro usuario es https:\/\/www.instagram.com\/ceip_sanjuandelacruz\/","post_mailing_queue_ids":[],"_links":{"self":[{"href":"https:\/\/site.educa.madrid.org\/cp.sanjuandelacruz.madrid\/index.php\/wp-json\/wp\/v2\/pages\/6337","targetHints":{"allow":["GET"]}}],"collection":[{"href":"https:\/\/site.educa.madrid.org\/cp.sanjuandelacruz.madrid\/index.php\/wp-json\/wp\/v2\/pages"}],"about":[{"href":"https:\/\/site.educa.madrid.org\/cp.sanjuandelacruz.madrid\/index.php\/wp-json\/wp\/v2\/types\/page"}],"author":[{"embeddable":true,"href":"https:\/\/site.educa.madrid.org\/cp.sanjuandelacruz.madrid\/index.php\/wp-json\/wp\/v2\/users\/3"}],"replies":[{"embeddable":true,"href":"https:\/\/site.educa.madrid.org\/cp.sanjuandelacruz.madrid\/index.php\/wp-json\/wp\/v2\/comments?post=6337"}],"version-history":[{"count":2,"href":"https:\/\/site.educa.madrid.org\/cp.sanjuandelacruz.madrid\/index.php\/wp-json\/wp\/v2\/pages\/6337\/revisions"}],"predecessor-version":[{"id":6343,"href":"https:\/\/site.educa.madrid.org\/cp.sanjuandelacruz.madrid\/index.php\/wp-json\/wp\/v2\/pages\/6337\/revisions\/6343"}],"wp:attachment":[{"href":"https:\/\/site.educa.madrid.org\/cp.sanjuandelacruz.madrid\/index.php\/wp-json\/wp\/v2\/media?parent=6337"}],"wp:term":[{"taxonomy":"folder","embeddable":true,"href":"https:\/\/site.educa.madrid.org\/cp.sanjuandelacruz.madrid\/index.php\/wp-json\/wp\/v2\/folder?post=6337"}],"curies":[{"name":"wp","href":"https:\/\/api.w.org\/{rel}","templated":true}]}}