{"id":649,"date":"2019-08-10T21:55:29","date_gmt":"2019-08-10T21:55:29","guid":{"rendered":"https:\/\/site.educa.madrid.org\/cp.sanjuandelacruz.madrid\/?page_id=649"},"modified":"2019-08-10T21:55:29","modified_gmt":"2019-08-10T21:55:29","slug":"consejo-escolar","status":"publish","type":"page","link":"https:\/\/site.educa.madrid.org\/cp.sanjuandelacruz.madrid\/index.php\/consejo-escolar\/","title":{"rendered":"CONSEJO ESCOLAR"},"content":{"rendered":"\n<p>El consejo escolar est\u00e1 formado por:<\/p>\n\n\n\n<ul class=\"wp-block-list\"><li>El presidente del Consejo ser\u00e1 el Director del centro<\/li><li>El secretario del Consejo ser\u00e1 el Secretario del centro<\/li><li>Jefe de Estudios<\/li><li>5 representantes del sector del Profesorado<\/li><li>5 representantes del sector de Padres y Madres<\/li><li>1 representante del Ayuntamiento<\/li><li>1 representante del sector Personal de Administraci\u00f3n y Servicios<\/li><\/ul>\n","protected":false},"excerpt":{"rendered":"<p>El consejo escolar est\u00e1 formado por: El presidente del Consejo ser\u00e1 el Director del centro El secretario del Consejo ser\u00e1 el Secretario del centro Jefe de Estudios 5 representantes del sector del Profesorado 5 representantes del sector de Padres y Madres 1 representante del Ayuntamiento 1 representante del sector Personal de Administraci\u00f3n y Servicios<\/p>\n","protected":false},"author":2,"featured_media":0,"parent":0,"menu_order":0,"comment_status":"closed","ping_status":"closed","template":"","meta":{"footnotes":""},"folder":[],"class_list":["post-649","page","type-page","status-publish","hentry"],"rttpg_featured_image_url":null,"rttpg_author":{"display_name":"Cuenta TIC","author_link":"https:\/\/site.educa.madrid.org\/cp.sanjuandelacruz.madrid\/index.php\/author\/cuenta_tic-cp-sanjuandelacruz-madrid\/"},"rttpg_comment":0,"rttpg_category":false,"rttpg_excerpt":"El consejo escolar est\u00e1 formado por: El presidente del Consejo ser\u00e1 el Director del centro El secretario del Consejo ser\u00e1 el Secretario del centro Jefe de Estudios 5 representantes del sector del Profesorado 5 representantes del sector de Padres y Madres 1 representante del Ayuntamiento 1 representante del sector Personal de Administraci\u00f3n y Servicios","post_mailing_queue_ids":[],"_links":{"self":[{"href":"https:\/\/site.educa.madrid.org\/cp.sanjuandelacruz.madrid\/index.php\/wp-json\/wp\/v2\/pages\/649","targetHints":{"allow":["GET"]}}],"collection":[{"href":"https:\/\/site.educa.madrid.org\/cp.sanjuandelacruz.madrid\/index.php\/wp-json\/wp\/v2\/pages"}],"about":[{"href":"https:\/\/site.educa.madrid.org\/cp.sanjuandelacruz.madrid\/index.php\/wp-json\/wp\/v2\/types\/page"}],"author":[{"embeddable":true,"href":"https:\/\/site.educa.madrid.org\/cp.sanjuandelacruz.madrid\/index.php\/wp-json\/wp\/v2\/users\/2"}],"replies":[{"embeddable":true,"href":"https:\/\/site.educa.madrid.org\/cp.sanjuandelacruz.madrid\/index.php\/wp-json\/wp\/v2\/comments?post=649"}],"version-history":[{"count":1,"href":"https:\/\/site.educa.madrid.org\/cp.sanjuandelacruz.madrid\/index.php\/wp-json\/wp\/v2\/pages\/649\/revisions"}],"predecessor-version":[{"id":651,"href":"https:\/\/site.educa.madrid.org\/cp.sanjuandelacruz.madrid\/index.php\/wp-json\/wp\/v2\/pages\/649\/revisions\/651"}],"wp:attachment":[{"href":"https:\/\/site.educa.madrid.org\/cp.sanjuandelacruz.madrid\/index.php\/wp-json\/wp\/v2\/media?parent=649"}],"wp:term":[{"taxonomy":"folder","embeddable":true,"href":"https:\/\/site.educa.madrid.org\/cp.sanjuandelacruz.madrid\/index.php\/wp-json\/wp\/v2\/folder?post=649"}],"curies":[{"name":"wp","href":"https:\/\/api.w.org\/{rel}","templated":true}]}}