{"id":659,"date":"2019-08-10T22:06:59","date_gmt":"2019-08-10T22:06:59","guid":{"rendered":"https:\/\/site.educa.madrid.org\/cp.sanjuandelacruz.madrid\/?page_id=659"},"modified":"2021-12-19T13:05:16","modified_gmt":"2021-12-19T12:05:16","slug":"politica-de-privacidad","status":"publish","type":"page","link":"https:\/\/site.educa.madrid.org\/cp.sanjuandelacruz.madrid\/index.php\/politica-de-privacidad\/","title":{"rendered":"POL\u00cdTICA DE PRIVACIDAD"},"content":{"rendered":"\n<p>\n\nEn cumplimiento de la normativa de Protecci\u00f3n de Datos Personales (Reglamento Europeo 2016\/679, de 27 de abril de 2016, de Protecci\u00f3n de Datos Personales) la Comunidad de Madrid informa sobre c\u00f3mo protege y trata los de datos de car\u00e1cter personal de los alumnos de los centros p\u00fablicos en el siguiente documento:\n\n<\/p>\n\n\n\n<div class=\"wp-block-file\"><a href=\"https:\/\/site.educa.madrid.org\/cp.sanjuandelacruz.madrid\/\/wp-content\/uploads\/cp.sanjuandelacruz.madrid\/2019\/08\/RECOGIDA-FIRMA-LECTURA-POLITICA-PRIVACIDAD1.pdf\" target=\"_blank\" rel=\"noreferrer noopener\">Pol\u00edtica de privacidad<\/a><a href=\"https:\/\/site.educa.madrid.org\/cp.sanjuandelacruz.madrid\/\/wp-content\/uploads\/cp.sanjuandelacruz.madrid\/2019\/08\/RECOGIDA-FIRMA-LECTURA-POLITICA-PRIVACIDAD1.pdf\" class=\"wp-block-file__button\" download>Descarga<\/a><\/div>\n\n\n\n<p>Adem\u00e1s atendiendo a la situaci\u00f3n excepcional de salud p\u00fablica generada por el COVID19, la Comunidad de Madrid ha ampliado los recursos tecnol\u00f3gicos que pone a disposici\u00f3n del profesorado. Publicamos la informaci\u00f3n relativa a la protecci\u00f3n de datos en relaci\u00f3n a estos nuevos recursos, que utilizar\u00e1n los profesores de este centro, cuando lo consideren necesario para el desarrollo de su labor educativa.<\/p>\n\n\n\n<div class=\"wp-block-file\"><a href=\"https:\/\/site.educa.madrid.org\/cp.sanjuandelacruz.madrid\/\/wp-content\/uploads\/cp.sanjuandelacruz.madrid\/2020\/05\/2.-POLITICA-DE-PRIVACIDAD-DE-LAS-PLATAFORMAS-EDUCATIVAS_1793334.pdf\" target=\"_blank\" rel=\"noreferrer noopener\">POLITICA DE PRIVACIDAD DE LAS PLATAFORMAS EDUCATIVAS<\/a><a href=\"https:\/\/site.educa.madrid.org\/cp.sanjuandelacruz.madrid\/\/wp-content\/uploads\/cp.sanjuandelacruz.madrid\/2020\/05\/2.-POLITICA-DE-PRIVACIDAD-DE-LAS-PLATAFORMAS-EDUCATIVAS_1793334.pdf\" class=\"wp-block-file__button\" download>Descarga<\/a><\/div>\n\n\n\n<p>Con fecha de 19 de noviembre de  2021 se ha recibido en nuestro centro nuevas INSTRUCCIONES SOBRE PROTECCI\u00d3N DE DATOS PERSONALES PARA LOS CENTROS EDUCATIVOS P\u00daBLICOS DE LA COMUNIDAD DE MADRID documento que incluimos en esta p\u00e1gina para el conocimiento de toda la Comunidad Educativa. <\/p>\n\n\n\n<div class=\"wp-block-file\"><a href=\"https:\/\/site.educa.madrid.org\/cp.sanjuandelacruz.madrid\/\/wp-content\/uploads\/cp.sanjuandelacruz.madrid\/2021\/12\/InstruccionesProtecciondeDatosCentros2021_2022_26731297.pdf\">InstruccionesProtecciondeDatosCentros2021_2022_26731297<\/a><a href=\"https:\/\/site.educa.madrid.org\/cp.sanjuandelacruz.madrid\/\/wp-content\/uploads\/cp.sanjuandelacruz.madrid\/2021\/12\/InstruccionesProtecciondeDatosCentros2021_2022_26731297.pdf\" class=\"wp-block-file__button\" download>Descarga<\/a><\/div>\n","protected":false},"excerpt":{"rendered":"<p>En cumplimiento de la normativa de Protecci\u00f3n de Datos Personales (Reglamento Europeo 2016\/679, de 27 de abril de 2016, de Protecci\u00f3n de Datos Personales) la Comunidad de Madrid informa sobre c\u00f3mo protege y trata los de datos de car\u00e1cter personal de los alumnos de los centros p\u00fablicos en el siguiente documento: Adem\u00e1s atendiendo a la<\/p><\/div>\n<div class=\"blog-btn\"><a href=\"https:\/\/site.educa.madrid.org\/cp.sanjuandelacruz.madrid\/index.php\/politica-de-privacidad\/\" class=\"home-blog-btn\">Leer m\u00e1s<\/a><\/p>\n","protected":false},"author":2,"featured_media":0,"parent":0,"menu_order":0,"comment_status":"closed","ping_status":"closed","template":"","meta":{"footnotes":""},"folder":[],"class_list":["post-659","page","type-page","status-publish","hentry"],"rttpg_featured_image_url":null,"rttpg_author":{"display_name":"Cuenta TIC","author_link":"https:\/\/site.educa.madrid.org\/cp.sanjuandelacruz.madrid\/index.php\/author\/cuenta_tic-cp-sanjuandelacruz-madrid\/"},"rttpg_comment":0,"rttpg_category":false,"rttpg_excerpt":"En cumplimiento de la normativa de Protecci\u00f3n de Datos Personales (Reglamento Europeo 2016\/679, de 27 de abril de 2016, de Protecci\u00f3n de Datos Personales) la Comunidad de Madrid informa sobre c\u00f3mo protege y trata los de datos de car\u00e1cter personal de los alumnos de los centros p\u00fablicos en el siguiente documento: Adem\u00e1s atendiendo a laLeer&hellip;","post_mailing_queue_ids":[],"_links":{"self":[{"href":"https:\/\/site.educa.madrid.org\/cp.sanjuandelacruz.madrid\/index.php\/wp-json\/wp\/v2\/pages\/659","targetHints":{"allow":["GET"]}}],"collection":[{"href":"https:\/\/site.educa.madrid.org\/cp.sanjuandelacruz.madrid\/index.php\/wp-json\/wp\/v2\/pages"}],"about":[{"href":"https:\/\/site.educa.madrid.org\/cp.sanjuandelacruz.madrid\/index.php\/wp-json\/wp\/v2\/types\/page"}],"author":[{"embeddable":true,"href":"https:\/\/site.educa.madrid.org\/cp.sanjuandelacruz.madrid\/index.php\/wp-json\/wp\/v2\/users\/2"}],"replies":[{"embeddable":true,"href":"https:\/\/site.educa.madrid.org\/cp.sanjuandelacruz.madrid\/index.php\/wp-json\/wp\/v2\/comments?post=659"}],"version-history":[{"count":7,"href":"https:\/\/site.educa.madrid.org\/cp.sanjuandelacruz.madrid\/index.php\/wp-json\/wp\/v2\/pages\/659\/revisions"}],"predecessor-version":[{"id":3120,"href":"https:\/\/site.educa.madrid.org\/cp.sanjuandelacruz.madrid\/index.php\/wp-json\/wp\/v2\/pages\/659\/revisions\/3120"}],"wp:attachment":[{"href":"https:\/\/site.educa.madrid.org\/cp.sanjuandelacruz.madrid\/index.php\/wp-json\/wp\/v2\/media?parent=659"}],"wp:term":[{"taxonomy":"folder","embeddable":true,"href":"https:\/\/site.educa.madrid.org\/cp.sanjuandelacruz.madrid\/index.php\/wp-json\/wp\/v2\/folder?post=659"}],"curies":[{"name":"wp","href":"https:\/\/api.w.org\/{rel}","templated":true}]}}