{"id":665,"date":"2019-08-10T22:09:55","date_gmt":"2019-08-10T22:09:55","guid":{"rendered":"https:\/\/site.educa.madrid.org\/cp.sanjuandelacruz.madrid\/?page_id=665"},"modified":"2025-09-15T13:55:59","modified_gmt":"2025-09-15T11:55:59","slug":"actividades-extraescolares","status":"publish","type":"page","link":"https:\/\/site.educa.madrid.org\/cp.sanjuandelacruz.madrid\/index.php\/actividades-extraescolares\/","title":{"rendered":"ACTIVIDADES EXTRAESCOLARES"},"content":{"rendered":"\n<p>El&nbsp; d\u00eda 8 de septiembre comenzaron las actividades extraescolares. Se han ofertado actividades extraescolares gestionadas por el AMPA por etapas\/ciclos tanto en horario de mediod\u00eda como en horario de tarde.<\/p>\n\n\n\n<p>El horario de mediod\u00eda ser\u00eda el siguiente:<\/p>\n\n\n\n<figure class=\"wp-block-table\"><table class=\"has-fixed-layout\"><thead><tr><th>CURSOS<\/th><th class=\"has-text-align-center\" data-align=\"center\">SEPTIEMBRE Y JUNIO<\/th><th class=\"has-text-align-center\" data-align=\"center\">DE OCTUBRE A MAYO<\/th><\/tr><\/thead><tbody><tr><td>EDUCACI\u00d3N INFANTIL<\/td><td class=\"has-text-align-center\" data-align=\"center\">de 14:00 a 15:00 <\/td><td class=\"has-text-align-center\" data-align=\"center\">de 13:30 a 14:30<\/td><\/tr><tr><td>EDUCACI\u00d3N PRIMARIA<br>(DE 1\u00ba A 4\u00ba)<\/td><td class=\"has-text-align-center\" data-align=\"center\">de 13:30 a 14:30<\/td><td class=\"has-text-align-center\" data-align=\"center\">de 13:30 a 14:30<\/td><\/tr><tr><td>EDUCACI\u00d3N PRIMARIA<br>(5\u00ba Y 6\u00ba)<\/td><td class=\"has-text-align-center\" data-align=\"center\">de 13:00 a 13:45<\/td><td class=\"has-text-align-center\" data-align=\"center\">de 12:30 a 13:15<\/td><\/tr><\/tbody><\/table><\/figure>\n\n\n\n<p>Mientras que el horario de las actividades de tardes es este:<\/p>\n\n\n\n<figure class=\"wp-block-table is-style-regular\"><table class=\"has-white-background-color has-background has-fixed-layout\"><thead><tr><th>CURSOS<\/th><th class=\"has-text-align-center\" data-align=\"center\">SEPTIEMBRE Y JUNIO<\/th><th class=\"has-text-align-center\" data-align=\"center\">DE OCTUBRE A MAYO<\/th><\/tr><\/thead><tbody><tr><td>ACTIVIDADES EXTRAESCOLARES<br>TODOS LOS CURSOS<\/td><td class=\"has-text-align-center\" data-align=\"center\">De 15:00 a 16:00 <\/td><td class=\"has-text-align-center\" data-align=\"center\">De 16:00 a 16:45<\/td><\/tr><tr><td>ESPERANDO A LAS PAP\u00c1S<br>TODOS LOS CURSOS<\/td><td class=\"has-text-align-center\" data-align=\"center\">De 16:00 a 17:00<\/td><td class=\"has-text-align-center\" data-align=\"center\">De 17:00 a 17:45<\/td><\/tr><\/tbody><\/table><\/figure>\n\n\n\n<p>Por otra parte, durante todo el curso est\u00e1 al actividad \u00abLos primeros del colegio\u00bb desde las 7:30 a las 9:00 que incluye la opci\u00f3n de desayuno.<\/p>\n\n\n\n<div style=\"height:71px\" aria-hidden=\"true\" class=\"wp-block-spacer\"><\/div>\n\n\n\n<p class=\"has-text-align-center has-white-color has-vivid-red-background-color has-text-color has-background has-link-color has-medium-font-size wp-elements-b5cec2a06fe8de99997cc16d9d229045\" style=\"font-style:normal;font-weight:700\">ACTIVIDADES PARA EDUCACI\u00d3N INFANTIL<\/p>\n\n\n\n<div class=\"wp-block-file\"><a id=\"wp-block-file--media-d838700f-4bd4-42dc-9b89-377da0f2587b\" href=\"https:\/\/site.educa.madrid.org\/cp.sanjuandelacruz.madrid\/\/wp-content\/uploads\/cp.sanjuandelacruz.madrid\/2025\/09\/Extraescolares-curso-2025_26-INFANTIL-1.pdf\">Extraescolares curso 2025_26 &#8211; INFANTIL<\/a><a href=\"https:\/\/site.educa.madrid.org\/cp.sanjuandelacruz.madrid\/\/wp-content\/uploads\/cp.sanjuandelacruz.madrid\/2025\/09\/Extraescolares-curso-2025_26-INFANTIL-1.pdf\" class=\"wp-block-file__button wp-element-button\" download aria-describedby=\"wp-block-file--media-d838700f-4bd4-42dc-9b89-377da0f2587b\">Descarga<\/a><\/div>\n\n\n\n<p class=\"has-text-align-center has-white-color has-vivid-red-background-color has-text-color has-background has-link-color has-medium-font-size wp-elements-52c2388143a40efec6b13ec1fc30c4cc\" style=\"font-style:normal;font-weight:700\">ACTIVIDADES PARA EDUCACI\u00d3N PRIMARIA<\/p>\n\n\n\n<p><\/p>\n\n\n\n<div class=\"wp-block-file\"><a id=\"wp-block-file--media-1fedf571-252e-4665-a861-29a85d102ab2\" href=\"https:\/\/site.educa.madrid.org\/cp.sanjuandelacruz.madrid\/\/wp-content\/uploads\/cp.sanjuandelacruz.madrid\/2025\/09\/Extraescolares-curso-2025_26-PRIMARIA-1.pdf\">Extraescolares curso 2025_26 &#8211; PRIMARIA<\/a><a href=\"https:\/\/site.educa.madrid.org\/cp.sanjuandelacruz.madrid\/\/wp-content\/uploads\/cp.sanjuandelacruz.madrid\/2025\/09\/Extraescolares-curso-2025_26-PRIMARIA-1.pdf\" class=\"wp-block-file__button wp-element-button\" download aria-describedby=\"wp-block-file--media-1fedf571-252e-4665-a861-29a85d102ab2\">Descarga<\/a><\/div>\n\n\n\n<div style=\"height:40px\" aria-hidden=\"true\" class=\"wp-block-spacer\"><\/div>\n\n\n\n<p class=\"has-text-align-center has-white-color has-vivid-red-background-color has-text-color has-background has-link-color has-medium-font-size wp-elements-7ba458011d6ddeb82f9a2d6c04378f4e\" style=\"font-style:normal;font-weight:700\">PRECIO DE LAS ACTIVIDADES<\/p>\n\n\n\n<p>El precio de las actividades gestionadas por AMPA:<\/p>\n\n\n\n<ul class=\"wp-block-list\">\n<li>UN D\u00cdA DE ACTIVIDAD: 18\u20ac al mes.<\/li>\n\n\n\n<li>DOS D\u00cdAS DE ACTIVIDADES: 24\u20ac al mes.<\/li>\n\n\n\n<li>TALLER DE INGLES \/ Rob\u00f3tica 30\u20ac al mes<\/li>\n\n\n\n<li>PRIMEROS DEL COLEGIO CON DESAYUNO 43 \u20ac<\/li>\n\n\n\n<li>PRIMEROS DEL COLEGIO SIN DESAYUNO: 33 \u20ac<\/li>\n\n\n\n<li>CLUB DE TARDE O ESPERANDO A PAPAS: 30 \u20ac<\/li>\n\n\n\n<li>EL N\u00daMERO DE NI\u00d1OS M\u00cdNIMO NECESARIO POR ACTIVIDAD SER\u00c1 DE 6<\/li>\n<\/ul>\n\n\n\n<p>La ludoteca  de octubre a mayo gestionada por la  Junta Municipal es GRATUITA para los alumnos de infantil.<\/p>\n","protected":false},"excerpt":{"rendered":"<p>El&nbsp; d\u00eda 8 de septiembre comenzaron las actividades extraescolares. Se han ofertado actividades extraescolares gestionadas por el AMPA por etapas\/ciclos tanto en horario de mediod\u00eda como en horario de tarde. El horario de mediod\u00eda ser\u00eda el siguiente: CURSOS SEPTIEMBRE Y JUNIO DE OCTUBRE A MAYO EDUCACI\u00d3N INFANTIL de 14:00 a 15:00 de 13:30 a 14:30<\/p><\/div>\n<div class=\"blog-btn\"><a href=\"https:\/\/site.educa.madrid.org\/cp.sanjuandelacruz.madrid\/index.php\/actividades-extraescolares\/\" class=\"home-blog-btn\">Leer m\u00e1s<\/a><\/p>\n","protected":false},"author":17,"featured_media":0,"parent":0,"menu_order":0,"comment_status":"closed","ping_status":"closed","template":"","meta":{"footnotes":""},"folder":[],"class_list":["post-665","page","type-page","status-publish","hentry"],"rttpg_featured_image_url":null,"rttpg_author":{"display_name":"GEMA","author_link":"https:\/\/site.educa.madrid.org\/cp.sanjuandelacruz.madrid\/index.php\/author\/m-gema_tom-martn\/"},"rttpg_comment":0,"rttpg_category":false,"rttpg_excerpt":"El&nbsp; d\u00eda 8 de septiembre comenzaron las actividades extraescolares. Se han ofertado actividades extraescolares gestionadas por el AMPA por etapas\/ciclos tanto en horario de mediod\u00eda como en horario de tarde. El horario de mediod\u00eda ser\u00eda el siguiente: CURSOS SEPTIEMBRE Y JUNIO DE OCTUBRE A MAYO EDUCACI\u00d3N INFANTIL de 14:00 a 15:00 de 13:30 a 14:30Leer&hellip;","post_mailing_queue_ids":[],"_links":{"self":[{"href":"https:\/\/site.educa.madrid.org\/cp.sanjuandelacruz.madrid\/index.php\/wp-json\/wp\/v2\/pages\/665","targetHints":{"allow":["GET"]}}],"collection":[{"href":"https:\/\/site.educa.madrid.org\/cp.sanjuandelacruz.madrid\/index.php\/wp-json\/wp\/v2\/pages"}],"about":[{"href":"https:\/\/site.educa.madrid.org\/cp.sanjuandelacruz.madrid\/index.php\/wp-json\/wp\/v2\/types\/page"}],"author":[{"embeddable":true,"href":"https:\/\/site.educa.madrid.org\/cp.sanjuandelacruz.madrid\/index.php\/wp-json\/wp\/v2\/users\/17"}],"replies":[{"embeddable":true,"href":"https:\/\/site.educa.madrid.org\/cp.sanjuandelacruz.madrid\/index.php\/wp-json\/wp\/v2\/comments?post=665"}],"version-history":[{"count":36,"href":"https:\/\/site.educa.madrid.org\/cp.sanjuandelacruz.madrid\/index.php\/wp-json\/wp\/v2\/pages\/665\/revisions"}],"predecessor-version":[{"id":5971,"href":"https:\/\/site.educa.madrid.org\/cp.sanjuandelacruz.madrid\/index.php\/wp-json\/wp\/v2\/pages\/665\/revisions\/5971"}],"wp:attachment":[{"href":"https:\/\/site.educa.madrid.org\/cp.sanjuandelacruz.madrid\/index.php\/wp-json\/wp\/v2\/media?parent=665"}],"wp:term":[{"taxonomy":"folder","embeddable":true,"href":"https:\/\/site.educa.madrid.org\/cp.sanjuandelacruz.madrid\/index.php\/wp-json\/wp\/v2\/folder?post=665"}],"curies":[{"name":"wp","href":"https:\/\/api.w.org\/{rel}","templated":true}]}}