{"id":668,"date":"2019-08-10T22:10:27","date_gmt":"2019-08-10T20:10:27","guid":{"rendered":"https:\/\/site.educa.madrid.org\/cp.sanjuandelacruz.madrid\/?page_id=668"},"modified":"2023-06-13T15:25:31","modified_gmt":"2023-06-13T13:25:31","slug":"actividades-complementarias-celebraciones","status":"publish","type":"page","link":"https:\/\/site.educa.madrid.org\/cp.sanjuandelacruz.madrid\/index.php\/actividades-complementarias-celebraciones\/","title":{"rendered":"ACTIVIDADES COMPLEMENTARIAS: CELEBRACIONES CURSO 2022-23"},"content":{"rendered":"\n<p class=\"has-text-align-center has-very-light-gray-color has-luminous-vivid-orange-background-color has-text-color has-background has-large-font-size\"><strong>HALLOWEEN<\/strong><\/p>\n\n\n\n<figure class=\"wp-block-embed is-type-wp-embed is-provider-san-juan-de-la-cruz wp-block-embed-san-juan-de-la-cruz\"><div class=\"wp-block-embed__wrapper\">\n<blockquote class=\"wp-embedded-content\" data-secret=\"OCbC22n9Ie\"><a href=\"https:\/\/site.educa.madrid.org\/cp.sanjuandelacruz.madrid\/index.php\/2022\/10\/31\/decoracion-de-halloween\/\">DECORACI\u00d3N DE HALLOWEEN<\/a><\/blockquote><iframe loading=\"lazy\" class=\"wp-embedded-content\" sandbox=\"allow-scripts\" security=\"restricted\" style=\"position: absolute; clip: rect(1px, 1px, 1px, 1px);\" title=\"\u00abDECORACI\u00d3N DE HALLOWEEN\u00bb \u2014 SAN JUAN DE LA CRUZ\" src=\"https:\/\/site.educa.madrid.org\/cp.sanjuandelacruz.madrid\/index.php\/2022\/10\/31\/decoracion-de-halloween\/embed\/#?secret=6vBXuJeCbq#?secret=OCbC22n9Ie\" data-secret=\"OCbC22n9Ie\" width=\"600\" height=\"338\" frameborder=\"0\" marginwidth=\"0\" marginheight=\"0\" scrolling=\"no\"><\/iframe>\n<\/div><\/figure>\n\n\n\n<figure class=\"wp-block-embed is-type-wp-embed is-provider-san-juan-de-la-cruz wp-block-embed-san-juan-de-la-cruz\"><div class=\"wp-block-embed__wrapper\">\n<blockquote class=\"wp-embedded-content\" data-secret=\"Cf1RX10GSW\"><a href=\"https:\/\/site.educa.madrid.org\/cp.sanjuandelacruz.madrid\/index.php\/2022\/10\/31\/halloween-2022-23\/\">HALLOWEEN 2022-23<\/a><\/blockquote><iframe loading=\"lazy\" class=\"wp-embedded-content\" sandbox=\"allow-scripts\" security=\"restricted\" style=\"position: absolute; clip: rect(1px, 1px, 1px, 1px);\" title=\"\u00abHALLOWEEN 2022-23\u00bb \u2014 SAN JUAN DE LA CRUZ\" src=\"https:\/\/site.educa.madrid.org\/cp.sanjuandelacruz.madrid\/index.php\/2022\/10\/31\/halloween-2022-23\/embed\/#?secret=ky8fa5rZjX#?secret=Cf1RX10GSW\" data-secret=\"Cf1RX10GSW\" width=\"600\" height=\"338\" frameborder=\"0\" marginwidth=\"0\" marginheight=\"0\" scrolling=\"no\"><\/iframe>\n<\/div><\/figure>\n\n\n\n<p class=\"has-text-align-center has-very-light-gray-color has-vivid-green-cyan-background-color has-text-color has-background has-large-font-size\"><strong>NAVIDAD<\/strong><\/p>\n\n\n\n<figure class=\"wp-block-embed is-type-wp-embed is-provider-san-juan-de-la-cruz wp-block-embed-san-juan-de-la-cruz\"><div class=\"wp-block-embed__wrapper\">\n<blockquote class=\"wp-embedded-content\" data-secret=\"mHbVUK39pn\"><a href=\"https:\/\/site.educa.madrid.org\/cp.sanjuandelacruz.madrid\/index.php\/2022\/12\/19\/decoracion-navidena\/\">DECORACI\u00d3N NAVIDE\u00d1A<\/a><\/blockquote><iframe loading=\"lazy\" class=\"wp-embedded-content\" sandbox=\"allow-scripts\" security=\"restricted\" style=\"position: absolute; clip: rect(1px, 1px, 1px, 1px);\" title=\"\u00abDECORACI\u00d3N NAVIDE\u00d1A\u00bb \u2014 SAN JUAN DE LA CRUZ\" src=\"https:\/\/site.educa.madrid.org\/cp.sanjuandelacruz.madrid\/index.php\/2022\/12\/19\/decoracion-navidena\/embed\/#?secret=7ONMuEmgjZ#?secret=mHbVUK39pn\" data-secret=\"mHbVUK39pn\" width=\"600\" height=\"338\" frameborder=\"0\" marginwidth=\"0\" marginheight=\"0\" scrolling=\"no\"><\/iframe>\n<\/div><\/figure>\n\n\n\n<figure class=\"wp-block-embed is-type-wp-embed is-provider-san-juan-de-la-cruz wp-block-embed-san-juan-de-la-cruz\"><div class=\"wp-block-embed__wrapper\">\n<blockquote class=\"wp-embedded-content\" data-secret=\"lqGEDhjJAw\"><a href=\"https:\/\/site.educa.madrid.org\/cp.sanjuandelacruz.madrid\/index.php\/2022\/12\/18\/festival-navidad-2022-23\/\">FESTIVAL NAVIDAD 2022-23<\/a><\/blockquote><iframe loading=\"lazy\" class=\"wp-embedded-content\" sandbox=\"allow-scripts\" security=\"restricted\" style=\"position: absolute; clip: rect(1px, 1px, 1px, 1px);\" title=\"\u00abFESTIVAL NAVIDAD 2022-23\u00bb \u2014 SAN JUAN DE LA CRUZ\" src=\"https:\/\/site.educa.madrid.org\/cp.sanjuandelacruz.madrid\/index.php\/2022\/12\/18\/festival-navidad-2022-23\/embed\/#?secret=OMBcmNyETw#?secret=lqGEDhjJAw\" data-secret=\"lqGEDhjJAw\" width=\"600\" height=\"338\" frameborder=\"0\" marginwidth=\"0\" marginheight=\"0\" scrolling=\"no\"><\/iframe>\n<\/div><\/figure>\n\n\n\n<p class=\"has-text-align-center has-very-light-gray-color has-vivid-cyan-blue-background-color has-text-color has-background has-large-font-size\"><strong>D\u00cdA DE LA PAZ<\/strong><\/p>\n\n\n\n<figure class=\"wp-block-embed is-type-wp-embed is-provider-san-juan-de-la-cruz wp-block-embed-san-juan-de-la-cruz\"><div class=\"wp-block-embed__wrapper\">\n<blockquote class=\"wp-embedded-content\" data-secret=\"R93tKmV0Ae\"><a href=\"https:\/\/site.educa.madrid.org\/cp.sanjuandelacruz.madrid\/index.php\/2023\/02\/09\/dia-de-la-paz-2022-23\/\">D\u00cdA DE LA PAZ 2022-23<\/a><\/blockquote><iframe loading=\"lazy\" class=\"wp-embedded-content\" sandbox=\"allow-scripts\" security=\"restricted\" style=\"position: absolute; clip: rect(1px, 1px, 1px, 1px);\" title=\"\u00abD\u00cdA DE LA PAZ 2022-23\u00bb \u2014 SAN JUAN DE LA CRUZ\" src=\"https:\/\/site.educa.madrid.org\/cp.sanjuandelacruz.madrid\/index.php\/2023\/02\/09\/dia-de-la-paz-2022-23\/embed\/#?secret=6uslH4bj3j#?secret=R93tKmV0Ae\" data-secret=\"R93tKmV0Ae\" width=\"600\" height=\"338\" frameborder=\"0\" marginwidth=\"0\" marginheight=\"0\" scrolling=\"no\"><\/iframe>\n<\/div><\/figure>\n\n\n\n<p class=\"has-text-align-center has-very-light-gray-color has-luminous-vivid-amber-background-color has-text-color has-background has-large-font-size\"><strong>CARNAVAL<\/strong><\/p>\n\n\n\n<figure class=\"wp-block-embed is-type-wp-embed is-provider-san-juan-de-la-cruz wp-block-embed-san-juan-de-la-cruz\"><div class=\"wp-block-embed__wrapper\">\n<blockquote class=\"wp-embedded-content\" data-secret=\"uD2yVi6lKV\"><a href=\"https:\/\/site.educa.madrid.org\/cp.sanjuandelacruz.madrid\/index.php\/2023\/02\/12\/carnaval-2022-23\/\">CARNAVAL 2022-23<\/a><\/blockquote><iframe loading=\"lazy\" class=\"wp-embedded-content\" sandbox=\"allow-scripts\" security=\"restricted\" style=\"position: absolute; clip: rect(1px, 1px, 1px, 1px);\" title=\"\u00abCARNAVAL 2022-23\u00bb \u2014 SAN JUAN DE LA CRUZ\" src=\"https:\/\/site.educa.madrid.org\/cp.sanjuandelacruz.madrid\/index.php\/2023\/02\/12\/carnaval-2022-23\/embed\/#?secret=GLZCr4bG7l#?secret=uD2yVi6lKV\" data-secret=\"uD2yVi6lKV\" width=\"600\" height=\"338\" frameborder=\"0\" marginwidth=\"0\" marginheight=\"0\" scrolling=\"no\"><\/iframe>\n<\/div><\/figure>\n\n\n\n<figure class=\"wp-block-embed is-type-wp-embed is-provider-san-juan-de-la-cruz wp-block-embed-san-juan-de-la-cruz\"><div class=\"wp-block-embed__wrapper\">\n<blockquote class=\"wp-embedded-content\" data-secret=\"2jkKqH3u5A\"><a href=\"https:\/\/site.educa.madrid.org\/cp.sanjuandelacruz.madrid\/index.php\/2023\/02\/21\/4149\/\">LLEG\u00d3 EL CARNAVAL<\/a><\/blockquote><iframe loading=\"lazy\" class=\"wp-embedded-content\" sandbox=\"allow-scripts\" security=\"restricted\" style=\"position: absolute; clip: rect(1px, 1px, 1px, 1px);\" title=\"\u00abLLEG\u00d3 EL CARNAVAL\u00bb \u2014 SAN JUAN DE LA CRUZ\" src=\"https:\/\/site.educa.madrid.org\/cp.sanjuandelacruz.madrid\/index.php\/2023\/02\/21\/4149\/embed\/#?secret=rqXL2mVJbQ#?secret=2jkKqH3u5A\" data-secret=\"2jkKqH3u5A\" width=\"600\" height=\"338\" frameborder=\"0\" marginwidth=\"0\" marginheight=\"0\" scrolling=\"no\"><\/iframe>\n<\/div><\/figure>\n\n\n\n<p class=\"has-text-align-center has-very-light-gray-color has-vivid-purple-background-color has-text-color has-background has-large-font-size\"><strong>D\u00cdA DE LA MUJER<\/strong><\/p>\n\n\n\n<figure class=\"wp-block-embed is-type-wp-embed is-provider-san-juan-de-la-cruz wp-block-embed-san-juan-de-la-cruz\"><div class=\"wp-block-embed__wrapper\">\n<blockquote class=\"wp-embedded-content\" data-secret=\"rudmE5AgHl\"><a href=\"https:\/\/site.educa.madrid.org\/cp.sanjuandelacruz.madrid\/index.php\/2023\/03\/19\/dia-de-la-mujer\/\">D\u00cdA DE LA MUJER<\/a><\/blockquote><iframe loading=\"lazy\" class=\"wp-embedded-content\" sandbox=\"allow-scripts\" security=\"restricted\" style=\"position: absolute; clip: rect(1px, 1px, 1px, 1px);\" title=\"\u00abD\u00cdA DE LA MUJER\u00bb \u2014 SAN JUAN DE LA CRUZ\" src=\"https:\/\/site.educa.madrid.org\/cp.sanjuandelacruz.madrid\/index.php\/2023\/03\/19\/dia-de-la-mujer\/embed\/#?secret=Ns78mufy6V#?secret=rudmE5AgHl\" data-secret=\"rudmE5AgHl\" width=\"600\" height=\"338\" frameborder=\"0\" marginwidth=\"0\" marginheight=\"0\" scrolling=\"no\"><\/iframe>\n<\/div><\/figure>\n\n\n\n<p class=\"has-text-align-center has-very-light-gray-color has-pale-pink-background-color has-text-color has-background has-large-font-size\"><strong>D\u00cdA DEL LIBRO<\/strong><\/p>\n\n\n\n<figure class=\"wp-block-embed is-type-wp-embed is-provider-san-juan-de-la-cruz wp-block-embed-san-juan-de-la-cruz\"><div class=\"wp-block-embed__wrapper\">\n<blockquote class=\"wp-embedded-content\" data-secret=\"IZjXaUykm8\"><a href=\"https:\/\/site.educa.madrid.org\/cp.sanjuandelacruz.madrid\/index.php\/2023\/04\/28\/dia-del-libro\/\">D\u00cdA DEL LIBRO<\/a><\/blockquote><iframe loading=\"lazy\" class=\"wp-embedded-content\" sandbox=\"allow-scripts\" security=\"restricted\" style=\"position: absolute; clip: rect(1px, 1px, 1px, 1px);\" title=\"\u00abD\u00cdA DEL LIBRO\u00bb \u2014 SAN JUAN DE LA CRUZ\" src=\"https:\/\/site.educa.madrid.org\/cp.sanjuandelacruz.madrid\/index.php\/2023\/04\/28\/dia-del-libro\/embed\/#?secret=hvvGlQLrAF#?secret=IZjXaUykm8\" data-secret=\"IZjXaUykm8\" width=\"600\" height=\"338\" frameborder=\"0\" marginwidth=\"0\" marginheight=\"0\" scrolling=\"no\"><\/iframe>\n<\/div><\/figure>\n\n\n\n<p class=\"has-text-align-center has-very-light-gray-color has-vivid-red-background-color has-text-color has-background\" style=\"font-size:34px\"><strong>SAN ISIDRO Y SEMANA CULTURAL<\/strong><\/p>\n\n\n\n<figure class=\"wp-block-embed is-type-wp-embed is-provider-san-juan-de-la-cruz wp-block-embed-san-juan-de-la-cruz\"><div class=\"wp-block-embed__wrapper\">\n<blockquote class=\"wp-embedded-content\" data-secret=\"cKvONhsF23\"><a href=\"https:\/\/site.educa.madrid.org\/cp.sanjuandelacruz.madrid\/index.php\/2023\/05\/19\/fiesta-de-san-isidro\/\">FIESTA DE SAN ISIDRO<\/a><\/blockquote><iframe loading=\"lazy\" class=\"wp-embedded-content\" sandbox=\"allow-scripts\" security=\"restricted\" style=\"position: absolute; clip: rect(1px, 1px, 1px, 1px);\" title=\"\u00abFIESTA DE SAN ISIDRO\u00bb \u2014 SAN JUAN DE LA CRUZ\" src=\"https:\/\/site.educa.madrid.org\/cp.sanjuandelacruz.madrid\/index.php\/2023\/05\/19\/fiesta-de-san-isidro\/embed\/#?secret=mYpAt5QlRH#?secret=cKvONhsF23\" data-secret=\"cKvONhsF23\" width=\"600\" height=\"338\" frameborder=\"0\" marginwidth=\"0\" marginheight=\"0\" scrolling=\"no\"><\/iframe>\n<\/div><\/figure>\n\n\n\n<figure class=\"wp-block-embed is-type-wp-embed is-provider-san-juan-de-la-cruz wp-block-embed-san-juan-de-la-cruz\"><div class=\"wp-block-embed__wrapper\">\n<blockquote class=\"wp-embedded-content\" data-secret=\"Pp9YgQVzcH\"><a href=\"https:\/\/site.educa.madrid.org\/cp.sanjuandelacruz.madrid\/index.php\/2023\/05\/31\/semana-cultural\/\">Semana cultural<\/a><\/blockquote><iframe loading=\"lazy\" class=\"wp-embedded-content\" sandbox=\"allow-scripts\" security=\"restricted\" style=\"position: absolute; clip: rect(1px, 1px, 1px, 1px);\" title=\"\u00abSemana cultural\u00bb \u2014 SAN JUAN DE LA CRUZ\" src=\"https:\/\/site.educa.madrid.org\/cp.sanjuandelacruz.madrid\/index.php\/2023\/05\/31\/semana-cultural\/embed\/#?secret=j61zOyHDHe#?secret=Pp9YgQVzcH\" data-secret=\"Pp9YgQVzcH\" width=\"600\" height=\"338\" frameborder=\"0\" marginwidth=\"0\" marginheight=\"0\" scrolling=\"no\"><\/iframe>\n<\/div><\/figure>\n\n\n\n<p class=\"has-text-align-center has-very-light-gray-color has-pale-cyan-blue-background-color has-text-color has-background has-large-font-size\"><strong>GRADUACIONES<\/strong><\/p>\n","protected":false},"excerpt":{"rendered":"<p>HALLOWEEN NAVIDAD D\u00cdA DE LA PAZ CARNAVAL D\u00cdA DE LA MUJER D\u00cdA DEL LIBRO SAN ISIDRO Y SEMANA CULTURAL GRADUACIONES<\/p>\n","protected":false},"author":5,"featured_media":0,"parent":0,"menu_order":0,"comment_status":"closed","ping_status":"closed","template":"","meta":{"footnotes":""},"folder":[],"class_list":["post-668","page","type-page","status-publish","hentry"],"rttpg_featured_image_url":null,"rttpg_author":{"display_name":"jestudios","author_link":"https:\/\/site.educa.madrid.org\/cp.sanjuandelacruz.madrid\/index.php\/author\/cuenta_jestudios-cp-sanjuandelacruz-madrid\/"},"rttpg_comment":0,"rttpg_category":false,"rttpg_excerpt":"HALLOWEEN NAVIDAD D\u00cdA DE LA PAZ CARNAVAL D\u00cdA DE LA MUJER D\u00cdA DEL LIBRO SAN ISIDRO Y SEMANA CULTURAL GRADUACIONES","post_mailing_queue_ids":[],"_links":{"self":[{"href":"https:\/\/site.educa.madrid.org\/cp.sanjuandelacruz.madrid\/index.php\/wp-json\/wp\/v2\/pages\/668","targetHints":{"allow":["GET"]}}],"collection":[{"href":"https:\/\/site.educa.madrid.org\/cp.sanjuandelacruz.madrid\/index.php\/wp-json\/wp\/v2\/pages"}],"about":[{"href":"https:\/\/site.educa.madrid.org\/cp.sanjuandelacruz.madrid\/index.php\/wp-json\/wp\/v2\/types\/page"}],"author":[{"embeddable":true,"href":"https:\/\/site.educa.madrid.org\/cp.sanjuandelacruz.madrid\/index.php\/wp-json\/wp\/v2\/users\/5"}],"replies":[{"embeddable":true,"href":"https:\/\/site.educa.madrid.org\/cp.sanjuandelacruz.madrid\/index.php\/wp-json\/wp\/v2\/comments?post=668"}],"version-history":[{"count":40,"href":"https:\/\/site.educa.madrid.org\/cp.sanjuandelacruz.madrid\/index.php\/wp-json\/wp\/v2\/pages\/668\/revisions"}],"predecessor-version":[{"id":4606,"href":"https:\/\/site.educa.madrid.org\/cp.sanjuandelacruz.madrid\/index.php\/wp-json\/wp\/v2\/pages\/668\/revisions\/4606"}],"wp:attachment":[{"href":"https:\/\/site.educa.madrid.org\/cp.sanjuandelacruz.madrid\/index.php\/wp-json\/wp\/v2\/media?parent=668"}],"wp:term":[{"taxonomy":"folder","embeddable":true,"href":"https:\/\/site.educa.madrid.org\/cp.sanjuandelacruz.madrid\/index.php\/wp-json\/wp\/v2\/folder?post=668"}],"curies":[{"name":"wp","href":"https:\/\/api.w.org\/{rel}","templated":true}]}}