{"id":917,"date":"2019-11-18T20:54:04","date_gmt":"2019-11-18T20:54:04","guid":{"rendered":"https:\/\/site.educa.madrid.org\/cp.sanjuandelacruz.madrid\/?page_id=917"},"modified":"2025-03-14T07:46:47","modified_gmt":"2025-03-14T06:46:47","slug":"robles","status":"publish","type":"page","link":"https:\/\/site.educa.madrid.org\/cp.sanjuandelacruz.madrid\/index.php\/robles\/","title":{"rendered":"RA\u00cdCES\/ROBLE"},"content":{"rendered":"\n<p>El centro utiliza la plataforma para familias de la Comunidad de Madrid: <strong>Robles<\/strong>, integrada en Ra\u00edces, que es el Sistema de Gesti\u00f3n Integral Educativa. Cada tutor legal (padre y madre) tiene su propia credencial para acceder desde la siguiente p\u00e1gina a toda la informaci\u00f3n sobre su hijo\/a<\/p>\n\n\n\n<p class=\"has-text-align-center\"><a href=\"https:\/\/raices.madrid.org\/\">https:\/\/raices.madrid.org\/<\/a><\/p>\n\n\n\n<p>Para su utilizaci\u00f3n os recomendamos que ve\u00e1is estas <strong>gu\u00edas visuales<\/strong> que se han elaborado para tal fin.<\/p>\n\n\n\n<div data-wp-interactive=\"core\/file\" class=\"wp-block-file aligncenter\"><object data-wp-bind--hidden=\"!state.hasPdfPreview\" hidden class=\"wp-block-file__embed\" data=\"https:\/\/site.educa.madrid.org\/cp.sanjuandelacruz.madrid\/\/wp-content\/uploads\/cp.sanjuandelacruz.madrid\/2019\/11\/ROBLE-WEB-Familias-Gu\u00eda-Visual-1.4-1.pdf\" type=\"application\/pdf\" style=\"width:100%;height:600px\" aria-label=\"Incrustado de ROBLE-WEB-Familias-Gu\u00eda-Visual-1.4-1.\"><\/object><a id=\"wp-block-file--media-0416fe18-6a77-4993-a3bd-5fcf156c37b1\" href=\"https:\/\/site.educa.madrid.org\/cp.sanjuandelacruz.madrid\/\/wp-content\/uploads\/cp.sanjuandelacruz.madrid\/2019\/11\/ROBLE-WEB-Familias-Gu\u00eda-Visual-1.4-1.pdf\" target=\"_blank\" rel=\"noreferrer noopener\">ROBLE-WEB-Familias-Gu\u00eda-Visual-1.4-1<\/a><a href=\"https:\/\/site.educa.madrid.org\/cp.sanjuandelacruz.madrid\/\/wp-content\/uploads\/cp.sanjuandelacruz.madrid\/2019\/11\/ROBLE-WEB-Familias-Gu\u00eda-Visual-1.4-1.pdf\" class=\"wp-block-file__button wp-element-button\" download aria-describedby=\"wp-block-file--media-0416fe18-6a77-4993-a3bd-5fcf156c37b1\">Descarga<\/a><\/div>\n\n\n\n<p class=\"has-black-color has-very-light-gray-to-cyan-bluish-gray-gradient-background has-text-color has-background has-link-color has-medium-font-size wp-elements-48d03fba9905e20c30efc2cc6490cfed\">VENTANAS EMERGENTES<\/p>\n\n\n\n<p>Informaros de que independientemente del navegador que utilic\u00e9is es necesario tener las <strong>ventanas emergentes <\/strong>desbloqueadas en \u00e9l. Por lo que adjuntamos la gu\u00eda.<\/p>\n\n\n\n<div class=\"wp-block-file aligncenter\"><a id=\"wp-block-file--media-155a0b03-1a63-43a6-92cd-fd127d165bad\" href=\"https:\/\/site.educa.madrid.org\/cp.sanjuandelacruz.madrid\/\/wp-content\/uploads\/cp.sanjuandelacruz.madrid\/2019\/11\/ROBLE-WEB-Visual-Ventanas-emergentes-1.0-1.pdf\">ROBLE-WEB-Visual-Ventanas-emergentes-1.0-1<\/a><a href=\"https:\/\/site.educa.madrid.org\/cp.sanjuandelacruz.madrid\/\/wp-content\/uploads\/cp.sanjuandelacruz.madrid\/2019\/11\/ROBLE-WEB-Visual-Ventanas-emergentes-1.0-1.pdf\" class=\"wp-block-file__button wp-element-button\" download aria-describedby=\"wp-block-file--media-155a0b03-1a63-43a6-92cd-fd127d165bad\">Descarga<\/a><\/div>\n\n\n\n<p class=\"has-black-color has-very-light-gray-to-cyan-bluish-gray-gradient-background has-text-color has-background has-link-color has-medium-font-size wp-elements-8f32409db0af7102928627ce01fe22fc\">DOBLE AUTENTICACI\u00d3N <\/p>\n\n\n\n<p>A partir del 1 de enero de 2025 si acced\u00e9is v\u00eda web (Ra\u00edces) os solicitar\u00e1 la doble autenticaci\u00f3n, por lo que previamente a esta fecha se deber\u00eda marcar la forma en la que validar vuestra identidad. Pod\u00e9is ver este  consultar el documento <a href=\"https:\/\/raices.educa.madrid.org\/wp-content\/uploads\/Guia2fa.pdf\">https:\/\/raices.educa.madrid.org\/wp-content\/uploads\/Guia2fa.pdf<\/a><\/p>\n\n\n\n<p>En caso de no haber realizado este proceso deber\u00e9is solicitar una nueva credencial para acceder y realizar la doble autenticaci\u00f3n.<\/p>\n\n\n\n<p>La doble autenticaci\u00f3n s\u00f3lo es necesaria si acced\u00e9is desde la web. Desde la app Roble el sistema no os la pide.<\/p>\n\n\n\n<p><\/p>\n\n\n\n<p class=\"has-black-color has-very-light-gray-to-cyan-bluish-gray-gradient-background has-text-color has-background has-link-color has-medium-font-size wp-elements-56d362d6f82e957c277683a0fa3cedc0\">CAMBIO DE CONTRASE\u00d1A<\/p>\n\n\n\n<p>Nuevo manual RA\u00cdCES\/ROBLE para restablecer contrase\u00f1as.<\/p>\n\n\n\n<div data-wp-interactive=\"core\/file\" class=\"wp-block-file\"><object data-wp-bind--hidden=\"!state.hasPdfPreview\" hidden class=\"wp-block-file__embed\" data=\"https:\/\/site.educa.madrid.org\/cp.sanjuandelacruz.madrid\/\/wp-content\/uploads\/cp.sanjuandelacruz.madrid\/2022\/08\/como_restablecer_contrasena_en_roble_o_raices.pdf\" type=\"application\/pdf\" style=\"width:100%;height:280px\" aria-label=\"Incrustado de Como_restablecer_contrase\u00f1a_en_Ra\u00edces o Roble.\"><\/object><a id=\"wp-block-file--media-8423dca1-834c-403c-b763-b5d566efd72f\" href=\"https:\/\/site.educa.madrid.org\/cp.sanjuandelacruz.madrid\/\/wp-content\/uploads\/cp.sanjuandelacruz.madrid\/2022\/08\/como_restablecer_contrasena_en_roble_o_raices.pdf\" target=\"_blank\" rel=\"noreferrer noopener\">Como_restablecer_contrase\u00f1a_en_Ra\u00edces o Roble<\/a><a href=\"https:\/\/site.educa.madrid.org\/cp.sanjuandelacruz.madrid\/\/wp-content\/uploads\/cp.sanjuandelacruz.madrid\/2022\/08\/como_restablecer_contrasena_en_roble_o_raices.pdf\" class=\"wp-block-file__button wp-element-button\" download aria-describedby=\"wp-block-file--media-8423dca1-834c-403c-b763-b5d566efd72f\">Descarga<\/a><\/div>\n\n\n\n<p>Es importante que teng\u00e1is registrado un correo para que se os env\u00ede una nueva credencial.<\/p>\n\n\n\n<div style=\"height:81px\" aria-hidden=\"true\" class=\"wp-block-spacer\"><\/div>\n\n\n\n<p class=\"has-black-color has-electric-grass-gradient-background has-text-color has-background has-link-color has-medium-font-size wp-elements-171e9d88fd9334da14a32fd54a6ba735\">APP ROBLE<\/p>\n\n\n\n<p>Adem\u00e1s pod\u00e9is descargaros la app Robles para utilizarla en los smartphone o tabletas, tanto para iOS como Android.<\/p>\n\n\n\n<div data-wp-interactive=\"core\/file\" class=\"wp-block-file aligncenter\"><object data-wp-bind--hidden=\"!state.hasPdfPreview\" hidden class=\"wp-block-file__embed\" data=\"https:\/\/site.educa.madrid.org\/cp.sanjuandelacruz.madrid\/\/wp-content\/uploads\/cp.sanjuandelacruz.madrid\/2025\/01\/Manual-de-Roble-v2.pdf\" type=\"application\/pdf\" style=\"width:100%;height:600px\" aria-label=\"Incrustado de Manual-de-Roble-v2.\"><\/object><a id=\"wp-block-file--media-7e30890d-2125-4610-9161-8671e1d8b491\" href=\"https:\/\/site.educa.madrid.org\/cp.sanjuandelacruz.madrid\/\/wp-content\/uploads\/cp.sanjuandelacruz.madrid\/2025\/01\/Manual-de-Roble-v2.pdf\">Manual-de-Roble-v2<\/a><a href=\"https:\/\/site.educa.madrid.org\/cp.sanjuandelacruz.madrid\/\/wp-content\/uploads\/cp.sanjuandelacruz.madrid\/2025\/01\/Manual-de-Roble-v2.pdf\" class=\"wp-block-file__button wp-element-button\" download aria-describedby=\"wp-block-file--media-7e30890d-2125-4610-9161-8671e1d8b491\">Descarga<\/a><\/div>\n\n\n\n<hr class=\"wp-block-separator has-css-opacity\"\/>\n\n\n\n<p class=\"has-black-color has-blush-bordeaux-gradient-background has-text-color has-background has-link-color has-medium-font-size wp-elements-3212cdcd01cd97d52afe8af1dd4ecd3a\">PRESENTACI\u00d3N RESUMEN<\/p>\n\n\n\n<p>Compartimos la presentaci\u00f3n resumen elaborada por el centro con las recomendaciones y funcionalidades utilizadas por el colegio.<\/p>\n\n\n\n<div data-wp-interactive=\"core\/file\" class=\"wp-block-file\"><object data-wp-bind--hidden=\"!state.hasPdfPreview\" hidden class=\"wp-block-file__embed\" data=\"https:\/\/site.educa.madrid.org\/cp.sanjuandelacruz.madrid\/\/wp-content\/uploads\/cp.sanjuandelacruz.madrid\/2025\/03\/infromacion-familias_plataformas_2024-25_Roble-Raices.pdf\" type=\"application\/pdf\" style=\"width:100%;height:367px\" aria-label=\"Incrustado de Informaci\u00f3n familias_2024-25_Ra\u00edces\/Roble.\"><\/object><a id=\"wp-block-file--media-6d22a322-4098-4562-94aa-90c4386b1d4f\" href=\"https:\/\/site.educa.madrid.org\/cp.sanjuandelacruz.madrid\/\/wp-content\/uploads\/cp.sanjuandelacruz.madrid\/2025\/03\/infromacion-familias_plataformas_2024-25_Roble-Raices.pdf\">Informaci\u00f3n familias_2024-25_Ra\u00edces\/Roble<\/a><a href=\"https:\/\/site.educa.madrid.org\/cp.sanjuandelacruz.madrid\/\/wp-content\/uploads\/cp.sanjuandelacruz.madrid\/2025\/03\/infromacion-familias_plataformas_2024-25_Roble-Raices.pdf\" class=\"wp-block-file__button wp-element-button\" download aria-describedby=\"wp-block-file--media-6d22a322-4098-4562-94aa-90c4386b1d4f\">Descarga<\/a><\/div>\n\n\n\n<div style=\"height:100px\" aria-hidden=\"true\" class=\"wp-block-spacer\"><\/div>\n\n\n\n<p>En cualquier caso, todos los manuales est\u00e1n en la siguiente direcci\u00f3n web:<\/p>\n\n\n\n<p class=\"has-text-align-center\"><a href=\"https:\/\/comunidad.educa.madrid.org\/raices\/roble-comunicacion-familia-centro\/\">https:\/\/comunidad.educa.madrid.org\/raices\/roble-comunicacion-familia-centro\/<\/a><\/p>\n\n\n\n<hr class=\"wp-block-separator has-css-opacity\"\/>\n\n\n\n<p><\/p>\n","protected":false},"excerpt":{"rendered":"<p>El centro utiliza la plataforma para familias de la Comunidad de Madrid: Robles, integrada en Ra\u00edces, que es el Sistema de Gesti\u00f3n Integral Educativa. Cada tutor legal (padre y madre) tiene su propia credencial para acceder desde la siguiente p\u00e1gina a toda la informaci\u00f3n sobre su hijo\/a https:\/\/raices.madrid.org\/ Para su utilizaci\u00f3n os recomendamos que ve\u00e1is<\/p><\/div>\n<div class=\"blog-btn\"><a href=\"https:\/\/site.educa.madrid.org\/cp.sanjuandelacruz.madrid\/index.php\/robles\/\" class=\"home-blog-btn\">Leer m\u00e1s<\/a><\/p>\n","protected":false},"author":5,"featured_media":0,"parent":0,"menu_order":0,"comment_status":"closed","ping_status":"closed","template":"","meta":{"footnotes":""},"folder":[],"class_list":["post-917","page","type-page","status-publish","hentry"],"rttpg_featured_image_url":null,"rttpg_author":{"display_name":"jestudios","author_link":"https:\/\/site.educa.madrid.org\/cp.sanjuandelacruz.madrid\/index.php\/author\/cuenta_jestudios-cp-sanjuandelacruz-madrid\/"},"rttpg_comment":0,"rttpg_category":false,"rttpg_excerpt":"El centro utiliza la plataforma para familias de la Comunidad de Madrid: Robles, integrada en Ra\u00edces, que es el Sistema de Gesti\u00f3n Integral Educativa. Cada tutor legal (padre y madre) tiene su propia credencial para acceder desde la siguiente p\u00e1gina a toda la informaci\u00f3n sobre su hijo\/a https:\/\/raices.madrid.org\/ Para su utilizaci\u00f3n os recomendamos que ve\u00e1isLeer&hellip;","post_mailing_queue_ids":[],"_links":{"self":[{"href":"https:\/\/site.educa.madrid.org\/cp.sanjuandelacruz.madrid\/index.php\/wp-json\/wp\/v2\/pages\/917","targetHints":{"allow":["GET"]}}],"collection":[{"href":"https:\/\/site.educa.madrid.org\/cp.sanjuandelacruz.madrid\/index.php\/wp-json\/wp\/v2\/pages"}],"about":[{"href":"https:\/\/site.educa.madrid.org\/cp.sanjuandelacruz.madrid\/index.php\/wp-json\/wp\/v2\/types\/page"}],"author":[{"embeddable":true,"href":"https:\/\/site.educa.madrid.org\/cp.sanjuandelacruz.madrid\/index.php\/wp-json\/wp\/v2\/users\/5"}],"replies":[{"embeddable":true,"href":"https:\/\/site.educa.madrid.org\/cp.sanjuandelacruz.madrid\/index.php\/wp-json\/wp\/v2\/comments?post=917"}],"version-history":[{"count":15,"href":"https:\/\/site.educa.madrid.org\/cp.sanjuandelacruz.madrid\/index.php\/wp-json\/wp\/v2\/pages\/917\/revisions"}],"predecessor-version":[{"id":5780,"href":"https:\/\/site.educa.madrid.org\/cp.sanjuandelacruz.madrid\/index.php\/wp-json\/wp\/v2\/pages\/917\/revisions\/5780"}],"wp:attachment":[{"href":"https:\/\/site.educa.madrid.org\/cp.sanjuandelacruz.madrid\/index.php\/wp-json\/wp\/v2\/media?parent=917"}],"wp:term":[{"taxonomy":"folder","embeddable":true,"href":"https:\/\/site.educa.madrid.org\/cp.sanjuandelacruz.madrid\/index.php\/wp-json\/wp\/v2\/folder?post=917"}],"curies":[{"name":"wp","href":"https:\/\/api.w.org\/{rel}","templated":true}]}}