{"id":17,"date":"2019-04-14T16:59:34","date_gmt":"2019-04-14T14:59:34","guid":{"rendered":"https:\/\/www.colegiosansebastianmeco.es\/?page_id=17"},"modified":"2024-03-13T14:34:16","modified_gmt":"2024-03-13T13:34:16","slug":"el-centro","status":"publish","type":"page","link":"https:\/\/site.educa.madrid.org\/cp.sansebastian.meco\/index.php\/el-centro\/","title":{"rendered":"El Centro"},"content":{"rendered":"\n<iframe loading=\"lazy\" title=\"Trailer Admisi\u00f3n 24-25 CEIP San Sebasti\u00e1n. Meco.\" width=\"1170\" height=\"658\" src=\"https:\/\/www.youtube.com\/embed\/T0fU4rgjBrQ?feature=oembed\" frameborder=\"0\" allow=\"accelerometer; autoplay; clipboard-write; encrypted-media; gyroscope; picture-in-picture; web-share\" allowfullscreen><\/iframe>\n\n\n<p><span style=\"color: #00102e; font-family: Dosis, sans-serif; font-size: 42px;\">Ense\u00f1anzas:<\/span><\/p>\n<div class=\"vce-row-container\">\n<div id=\"el-d685c1e6\" class=\"vce-row vce-row--col-gap-30 vce-row-columns--top vce-row-content--top\" data-vce-do-apply=\"all el-d685c1e6\">\n<div class=\"vce-row-content\" data-vce-element-content=\"true\">\n<div id=\"el-a3855fcb\" class=\"vce-col vce-col--md-auto vce-col--xs-1 vce-col--xs-last vce-col--xs-first vce-col--sm-last vce-col--sm-first vce-col--md-last vce-col--lg-last vce-col--xl-last vce-col--md-first vce-col--lg-first vce-col--xl-first\">\n<div class=\"vce-col-inner\" data-vce-do-apply=\"all el-a3855fcb\" data-vce-element-content=\"true\">\n<div class=\"vce-text-block\">\n<div id=\"el-917de6dc\" class=\"vce-text-block-wrapper vce\" data-vce-do-apply=\"all el-917de6dc\">\n<ul>\n<li>Somos un centro de l\u00ednea 3. Impartimos clases de 2\u00ba Ciclo Educaci\u00f3n Infantil (de 3-6 a\u00f1os) y Educaci\u00f3n Primaria (de 6\u2013 12 a\u00f1os).<\/li>\n<li>Colegio biling\u00fce en infantil y primaria.<\/li>\n<li>Salvo la Lengua Castellana y las Matem\u00e1ticas el resto de las asignaturas se imparten en ingl\u00e9s.<\/li>\n<li>Disponemos de Auxiliares Nativos de conversaci\u00f3n.<\/li>\n<li>Los alumnos recibir\u00e1n las clases en lengua inglesa, al menos, durante la tercera parte del horario escolar.<\/li>\n<li>Una de nuestras se\u00f1as de identidad es el uso de las t\u00e9cnicas y estrategias de Aprendizaje Cooperativo.<\/li>\n<li>Tambi\u00e9n se utiliza el aprendizaje por proyectos y, en el dise\u00f1o de actividades de aprendizaje se tienen en cuenta las inteligencias m\u00faltiples.<\/li>\n<li>El objetivo es que nuestros alumnos aprendan m\u00e1s y mejor reduciendo el fracaso escolar, fomentando la participaci\u00f3n a trav\u00e9s de la motivaci\u00f3n y mejorando los resultados acad\u00e9micos siempre con el respaldo de la formaci\u00f3n continua del profesorado. Queremos que nuestra metodolog\u00eda sea acorde a la sociedad actual y que prepare a nuestros alumnos para el futuro inmediato.<\/li>\n<li>Otra de nuestras se\u00f1as de identidad es nuestro Plan para una Convivencia Positiva, el cual rige toda nuestra actividad. Queremos ser manada protectora ante el acoso escolar y dotar a nuestro alumnado de las herramientas necesarias para atender los conflictos as\u00ed como para detectar situaciones de vulnerabilidad tanto ajenas como propias.<\/li>\n<li>Otro pilar de la educaci\u00f3n que ofrecemos es la educaci\u00f3n emocional. \u00abS\u00f3lo se aprende aquello que se ama\u00bb. Francisco Mora.<\/li>\n<\/ul>\n<\/div>\n<\/div>\n<\/div>\n<\/div>\n<\/div>\n<\/div>\n<\/div>\n<p style=\"text-align: center;\"><em><strong><a href=\"https:\/\/site.educa.madrid.org\/cp.sansebastian.meco\/\/wp-content\/uploads\/cp.sansebastian.meco\/2023\/03\/preguntas.frecuentes.23.24.con_.normas.convivencia.pdf\" target=\"_blank\" rel=\"noopener\">&nbsp;VER PREGUNTAS FRECUENTES<\/a><\/strong><\/em><\/p>\n<div class=\"vce-row-container\">\n<div id=\"el-d685c1e6\" class=\"vce-row vce-row--col-gap-30 vce-row-columns--top vce-row-content--top\" data-vce-do-apply=\"all el-d685c1e6\">\n<div class=\"vce-row-content\" data-vce-element-content=\"true\">\n<div id=\"el-a3855fcb\" class=\"vce-col vce-col--md-auto vce-col--xs-1 vce-col--xs-last vce-col--xs-first vce-col--sm-last vce-col--sm-first vce-col--md-last vce-col--lg-last vce-col--xl-last vce-col--md-first vce-col--lg-first vce-col--xl-first\">\n<div class=\"vce-col-inner\" data-vce-do-apply=\"all el-a3855fcb\" data-vce-element-content=\"true\">\n<div class=\"vce-text-block\">\n<div id=\"el-917de6dc\" class=\"vce-text-block-wrapper vce\" data-vce-do-apply=\"all el-917de6dc\">\n<ul>\n<li>Queremos que el CEIP San Sebasti\u00e1n constituya un entorno agradable para todos:\n<ul>\n<li>Proyecto Sirena Musical: entramos y salimos con m\u00fasica.<\/li>\n<li>Proyecto de patio: rinc\u00f3n de baile, zona peonzas, zonas juegos tradicionales, zonas deportes, zona cocinita y construcciones\u2026<\/li>\n<li>Proyecto prevenci\u00f3n acoso escolar<\/li>\n<li>Pelotas de tenis en sillas y mesas.<\/li>\n<li>Cojines en algunas aulas.<\/li>\n<li>Decoraci\u00f3n espacios.<\/li>\n<li>Mejoras en los servicios.<\/li>\n<li>Participaci\u00f3n alumnado en las decisiones del centro a trav\u00e9s de representantes y asambleas.<\/li>\n<\/ul>\n<\/li>\n<\/ul>\n<\/div>\n<\/div>\n<\/div>\n<\/div>\n<\/div>\n<\/div>\n<\/div>\n<div class=\"vce-row-container\">\n<div id=\"el-d685c1e6\" class=\"vce-row vce-row--col-gap-30 vce-row-columns--top vce-row-content--top\" data-vce-do-apply=\"all el-d685c1e6\">\n<div class=\"vce-row-content\" data-vce-element-content=\"true\">\n<div id=\"el-a3855fcb\" class=\"vce-col vce-col--md-auto vce-col--xs-1 vce-col--xs-last vce-col--xs-first vce-col--sm-last vce-col--sm-first vce-col--md-last vce-col--lg-last vce-col--xl-last vce-col--md-first vce-col--lg-first vce-col--xl-first\">\n<div class=\"vce-col-inner\" data-vce-do-apply=\"all el-a3855fcb\" data-vce-element-content=\"true\">\n<div class=\"vce-text-block\">\n<h2 id=\"el-917de6dc\" class=\"vce-text-block-wrapper vce\" style=\"text-align: center;\" data-vce-do-apply=\"all el-917de6dc\"><span style=\"color: #3366ff;\"><em><strong><a href=\"https:\/\/site.educa.madrid.org\/cp.sansebastian.meco\/\/wp-content\/uploads\/cp.sansebastian.meco\/2024\/03\/TRIPTICO-2024-Ceip-San-Sebastian-meco.pdf\">TR\u00cdPTICO<\/a>&nbsp;<\/strong><\/em><\/span><\/h2>\n<\/div>\n<\/div>\n<\/div>\n<\/div>\n<\/div>\n<\/div>\n<div class=\"vce-row-container\">\n<div id=\"el-9af2853f\" class=\"vce-row vce-row--col-gap-30 vce-row-columns--top vce-row-content--top\" data-vce-do-apply=\"all el-9af2853f\">\n<div class=\"vce-row-content\" data-vce-element-content=\"true\">\n<div id=\"el-87a5b555\" class=\"vce-col vce-col--md-auto vce-col--xs-1 vce-col--xs-last vce-col--xs-first vce-col--sm-last vce-col--sm-first vce-col--md-last vce-col--lg-last vce-col--xl-last vce-col--md-first vce-col--lg-first vce-col--xl-first\">\n<div class=\"vce-col-inner\" data-vce-do-apply=\"all el-87a5b555\" data-vce-element-content=\"true\">\n<div class=\"vce-text-block\">\n<div id=\"el-0daf2701\" class=\"vce-text-block-wrapper vce\" data-vce-do-apply=\"all el-0daf2701\">\n<h2>Nuestro Modelo Educativo se basa en los siguientes Principios:<\/h2>\n<ul>\n<li>Promover una formaci\u00f3n personalizada, propiciando una educaci\u00f3n integral.<\/li>\n<\/ul>\n<ul>\n<li>Crear un clima acogedor y confortable en el que todos se sientan integrados y respetados, para as\u00ed poder \u201cense\u00f1ar y aprender\u201d.<\/li>\n<\/ul>\n<ul>\n<li>Formar siguiendo los valores democr\u00e1ticos, desarrollando el respeto hacia los dem\u00e1s, hacia uno mismo y hacia el entorno.<\/li>\n<li>Potenciar el sentido de la libertad ligado al de la responsabilidad y el gusto por el trabajo bien hecho.<\/li>\n<li>Fomentar un ambiente de igualdad de oportunidades en el que no se produzca ning\u00fan tipo de discriminaci\u00f3n, abierto al pluralismo ideol\u00f3gico, religioso y cultural.<\/li>\n<\/ul>\n<\/div>\n<\/div>\n<\/div>\n<\/div>\n<\/div>\n<\/div>\n<\/div>\n<div class=\"vce-row-container\">\n<div id=\"el-34b2232a\" class=\"vce-row vce-row--col-gap-30 vce-row-columns--top vce-row-content--top\" data-vce-do-apply=\"all el-34b2232a\">\n<div class=\"vce-row-content\" data-vce-element-content=\"true\">\n<div id=\"el-7cd8276f\" class=\"vce-col vce-col--md-auto vce-col--xs-1 vce-col--xs-last vce-col--xs-first vce-col--sm-last vce-col--sm-first vce-col--md-first vce-col--lg-first vce-col--xl-first\">\n<div class=\"vce-col-inner\" data-vce-do-apply=\"all el-7cd8276f\" data-vce-element-content=\"true\">&nbsp;<\/div>\n<\/div>\n<\/div>\n<\/div>\n<\/div>\n\n\n<iframe class=\"wp-embedded-content\" sandbox=\"allow-scripts\" security=\"restricted\" title=\"presentaci\u00f3n 23-24\" frameborder='0' width='1200' height='675' src='https:\/\/view.genial.ly\/6544e7292876b2001246d8c8#?secret=zJ2HwfJzOu' data-secret='zJ2HwfJzOu' scrolling='yes'><\/iframe>\n","protected":false},"excerpt":{"rendered":"<p>Ense\u00f1anzas: Somos un centro de l\u00ednea 3. Impartimos clases de 2\u00ba Ciclo Educaci\u00f3n Infantil (de 3-6 a\u00f1os) y Educaci\u00f3n Primaria (de 6\u2013 [&hellip;]<\/p>\n","protected":false},"author":6,"featured_media":0,"parent":0,"menu_order":0,"comment_status":"closed","ping_status":"open","template":"","meta":{"footnotes":""},"folder":[],"class_list":["post-17","page","type-page","status-publish","hentry"],"rttpg_featured_image_url":null,"rttpg_author":{"display_name":"Torry","author_link":"https:\/\/site.educa.madrid.org\/cp.sansebastian.meco\/index.php\/author\/torry\/"},"rttpg_comment":0,"rttpg_category":false,"rttpg_excerpt":"Ense\u00f1anzas: Somos un centro de l\u00ednea 3. Impartimos clases de 2\u00ba Ciclo Educaci\u00f3n Infantil (de 3-6 a\u00f1os) y Educaci\u00f3n Primaria (de 6\u2013 [&hellip;]","post_mailing_queue_ids":[],"_links":{"self":[{"href":"https:\/\/site.educa.madrid.org\/cp.sansebastian.meco\/index.php\/wp-json\/wp\/v2\/pages\/17","targetHints":{"allow":["GET"]}}],"collection":[{"href":"https:\/\/site.educa.madrid.org\/cp.sansebastian.meco\/index.php\/wp-json\/wp\/v2\/pages"}],"about":[{"href":"https:\/\/site.educa.madrid.org\/cp.sansebastian.meco\/index.php\/wp-json\/wp\/v2\/types\/page"}],"author":[{"embeddable":true,"href":"https:\/\/site.educa.madrid.org\/cp.sansebastian.meco\/index.php\/wp-json\/wp\/v2\/users\/6"}],"replies":[{"embeddable":true,"href":"https:\/\/site.educa.madrid.org\/cp.sansebastian.meco\/index.php\/wp-json\/wp\/v2\/comments?post=17"}],"version-history":[{"count":13,"href":"https:\/\/site.educa.madrid.org\/cp.sansebastian.meco\/index.php\/wp-json\/wp\/v2\/pages\/17\/revisions"}],"predecessor-version":[{"id":7591,"href":"https:\/\/site.educa.madrid.org\/cp.sansebastian.meco\/index.php\/wp-json\/wp\/v2\/pages\/17\/revisions\/7591"}],"wp:attachment":[{"href":"https:\/\/site.educa.madrid.org\/cp.sansebastian.meco\/index.php\/wp-json\/wp\/v2\/media?parent=17"}],"wp:term":[{"taxonomy":"folder","embeddable":true,"href":"https:\/\/site.educa.madrid.org\/cp.sansebastian.meco\/index.php\/wp-json\/wp\/v2\/folder?post=17"}],"curies":[{"name":"wp","href":"https:\/\/api.w.org\/{rel}","templated":true}]}}