{"id":3449,"date":"2022-02-28T10:37:31","date_gmt":"2022-02-28T09:37:31","guid":{"rendered":"https:\/\/www.colegiosansebastianmeco.es\/?page_id=3449"},"modified":"2023-11-13T15:42:44","modified_gmt":"2023-11-13T14:42:44","slug":"proyecto-de-medio-ambiente","status":"publish","type":"page","link":"https:\/\/site.educa.madrid.org\/cp.sansebastian.meco\/index.php\/proyecto-de-medio-ambiente\/","title":{"rendered":"Proyecto de Medio Ambiente"},"content":{"rendered":"\n<div class=\"wp-block-media-text alignwide is-stacked-on-mobile\" style=\"grid-template-columns:38% auto\"><figure class=\"wp-block-media-text__media\"><img loading=\"lazy\" decoding=\"async\" width=\"1024\" height=\"822\" src=\"https:\/\/site.educa.madrid.org\/cp.sansebastian.meco\/\/wp-content\/uploads\/cp.sansebastian.meco\/2023\/11\/INFANTIL.LONAS-ceip-san-sebastian-2-1024x822.jpg\" alt=\"\" class=\"wp-image-6999 size-full\" srcset=\"https:\/\/site.educa.madrid.org\/cp.sansebastian.meco\/\/wp-content\/uploads\/cp.sansebastian.meco\/2023\/11\/INFANTIL.LONAS-ceip-san-sebastian-2-1024x822.jpg 1024w, https:\/\/site.educa.madrid.org\/cp.sansebastian.meco\/\/wp-content\/uploads\/cp.sansebastian.meco\/2023\/11\/INFANTIL.LONAS-ceip-san-sebastian-2-300x241.jpg 300w, https:\/\/site.educa.madrid.org\/cp.sansebastian.meco\/\/wp-content\/uploads\/cp.sansebastian.meco\/2023\/11\/INFANTIL.LONAS-ceip-san-sebastian-2-768x616.jpg 768w, https:\/\/site.educa.madrid.org\/cp.sansebastian.meco\/\/wp-content\/uploads\/cp.sansebastian.meco\/2023\/11\/INFANTIL.LONAS-ceip-san-sebastian-2-1536x1232.jpg 1536w, https:\/\/site.educa.madrid.org\/cp.sansebastian.meco\/\/wp-content\/uploads\/cp.sansebastian.meco\/2023\/11\/INFANTIL.LONAS-ceip-san-sebastian-2-2048x1643.jpg 2048w, https:\/\/site.educa.madrid.org\/cp.sansebastian.meco\/\/wp-content\/uploads\/cp.sansebastian.meco\/2023\/11\/INFANTIL.LONAS-ceip-san-sebastian-2-1000x802.jpg 1000w, https:\/\/site.educa.madrid.org\/cp.sansebastian.meco\/\/wp-content\/uploads\/cp.sansebastian.meco\/2023\/11\/INFANTIL.LONAS-ceip-san-sebastian-2-230x185.jpg 230w, https:\/\/site.educa.madrid.org\/cp.sansebastian.meco\/\/wp-content\/uploads\/cp.sansebastian.meco\/2023\/11\/INFANTIL.LONAS-ceip-san-sebastian-2-350x281.jpg 350w, https:\/\/site.educa.madrid.org\/cp.sansebastian.meco\/\/wp-content\/uploads\/cp.sansebastian.meco\/2023\/11\/INFANTIL.LONAS-ceip-san-sebastian-2-480x385.jpg 480w\" sizes=\"auto, (max-width: 1024px) 100vw, 1024px\" \/><\/figure><div class=\"wp-block-media-text__content\">\n<p>Continuar con la<strong> Campa\u00f1a \u201cResiduo Cero\u201d<\/strong>, concienciando a nuestro alumnado en la reducci\u00f3n del consumo de envoltorios de usar y tirar. Tambi\u00e9n continuaremos clasificando y reciclando la basura de nuestro centro.<\/p>\n<\/div><\/div>\n\n\n\n<figure class=\"wp-block-gallery has-nested-images columns-default is-cropped wp-block-gallery-1 is-layout-flex wp-block-gallery-is-layout-flex\"><\/figure>\n\n\n<p><span style=\"font-weight: 400;\">El CEIP San Sebasti\u00e1n quiere formar adultos\u00a0 comprometidos con el Medio Ambiente y para ello nos proponemos: <\/span><\/p>\n<p><span style=\"font-weight: 400;\">En primer lugar, seguir difundiendo y aplicando nuestro <a href=\"https:\/\/site.educa.madrid.org\/cp.sansebastian.meco\/\/wp-content\/uploads\/cp.sansebastian.meco\/2023\/02\/PLAN-PARA-UNA-CONVIVENCIA-POSITIVA.OCTUBRE.21.pdf\"><strong>Manifiesto de Medio Ambiente<\/strong><\/a>.\u00a0<\/span><\/p>\n<div id='gallery-1' class='gallery galleryid-3449 gallery-columns-3 gallery-size-medium'><figure class='gallery-item'>\n\t\t\t<div class='gallery-icon landscape'>\n\t\t\t\t<a href='https:\/\/site.educa.madrid.org\/cp.sansebastian.meco\/\/wp-content\/uploads\/cp.sansebastian.meco\/2023\/02\/res.cero1_-768x532-1.jpg'><img loading=\"lazy\" decoding=\"async\" width=\"300\" height=\"208\" src=\"https:\/\/site.educa.madrid.org\/cp.sansebastian.meco\/\/wp-content\/uploads\/cp.sansebastian.meco\/2023\/02\/res.cero1_-768x532-1-300x208.jpg\" class=\"attachment-medium size-medium\" alt=\"\" srcset=\"https:\/\/site.educa.madrid.org\/cp.sansebastian.meco\/\/wp-content\/uploads\/cp.sansebastian.meco\/2023\/02\/res.cero1_-768x532-1-300x208.jpg 300w, https:\/\/site.educa.madrid.org\/cp.sansebastian.meco\/\/wp-content\/uploads\/cp.sansebastian.meco\/2023\/02\/res.cero1_-768x532-1-230x159.jpg 230w, https:\/\/site.educa.madrid.org\/cp.sansebastian.meco\/\/wp-content\/uploads\/cp.sansebastian.meco\/2023\/02\/res.cero1_-768x532-1-350x242.jpg 350w, https:\/\/site.educa.madrid.org\/cp.sansebastian.meco\/\/wp-content\/uploads\/cp.sansebastian.meco\/2023\/02\/res.cero1_-768x532-1-480x333.jpg 480w, https:\/\/site.educa.madrid.org\/cp.sansebastian.meco\/\/wp-content\/uploads\/cp.sansebastian.meco\/2023\/02\/res.cero1_-768x532-1.jpg 768w\" sizes=\"auto, (max-width: 300px) 100vw, 300px\" \/><\/a>\n\t\t\t<\/div><\/figure><figure class='gallery-item'>\n\t\t\t<div class='gallery-icon landscape'>\n\t\t\t\t<a href='https:\/\/site.educa.madrid.org\/cp.sansebastian.meco\/\/wp-content\/uploads\/cp.sansebastian.meco\/2023\/02\/presentacion.recreos.residuo.cero_-768x532-1.jpg'><img loading=\"lazy\" decoding=\"async\" width=\"300\" height=\"208\" src=\"https:\/\/site.educa.madrid.org\/cp.sansebastian.meco\/\/wp-content\/uploads\/cp.sansebastian.meco\/2023\/02\/presentacion.recreos.residuo.cero_-768x532-1-300x208.jpg\" class=\"attachment-medium size-medium\" alt=\"\" srcset=\"https:\/\/site.educa.madrid.org\/cp.sansebastian.meco\/\/wp-content\/uploads\/cp.sansebastian.meco\/2023\/02\/presentacion.recreos.residuo.cero_-768x532-1-300x208.jpg 300w, https:\/\/site.educa.madrid.org\/cp.sansebastian.meco\/\/wp-content\/uploads\/cp.sansebastian.meco\/2023\/02\/presentacion.recreos.residuo.cero_-768x532-1-230x159.jpg 230w, https:\/\/site.educa.madrid.org\/cp.sansebastian.meco\/\/wp-content\/uploads\/cp.sansebastian.meco\/2023\/02\/presentacion.recreos.residuo.cero_-768x532-1-350x242.jpg 350w, https:\/\/site.educa.madrid.org\/cp.sansebastian.meco\/\/wp-content\/uploads\/cp.sansebastian.meco\/2023\/02\/presentacion.recreos.residuo.cero_-768x532-1-480x333.jpg 480w, https:\/\/site.educa.madrid.org\/cp.sansebastian.meco\/\/wp-content\/uploads\/cp.sansebastian.meco\/2023\/02\/presentacion.recreos.residuo.cero_-768x532-1.jpg 768w\" sizes=\"auto, (max-width: 300px) 100vw, 300px\" \/><\/a>\n\t\t\t<\/div><\/figure><figure class='gallery-item'>\n\t\t\t<div class='gallery-icon landscape'>\n\t\t\t\t<a href='https:\/\/site.educa.madrid.org\/cp.sansebastian.meco\/\/wp-content\/uploads\/cp.sansebastian.meco\/2023\/02\/cuanto.duran_.los_.residuos-640x640-1.jpg'><img loading=\"lazy\" decoding=\"async\" width=\"300\" height=\"300\" src=\"https:\/\/site.educa.madrid.org\/cp.sansebastian.meco\/\/wp-content\/uploads\/cp.sansebastian.meco\/2023\/02\/cuanto.duran_.los_.residuos-640x640-1-300x300.jpg\" class=\"attachment-medium size-medium\" alt=\"\" srcset=\"https:\/\/site.educa.madrid.org\/cp.sansebastian.meco\/\/wp-content\/uploads\/cp.sansebastian.meco\/2023\/02\/cuanto.duran_.los_.residuos-640x640-1-300x300.jpg 300w, https:\/\/site.educa.madrid.org\/cp.sansebastian.meco\/\/wp-content\/uploads\/cp.sansebastian.meco\/2023\/02\/cuanto.duran_.los_.residuos-640x640-1-150x150.jpg 150w, https:\/\/site.educa.madrid.org\/cp.sansebastian.meco\/\/wp-content\/uploads\/cp.sansebastian.meco\/2023\/02\/cuanto.duran_.los_.residuos-640x640-1-230x230.jpg 230w, https:\/\/site.educa.madrid.org\/cp.sansebastian.meco\/\/wp-content\/uploads\/cp.sansebastian.meco\/2023\/02\/cuanto.duran_.los_.residuos-640x640-1-350x350.jpg 350w, https:\/\/site.educa.madrid.org\/cp.sansebastian.meco\/\/wp-content\/uploads\/cp.sansebastian.meco\/2023\/02\/cuanto.duran_.los_.residuos-640x640-1-480x480.jpg 480w, https:\/\/site.educa.madrid.org\/cp.sansebastian.meco\/\/wp-content\/uploads\/cp.sansebastian.meco\/2023\/02\/cuanto.duran_.los_.residuos-640x640-1.jpg 640w\" sizes=\"auto, (max-width: 300px) 100vw, 300px\" \/><\/a>\n\t\t\t<\/div><\/figure>\n\t\t<\/div>\n\n<p>Por \u00faltimo, el CEIP San Sebasti\u00e1n y el Ayuntamiento de Meco<strong> planta \u00e1rboles en homenaje a Marina, a trav\u00e9s del Proyecto Marina.\u00a0<\/strong><\/p>\n<p>Gracias a la colaboraci\u00f3n del Ayuntamiento de Meco y de un pap\u00e1 del colegio experto en temas de medio ambiente,\u00a0 vamos a plantar \u00e1rboles, unos poquitos en el patio del colegio y el resto en un terreno cedido por el Ayuntamiento.<\/p>\n<p>El alumnado de 3\u00ba de primaria ya plant\u00f3 las semillas en los semilleros, y los ha estado mimando y cuidando todo este tiempo, en el primer trimestre de este curso los plantar\u00e1n en el terreno para continuar reg\u00e1ndolos y mim\u00e1ndolos hasta que ya no necesiten m\u00e1s cuidados.<\/p>\n<p>El alumnado de 2\u00ba plantar\u00e1 semillas en los semilleros y los cuidar\u00e1 hasta poder plantar los \u00e1rboles en el terreno el pr\u00f3ximo curso.<\/p>\n<p>Este proyecto se llama Marina en homenaje a una antigua alumna del colegio que lamentablemente ya no est\u00e1 entre nosotros y que no olvidamos.<\/p>\n<p><span style=\"font-weight: 400;\">Esta iniciativa pretende sensibilizar sobre la importancia de la reforestaci\u00f3n y el cuidado de los recursos naturales. <\/span><\/p>\n<p>De este modo, llevaremos la naturaleza y con el tiempo la sombra a nuestros recreos\u00a0 y contribuiremos a formar alumnos y alumnas comprometidos con el planeta.<\/p>\n<blockquote>\n<div id='gallery-2' class='gallery galleryid-3449 gallery-columns-4 gallery-size-thumbnail'><figure class='gallery-item'>\n\t\t\t<div class='gallery-icon landscape'>\n\t\t\t\t<a href='https:\/\/site.educa.madrid.org\/cp.sansebastian.meco\/\/wp-content\/uploads\/cp.sansebastian.meco\/2023\/02\/marina.ayto_-300x300-1.jpeg'><img loading=\"lazy\" decoding=\"async\" width=\"150\" height=\"150\" src=\"https:\/\/site.educa.madrid.org\/cp.sansebastian.meco\/\/wp-content\/uploads\/cp.sansebastian.meco\/2023\/02\/marina.ayto_-300x300-1-150x150.jpeg\" class=\"attachment-thumbnail size-thumbnail\" alt=\"\" srcset=\"https:\/\/site.educa.madrid.org\/cp.sansebastian.meco\/\/wp-content\/uploads\/cp.sansebastian.meco\/2023\/02\/marina.ayto_-300x300-1-150x150.jpeg 150w, https:\/\/site.educa.madrid.org\/cp.sansebastian.meco\/\/wp-content\/uploads\/cp.sansebastian.meco\/2023\/02\/marina.ayto_-300x300-1-230x230.jpeg 230w, https:\/\/site.educa.madrid.org\/cp.sansebastian.meco\/\/wp-content\/uploads\/cp.sansebastian.meco\/2023\/02\/marina.ayto_-300x300-1.jpeg 300w\" sizes=\"auto, (max-width: 150px) 100vw, 150px\" \/><\/a>\n\t\t\t<\/div><\/figure><figure class='gallery-item'>\n\t\t\t<div class='gallery-icon landscape'>\n\t\t\t\t<a href='https:\/\/site.educa.madrid.org\/cp.sansebastian.meco\/\/wp-content\/uploads\/cp.sansebastian.meco\/2023\/02\/WhatsApp-Image-2022-10-28-at-11.18.41-3-640x640-1.jpeg'><img loading=\"lazy\" decoding=\"async\" width=\"150\" height=\"150\" src=\"https:\/\/site.educa.madrid.org\/cp.sansebastian.meco\/\/wp-content\/uploads\/cp.sansebastian.meco\/2023\/02\/WhatsApp-Image-2022-10-28-at-11.18.41-3-640x640-1-150x150.jpeg\" class=\"attachment-thumbnail size-thumbnail\" alt=\"\" srcset=\"https:\/\/site.educa.madrid.org\/cp.sansebastian.meco\/\/wp-content\/uploads\/cp.sansebastian.meco\/2023\/02\/WhatsApp-Image-2022-10-28-at-11.18.41-3-640x640-1-150x150.jpeg 150w, https:\/\/site.educa.madrid.org\/cp.sansebastian.meco\/\/wp-content\/uploads\/cp.sansebastian.meco\/2023\/02\/WhatsApp-Image-2022-10-28-at-11.18.41-3-640x640-1-300x300.jpeg 300w, https:\/\/site.educa.madrid.org\/cp.sansebastian.meco\/\/wp-content\/uploads\/cp.sansebastian.meco\/2023\/02\/WhatsApp-Image-2022-10-28-at-11.18.41-3-640x640-1-230x230.jpeg 230w, https:\/\/site.educa.madrid.org\/cp.sansebastian.meco\/\/wp-content\/uploads\/cp.sansebastian.meco\/2023\/02\/WhatsApp-Image-2022-10-28-at-11.18.41-3-640x640-1-350x350.jpeg 350w, https:\/\/site.educa.madrid.org\/cp.sansebastian.meco\/\/wp-content\/uploads\/cp.sansebastian.meco\/2023\/02\/WhatsApp-Image-2022-10-28-at-11.18.41-3-640x640-1-480x480.jpeg 480w, https:\/\/site.educa.madrid.org\/cp.sansebastian.meco\/\/wp-content\/uploads\/cp.sansebastian.meco\/2023\/02\/WhatsApp-Image-2022-10-28-at-11.18.41-3-640x640-1.jpeg 640w\" sizes=\"auto, (max-width: 150px) 100vw, 150px\" \/><\/a>\n\t\t\t<\/div><\/figure><figure class='gallery-item'>\n\t\t\t<div class='gallery-icon landscape'>\n\t\t\t\t<a href='https:\/\/site.educa.madrid.org\/cp.sansebastian.meco\/\/wp-content\/uploads\/cp.sansebastian.meco\/2023\/02\/comprometidos-640x640-1.jpg'><img loading=\"lazy\" decoding=\"async\" width=\"150\" height=\"150\" src=\"https:\/\/site.educa.madrid.org\/cp.sansebastian.meco\/\/wp-content\/uploads\/cp.sansebastian.meco\/2023\/02\/comprometidos-640x640-1-150x150.jpg\" class=\"attachment-thumbnail size-thumbnail\" alt=\"\" srcset=\"https:\/\/site.educa.madrid.org\/cp.sansebastian.meco\/\/wp-content\/uploads\/cp.sansebastian.meco\/2023\/02\/comprometidos-640x640-1-150x150.jpg 150w, https:\/\/site.educa.madrid.org\/cp.sansebastian.meco\/\/wp-content\/uploads\/cp.sansebastian.meco\/2023\/02\/comprometidos-640x640-1-300x300.jpg 300w, https:\/\/site.educa.madrid.org\/cp.sansebastian.meco\/\/wp-content\/uploads\/cp.sansebastian.meco\/2023\/02\/comprometidos-640x640-1-230x230.jpg 230w, https:\/\/site.educa.madrid.org\/cp.sansebastian.meco\/\/wp-content\/uploads\/cp.sansebastian.meco\/2023\/02\/comprometidos-640x640-1-350x350.jpg 350w, https:\/\/site.educa.madrid.org\/cp.sansebastian.meco\/\/wp-content\/uploads\/cp.sansebastian.meco\/2023\/02\/comprometidos-640x640-1-480x480.jpg 480w, https:\/\/site.educa.madrid.org\/cp.sansebastian.meco\/\/wp-content\/uploads\/cp.sansebastian.meco\/2023\/02\/comprometidos-640x640-1.jpg 640w\" sizes=\"auto, (max-width: 150px) 100vw, 150px\" \/><\/a>\n\t\t\t<\/div><\/figure><figure class='gallery-item'>\n\t\t\t<div class='gallery-icon landscape'>\n\t\t\t\t<a href='https:\/\/site.educa.madrid.org\/cp.sansebastian.meco\/\/wp-content\/uploads\/cp.sansebastian.meco\/2023\/02\/WhatsApp-Image-2022-10-28-at-11.18.41-2-640x640-1.jpeg'><img loading=\"lazy\" decoding=\"async\" width=\"150\" height=\"150\" src=\"https:\/\/site.educa.madrid.org\/cp.sansebastian.meco\/\/wp-content\/uploads\/cp.sansebastian.meco\/2023\/02\/WhatsApp-Image-2022-10-28-at-11.18.41-2-640x640-1-150x150.jpeg\" class=\"attachment-thumbnail size-thumbnail\" alt=\"\" srcset=\"https:\/\/site.educa.madrid.org\/cp.sansebastian.meco\/\/wp-content\/uploads\/cp.sansebastian.meco\/2023\/02\/WhatsApp-Image-2022-10-28-at-11.18.41-2-640x640-1-150x150.jpeg 150w, https:\/\/site.educa.madrid.org\/cp.sansebastian.meco\/\/wp-content\/uploads\/cp.sansebastian.meco\/2023\/02\/WhatsApp-Image-2022-10-28-at-11.18.41-2-640x640-1-300x300.jpeg 300w, https:\/\/site.educa.madrid.org\/cp.sansebastian.meco\/\/wp-content\/uploads\/cp.sansebastian.meco\/2023\/02\/WhatsApp-Image-2022-10-28-at-11.18.41-2-640x640-1-230x230.jpeg 230w, https:\/\/site.educa.madrid.org\/cp.sansebastian.meco\/\/wp-content\/uploads\/cp.sansebastian.meco\/2023\/02\/WhatsApp-Image-2022-10-28-at-11.18.41-2-640x640-1-350x350.jpeg 350w, https:\/\/site.educa.madrid.org\/cp.sansebastian.meco\/\/wp-content\/uploads\/cp.sansebastian.meco\/2023\/02\/WhatsApp-Image-2022-10-28-at-11.18.41-2-640x640-1-480x480.jpeg 480w, https:\/\/site.educa.madrid.org\/cp.sansebastian.meco\/\/wp-content\/uploads\/cp.sansebastian.meco\/2023\/02\/WhatsApp-Image-2022-10-28-at-11.18.41-2-640x640-1.jpeg 640w\" sizes=\"auto, (max-width: 150px) 100vw, 150px\" \/><\/a>\n\t\t\t<\/div><\/figure>\n\t\t<\/div>\n\n<\/blockquote>\n\n\n<div class=\"wp-block-media-text alignwide is-stacked-on-mobile\" style=\"grid-template-columns:40% auto\"><figure class=\"wp-block-media-text__media\"><img loading=\"lazy\" decoding=\"async\" width=\"640\" height=\"640\" src=\"https:\/\/site.educa.madrid.org\/cp.sansebastian.meco\/\/wp-content\/uploads\/cp.sansebastian.meco\/2023\/02\/huerto.primaria-640x640-1.jpeg\" alt=\"\" class=\"wp-image-5570 size-full\" srcset=\"https:\/\/site.educa.madrid.org\/cp.sansebastian.meco\/\/wp-content\/uploads\/cp.sansebastian.meco\/2023\/02\/huerto.primaria-640x640-1.jpeg 640w, https:\/\/site.educa.madrid.org\/cp.sansebastian.meco\/\/wp-content\/uploads\/cp.sansebastian.meco\/2023\/02\/huerto.primaria-640x640-1-300x300.jpeg 300w, https:\/\/site.educa.madrid.org\/cp.sansebastian.meco\/\/wp-content\/uploads\/cp.sansebastian.meco\/2023\/02\/huerto.primaria-640x640-1-150x150.jpeg 150w, https:\/\/site.educa.madrid.org\/cp.sansebastian.meco\/\/wp-content\/uploads\/cp.sansebastian.meco\/2023\/02\/huerto.primaria-640x640-1-230x230.jpeg 230w, https:\/\/site.educa.madrid.org\/cp.sansebastian.meco\/\/wp-content\/uploads\/cp.sansebastian.meco\/2023\/02\/huerto.primaria-640x640-1-350x350.jpeg 350w, https:\/\/site.educa.madrid.org\/cp.sansebastian.meco\/\/wp-content\/uploads\/cp.sansebastian.meco\/2023\/02\/huerto.primaria-640x640-1-480x480.jpeg 480w\" sizes=\"auto, (max-width: 640px) 100vw, 640px\" \/><\/figure><div class=\"wp-block-media-text__content\">\n<p>En tercer lugar, <strong>&nbsp;poner en marcha el Proyecto Amigos\/as del Huerto,&nbsp; <\/strong>transformado nuestros huertos en una experiencia de agricultura ecol\u00f3gica, evitando el arado de la tierra y la emisi\u00f3n de CO2 que ello conlleva.<\/p>\n\n\n\n<p>Este curso ya tenemos un nuevo equipo de huerto a cargo de familiares voluntarios. Si te gusta la horticultura no dudes en contactar con el colegio para unirte a este equipo de colaboradores, toda ayuda es poca.<\/p>\n\n\n\n<p>Pr\u00f3ximamente se realizar\u00e1 la siembra de la Cosecha de Invierno: lombarda, zanahoraias, espinacas, br\u00f3coli, habas, rabanitos, lechugas, ajos, kale, perejil, coliflor y puerros.<\/p>\n<\/div><\/div>\n","protected":false},"excerpt":{"rendered":"<p>Continuar con la Campa\u00f1a \u201cResiduo Cero\u201d, concienciando a nuestro alumnado en la reducci\u00f3n del consumo de envoltorios de usar y tirar. Tambi\u00e9n [&hellip;]<\/p>\n","protected":false},"author":7,"featured_media":3478,"parent":0,"menu_order":0,"comment_status":"closed","ping_status":"closed","template":"","meta":{"footnotes":""},"folder":[],"class_list":["post-3449","page","type-page","status-publish","has-post-thumbnail","hentry"],"rttpg_featured_image_url":null,"rttpg_author":{"display_name":"Made","author_link":"https:\/\/site.educa.madrid.org\/cp.sansebastian.meco\/index.php\/author\/made\/"},"rttpg_comment":0,"rttpg_category":false,"rttpg_excerpt":"Continuar con la Campa\u00f1a \u201cResiduo Cero\u201d, concienciando a nuestro alumnado en la reducci\u00f3n del consumo de envoltorios de usar y tirar. Tambi\u00e9n [&hellip;]","post_mailing_queue_ids":[],"_links":{"self":[{"href":"https:\/\/site.educa.madrid.org\/cp.sansebastian.meco\/index.php\/wp-json\/wp\/v2\/pages\/3449","targetHints":{"allow":["GET"]}}],"collection":[{"href":"https:\/\/site.educa.madrid.org\/cp.sansebastian.meco\/index.php\/wp-json\/wp\/v2\/pages"}],"about":[{"href":"https:\/\/site.educa.madrid.org\/cp.sansebastian.meco\/index.php\/wp-json\/wp\/v2\/types\/page"}],"author":[{"embeddable":true,"href":"https:\/\/site.educa.madrid.org\/cp.sansebastian.meco\/index.php\/wp-json\/wp\/v2\/users\/7"}],"replies":[{"embeddable":true,"href":"https:\/\/site.educa.madrid.org\/cp.sansebastian.meco\/index.php\/wp-json\/wp\/v2\/comments?post=3449"}],"version-history":[{"count":3,"href":"https:\/\/site.educa.madrid.org\/cp.sansebastian.meco\/index.php\/wp-json\/wp\/v2\/pages\/3449\/revisions"}],"predecessor-version":[{"id":7001,"href":"https:\/\/site.educa.madrid.org\/cp.sansebastian.meco\/index.php\/wp-json\/wp\/v2\/pages\/3449\/revisions\/7001"}],"wp:featuredmedia":[{"embeddable":true,"href":"https:\/\/site.educa.madrid.org\/cp.sansebastian.meco\/index.php\/wp-json\/"}],"wp:attachment":[{"href":"https:\/\/site.educa.madrid.org\/cp.sansebastian.meco\/index.php\/wp-json\/wp\/v2\/media?parent=3449"}],"wp:term":[{"taxonomy":"folder","embeddable":true,"href":"https:\/\/site.educa.madrid.org\/cp.sansebastian.meco\/index.php\/wp-json\/wp\/v2\/folder?post=3449"}],"curies":[{"name":"wp","href":"https:\/\/api.w.org\/{rel}","templated":true}]}}