{"id":3497,"date":"2022-03-03T12:59:28","date_gmt":"2022-03-03T11:59:28","guid":{"rendered":"https:\/\/www.colegiosansebastianmeco.es\/?page_id=3497"},"modified":"2025-03-24T17:06:23","modified_gmt":"2025-03-24T16:06:23","slug":"plan-atencion-a-la-diversidad","status":"publish","type":"page","link":"https:\/\/site.educa.madrid.org\/cp.sansebastian.meco\/index.php\/plan-atencion-a-la-diversidad\/","title":{"rendered":"Atenci\u00f3n a la Diversidad"},"content":{"rendered":"\n<h2 class=\"wp-block-heading\">Necesidades Espec\u00edficas apoyo educativo:<\/h2>\n\n\n\n<p><img loading=\"lazy\" decoding=\"async\" width=\"300\" height=\"300\" src=\"https:\/\/www.colegiosansebastianmeco.es\/wp-content\/uploads\/2022\/03\/2-300x300.png\" alt=\"\">El CEIP San Sebasti\u00e1n escolariza a alumnado con necesidades espec\u00edficas de apoyo educativo, para atender a este tipo de alumnado, el centro cuenta, adem\u00e1s de con los recursos personales ordinarios, con un orientador que nos visita, 2 d\u00edas a las semana y viernes alternos (lunes, mi\u00e9rcoles y viernes 1\u00ba y 3\u00ba de cada mes). Tambi\u00e9n contamos con una profesora especialista en Pedagog\u00eda Terap\u00e9utica a tiempo completo, y otra compartida al 50 %. Adem\u00e1s se cuenta con una profesora de Audici\u00f3n y Lenguaje que acude cuatro d\u00edas a la semana.<\/p>\n\n\n<div class=\"wpb_text_column wpb_content_element \">\n<div class=\"wpb_wrapper\">\n<h2>Altas Capacidades:<\/h2>\n<p><img loading=\"lazy\" decoding=\"async\" class=\"alignnone wp-image-3501\" src=\"https:\/\/www.colegiosansebastianmeco.es\/wp-content\/uploads\/2022\/03\/aacc-300x300.png\" alt=\"\" width=\"281\" height=\"281\" \/>En cuanto al alumnado que presenta Altas Capacidades, formamos parte del Programa Synapse de la Comunidad de Madrid, el cual pretende compartir recursos de varios centros para dar la respuesta m\u00e1s adecuada a las necesidades individuales de este alumnado: actividades de enriquecimiento, programaci\u00f3n de actividades multinivel, proyectos, rincones de aprendizaje, retos&#8230; A trav\u00e9s del orientador del centro, cada curso escolar se realiza la detecci\u00f3n precoz de este tipo de alumnado y del resto.<\/p>\n<\/p>\n<\/div>\n<\/div>\n\n\n<div class=\"wp-block-columns is-layout-flex wp-container-core-columns-is-layout-9d6595d7 wp-block-columns-is-layout-flex\">\n<div class=\"wp-block-column is-layout-flow wp-block-column-is-layout-flow\">\n<figure class=\"wp-block-image size-large\"><img loading=\"lazy\" decoding=\"async\" width=\"1024\" height=\"241\" src=\"https:\/\/site.educa.madrid.org\/cp.sansebastian.meco\/\/wp-content\/uploads\/cp.sansebastian.meco\/2024\/10\/ATT.DIVERSIDAD-1024x241.png\" alt=\"\" class=\"wp-image-8400\" srcset=\"https:\/\/site.educa.madrid.org\/cp.sansebastian.meco\/\/wp-content\/uploads\/cp.sansebastian.meco\/2024\/10\/ATT.DIVERSIDAD-1024x241.png 1024w, https:\/\/site.educa.madrid.org\/cp.sansebastian.meco\/\/wp-content\/uploads\/cp.sansebastian.meco\/2024\/10\/ATT.DIVERSIDAD-300x71.png 300w, https:\/\/site.educa.madrid.org\/cp.sansebastian.meco\/\/wp-content\/uploads\/cp.sansebastian.meco\/2024\/10\/ATT.DIVERSIDAD-768x181.png 768w, https:\/\/site.educa.madrid.org\/cp.sansebastian.meco\/\/wp-content\/uploads\/cp.sansebastian.meco\/2024\/10\/ATT.DIVERSIDAD-1536x362.png 1536w, https:\/\/site.educa.madrid.org\/cp.sansebastian.meco\/\/wp-content\/uploads\/cp.sansebastian.meco\/2024\/10\/ATT.DIVERSIDAD-1000x236.png 1000w, https:\/\/site.educa.madrid.org\/cp.sansebastian.meco\/\/wp-content\/uploads\/cp.sansebastian.meco\/2024\/10\/ATT.DIVERSIDAD-230x54.png 230w, https:\/\/site.educa.madrid.org\/cp.sansebastian.meco\/\/wp-content\/uploads\/cp.sansebastian.meco\/2024\/10\/ATT.DIVERSIDAD-350x82.png 350w, https:\/\/site.educa.madrid.org\/cp.sansebastian.meco\/\/wp-content\/uploads\/cp.sansebastian.meco\/2024\/10\/ATT.DIVERSIDAD-480x113.png 480w, https:\/\/site.educa.madrid.org\/cp.sansebastian.meco\/\/wp-content\/uploads\/cp.sansebastian.meco\/2024\/10\/ATT.DIVERSIDAD.png 2000w\" sizes=\"auto, (max-width: 1024px) 100vw, 1024px\" \/><\/figure>\n<\/div>\n<\/div>\n\n\n\n<p><\/p>\n","protected":false},"excerpt":{"rendered":"<p>Necesidades Espec\u00edficas apoyo educativo: El CEIP San Sebasti\u00e1n escolariza a alumnado con necesidades espec\u00edficas de apoyo educativo, para atender a este tipo [&hellip;]<\/p>\n","protected":false},"author":7,"featured_media":2572,"parent":0,"menu_order":0,"comment_status":"closed","ping_status":"closed","template":"","meta":{"footnotes":""},"folder":[],"class_list":["post-3497","page","type-page","status-publish","has-post-thumbnail","hentry"],"rttpg_featured_image_url":null,"rttpg_author":{"display_name":"Made","author_link":"https:\/\/site.educa.madrid.org\/cp.sansebastian.meco\/index.php\/author\/made\/"},"rttpg_comment":0,"rttpg_category":false,"rttpg_excerpt":"Necesidades Espec\u00edficas apoyo educativo: El CEIP San Sebasti\u00e1n escolariza a alumnado con necesidades espec\u00edficas de apoyo educativo, para atender a este tipo [&hellip;]","post_mailing_queue_ids":[],"_links":{"self":[{"href":"https:\/\/site.educa.madrid.org\/cp.sansebastian.meco\/index.php\/wp-json\/wp\/v2\/pages\/3497","targetHints":{"allow":["GET"]}}],"collection":[{"href":"https:\/\/site.educa.madrid.org\/cp.sansebastian.meco\/index.php\/wp-json\/wp\/v2\/pages"}],"about":[{"href":"https:\/\/site.educa.madrid.org\/cp.sansebastian.meco\/index.php\/wp-json\/wp\/v2\/types\/page"}],"author":[{"embeddable":true,"href":"https:\/\/site.educa.madrid.org\/cp.sansebastian.meco\/index.php\/wp-json\/wp\/v2\/users\/7"}],"replies":[{"embeddable":true,"href":"https:\/\/site.educa.madrid.org\/cp.sansebastian.meco\/index.php\/wp-json\/wp\/v2\/comments?post=3497"}],"version-history":[{"count":3,"href":"https:\/\/site.educa.madrid.org\/cp.sansebastian.meco\/index.php\/wp-json\/wp\/v2\/pages\/3497\/revisions"}],"predecessor-version":[{"id":8791,"href":"https:\/\/site.educa.madrid.org\/cp.sansebastian.meco\/index.php\/wp-json\/wp\/v2\/pages\/3497\/revisions\/8791"}],"wp:featuredmedia":[{"embeddable":true,"href":"https:\/\/site.educa.madrid.org\/cp.sansebastian.meco\/index.php\/wp-json\/"}],"wp:attachment":[{"href":"https:\/\/site.educa.madrid.org\/cp.sansebastian.meco\/index.php\/wp-json\/wp\/v2\/media?parent=3497"}],"wp:term":[{"taxonomy":"folder","embeddable":true,"href":"https:\/\/site.educa.madrid.org\/cp.sansebastian.meco\/index.php\/wp-json\/wp\/v2\/folder?post=3497"}],"curies":[{"name":"wp","href":"https:\/\/api.w.org\/{rel}","templated":true}]}}