{"id":3504,"date":"2022-03-03T15:03:42","date_gmt":"2022-03-03T14:03:42","guid":{"rendered":"https:\/\/www.colegiosansebastianmeco.es\/?page_id=3504"},"modified":"2024-06-17T17:38:52","modified_gmt":"2024-06-17T15:38:52","slug":"proyecto-plastica-dialogos-creativos","status":"publish","type":"page","link":"https:\/\/site.educa.madrid.org\/cp.sansebastian.meco\/index.php\/proyecto-plastica-dialogos-creativos\/","title":{"rendered":"Proyecto Pl\u00e1stica"},"content":{"rendered":"\n<h2 class=\"wp-block-heading\">Taller de Animaci\u00f3n con Pedro Sol\u00eds<\/h2>\n\n\n\n<p>El alumnado de 3\u00ba y 4\u00ba de primaria, cerr\u00f3 la unidad did\u00e1ctica de cine de animaci\u00f3n del \u00e1rea de educaci\u00f3n art\u00edstica: pl\u00e1stica, con un taller a cargo de Pedro Sol\u00eds, director y guionista\u00a0de producciones de\u00a0animaci\u00f3n galardonado con dos\u00a0Premios Goya\u00a0al\u00a0mejor cortometraje de animaci\u00f3n\u00a0por\u00a0<em>La Bruxa<\/em>\u00a0(2011) y\u00a0<em>Cuerdas<\/em>\u00a0(2014).<\/p>\n\n\n\n<p>El alumnado de 4\u00ba B y C, ha puesto en practica lo aprendido en el taller, grabando estos v\u00eddeos, han realizado un grand\u00edsimo trabajo, y aunque el resultado pueda parecer f\u00e1cil, ha sido un proceso costoso, y lo han bordado.<\/p>\n\n\n\n<div class=\"wp-block-columns is-layout-flex wp-container-core-columns-is-layout-9d6595d7 wp-block-columns-is-layout-flex\">\n<div class=\"wp-block-column is-layout-flow wp-block-column-is-layout-flow\">\n<figure class=\"wp-block-image size-large is-resized\"><a href=\"https:\/\/mediateca.educa.madrid.org\/video\/49rlydbr44lm17o9\" target=\"_blank\" rel=\"noreferrer noopener\"><img loading=\"lazy\" decoding=\"async\" width=\"1024\" height=\"577\" src=\"https:\/\/site.educa.madrid.org\/cp.sansebastian.meco\/\/wp-content\/uploads\/cp.sansebastian.meco\/2024\/06\/taller.cuarto.b.pedrosolis-1024x577.png\" alt=\"\" class=\"wp-image-8000\" style=\"width:334px;height:auto\" srcset=\"https:\/\/site.educa.madrid.org\/cp.sansebastian.meco\/\/wp-content\/uploads\/cp.sansebastian.meco\/2024\/06\/taller.cuarto.b.pedrosolis-1024x577.png 1024w, https:\/\/site.educa.madrid.org\/cp.sansebastian.meco\/\/wp-content\/uploads\/cp.sansebastian.meco\/2024\/06\/taller.cuarto.b.pedrosolis-300x169.png 300w, https:\/\/site.educa.madrid.org\/cp.sansebastian.meco\/\/wp-content\/uploads\/cp.sansebastian.meco\/2024\/06\/taller.cuarto.b.pedrosolis-768x433.png 768w, https:\/\/site.educa.madrid.org\/cp.sansebastian.meco\/\/wp-content\/uploads\/cp.sansebastian.meco\/2024\/06\/taller.cuarto.b.pedrosolis-1536x865.png 1536w, https:\/\/site.educa.madrid.org\/cp.sansebastian.meco\/\/wp-content\/uploads\/cp.sansebastian.meco\/2024\/06\/taller.cuarto.b.pedrosolis-1000x563.png 1000w, https:\/\/site.educa.madrid.org\/cp.sansebastian.meco\/\/wp-content\/uploads\/cp.sansebastian.meco\/2024\/06\/taller.cuarto.b.pedrosolis-230x130.png 230w, https:\/\/site.educa.madrid.org\/cp.sansebastian.meco\/\/wp-content\/uploads\/cp.sansebastian.meco\/2024\/06\/taller.cuarto.b.pedrosolis-350x197.png 350w, https:\/\/site.educa.madrid.org\/cp.sansebastian.meco\/\/wp-content\/uploads\/cp.sansebastian.meco\/2024\/06\/taller.cuarto.b.pedrosolis-480x270.png 480w, https:\/\/site.educa.madrid.org\/cp.sansebastian.meco\/\/wp-content\/uploads\/cp.sansebastian.meco\/2024\/06\/taller.cuarto.b.pedrosolis.png 1640w\" sizes=\"auto, (max-width: 1024px) 100vw, 1024px\" \/><\/a><\/figure>\n<\/div>\n\n\n\n<div class=\"wp-block-column is-layout-flow wp-block-column-is-layout-flow\">\n<figure class=\"wp-block-image size-large is-resized\"><a href=\"https:\/\/mediateca.educa.madrid.org\/video\/kmrn63zdvaddy5cw\" target=\"_blank\" rel=\"noreferrer noopener\"><img loading=\"lazy\" decoding=\"async\" width=\"1024\" height=\"577\" src=\"https:\/\/site.educa.madrid.org\/cp.sansebastian.meco\/\/wp-content\/uploads\/cp.sansebastian.meco\/2024\/06\/taller.cuartoC-1024x577.png\" alt=\"\" class=\"wp-image-8001\" style=\"width:325px;height:auto\" srcset=\"https:\/\/site.educa.madrid.org\/cp.sansebastian.meco\/\/wp-content\/uploads\/cp.sansebastian.meco\/2024\/06\/taller.cuartoC-1024x577.png 1024w, https:\/\/site.educa.madrid.org\/cp.sansebastian.meco\/\/wp-content\/uploads\/cp.sansebastian.meco\/2024\/06\/taller.cuartoC-300x169.png 300w, https:\/\/site.educa.madrid.org\/cp.sansebastian.meco\/\/wp-content\/uploads\/cp.sansebastian.meco\/2024\/06\/taller.cuartoC-768x433.png 768w, https:\/\/site.educa.madrid.org\/cp.sansebastian.meco\/\/wp-content\/uploads\/cp.sansebastian.meco\/2024\/06\/taller.cuartoC-1536x865.png 1536w, https:\/\/site.educa.madrid.org\/cp.sansebastian.meco\/\/wp-content\/uploads\/cp.sansebastian.meco\/2024\/06\/taller.cuartoC-1000x563.png 1000w, https:\/\/site.educa.madrid.org\/cp.sansebastian.meco\/\/wp-content\/uploads\/cp.sansebastian.meco\/2024\/06\/taller.cuartoC-230x130.png 230w, https:\/\/site.educa.madrid.org\/cp.sansebastian.meco\/\/wp-content\/uploads\/cp.sansebastian.meco\/2024\/06\/taller.cuartoC-350x197.png 350w, https:\/\/site.educa.madrid.org\/cp.sansebastian.meco\/\/wp-content\/uploads\/cp.sansebastian.meco\/2024\/06\/taller.cuartoC-480x270.png 480w, https:\/\/site.educa.madrid.org\/cp.sansebastian.meco\/\/wp-content\/uploads\/cp.sansebastian.meco\/2024\/06\/taller.cuartoC.png 1640w\" sizes=\"auto, (max-width: 1024px) 100vw, 1024px\" \/><\/a><\/figure>\n<\/div>\n<\/div>\n\n\n\n<figure class=\"wp-block-image size-large is-resized\"><img loading=\"lazy\" decoding=\"async\" width=\"1024\" height=\"768\" src=\"https:\/\/site.educa.madrid.org\/cp.sansebastian.meco\/\/wp-content\/uploads\/cp.sansebastian.meco\/2024\/06\/20240405_114622-1024x768.jpg\" alt=\"\" class=\"wp-image-8002\" style=\"width:734px;height:auto\" srcset=\"https:\/\/site.educa.madrid.org\/cp.sansebastian.meco\/\/wp-content\/uploads\/cp.sansebastian.meco\/2024\/06\/20240405_114622-1024x768.jpg 1024w, https:\/\/site.educa.madrid.org\/cp.sansebastian.meco\/\/wp-content\/uploads\/cp.sansebastian.meco\/2024\/06\/20240405_114622-300x225.jpg 300w, https:\/\/site.educa.madrid.org\/cp.sansebastian.meco\/\/wp-content\/uploads\/cp.sansebastian.meco\/2024\/06\/20240405_114622-768x576.jpg 768w, https:\/\/site.educa.madrid.org\/cp.sansebastian.meco\/\/wp-content\/uploads\/cp.sansebastian.meco\/2024\/06\/20240405_114622-1536x1152.jpg 1536w, https:\/\/site.educa.madrid.org\/cp.sansebastian.meco\/\/wp-content\/uploads\/cp.sansebastian.meco\/2024\/06\/20240405_114622-2048x1536.jpg 2048w, https:\/\/site.educa.madrid.org\/cp.sansebastian.meco\/\/wp-content\/uploads\/cp.sansebastian.meco\/2024\/06\/20240405_114622-1000x750.jpg 1000w, https:\/\/site.educa.madrid.org\/cp.sansebastian.meco\/\/wp-content\/uploads\/cp.sansebastian.meco\/2024\/06\/20240405_114622-230x173.jpg 230w, https:\/\/site.educa.madrid.org\/cp.sansebastian.meco\/\/wp-content\/uploads\/cp.sansebastian.meco\/2024\/06\/20240405_114622-350x263.jpg 350w, https:\/\/site.educa.madrid.org\/cp.sansebastian.meco\/\/wp-content\/uploads\/cp.sansebastian.meco\/2024\/06\/20240405_114622-480x360.jpg 480w\" sizes=\"auto, (max-width: 1024px) 100vw, 1024px\" \/><\/figure>\n\n\n\n<p>El equipo docente de 3\u00ba y 4\u00ba junto a Pedro Sol\u00eds tras la realizaci\u00f3n del taller con el alumnado.<\/p>\n\n\n\n<hr class=\"wp-block-separator has-alpha-channel-opacity\"\/>\n\n\n\n<h2 class=\"wp-block-heading\">Di\u00e1logos Creativos<\/h2>\n\n\n\n<div class=\"wp-block-media-text alignwide is-stacked-on-mobile\" style=\"grid-template-columns:48% auto\"><figure class=\"wp-block-media-text__media\"><img loading=\"lazy\" decoding=\"async\" width=\"1024\" height=\"726\" src=\"https:\/\/site.educa.madrid.org\/cp.sansebastian.meco\/\/wp-content\/uploads\/cp.sansebastian.meco\/2023\/03\/DIALOGOS-CREATIVOS-1024x726.png\" alt=\"\" class=\"wp-image-5940 size-full\" srcset=\"https:\/\/site.educa.madrid.org\/cp.sansebastian.meco\/\/wp-content\/uploads\/cp.sansebastian.meco\/2023\/03\/DIALOGOS-CREATIVOS-1024x726.png 1024w, https:\/\/site.educa.madrid.org\/cp.sansebastian.meco\/\/wp-content\/uploads\/cp.sansebastian.meco\/2023\/03\/DIALOGOS-CREATIVOS-300x213.png 300w, https:\/\/site.educa.madrid.org\/cp.sansebastian.meco\/\/wp-content\/uploads\/cp.sansebastian.meco\/2023\/03\/DIALOGOS-CREATIVOS-768x545.png 768w, https:\/\/site.educa.madrid.org\/cp.sansebastian.meco\/\/wp-content\/uploads\/cp.sansebastian.meco\/2023\/03\/DIALOGOS-CREATIVOS-1536x1090.png 1536w, https:\/\/site.educa.madrid.org\/cp.sansebastian.meco\/\/wp-content\/uploads\/cp.sansebastian.meco\/2023\/03\/DIALOGOS-CREATIVOS-920x653.png 920w, https:\/\/site.educa.madrid.org\/cp.sansebastian.meco\/\/wp-content\/uploads\/cp.sansebastian.meco\/2023\/03\/DIALOGOS-CREATIVOS-230x163.png 230w, https:\/\/site.educa.madrid.org\/cp.sansebastian.meco\/\/wp-content\/uploads\/cp.sansebastian.meco\/2023\/03\/DIALOGOS-CREATIVOS-350x248.png 350w, https:\/\/site.educa.madrid.org\/cp.sansebastian.meco\/\/wp-content\/uploads\/cp.sansebastian.meco\/2023\/03\/DIALOGOS-CREATIVOS-480x341.png 480w, https:\/\/site.educa.madrid.org\/cp.sansebastian.meco\/\/wp-content\/uploads\/cp.sansebastian.meco\/2023\/03\/DIALOGOS-CREATIVOS.png 1748w\" sizes=\"auto, (max-width: 1024px) 100vw, 1024px\" \/><\/figure><div class=\"wp-block-media-text__content\">\n<p>Di\u00e1logos creativos es un proyecto que se integra en la propuesta acad\u00e9mica y cultural de los estudiantes de los Grados en Magisterio, Educaci\u00f3n Social y Psicolog\u00eda del Centro Universitario Cardenal Cisneros. A trav\u00e9s de exposiciones temporales de diferentes autores y tem\u00e1ticas, el Centro ofrece experiencias de aprendizaje y mediaci\u00f3n entre artistas contempor\u00e1neos, universidad y centros educativos, entre ellos el CEIP San Sebasti\u00e1n, Meco.<\/p>\n<\/div><\/div>\n\n\n\n<p>Un a\u00f1o m\u00e1s seguimos dando forma a un proyecto que sigue emocionando a los ni\u00f1os y ni\u00f1as desde el \u00e1rea de pl\u00e1stica: <strong>DI\u00c1LOGOS CREATIVOS.<\/strong><\/p>\n\n\n\n<div class=\"wp-block-media-text alignwide is-stacked-on-mobile\" style=\"grid-template-columns:42% auto\"><figure class=\"wp-block-media-text__media\"><img loading=\"lazy\" decoding=\"async\" width=\"1024\" height=\"724\" src=\"https:\/\/site.educa.madrid.org\/cp.sansebastian.meco\/\/wp-content\/uploads\/cp.sansebastian.meco\/2024\/03\/dialogos.segundoycuarto-1024x724.png\" alt=\"\" class=\"wp-image-7545 size-full\" srcset=\"https:\/\/site.educa.madrid.org\/cp.sansebastian.meco\/\/wp-content\/uploads\/cp.sansebastian.meco\/2024\/03\/dialogos.segundoycuarto-1024x724.png 1024w, https:\/\/site.educa.madrid.org\/cp.sansebastian.meco\/\/wp-content\/uploads\/cp.sansebastian.meco\/2024\/03\/dialogos.segundoycuarto-300x212.png 300w, https:\/\/site.educa.madrid.org\/cp.sansebastian.meco\/\/wp-content\/uploads\/cp.sansebastian.meco\/2024\/03\/dialogos.segundoycuarto-768x543.png 768w, https:\/\/site.educa.madrid.org\/cp.sansebastian.meco\/\/wp-content\/uploads\/cp.sansebastian.meco\/2024\/03\/dialogos.segundoycuarto-1536x1086.png 1536w, https:\/\/site.educa.madrid.org\/cp.sansebastian.meco\/\/wp-content\/uploads\/cp.sansebastian.meco\/2024\/03\/dialogos.segundoycuarto-1000x707.png 1000w, https:\/\/site.educa.madrid.org\/cp.sansebastian.meco\/\/wp-content\/uploads\/cp.sansebastian.meco\/2024\/03\/dialogos.segundoycuarto-230x163.png 230w, https:\/\/site.educa.madrid.org\/cp.sansebastian.meco\/\/wp-content\/uploads\/cp.sansebastian.meco\/2024\/03\/dialogos.segundoycuarto-350x247.png 350w, https:\/\/site.educa.madrid.org\/cp.sansebastian.meco\/\/wp-content\/uploads\/cp.sansebastian.meco\/2024\/03\/dialogos.segundoycuarto-480x339.png 480w, https:\/\/site.educa.madrid.org\/cp.sansebastian.meco\/\/wp-content\/uploads\/cp.sansebastian.meco\/2024\/03\/dialogos.segundoycuarto.png 2000w\" sizes=\"auto, (max-width: 1024px) 100vw, 1024px\" \/><\/figure><div class=\"wp-block-media-text__content\">\n<p>La propuesta de Di\u00e1logos creativos para este curso parte del <strong>proyecto Los inventos.<\/strong> En esta ocasi\u00f3n los alumnos y alumnas de 2\u00ba y 4\u00ba de primaria van a inventar su propio alfabeto. Trabajaremos con diversos materiales y objetos que servir\u00e1n para construir las letras, que ser\u00e1n fotografiadas posteriormente por los alumnos, para que quede un registro permanente de estas peque\u00f1as esculturas ef\u00edmeras. <\/p>\n\n\n\n<p>Esta propuesta se materializar\u00e1 a trav\u00e9s de dos talleres de fotograf\u00eda que se llevaran a cabo el 4 de marzo para 2\u00ba y el 18 de marzo con 4\u00ba. <\/p>\n<\/div><\/div>\n\n\n\n<h3 class=\"wp-block-heading\">Pr\u00f3ximamente, publicaremos el resultado de nuestro trabajo.<\/h3>\n\n\n\n<p style=\"font-size:21px\">Ah! El resto de las clases se enfrentar\u00e1 al reto de resolver, misteriosos mensajes creados por nuestros<em> nuevos inventores de alfabetos del \u201cSanse\u201d.<\/em>&nbsp; \u00a1Toda una gran aventura!<\/p>\n\n\n\n<figure class=\"wp-block-image size-large is-resized\"><img loading=\"lazy\" decoding=\"async\" width=\"1024\" height=\"277\" src=\"https:\/\/site.educa.madrid.org\/cp.sansebastian.meco\/\/wp-content\/uploads\/cp.sansebastian.meco\/2023\/03\/DIALOGOS-CREATIVOS-148-\u00d7-50-mm-148-\u00d7-40-mm-1024x277.png\" alt=\"\" class=\"wp-image-5942\" style=\"width:886px;height:239px\" srcset=\"https:\/\/site.educa.madrid.org\/cp.sansebastian.meco\/\/wp-content\/uploads\/cp.sansebastian.meco\/2023\/03\/DIALOGOS-CREATIVOS-148-\u00d7-50-mm-148-\u00d7-40-mm-1024x277.png 1024w, https:\/\/site.educa.madrid.org\/cp.sansebastian.meco\/\/wp-content\/uploads\/cp.sansebastian.meco\/2023\/03\/DIALOGOS-CREATIVOS-148-\u00d7-50-mm-148-\u00d7-40-mm-300x81.png 300w, https:\/\/site.educa.madrid.org\/cp.sansebastian.meco\/\/wp-content\/uploads\/cp.sansebastian.meco\/2023\/03\/DIALOGOS-CREATIVOS-148-\u00d7-50-mm-148-\u00d7-40-mm-768x207.png 768w, https:\/\/site.educa.madrid.org\/cp.sansebastian.meco\/\/wp-content\/uploads\/cp.sansebastian.meco\/2023\/03\/DIALOGOS-CREATIVOS-148-\u00d7-50-mm-148-\u00d7-40-mm-1536x415.png 1536w, https:\/\/site.educa.madrid.org\/cp.sansebastian.meco\/\/wp-content\/uploads\/cp.sansebastian.meco\/2023\/03\/DIALOGOS-CREATIVOS-148-\u00d7-50-mm-148-\u00d7-40-mm-920x248.png 920w, https:\/\/site.educa.madrid.org\/cp.sansebastian.meco\/\/wp-content\/uploads\/cp.sansebastian.meco\/2023\/03\/DIALOGOS-CREATIVOS-148-\u00d7-50-mm-148-\u00d7-40-mm-230x62.png 230w, https:\/\/site.educa.madrid.org\/cp.sansebastian.meco\/\/wp-content\/uploads\/cp.sansebastian.meco\/2023\/03\/DIALOGOS-CREATIVOS-148-\u00d7-50-mm-148-\u00d7-40-mm-350x95.png 350w, https:\/\/site.educa.madrid.org\/cp.sansebastian.meco\/\/wp-content\/uploads\/cp.sansebastian.meco\/2023\/03\/DIALOGOS-CREATIVOS-148-\u00d7-50-mm-148-\u00d7-40-mm-480x130.png 480w, https:\/\/site.educa.madrid.org\/cp.sansebastian.meco\/\/wp-content\/uploads\/cp.sansebastian.meco\/2023\/03\/DIALOGOS-CREATIVOS-148-\u00d7-50-mm-148-\u00d7-40-mm.png 1748w\" sizes=\"auto, (max-width: 1024px) 100vw, 1024px\" \/><\/figure>\n","protected":false},"excerpt":{"rendered":"<p>Taller de Animaci\u00f3n con Pedro Sol\u00eds El alumnado de 3\u00ba y 4\u00ba de primaria, cerr\u00f3 la unidad did\u00e1ctica de cine de animaci\u00f3n [&hellip;]<\/p>\n","protected":false},"author":7,"featured_media":2691,"parent":0,"menu_order":0,"comment_status":"closed","ping_status":"closed","template":"","meta":{"footnotes":""},"folder":[],"class_list":["post-3504","page","type-page","status-publish","has-post-thumbnail","hentry"],"rttpg_featured_image_url":null,"rttpg_author":{"display_name":"Made","author_link":"https:\/\/site.educa.madrid.org\/cp.sansebastian.meco\/index.php\/author\/made\/"},"rttpg_comment":0,"rttpg_category":false,"rttpg_excerpt":"Taller de Animaci\u00f3n con Pedro Sol\u00eds El alumnado de 3\u00ba y 4\u00ba de primaria, cerr\u00f3 la unidad did\u00e1ctica de cine de animaci\u00f3n [&hellip;]","post_mailing_queue_ids":[],"_links":{"self":[{"href":"https:\/\/site.educa.madrid.org\/cp.sansebastian.meco\/index.php\/wp-json\/wp\/v2\/pages\/3504","targetHints":{"allow":["GET"]}}],"collection":[{"href":"https:\/\/site.educa.madrid.org\/cp.sansebastian.meco\/index.php\/wp-json\/wp\/v2\/pages"}],"about":[{"href":"https:\/\/site.educa.madrid.org\/cp.sansebastian.meco\/index.php\/wp-json\/wp\/v2\/types\/page"}],"author":[{"embeddable":true,"href":"https:\/\/site.educa.madrid.org\/cp.sansebastian.meco\/index.php\/wp-json\/wp\/v2\/users\/7"}],"replies":[{"embeddable":true,"href":"https:\/\/site.educa.madrid.org\/cp.sansebastian.meco\/index.php\/wp-json\/wp\/v2\/comments?post=3504"}],"version-history":[{"count":8,"href":"https:\/\/site.educa.madrid.org\/cp.sansebastian.meco\/index.php\/wp-json\/wp\/v2\/pages\/3504\/revisions"}],"predecessor-version":[{"id":8006,"href":"https:\/\/site.educa.madrid.org\/cp.sansebastian.meco\/index.php\/wp-json\/wp\/v2\/pages\/3504\/revisions\/8006"}],"wp:featuredmedia":[{"embeddable":true,"href":"https:\/\/site.educa.madrid.org\/cp.sansebastian.meco\/index.php\/wp-json\/"}],"wp:attachment":[{"href":"https:\/\/site.educa.madrid.org\/cp.sansebastian.meco\/index.php\/wp-json\/wp\/v2\/media?parent=3504"}],"wp:term":[{"taxonomy":"folder","embeddable":true,"href":"https:\/\/site.educa.madrid.org\/cp.sansebastian.meco\/index.php\/wp-json\/wp\/v2\/folder?post=3504"}],"curies":[{"name":"wp","href":"https:\/\/api.w.org\/{rel}","templated":true}]}}