{"id":543,"date":"2019-05-15T18:06:16","date_gmt":"2019-05-15T16:06:16","guid":{"rendered":"https:\/\/www.colegiosansebastianmeco.es\/?page_id=543"},"modified":"2023-02-07T19:39:54","modified_gmt":"2023-02-07T18:39:54","slug":"situacion","status":"publish","type":"page","link":"https:\/\/site.educa.madrid.org\/cp.sansebastian.meco\/index.php\/el-centro\/situacion\/","title":{"rendered":"Situaci\u00f3n"},"content":{"rendered":"\n<h3 class=\"wp-block-heading\">Estamos en Alcal\u00e1 de Henares<\/h3>\n\n\n\n<p><iframe loading=\"lazy\" src=\"https:\/\/www.google.com\/maps\/embed?pb=!1m18!1m12!1m3!1d3031.529108924703!2d-3.325716584932991!3d40.551991479349724!2m3!1f0!2f0!3f0!3m2!1i1024!2i768!4f13.1!3m3!1m2!1s0xd424c8c75115fb9%3A0xa04e866919ed2fd0!2sSan+Sebasti%C3%A1n+Colegio+P%C3%BAblico!5e0!3m2!1sen!2ses!4v1557935494448!5m2!1sen!2ses\" width=\"1000\" height=\"450\" frameborder=\"0\" style=\"border:0\" allowfullscreen=\"\"><\/iframe><\/p>\n\n\n\n<ul class=\"wp-block-list\"><li>Calle Estaci\u00f3n, 35, 28880 Meco, Madrid<\/li><li><strong>Tfno<\/strong>:&nbsp;<a href=\"tel:918860180\">918860180<\/a><\/li><li><strong>C\u00f3digo de centro<\/strong>:&nbsp;28022876<\/li><li><strong>Correo<\/strong>:&nbsp;<a href=\"mailto:cp.sansebastian.meco@educa.madrid.org\">cp.sansebastian.meco@educa.madrid.org<\/a><\/li><\/ul>\n","protected":false},"excerpt":{"rendered":"<p>Estamos en Alcal\u00e1 de Henares Calle Estaci\u00f3n, 35, 28880 Meco, Madrid Tfno:&nbsp;918860180 C\u00f3digo de centro:&nbsp;28022876 Correo:&nbsp;cp.sansebastian.meco@educa.madrid.org<\/p>\n","protected":false},"author":6,"featured_media":0,"parent":17,"menu_order":0,"comment_status":"closed","ping_status":"open","template":"page-templates\/page_fullwidth.php","meta":{"footnotes":""},"folder":[],"class_list":["post-543","page","type-page","status-publish","hentry"],"rttpg_featured_image_url":null,"rttpg_author":{"display_name":"Torry","author_link":"https:\/\/site.educa.madrid.org\/cp.sansebastian.meco\/index.php\/author\/torry\/"},"rttpg_comment":0,"rttpg_category":false,"rttpg_excerpt":"Estamos en Alcal\u00e1 de Henares Calle Estaci\u00f3n, 35, 28880 Meco, Madrid Tfno:&nbsp;918860180 C\u00f3digo de centro:&nbsp;28022876 Correo:&nbsp;cp.sansebastian.meco@educa.madrid.org","post_mailing_queue_ids":[],"_links":{"self":[{"href":"https:\/\/site.educa.madrid.org\/cp.sansebastian.meco\/index.php\/wp-json\/wp\/v2\/pages\/543","targetHints":{"allow":["GET"]}}],"collection":[{"href":"https:\/\/site.educa.madrid.org\/cp.sansebastian.meco\/index.php\/wp-json\/wp\/v2\/pages"}],"about":[{"href":"https:\/\/site.educa.madrid.org\/cp.sansebastian.meco\/index.php\/wp-json\/wp\/v2\/types\/page"}],"author":[{"embeddable":true,"href":"https:\/\/site.educa.madrid.org\/cp.sansebastian.meco\/index.php\/wp-json\/wp\/v2\/users\/6"}],"replies":[{"embeddable":true,"href":"https:\/\/site.educa.madrid.org\/cp.sansebastian.meco\/index.php\/wp-json\/wp\/v2\/comments?post=543"}],"version-history":[{"count":3,"href":"https:\/\/site.educa.madrid.org\/cp.sansebastian.meco\/index.php\/wp-json\/wp\/v2\/pages\/543\/revisions"}],"predecessor-version":[{"id":5454,"href":"https:\/\/site.educa.madrid.org\/cp.sansebastian.meco\/index.php\/wp-json\/wp\/v2\/pages\/543\/revisions\/5454"}],"up":[{"embeddable":true,"href":"https:\/\/site.educa.madrid.org\/cp.sansebastian.meco\/index.php\/wp-json\/wp\/v2\/pages\/17"}],"wp:attachment":[{"href":"https:\/\/site.educa.madrid.org\/cp.sansebastian.meco\/index.php\/wp-json\/wp\/v2\/media?parent=543"}],"wp:term":[{"taxonomy":"folder","embeddable":true,"href":"https:\/\/site.educa.madrid.org\/cp.sansebastian.meco\/index.php\/wp-json\/wp\/v2\/folder?post=543"}],"curies":[{"name":"wp","href":"https:\/\/api.w.org\/{rel}","templated":true}]}}