{"id":551,"date":"2019-05-22T11:40:20","date_gmt":"2019-05-22T09:40:20","guid":{"rendered":"https:\/\/www.colegiosansebastianmeco.es\/?page_id=551"},"modified":"2024-04-11T09:34:46","modified_gmt":"2024-04-11T07:34:46","slug":"colaboraciones","status":"publish","type":"page","link":"https:\/\/site.educa.madrid.org\/cp.sansebastian.meco\/index.php\/el-centro\/colaboraciones\/","title":{"rendered":"Colaboraciones"},"content":{"rendered":"\n<div class=\"wp-block-media-text alignwide is-stacked-on-mobile\" style=\"grid-template-columns:44% auto\"><figure class=\"wp-block-media-text__media\"><img loading=\"lazy\" decoding=\"async\" width=\"1024\" height=\"724\" src=\"https:\/\/site.educa.madrid.org\/cp.sansebastian.meco\/\/wp-content\/uploads\/cp.sansebastian.meco\/2024\/04\/universidades-1024x724.png\" alt=\"\" class=\"wp-image-7688 size-full\" srcset=\"https:\/\/site.educa.madrid.org\/cp.sansebastian.meco\/\/wp-content\/uploads\/cp.sansebastian.meco\/2024\/04\/universidades-1024x724.png 1024w, https:\/\/site.educa.madrid.org\/cp.sansebastian.meco\/\/wp-content\/uploads\/cp.sansebastian.meco\/2024\/04\/universidades-300x212.png 300w, https:\/\/site.educa.madrid.org\/cp.sansebastian.meco\/\/wp-content\/uploads\/cp.sansebastian.meco\/2024\/04\/universidades-768x543.png 768w, https:\/\/site.educa.madrid.org\/cp.sansebastian.meco\/\/wp-content\/uploads\/cp.sansebastian.meco\/2024\/04\/universidades-1536x1086.png 1536w, https:\/\/site.educa.madrid.org\/cp.sansebastian.meco\/\/wp-content\/uploads\/cp.sansebastian.meco\/2024\/04\/universidades-1000x707.png 1000w, https:\/\/site.educa.madrid.org\/cp.sansebastian.meco\/\/wp-content\/uploads\/cp.sansebastian.meco\/2024\/04\/universidades-230x163.png 230w, https:\/\/site.educa.madrid.org\/cp.sansebastian.meco\/\/wp-content\/uploads\/cp.sansebastian.meco\/2024\/04\/universidades-350x247.png 350w, https:\/\/site.educa.madrid.org\/cp.sansebastian.meco\/\/wp-content\/uploads\/cp.sansebastian.meco\/2024\/04\/universidades-480x339.png 480w, https:\/\/site.educa.madrid.org\/cp.sansebastian.meco\/\/wp-content\/uploads\/cp.sansebastian.meco\/2024\/04\/universidades.png 2000w\" sizes=\"auto, (max-width: 1024px) 100vw, 1024px\" \/><\/figure><div class=\"wp-block-media-text__content\">\n<p class=\"has-small-font-size\">El CEIP San Sebasti\u00e1n, cada curso escolar recibe alumnado de los distintos grados de magisterio de distintas universidades de de la Comunidad de Madrid. Principalmente vienen estudiantes de la Universidad de Alcal\u00e1 o bien de la Centro Universitario Cardenal Cisneros, pero tambi\u00e9n recibidos estudiantes de otras universidades de Madrid. <\/p>\n\n\n\n<p class=\"has-small-font-size\">Si quieres formarte como docente en un centro biling\u00fce desde la etapa de infantil, que utiliza metodolog\u00edas activas (aprendizaje por proyectos, cooperativo, uso inteligencias m\u00faltiples&#8230;) y que fomenta la Convivencia Positiva este es tu colegio de pr\u00e1cticum. Te esperamos\u00a1<\/p>\n<\/div><\/div>\n\n\n\n<hr class=\"wp-block-separator has-alpha-channel-opacity\"\/>\n\n\n\n<figure class=\"wp-block-image size-large is-resized\"><img loading=\"lazy\" decoding=\"async\" src=\"https:\/\/site.educa.madrid.org\/cp.sansebastian.meco\/\/wp-content\/uploads\/cp.sansebastian.meco\/2024\/04\/cisneros-1024x241.jpg\" alt=\"\" class=\"wp-image-7711\" width=\"654\" height=\"153\" srcset=\"https:\/\/site.educa.madrid.org\/cp.sansebastian.meco\/\/wp-content\/uploads\/cp.sansebastian.meco\/2024\/04\/cisneros-1024x241.jpg 1024w, https:\/\/site.educa.madrid.org\/cp.sansebastian.meco\/\/wp-content\/uploads\/cp.sansebastian.meco\/2024\/04\/cisneros-300x71.jpg 300w, https:\/\/site.educa.madrid.org\/cp.sansebastian.meco\/\/wp-content\/uploads\/cp.sansebastian.meco\/2024\/04\/cisneros-768x181.jpg 768w, https:\/\/site.educa.madrid.org\/cp.sansebastian.meco\/\/wp-content\/uploads\/cp.sansebastian.meco\/2024\/04\/cisneros-1536x362.jpg 1536w, https:\/\/site.educa.madrid.org\/cp.sansebastian.meco\/\/wp-content\/uploads\/cp.sansebastian.meco\/2024\/04\/cisneros-1000x236.jpg 1000w, https:\/\/site.educa.madrid.org\/cp.sansebastian.meco\/\/wp-content\/uploads\/cp.sansebastian.meco\/2024\/04\/cisneros-230x54.jpg 230w, https:\/\/site.educa.madrid.org\/cp.sansebastian.meco\/\/wp-content\/uploads\/cp.sansebastian.meco\/2024\/04\/cisneros-350x82.jpg 350w, https:\/\/site.educa.madrid.org\/cp.sansebastian.meco\/\/wp-content\/uploads\/cp.sansebastian.meco\/2024\/04\/cisneros-480x113.jpg 480w, https:\/\/site.educa.madrid.org\/cp.sansebastian.meco\/\/wp-content\/uploads\/cp.sansebastian.meco\/2024\/04\/cisneros.jpg 2000w\" sizes=\"auto, (max-width: 654px) 100vw, 654px\" \/><\/figure>\n\n\n\n<div class=\"wp-block-media-text alignwide is-stacked-on-mobile\" style=\"grid-template-columns:39% auto\"><figure class=\"wp-block-media-text__media\"><img loading=\"lazy\" decoding=\"async\" width=\"1024\" height=\"724\" src=\"https:\/\/site.educa.madrid.org\/cp.sansebastian.meco\/\/wp-content\/uploads\/cp.sansebastian.meco\/2024\/03\/dialogos.segundoycuarto-1024x724.png\" alt=\"\" class=\"wp-image-7545 size-full\" srcset=\"https:\/\/site.educa.madrid.org\/cp.sansebastian.meco\/\/wp-content\/uploads\/cp.sansebastian.meco\/2024\/03\/dialogos.segundoycuarto-1024x724.png 1024w, https:\/\/site.educa.madrid.org\/cp.sansebastian.meco\/\/wp-content\/uploads\/cp.sansebastian.meco\/2024\/03\/dialogos.segundoycuarto-300x212.png 300w, https:\/\/site.educa.madrid.org\/cp.sansebastian.meco\/\/wp-content\/uploads\/cp.sansebastian.meco\/2024\/03\/dialogos.segundoycuarto-768x543.png 768w, https:\/\/site.educa.madrid.org\/cp.sansebastian.meco\/\/wp-content\/uploads\/cp.sansebastian.meco\/2024\/03\/dialogos.segundoycuarto-1536x1086.png 1536w, https:\/\/site.educa.madrid.org\/cp.sansebastian.meco\/\/wp-content\/uploads\/cp.sansebastian.meco\/2024\/03\/dialogos.segundoycuarto-1000x707.png 1000w, https:\/\/site.educa.madrid.org\/cp.sansebastian.meco\/\/wp-content\/uploads\/cp.sansebastian.meco\/2024\/03\/dialogos.segundoycuarto-230x163.png 230w, https:\/\/site.educa.madrid.org\/cp.sansebastian.meco\/\/wp-content\/uploads\/cp.sansebastian.meco\/2024\/03\/dialogos.segundoycuarto-350x247.png 350w, https:\/\/site.educa.madrid.org\/cp.sansebastian.meco\/\/wp-content\/uploads\/cp.sansebastian.meco\/2024\/03\/dialogos.segundoycuarto-480x339.png 480w, https:\/\/site.educa.madrid.org\/cp.sansebastian.meco\/\/wp-content\/uploads\/cp.sansebastian.meco\/2024\/03\/dialogos.segundoycuarto.png 2000w\" sizes=\"auto, (max-width: 1024px) 100vw, 1024px\" \/><\/figure><div class=\"wp-block-media-text__content\">\n<p class=\"has-small-font-size\">Llevamos varios cursos escolares desarrollando el proyecto <strong>Di\u00e1logos Creativos<\/strong> junto con la Universidad Cardenal Cisneros de Alcal\u00e1 de Henares. Un artista, visita el colegio y realiza un taller explicando su disciplina art\u00edstica al alumnado. Este curso nos centraremos en una experiencia con la Fot\u00f3grafa <strong><a href=\"https:\/\/mariaplatero.com\/\" target=\"_blank\" rel=\"noreferrer noopener\">Mar\u00eda Platero<\/a><\/strong>, propuesta para este curso parte del proyecto Los inventos. En esta ocasi\u00f3n los alumnos y alumnas de 2\u00ba y 4\u00ba de primaria van a inventar su propio alfabeto. Trabajaremos con diversos materiales y objetos que servir\u00e1n para construir las letras, que ser\u00e1n fotografiadas posteriormente por el alumnado, para que quede un registro permanente de estas peque\u00f1as esculturas ef\u00edmeras.<\/p>\n<\/div><\/div>\n\n\n\n<hr class=\"wp-block-separator has-alpha-channel-opacity\"\/>\n\n\n\n<div class=\"wp-block-media-text alignwide is-stacked-on-mobile\" style=\"grid-template-columns:37% auto\"><figure class=\"wp-block-media-text__media\"><img loading=\"lazy\" decoding=\"async\" width=\"1024\" height=\"724\" src=\"https:\/\/site.educa.madrid.org\/cp.sansebastian.meco\/\/wp-content\/uploads\/cp.sansebastian.meco\/2023\/04\/World-Art-Day-Poster-Landscape-1-1024x724.png\" alt=\"\" class=\"wp-image-6107 size-full\" srcset=\"https:\/\/site.educa.madrid.org\/cp.sansebastian.meco\/\/wp-content\/uploads\/cp.sansebastian.meco\/2023\/04\/World-Art-Day-Poster-Landscape-1-1024x724.png 1024w, https:\/\/site.educa.madrid.org\/cp.sansebastian.meco\/\/wp-content\/uploads\/cp.sansebastian.meco\/2023\/04\/World-Art-Day-Poster-Landscape-1-300x212.png 300w, https:\/\/site.educa.madrid.org\/cp.sansebastian.meco\/\/wp-content\/uploads\/cp.sansebastian.meco\/2023\/04\/World-Art-Day-Poster-Landscape-1-768x543.png 768w, https:\/\/site.educa.madrid.org\/cp.sansebastian.meco\/\/wp-content\/uploads\/cp.sansebastian.meco\/2023\/04\/World-Art-Day-Poster-Landscape-1-1536x1086.png 1536w, https:\/\/site.educa.madrid.org\/cp.sansebastian.meco\/\/wp-content\/uploads\/cp.sansebastian.meco\/2023\/04\/World-Art-Day-Poster-Landscape-1-2048x1448.png 2048w, https:\/\/site.educa.madrid.org\/cp.sansebastian.meco\/\/wp-content\/uploads\/cp.sansebastian.meco\/2023\/04\/World-Art-Day-Poster-Landscape-1-920x650.png 920w, https:\/\/site.educa.madrid.org\/cp.sansebastian.meco\/\/wp-content\/uploads\/cp.sansebastian.meco\/2023\/04\/World-Art-Day-Poster-Landscape-1-230x163.png 230w, https:\/\/site.educa.madrid.org\/cp.sansebastian.meco\/\/wp-content\/uploads\/cp.sansebastian.meco\/2023\/04\/World-Art-Day-Poster-Landscape-1-350x247.png 350w, https:\/\/site.educa.madrid.org\/cp.sansebastian.meco\/\/wp-content\/uploads\/cp.sansebastian.meco\/2023\/04\/World-Art-Day-Poster-Landscape-1-480x339.png 480w\" sizes=\"auto, (max-width: 1024px) 100vw, 1024px\" \/><\/figure><div class=\"wp-block-media-text__content\">\n<p>El Centro Universitario Cardenal Cisneros de Alcal\u00e1 de Henares nos brinda la posibilidad de realizar un Taller Pl\u00e1stico con los escolares de infantil 5 a\u00f1os. El alumnado disfrutar\u00e1 de las instalaciones de este centro universitario a la par que aprenden t\u00e9cnicas pl\u00e1sticas de la mano de los estudiantes universitarios.<\/p>\n<\/div><\/div>\n\n\n\n<hr class=\"wp-block-separator has-alpha-channel-opacity\"\/>\n\n\n\n<figure class=\"wp-block-image size-large is-resized\"><img loading=\"lazy\" decoding=\"async\" src=\"https:\/\/site.educa.madrid.org\/cp.sansebastian.meco\/\/wp-content\/uploads\/cp.sansebastian.meco\/2024\/04\/IES.GASPAR.SANZ_-1024x361.jpg\" alt=\"\" class=\"wp-image-7707\" width=\"541\" height=\"190\" srcset=\"https:\/\/site.educa.madrid.org\/cp.sansebastian.meco\/\/wp-content\/uploads\/cp.sansebastian.meco\/2024\/04\/IES.GASPAR.SANZ_-1024x361.jpg 1024w, https:\/\/site.educa.madrid.org\/cp.sansebastian.meco\/\/wp-content\/uploads\/cp.sansebastian.meco\/2024\/04\/IES.GASPAR.SANZ_-300x106.jpg 300w, https:\/\/site.educa.madrid.org\/cp.sansebastian.meco\/\/wp-content\/uploads\/cp.sansebastian.meco\/2024\/04\/IES.GASPAR.SANZ_-768x271.jpg 768w, https:\/\/site.educa.madrid.org\/cp.sansebastian.meco\/\/wp-content\/uploads\/cp.sansebastian.meco\/2024\/04\/IES.GASPAR.SANZ_-1536x542.jpg 1536w, https:\/\/site.educa.madrid.org\/cp.sansebastian.meco\/\/wp-content\/uploads\/cp.sansebastian.meco\/2024\/04\/IES.GASPAR.SANZ_-1000x353.jpg 1000w, https:\/\/site.educa.madrid.org\/cp.sansebastian.meco\/\/wp-content\/uploads\/cp.sansebastian.meco\/2024\/04\/IES.GASPAR.SANZ_-230x81.jpg 230w, https:\/\/site.educa.madrid.org\/cp.sansebastian.meco\/\/wp-content\/uploads\/cp.sansebastian.meco\/2024\/04\/IES.GASPAR.SANZ_-350x124.jpg 350w, https:\/\/site.educa.madrid.org\/cp.sansebastian.meco\/\/wp-content\/uploads\/cp.sansebastian.meco\/2024\/04\/IES.GASPAR.SANZ_-480x169.jpg 480w, https:\/\/site.educa.madrid.org\/cp.sansebastian.meco\/\/wp-content\/uploads\/cp.sansebastian.meco\/2024\/04\/IES.GASPAR.SANZ_.jpg 2000w\" sizes=\"auto, (max-width: 541px) 100vw, 541px\" \/><\/figure>\n\n\n\n<div class=\"wp-block-media-text alignwide is-stacked-on-mobile\" style=\"grid-template-columns:40% auto\"><figure class=\"wp-block-media-text__media\"><img loading=\"lazy\" decoding=\"async\" width=\"1024\" height=\"724\" src=\"https:\/\/site.educa.madrid.org\/cp.sansebastian.meco\/\/wp-content\/uploads\/cp.sansebastian.meco\/2024\/04\/4o-MAS-EMPRESA-1024x724.jpg\" alt=\"\" class=\"wp-image-7712 size-full\" srcset=\"https:\/\/site.educa.madrid.org\/cp.sansebastian.meco\/\/wp-content\/uploads\/cp.sansebastian.meco\/2024\/04\/4o-MAS-EMPRESA-1024x724.jpg 1024w, https:\/\/site.educa.madrid.org\/cp.sansebastian.meco\/\/wp-content\/uploads\/cp.sansebastian.meco\/2024\/04\/4o-MAS-EMPRESA-300x212.jpg 300w, https:\/\/site.educa.madrid.org\/cp.sansebastian.meco\/\/wp-content\/uploads\/cp.sansebastian.meco\/2024\/04\/4o-MAS-EMPRESA-768x543.jpg 768w, https:\/\/site.educa.madrid.org\/cp.sansebastian.meco\/\/wp-content\/uploads\/cp.sansebastian.meco\/2024\/04\/4o-MAS-EMPRESA-1536x1086.jpg 1536w, https:\/\/site.educa.madrid.org\/cp.sansebastian.meco\/\/wp-content\/uploads\/cp.sansebastian.meco\/2024\/04\/4o-MAS-EMPRESA-1000x707.jpg 1000w, https:\/\/site.educa.madrid.org\/cp.sansebastian.meco\/\/wp-content\/uploads\/cp.sansebastian.meco\/2024\/04\/4o-MAS-EMPRESA-230x163.jpg 230w, https:\/\/site.educa.madrid.org\/cp.sansebastian.meco\/\/wp-content\/uploads\/cp.sansebastian.meco\/2024\/04\/4o-MAS-EMPRESA-350x247.jpg 350w, https:\/\/site.educa.madrid.org\/cp.sansebastian.meco\/\/wp-content\/uploads\/cp.sansebastian.meco\/2024\/04\/4o-MAS-EMPRESA-480x339.jpg 480w, https:\/\/site.educa.madrid.org\/cp.sansebastian.meco\/\/wp-content\/uploads\/cp.sansebastian.meco\/2024\/04\/4o-MAS-EMPRESA.jpg 2000w\" sizes=\"auto, (max-width: 1024px) 100vw, 1024px\" \/><\/figure><div class=\"wp-block-media-text__content\">\n<p>Cada curso escolar recibimos alumnado de 4\u00ba de la ESO, en el marco de la actividad: 4\u00ba + Empresa. Si eres antiguo alumno o alumna del CEIP San Sebasti\u00e1n y crees que tu futuro profesional estar\u00e1 relacionado con la educaci\u00f3n no dudes en volver a tu colegio, y realizar tus practicas de 4\u00ba m\u00e1s empresa con el profesorado de tu colegio, estaremos encantados de recibirte y mostrarte el maravilloso mundo de la educaci\u00f3n. <\/p>\n\n\n\n<p>NOTA: M\u00e1ximo 6 estudiantes por curso escolar.<\/p>\n<\/div><\/div>\n\n\n\n<hr class=\"wp-block-separator has-alpha-channel-opacity\"\/>\n\n\n\n<div class=\"wp-block-media-text alignwide is-stacked-on-mobile\" style=\"grid-template-columns:41% auto\"><figure class=\"wp-block-media-text__media\"><img loading=\"lazy\" decoding=\"async\" width=\"768\" height=\"432\" src=\"https:\/\/site.educa.madrid.org\/cp.sansebastian.meco\/\/wp-content\/uploads\/cp.sansebastian.meco\/2023\/02\/jornada-768x432-1.jpg\" alt=\"\" class=\"wp-image-5662 size-full\" srcset=\"https:\/\/site.educa.madrid.org\/cp.sansebastian.meco\/\/wp-content\/uploads\/cp.sansebastian.meco\/2023\/02\/jornada-768x432-1.jpg 768w, https:\/\/site.educa.madrid.org\/cp.sansebastian.meco\/\/wp-content\/uploads\/cp.sansebastian.meco\/2023\/02\/jornada-768x432-1-300x169.jpg 300w, https:\/\/site.educa.madrid.org\/cp.sansebastian.meco\/\/wp-content\/uploads\/cp.sansebastian.meco\/2023\/02\/jornada-768x432-1-230x129.jpg 230w, https:\/\/site.educa.madrid.org\/cp.sansebastian.meco\/\/wp-content\/uploads\/cp.sansebastian.meco\/2023\/02\/jornada-768x432-1-350x197.jpg 350w, https:\/\/site.educa.madrid.org\/cp.sansebastian.meco\/\/wp-content\/uploads\/cp.sansebastian.meco\/2023\/02\/jornada-768x432-1-480x270.jpg 480w\" sizes=\"auto, (max-width: 768px) 100vw, 768px\" \/><\/figure><div class=\"wp-block-media-text__content\">\n<p>Cada curso escolar en el tercer trimestre el IES Gaspar Sanz organiza una jornada de puertas abiertas para el alumnado de 6\u00ba de primaria. En esta jornada el alumnado del IES tiene un papel protagonistas mostrando actividades e instalaciones a sus futuros compa\u00f1eros y compa\u00f1eras de 1\u00ba de la ESO.<\/p>\n<\/div><\/div>\n\n\n\n<hr class=\"wp-block-separator has-alpha-channel-opacity\"\/>\n\n\n\n<figure class=\"wp-block-image size-large\"><img loading=\"lazy\" decoding=\"async\" width=\"1024\" height=\"241\" src=\"https:\/\/site.educa.madrid.org\/cp.sansebastian.meco\/\/wp-content\/uploads\/cp.sansebastian.meco\/2024\/04\/otras.entidades.2-1024x241.jpg\" alt=\"\" class=\"wp-image-7727\" srcset=\"https:\/\/site.educa.madrid.org\/cp.sansebastian.meco\/\/wp-content\/uploads\/cp.sansebastian.meco\/2024\/04\/otras.entidades.2-1024x241.jpg 1024w, https:\/\/site.educa.madrid.org\/cp.sansebastian.meco\/\/wp-content\/uploads\/cp.sansebastian.meco\/2024\/04\/otras.entidades.2-300x71.jpg 300w, https:\/\/site.educa.madrid.org\/cp.sansebastian.meco\/\/wp-content\/uploads\/cp.sansebastian.meco\/2024\/04\/otras.entidades.2-768x181.jpg 768w, https:\/\/site.educa.madrid.org\/cp.sansebastian.meco\/\/wp-content\/uploads\/cp.sansebastian.meco\/2024\/04\/otras.entidades.2-1536x362.jpg 1536w, https:\/\/site.educa.madrid.org\/cp.sansebastian.meco\/\/wp-content\/uploads\/cp.sansebastian.meco\/2024\/04\/otras.entidades.2-1000x236.jpg 1000w, https:\/\/site.educa.madrid.org\/cp.sansebastian.meco\/\/wp-content\/uploads\/cp.sansebastian.meco\/2024\/04\/otras.entidades.2-230x54.jpg 230w, https:\/\/site.educa.madrid.org\/cp.sansebastian.meco\/\/wp-content\/uploads\/cp.sansebastian.meco\/2024\/04\/otras.entidades.2-350x82.jpg 350w, https:\/\/site.educa.madrid.org\/cp.sansebastian.meco\/\/wp-content\/uploads\/cp.sansebastian.meco\/2024\/04\/otras.entidades.2-480x113.jpg 480w, https:\/\/site.educa.madrid.org\/cp.sansebastian.meco\/\/wp-content\/uploads\/cp.sansebastian.meco\/2024\/04\/otras.entidades.2.jpg 2000w\" sizes=\"auto, (max-width: 1024px) 100vw, 1024px\" \/><\/figure>\n\n\n\n<div class=\"wp-block-media-text alignwide has-media-on-the-right is-stacked-on-mobile\" style=\"grid-template-columns:auto 38%\"><div class=\"wp-block-media-text__content\">\n<p>Recibimos alumnado de practicas de Ciclos Formativos medios y superiores, especialmente de las especialidades de: T\u00e9cnico en Sistemas Microinform\u00e1ticos y Redes,&nbsp; T\u00e9cnico Superior en Administraci\u00f3n de Sistemas Inform\u00e1ticos en Red y T\u00e9cnico en gesti\u00f3n administrativa.<\/p>\n<\/div><figure class=\"wp-block-media-text__media\"><img loading=\"lazy\" decoding=\"async\" width=\"1024\" height=\"724\" src=\"https:\/\/site.educa.madrid.org\/cp.sansebastian.meco\/\/wp-content\/uploads\/cp.sansebastian.meco\/2024\/04\/Copia-de-Copia-de-4o-MAS-EMPRESA-1024x724.jpg\" alt=\"\" class=\"wp-image-7714 size-full\" srcset=\"https:\/\/site.educa.madrid.org\/cp.sansebastian.meco\/\/wp-content\/uploads\/cp.sansebastian.meco\/2024\/04\/Copia-de-Copia-de-4o-MAS-EMPRESA-1024x724.jpg 1024w, https:\/\/site.educa.madrid.org\/cp.sansebastian.meco\/\/wp-content\/uploads\/cp.sansebastian.meco\/2024\/04\/Copia-de-Copia-de-4o-MAS-EMPRESA-300x212.jpg 300w, https:\/\/site.educa.madrid.org\/cp.sansebastian.meco\/\/wp-content\/uploads\/cp.sansebastian.meco\/2024\/04\/Copia-de-Copia-de-4o-MAS-EMPRESA-768x543.jpg 768w, https:\/\/site.educa.madrid.org\/cp.sansebastian.meco\/\/wp-content\/uploads\/cp.sansebastian.meco\/2024\/04\/Copia-de-Copia-de-4o-MAS-EMPRESA-1536x1086.jpg 1536w, https:\/\/site.educa.madrid.org\/cp.sansebastian.meco\/\/wp-content\/uploads\/cp.sansebastian.meco\/2024\/04\/Copia-de-Copia-de-4o-MAS-EMPRESA-1000x707.jpg 1000w, https:\/\/site.educa.madrid.org\/cp.sansebastian.meco\/\/wp-content\/uploads\/cp.sansebastian.meco\/2024\/04\/Copia-de-Copia-de-4o-MAS-EMPRESA-230x163.jpg 230w, https:\/\/site.educa.madrid.org\/cp.sansebastian.meco\/\/wp-content\/uploads\/cp.sansebastian.meco\/2024\/04\/Copia-de-Copia-de-4o-MAS-EMPRESA-350x247.jpg 350w, https:\/\/site.educa.madrid.org\/cp.sansebastian.meco\/\/wp-content\/uploads\/cp.sansebastian.meco\/2024\/04\/Copia-de-Copia-de-4o-MAS-EMPRESA-480x339.jpg 480w, https:\/\/site.educa.madrid.org\/cp.sansebastian.meco\/\/wp-content\/uploads\/cp.sansebastian.meco\/2024\/04\/Copia-de-Copia-de-4o-MAS-EMPRESA.jpg 2000w\" sizes=\"auto, (max-width: 1024px) 100vw, 1024px\" \/><\/figure><\/div>\n","protected":false},"excerpt":{"rendered":"<p>El CEIP San Sebasti\u00e1n, cada curso escolar recibe alumnado de los distintos grados de magisterio de distintas universidades de de la Comunidad [&hellip;]<\/p>\n","protected":false},"author":6,"featured_media":0,"parent":17,"menu_order":0,"comment_status":"closed","ping_status":"open","template":"","meta":{"footnotes":""},"folder":[],"class_list":["post-551","page","type-page","status-publish","hentry"],"rttpg_featured_image_url":null,"rttpg_author":{"display_name":"Torry","author_link":"https:\/\/site.educa.madrid.org\/cp.sansebastian.meco\/index.php\/author\/torry\/"},"rttpg_comment":0,"rttpg_category":false,"rttpg_excerpt":"El CEIP San Sebasti\u00e1n, cada curso escolar recibe alumnado de los distintos grados de magisterio de distintas universidades de de la Comunidad [&hellip;]","post_mailing_queue_ids":[],"_links":{"self":[{"href":"https:\/\/site.educa.madrid.org\/cp.sansebastian.meco\/index.php\/wp-json\/wp\/v2\/pages\/551","targetHints":{"allow":["GET"]}}],"collection":[{"href":"https:\/\/site.educa.madrid.org\/cp.sansebastian.meco\/index.php\/wp-json\/wp\/v2\/pages"}],"about":[{"href":"https:\/\/site.educa.madrid.org\/cp.sansebastian.meco\/index.php\/wp-json\/wp\/v2\/types\/page"}],"author":[{"embeddable":true,"href":"https:\/\/site.educa.madrid.org\/cp.sansebastian.meco\/index.php\/wp-json\/wp\/v2\/users\/6"}],"replies":[{"embeddable":true,"href":"https:\/\/site.educa.madrid.org\/cp.sansebastian.meco\/index.php\/wp-json\/wp\/v2\/comments?post=551"}],"version-history":[{"count":10,"href":"https:\/\/site.educa.madrid.org\/cp.sansebastian.meco\/index.php\/wp-json\/wp\/v2\/pages\/551\/revisions"}],"predecessor-version":[{"id":7733,"href":"https:\/\/site.educa.madrid.org\/cp.sansebastian.meco\/index.php\/wp-json\/wp\/v2\/pages\/551\/revisions\/7733"}],"up":[{"embeddable":true,"href":"https:\/\/site.educa.madrid.org\/cp.sansebastian.meco\/index.php\/wp-json\/wp\/v2\/pages\/17"}],"wp:attachment":[{"href":"https:\/\/site.educa.madrid.org\/cp.sansebastian.meco\/index.php\/wp-json\/wp\/v2\/media?parent=551"}],"wp:term":[{"taxonomy":"folder","embeddable":true,"href":"https:\/\/site.educa.madrid.org\/cp.sansebastian.meco\/index.php\/wp-json\/wp\/v2\/folder?post=551"}],"curies":[{"name":"wp","href":"https:\/\/api.w.org\/{rel}","templated":true}]}}