{"id":6296,"date":"2023-04-25T14:27:49","date_gmt":"2023-04-25T12:27:49","guid":{"rendered":"https:\/\/site.educa.madrid.org\/cp.sansebastian.meco\/?page_id=6296"},"modified":"2023-04-25T14:27:51","modified_gmt":"2023-04-25T12:27:51","slug":"bibliorobotica","status":"publish","type":"page","link":"https:\/\/site.educa.madrid.org\/cp.sansebastian.meco\/index.php\/bibliorobotica\/","title":{"rendered":"Bibliorob\u00f3tica"},"content":{"rendered":"\n<div class=\"wp-block-image\"><figure class=\"aligncenter size-large is-resized\"><img loading=\"lazy\" decoding=\"async\" src=\"https:\/\/site.educa.madrid.org\/cp.sansebastian.meco\/\/wp-content\/uploads\/cp.sansebastian.meco\/2023\/04\/robotica-1024x576.png\" alt=\"\" class=\"wp-image-6295\" width=\"507\" height=\"285\" srcset=\"https:\/\/site.educa.madrid.org\/cp.sansebastian.meco\/\/wp-content\/uploads\/cp.sansebastian.meco\/2023\/04\/robotica-1024x576.png 1024w, https:\/\/site.educa.madrid.org\/cp.sansebastian.meco\/\/wp-content\/uploads\/cp.sansebastian.meco\/2023\/04\/robotica-300x169.png 300w, https:\/\/site.educa.madrid.org\/cp.sansebastian.meco\/\/wp-content\/uploads\/cp.sansebastian.meco\/2023\/04\/robotica-768x432.png 768w, https:\/\/site.educa.madrid.org\/cp.sansebastian.meco\/\/wp-content\/uploads\/cp.sansebastian.meco\/2023\/04\/robotica-1536x864.png 1536w, https:\/\/site.educa.madrid.org\/cp.sansebastian.meco\/\/wp-content\/uploads\/cp.sansebastian.meco\/2023\/04\/robotica-920x518.png 920w, https:\/\/site.educa.madrid.org\/cp.sansebastian.meco\/\/wp-content\/uploads\/cp.sansebastian.meco\/2023\/04\/robotica-230x129.png 230w, https:\/\/site.educa.madrid.org\/cp.sansebastian.meco\/\/wp-content\/uploads\/cp.sansebastian.meco\/2023\/04\/robotica-350x197.png 350w, https:\/\/site.educa.madrid.org\/cp.sansebastian.meco\/\/wp-content\/uploads\/cp.sansebastian.meco\/2023\/04\/robotica-480x270.png 480w, https:\/\/site.educa.madrid.org\/cp.sansebastian.meco\/\/wp-content\/uploads\/cp.sansebastian.meco\/2023\/04\/robotica.png 1920w\" sizes=\"auto, (max-width: 507px) 100vw, 507px\" \/><\/figure><\/div>\n\n\n\n<p>\u00bfTe gustaban los Legos cuando eras peque\u00f1o? Hacer esas construcciones geniales, con imaginaci\u00f3n y creatividad podr\u00eda tenerte horas entretenido. Ahora imag\u00ednate que pudieses hacer que esos Legos se moviesen y que t\u00fa mismo pudieses programarlos. Pues eso es lo que han vivido los alumnos de primaria durante este curso. <\/p>\n\n\n\n<p>Junto con el proyecto de biblioteca, para fomentar el gusto por la lectura, se busc\u00f3 una manera de unir ambos proyectos. De esta forma surgi\u00f3 \u201cBibliorobots\u201d. Pero, \u00bfen qu\u00e9 consist\u00eda esta actividad? <\/p>\n\n\n\n<div class=\"wp-block-media-text alignwide is-stacked-on-mobile\" style=\"grid-template-columns:25% auto\"><figure class=\"wp-block-media-text__media\"><img loading=\"lazy\" decoding=\"async\" width=\"223\" height=\"226\" src=\"https:\/\/site.educa.madrid.org\/cp.sansebastian.meco\/\/wp-content\/uploads\/cp.sansebastian.meco\/2023\/04\/descarga.png\" alt=\"\" class=\"wp-image-6311 size-full\"\/><\/figure><div class=\"wp-block-media-text__content\">\n<p class=\"has-small-font-size\">El d\u00eda que realizaban el taller, se les realizaba una actividad de cuentacuentos, titulado \u201c Rob\u00f3tica e inteligencia artificial \u201c de Carlos Pazos. Este autor nos ayud\u00f3 a explicar de manera muy sencilla conceptos complicados como los algoritmos, los tipos de robots, de qu\u00e9 est\u00e1n formados, por qu\u00e9 se mueven, etc. Al finalizar este cuento,y aprovechando la motivaci\u00f3n surgida alrededor de los robots, pasamos a mostrarles unas cajas de Lego, y aqu\u00ed viene la parte que les encant\u00f3, \u00a1sus robots cobrar\u00edan vida! (no les hizo tanta gracia saber que no se los podr\u00edan llevar a casa para qued\u00e1rselos).<\/p>\n<\/div><\/div>\n\n\n\n<div class=\"wp-block-group\"><div class=\"wp-block-group__inner-container is-layout-flow wp-block-group-is-layout-flow\">\n<figure class=\"wp-block-video aligncenter\"><video height=\"848\" style=\"aspect-ratio: 480 \/ 848;\" width=\"480\" controls src=\"https:\/\/site.educa.madrid.org\/cp.sansebastian.meco\/\/wp-content\/uploads\/cp.sansebastian.meco\/2023\/04\/WhatsApp-Video-2023-04-24-at-12.29.50.mp4\"><\/video><\/figure>\n<\/div><\/div>\n\n\n\n<p>Con estas cajas de Lego, junto con la aplicaci\u00f3n Spike, por equipos, decid\u00edan qu\u00e9 robot formar, para despu\u00e9s programarlo. Fue genial ver c\u00f3mo montaban una noria y hac\u00edan que girase sola, mientras cambiaban los colores del sensor, o sonaba un sonido que ellos decid\u00edan; o bien, constru\u00edan un robot y le hac\u00edan ir lento, despacio, girar, hacer carreras con otro robot creado por otro equipo. Lo bueno es que, ellos decid\u00edan cu\u00e1l de las construcciones que les propon\u00eda la aplicaci\u00f3n (hay m\u00e1s de 40 modelos diferentes y organizados por niveles) iban a construir y despu\u00e9s programar, para, finalmente volver a desmontarla y dejar as\u00ed la caja preparada para el siguiente grupo de alumnos.<\/p>\n\n\n\n<figure class=\"wp-block-gallery has-nested-images columns-default is-cropped wp-block-gallery-1 is-layout-flex wp-block-gallery-is-layout-flex\">\n<figure class=\"wp-block-image size-large\"><a href=\"https:\/\/site.educa.madrid.org\/cp.sansebastian.meco\/\/wp-content\/uploads\/cp.sansebastian.meco\/2023\/04\/WhatsApp-Image-2023-04-24-at-12.29.33-1.jpeg\"><img loading=\"lazy\" decoding=\"async\" width=\"1024\" height=\"768\" data-id=\"6303\" src=\"https:\/\/site.educa.madrid.org\/cp.sansebastian.meco\/\/wp-content\/uploads\/cp.sansebastian.meco\/2023\/04\/WhatsApp-Image-2023-04-24-at-12.29.33-1.jpeg\" alt=\"\" class=\"wp-image-6303\" srcset=\"https:\/\/site.educa.madrid.org\/cp.sansebastian.meco\/\/wp-content\/uploads\/cp.sansebastian.meco\/2023\/04\/WhatsApp-Image-2023-04-24-at-12.29.33-1.jpeg 1024w, https:\/\/site.educa.madrid.org\/cp.sansebastian.meco\/\/wp-content\/uploads\/cp.sansebastian.meco\/2023\/04\/WhatsApp-Image-2023-04-24-at-12.29.33-1-300x225.jpeg 300w, https:\/\/site.educa.madrid.org\/cp.sansebastian.meco\/\/wp-content\/uploads\/cp.sansebastian.meco\/2023\/04\/WhatsApp-Image-2023-04-24-at-12.29.33-1-768x576.jpeg 768w, https:\/\/site.educa.madrid.org\/cp.sansebastian.meco\/\/wp-content\/uploads\/cp.sansebastian.meco\/2023\/04\/WhatsApp-Image-2023-04-24-at-12.29.33-1-920x690.jpeg 920w, https:\/\/site.educa.madrid.org\/cp.sansebastian.meco\/\/wp-content\/uploads\/cp.sansebastian.meco\/2023\/04\/WhatsApp-Image-2023-04-24-at-12.29.33-1-230x173.jpeg 230w, https:\/\/site.educa.madrid.org\/cp.sansebastian.meco\/\/wp-content\/uploads\/cp.sansebastian.meco\/2023\/04\/WhatsApp-Image-2023-04-24-at-12.29.33-1-350x263.jpeg 350w, https:\/\/site.educa.madrid.org\/cp.sansebastian.meco\/\/wp-content\/uploads\/cp.sansebastian.meco\/2023\/04\/WhatsApp-Image-2023-04-24-at-12.29.33-1-480x360.jpeg 480w\" sizes=\"auto, (max-width: 1024px) 100vw, 1024px\" \/><\/a><\/figure>\n\n\n\n<figure class=\"wp-block-image size-large\"><a href=\"https:\/\/site.educa.madrid.org\/cp.sansebastian.meco\/\/wp-content\/uploads\/cp.sansebastian.meco\/2023\/04\/WhatsApp-Image-2023-04-24-at-12.29.33-2-1.jpeg\"><img loading=\"lazy\" decoding=\"async\" width=\"1024\" height=\"768\" data-id=\"6300\" src=\"https:\/\/site.educa.madrid.org\/cp.sansebastian.meco\/\/wp-content\/uploads\/cp.sansebastian.meco\/2023\/04\/WhatsApp-Image-2023-04-24-at-12.29.33-2-1.jpeg\" alt=\"\" class=\"wp-image-6300\" srcset=\"https:\/\/site.educa.madrid.org\/cp.sansebastian.meco\/\/wp-content\/uploads\/cp.sansebastian.meco\/2023\/04\/WhatsApp-Image-2023-04-24-at-12.29.33-2-1.jpeg 1024w, https:\/\/site.educa.madrid.org\/cp.sansebastian.meco\/\/wp-content\/uploads\/cp.sansebastian.meco\/2023\/04\/WhatsApp-Image-2023-04-24-at-12.29.33-2-1-300x225.jpeg 300w, https:\/\/site.educa.madrid.org\/cp.sansebastian.meco\/\/wp-content\/uploads\/cp.sansebastian.meco\/2023\/04\/WhatsApp-Image-2023-04-24-at-12.29.33-2-1-768x576.jpeg 768w, https:\/\/site.educa.madrid.org\/cp.sansebastian.meco\/\/wp-content\/uploads\/cp.sansebastian.meco\/2023\/04\/WhatsApp-Image-2023-04-24-at-12.29.33-2-1-920x690.jpeg 920w, https:\/\/site.educa.madrid.org\/cp.sansebastian.meco\/\/wp-content\/uploads\/cp.sansebastian.meco\/2023\/04\/WhatsApp-Image-2023-04-24-at-12.29.33-2-1-230x173.jpeg 230w, https:\/\/site.educa.madrid.org\/cp.sansebastian.meco\/\/wp-content\/uploads\/cp.sansebastian.meco\/2023\/04\/WhatsApp-Image-2023-04-24-at-12.29.33-2-1-350x263.jpeg 350w, https:\/\/site.educa.madrid.org\/cp.sansebastian.meco\/\/wp-content\/uploads\/cp.sansebastian.meco\/2023\/04\/WhatsApp-Image-2023-04-24-at-12.29.33-2-1-480x360.jpeg 480w\" sizes=\"auto, (max-width: 1024px) 100vw, 1024px\" \/><\/a><\/figure>\n\n\n\n<figure class=\"wp-block-image size-large\"><a href=\"https:\/\/site.educa.madrid.org\/cp.sansebastian.meco\/\/wp-content\/uploads\/cp.sansebastian.meco\/2023\/04\/WhatsApp-Image-2023-04-24-at-12.29.34-1.jpeg\"><img loading=\"lazy\" decoding=\"async\" width=\"1024\" height=\"768\" data-id=\"6298\" src=\"https:\/\/site.educa.madrid.org\/cp.sansebastian.meco\/\/wp-content\/uploads\/cp.sansebastian.meco\/2023\/04\/WhatsApp-Image-2023-04-24-at-12.29.34-1.jpeg\" alt=\"\" class=\"wp-image-6298\" srcset=\"https:\/\/site.educa.madrid.org\/cp.sansebastian.meco\/\/wp-content\/uploads\/cp.sansebastian.meco\/2023\/04\/WhatsApp-Image-2023-04-24-at-12.29.34-1.jpeg 1024w, https:\/\/site.educa.madrid.org\/cp.sansebastian.meco\/\/wp-content\/uploads\/cp.sansebastian.meco\/2023\/04\/WhatsApp-Image-2023-04-24-at-12.29.34-1-300x225.jpeg 300w, https:\/\/site.educa.madrid.org\/cp.sansebastian.meco\/\/wp-content\/uploads\/cp.sansebastian.meco\/2023\/04\/WhatsApp-Image-2023-04-24-at-12.29.34-1-768x576.jpeg 768w, https:\/\/site.educa.madrid.org\/cp.sansebastian.meco\/\/wp-content\/uploads\/cp.sansebastian.meco\/2023\/04\/WhatsApp-Image-2023-04-24-at-12.29.34-1-920x690.jpeg 920w, https:\/\/site.educa.madrid.org\/cp.sansebastian.meco\/\/wp-content\/uploads\/cp.sansebastian.meco\/2023\/04\/WhatsApp-Image-2023-04-24-at-12.29.34-1-230x173.jpeg 230w, https:\/\/site.educa.madrid.org\/cp.sansebastian.meco\/\/wp-content\/uploads\/cp.sansebastian.meco\/2023\/04\/WhatsApp-Image-2023-04-24-at-12.29.34-1-350x263.jpeg 350w, https:\/\/site.educa.madrid.org\/cp.sansebastian.meco\/\/wp-content\/uploads\/cp.sansebastian.meco\/2023\/04\/WhatsApp-Image-2023-04-24-at-12.29.34-1-480x360.jpeg 480w\" sizes=\"auto, (max-width: 1024px) 100vw, 1024px\" \/><\/a><\/figure>\n\n\n\n<figure class=\"wp-block-image size-large\"><a href=\"https:\/\/site.educa.madrid.org\/cp.sansebastian.meco\/\/wp-content\/uploads\/cp.sansebastian.meco\/2023\/04\/WhatsApp-Image-2023-04-24-at-12.29.34-2-1.jpeg\"><img loading=\"lazy\" decoding=\"async\" width=\"768\" height=\"1024\" data-id=\"6302\" src=\"https:\/\/site.educa.madrid.org\/cp.sansebastian.meco\/\/wp-content\/uploads\/cp.sansebastian.meco\/2023\/04\/WhatsApp-Image-2023-04-24-at-12.29.34-2-1.jpeg\" alt=\"\" class=\"wp-image-6302\" srcset=\"https:\/\/site.educa.madrid.org\/cp.sansebastian.meco\/\/wp-content\/uploads\/cp.sansebastian.meco\/2023\/04\/WhatsApp-Image-2023-04-24-at-12.29.34-2-1.jpeg 768w, https:\/\/site.educa.madrid.org\/cp.sansebastian.meco\/\/wp-content\/uploads\/cp.sansebastian.meco\/2023\/04\/WhatsApp-Image-2023-04-24-at-12.29.34-2-1-225x300.jpeg 225w, https:\/\/site.educa.madrid.org\/cp.sansebastian.meco\/\/wp-content\/uploads\/cp.sansebastian.meco\/2023\/04\/WhatsApp-Image-2023-04-24-at-12.29.34-2-1-300x400.jpeg 300w, https:\/\/site.educa.madrid.org\/cp.sansebastian.meco\/\/wp-content\/uploads\/cp.sansebastian.meco\/2023\/04\/WhatsApp-Image-2023-04-24-at-12.29.34-2-1-230x307.jpeg 230w, https:\/\/site.educa.madrid.org\/cp.sansebastian.meco\/\/wp-content\/uploads\/cp.sansebastian.meco\/2023\/04\/WhatsApp-Image-2023-04-24-at-12.29.34-2-1-350x467.jpeg 350w, https:\/\/site.educa.madrid.org\/cp.sansebastian.meco\/\/wp-content\/uploads\/cp.sansebastian.meco\/2023\/04\/WhatsApp-Image-2023-04-24-at-12.29.34-2-1-480x640.jpeg 480w\" sizes=\"auto, (max-width: 768px) 100vw, 768px\" \/><\/a><\/figure>\n\n\n\n<figure class=\"wp-block-image size-large\"><a href=\"https:\/\/site.educa.madrid.org\/cp.sansebastian.meco\/\/wp-content\/uploads\/cp.sansebastian.meco\/2023\/04\/WhatsApp-Image-2023-04-24-at-12.29.34-3-1.jpeg\"><img loading=\"lazy\" decoding=\"async\" width=\"1024\" height=\"768\" data-id=\"6301\" src=\"https:\/\/site.educa.madrid.org\/cp.sansebastian.meco\/\/wp-content\/uploads\/cp.sansebastian.meco\/2023\/04\/WhatsApp-Image-2023-04-24-at-12.29.34-3-1.jpeg\" alt=\"\" class=\"wp-image-6301\" srcset=\"https:\/\/site.educa.madrid.org\/cp.sansebastian.meco\/\/wp-content\/uploads\/cp.sansebastian.meco\/2023\/04\/WhatsApp-Image-2023-04-24-at-12.29.34-3-1.jpeg 1024w, https:\/\/site.educa.madrid.org\/cp.sansebastian.meco\/\/wp-content\/uploads\/cp.sansebastian.meco\/2023\/04\/WhatsApp-Image-2023-04-24-at-12.29.34-3-1-300x225.jpeg 300w, https:\/\/site.educa.madrid.org\/cp.sansebastian.meco\/\/wp-content\/uploads\/cp.sansebastian.meco\/2023\/04\/WhatsApp-Image-2023-04-24-at-12.29.34-3-1-768x576.jpeg 768w, https:\/\/site.educa.madrid.org\/cp.sansebastian.meco\/\/wp-content\/uploads\/cp.sansebastian.meco\/2023\/04\/WhatsApp-Image-2023-04-24-at-12.29.34-3-1-920x690.jpeg 920w, https:\/\/site.educa.madrid.org\/cp.sansebastian.meco\/\/wp-content\/uploads\/cp.sansebastian.meco\/2023\/04\/WhatsApp-Image-2023-04-24-at-12.29.34-3-1-230x173.jpeg 230w, https:\/\/site.educa.madrid.org\/cp.sansebastian.meco\/\/wp-content\/uploads\/cp.sansebastian.meco\/2023\/04\/WhatsApp-Image-2023-04-24-at-12.29.34-3-1-350x263.jpeg 350w, https:\/\/site.educa.madrid.org\/cp.sansebastian.meco\/\/wp-content\/uploads\/cp.sansebastian.meco\/2023\/04\/WhatsApp-Image-2023-04-24-at-12.29.34-3-1-480x360.jpeg 480w\" sizes=\"auto, (max-width: 1024px) 100vw, 1024px\" \/><\/a><\/figure>\n\n\n\n<figure class=\"wp-block-image size-large\"><a href=\"https:\/\/site.educa.madrid.org\/cp.sansebastian.meco\/\/wp-content\/uploads\/cp.sansebastian.meco\/2023\/04\/WhatsApp-Image-2023-04-24-at-12.29.34-4.jpeg\"><img loading=\"lazy\" decoding=\"async\" width=\"1024\" height=\"768\" data-id=\"6299\" src=\"https:\/\/site.educa.madrid.org\/cp.sansebastian.meco\/\/wp-content\/uploads\/cp.sansebastian.meco\/2023\/04\/WhatsApp-Image-2023-04-24-at-12.29.34-4.jpeg\" alt=\"\" class=\"wp-image-6299\" srcset=\"https:\/\/site.educa.madrid.org\/cp.sansebastian.meco\/\/wp-content\/uploads\/cp.sansebastian.meco\/2023\/04\/WhatsApp-Image-2023-04-24-at-12.29.34-4.jpeg 1024w, https:\/\/site.educa.madrid.org\/cp.sansebastian.meco\/\/wp-content\/uploads\/cp.sansebastian.meco\/2023\/04\/WhatsApp-Image-2023-04-24-at-12.29.34-4-300x225.jpeg 300w, https:\/\/site.educa.madrid.org\/cp.sansebastian.meco\/\/wp-content\/uploads\/cp.sansebastian.meco\/2023\/04\/WhatsApp-Image-2023-04-24-at-12.29.34-4-768x576.jpeg 768w, https:\/\/site.educa.madrid.org\/cp.sansebastian.meco\/\/wp-content\/uploads\/cp.sansebastian.meco\/2023\/04\/WhatsApp-Image-2023-04-24-at-12.29.34-4-920x690.jpeg 920w, https:\/\/site.educa.madrid.org\/cp.sansebastian.meco\/\/wp-content\/uploads\/cp.sansebastian.meco\/2023\/04\/WhatsApp-Image-2023-04-24-at-12.29.34-4-230x173.jpeg 230w, https:\/\/site.educa.madrid.org\/cp.sansebastian.meco\/\/wp-content\/uploads\/cp.sansebastian.meco\/2023\/04\/WhatsApp-Image-2023-04-24-at-12.29.34-4-350x263.jpeg 350w, https:\/\/site.educa.madrid.org\/cp.sansebastian.meco\/\/wp-content\/uploads\/cp.sansebastian.meco\/2023\/04\/WhatsApp-Image-2023-04-24-at-12.29.34-4-480x360.jpeg 480w\" sizes=\"auto, (max-width: 1024px) 100vw, 1024px\" \/><\/a><\/figure>\n\n\n\n<figure class=\"wp-block-image size-large\"><a href=\"https:\/\/site.educa.madrid.org\/cp.sansebastian.meco\/\/wp-content\/uploads\/cp.sansebastian.meco\/2023\/04\/WhatsApp-Image-2023-04-24-at-12.29.34-5.jpeg\"><img loading=\"lazy\" decoding=\"async\" width=\"1024\" height=\"768\" data-id=\"6304\" src=\"https:\/\/site.educa.madrid.org\/cp.sansebastian.meco\/\/wp-content\/uploads\/cp.sansebastian.meco\/2023\/04\/WhatsApp-Image-2023-04-24-at-12.29.34-5.jpeg\" alt=\"\" class=\"wp-image-6304\" srcset=\"https:\/\/site.educa.madrid.org\/cp.sansebastian.meco\/\/wp-content\/uploads\/cp.sansebastian.meco\/2023\/04\/WhatsApp-Image-2023-04-24-at-12.29.34-5.jpeg 1024w, https:\/\/site.educa.madrid.org\/cp.sansebastian.meco\/\/wp-content\/uploads\/cp.sansebastian.meco\/2023\/04\/WhatsApp-Image-2023-04-24-at-12.29.34-5-300x225.jpeg 300w, https:\/\/site.educa.madrid.org\/cp.sansebastian.meco\/\/wp-content\/uploads\/cp.sansebastian.meco\/2023\/04\/WhatsApp-Image-2023-04-24-at-12.29.34-5-768x576.jpeg 768w, https:\/\/site.educa.madrid.org\/cp.sansebastian.meco\/\/wp-content\/uploads\/cp.sansebastian.meco\/2023\/04\/WhatsApp-Image-2023-04-24-at-12.29.34-5-920x690.jpeg 920w, https:\/\/site.educa.madrid.org\/cp.sansebastian.meco\/\/wp-content\/uploads\/cp.sansebastian.meco\/2023\/04\/WhatsApp-Image-2023-04-24-at-12.29.34-5-230x173.jpeg 230w, https:\/\/site.educa.madrid.org\/cp.sansebastian.meco\/\/wp-content\/uploads\/cp.sansebastian.meco\/2023\/04\/WhatsApp-Image-2023-04-24-at-12.29.34-5-350x263.jpeg 350w, https:\/\/site.educa.madrid.org\/cp.sansebastian.meco\/\/wp-content\/uploads\/cp.sansebastian.meco\/2023\/04\/WhatsApp-Image-2023-04-24-at-12.29.34-5-480x360.jpeg 480w\" sizes=\"auto, (max-width: 1024px) 100vw, 1024px\" \/><\/a><\/figure>\n\n\n\n<figure class=\"wp-block-image size-large\"><a href=\"https:\/\/site.educa.madrid.org\/cp.sansebastian.meco\/\/wp-content\/uploads\/cp.sansebastian.meco\/2023\/04\/WhatsApp-Image-2023-04-24-at-12.29.34-6.jpeg\"><img loading=\"lazy\" decoding=\"async\" width=\"768\" height=\"1024\" data-id=\"6306\" src=\"https:\/\/site.educa.madrid.org\/cp.sansebastian.meco\/\/wp-content\/uploads\/cp.sansebastian.meco\/2023\/04\/WhatsApp-Image-2023-04-24-at-12.29.34-6.jpeg\" alt=\"\" class=\"wp-image-6306\" srcset=\"https:\/\/site.educa.madrid.org\/cp.sansebastian.meco\/\/wp-content\/uploads\/cp.sansebastian.meco\/2023\/04\/WhatsApp-Image-2023-04-24-at-12.29.34-6.jpeg 768w, https:\/\/site.educa.madrid.org\/cp.sansebastian.meco\/\/wp-content\/uploads\/cp.sansebastian.meco\/2023\/04\/WhatsApp-Image-2023-04-24-at-12.29.34-6-225x300.jpeg 225w, https:\/\/site.educa.madrid.org\/cp.sansebastian.meco\/\/wp-content\/uploads\/cp.sansebastian.meco\/2023\/04\/WhatsApp-Image-2023-04-24-at-12.29.34-6-300x400.jpeg 300w, https:\/\/site.educa.madrid.org\/cp.sansebastian.meco\/\/wp-content\/uploads\/cp.sansebastian.meco\/2023\/04\/WhatsApp-Image-2023-04-24-at-12.29.34-6-230x307.jpeg 230w, https:\/\/site.educa.madrid.org\/cp.sansebastian.meco\/\/wp-content\/uploads\/cp.sansebastian.meco\/2023\/04\/WhatsApp-Image-2023-04-24-at-12.29.34-6-350x467.jpeg 350w, https:\/\/site.educa.madrid.org\/cp.sansebastian.meco\/\/wp-content\/uploads\/cp.sansebastian.meco\/2023\/04\/WhatsApp-Image-2023-04-24-at-12.29.34-6-480x640.jpeg 480w\" sizes=\"auto, (max-width: 768px) 100vw, 768px\" \/><\/a><\/figure>\n\n\n\n<figure class=\"wp-block-image size-large\"><a href=\"https:\/\/site.educa.madrid.org\/cp.sansebastian.meco\/\/wp-content\/uploads\/cp.sansebastian.meco\/2023\/04\/WhatsApp-Image-2023-04-24-at-12.29.35-1-1.jpeg\"><img loading=\"lazy\" decoding=\"async\" width=\"768\" height=\"1024\" data-id=\"6307\" src=\"https:\/\/site.educa.madrid.org\/cp.sansebastian.meco\/\/wp-content\/uploads\/cp.sansebastian.meco\/2023\/04\/WhatsApp-Image-2023-04-24-at-12.29.35-1-1.jpeg\" alt=\"\" class=\"wp-image-6307\" srcset=\"https:\/\/site.educa.madrid.org\/cp.sansebastian.meco\/\/wp-content\/uploads\/cp.sansebastian.meco\/2023\/04\/WhatsApp-Image-2023-04-24-at-12.29.35-1-1.jpeg 768w, https:\/\/site.educa.madrid.org\/cp.sansebastian.meco\/\/wp-content\/uploads\/cp.sansebastian.meco\/2023\/04\/WhatsApp-Image-2023-04-24-at-12.29.35-1-1-225x300.jpeg 225w, https:\/\/site.educa.madrid.org\/cp.sansebastian.meco\/\/wp-content\/uploads\/cp.sansebastian.meco\/2023\/04\/WhatsApp-Image-2023-04-24-at-12.29.35-1-1-300x400.jpeg 300w, https:\/\/site.educa.madrid.org\/cp.sansebastian.meco\/\/wp-content\/uploads\/cp.sansebastian.meco\/2023\/04\/WhatsApp-Image-2023-04-24-at-12.29.35-1-1-230x307.jpeg 230w, https:\/\/site.educa.madrid.org\/cp.sansebastian.meco\/\/wp-content\/uploads\/cp.sansebastian.meco\/2023\/04\/WhatsApp-Image-2023-04-24-at-12.29.35-1-1-350x467.jpeg 350w, https:\/\/site.educa.madrid.org\/cp.sansebastian.meco\/\/wp-content\/uploads\/cp.sansebastian.meco\/2023\/04\/WhatsApp-Image-2023-04-24-at-12.29.35-1-1-480x640.jpeg 480w\" sizes=\"auto, (max-width: 768px) 100vw, 768px\" \/><\/a><\/figure>\n<\/figure>\n\n\n\n<p>\u00bfFue f\u00e1cil realizar esta actividad? La realidad es que debido a la alta motivaci\u00f3n que presentaban, su comportamiento era espectacular, as\u00ed como el cuidado que hicieron de los materiales. Adem\u00e1s, decidimos abrir la actividad a las familias de nuestro alumnado, por ello, tuvimos la gran suerte de disponer de familias que se ofrec\u00edan a ayudar como apoyo en los diferentes equipos. Y, \u00bfQu\u00e9 factores favorecemos con esta actividad? \u00bfTiene alg\u00fan fin educativo o es solo pura diversi\u00f3n? Por supuesto, es una actividad muy divertida y que favorece much\u00edsimo la motivaci\u00f3n, pero, educativamente tiene un gran potencial por las siguientes razones:<\/p>\n\n\n\n<ul class=\"has-small-font-size wp-block-list\"><li>\u00b7\u00a0\u00a0\u00a0\u00a0\u00a0 Trabajamos lectura<\/li><li>\u00b7\u00a0\u00a0\u00a0\u00a0\u00a0 Mejoramos la motricidad fina<\/li><li>\u00b7\u00a0\u00a0\u00a0\u00a0\u00a0 Se fomenta el razonamiento y la l\u00f3gica.<\/li><li>\u00b7\u00a0\u00a0\u00a0\u00a0\u00a0 Se favorece la organizaci\u00f3n de la informaci\u00f3n, as\u00ed como organizarse con el equipo.<\/li><li>\u00b7\u00a0\u00a0\u00a0\u00a0\u00a0 Mejora el trabajo en equipo.<\/li><li>\u00b7\u00a0\u00a0\u00a0\u00a0\u00a0 Se trabaja la orientaci\u00f3n espacial.<\/li><li>\u00b7\u00a0\u00a0\u00a0\u00a0\u00a0 Favorece el pensamiento reversible y la creatividad.<\/li><li>\u00b7\u00a0\u00a0\u00a0\u00a0\u00a0 Aprenden nuevos conceptos como las bater\u00edas, motores, sensores\u2026 y entienden su aplicaci\u00f3n y su necesidad para generar el movimiento deseado.<\/li><li>\u00b7\u00a0\u00a0\u00a0\u00a0\u00a0 Mejora de la relaci\u00f3n familia-escuela.<\/li><li>\u00b7\u00a0\u00a0\u00a0\u00a0\u00a0 Favorece el respeto de las normas.<\/li><\/ul>\n","protected":false},"excerpt":{"rendered":"<p>\u00bfTe gustaban los Legos cuando eras peque\u00f1o? Hacer esas construcciones geniales, con imaginaci\u00f3n y creatividad podr\u00eda tenerte horas entretenido. Ahora imag\u00ednate que [&hellip;]<\/p>\n","protected":false},"author":3,"featured_media":0,"parent":0,"menu_order":0,"comment_status":"closed","ping_status":"closed","template":"","meta":{"footnotes":""},"folder":[],"class_list":["post-6296","page","type-page","status-publish","hentry"],"rttpg_featured_image_url":null,"rttpg_author":{"display_name":"cp.sansebastian.meco","author_link":"https:\/\/site.educa.madrid.org\/cp.sansebastian.meco\/index.php\/author\/cuenta_cp-sansebastian-meco\/"},"rttpg_comment":0,"rttpg_category":false,"rttpg_excerpt":"\u00bfTe gustaban los Legos cuando eras peque\u00f1o? Hacer esas construcciones geniales, con imaginaci\u00f3n y creatividad podr\u00eda tenerte horas entretenido. Ahora imag\u00ednate que [&hellip;]","post_mailing_queue_ids":[],"_links":{"self":[{"href":"https:\/\/site.educa.madrid.org\/cp.sansebastian.meco\/index.php\/wp-json\/wp\/v2\/pages\/6296","targetHints":{"allow":["GET"]}}],"collection":[{"href":"https:\/\/site.educa.madrid.org\/cp.sansebastian.meco\/index.php\/wp-json\/wp\/v2\/pages"}],"about":[{"href":"https:\/\/site.educa.madrid.org\/cp.sansebastian.meco\/index.php\/wp-json\/wp\/v2\/types\/page"}],"author":[{"embeddable":true,"href":"https:\/\/site.educa.madrid.org\/cp.sansebastian.meco\/index.php\/wp-json\/wp\/v2\/users\/3"}],"replies":[{"embeddable":true,"href":"https:\/\/site.educa.madrid.org\/cp.sansebastian.meco\/index.php\/wp-json\/wp\/v2\/comments?post=6296"}],"version-history":[{"count":5,"href":"https:\/\/site.educa.madrid.org\/cp.sansebastian.meco\/index.php\/wp-json\/wp\/v2\/pages\/6296\/revisions"}],"predecessor-version":[{"id":6313,"href":"https:\/\/site.educa.madrid.org\/cp.sansebastian.meco\/index.php\/wp-json\/wp\/v2\/pages\/6296\/revisions\/6313"}],"wp:attachment":[{"href":"https:\/\/site.educa.madrid.org\/cp.sansebastian.meco\/index.php\/wp-json\/wp\/v2\/media?parent=6296"}],"wp:term":[{"taxonomy":"folder","embeddable":true,"href":"https:\/\/site.educa.madrid.org\/cp.sansebastian.meco\/index.php\/wp-json\/wp\/v2\/folder?post=6296"}],"curies":[{"name":"wp","href":"https:\/\/api.w.org\/{rel}","templated":true}]}}