{"id":752,"date":"2019-07-23T12:41:48","date_gmt":"2019-07-23T10:41:48","guid":{"rendered":"https:\/\/www.colegiosansebastianmeco.es\/?page_id=752"},"modified":"2025-09-02T14:35:05","modified_gmt":"2025-09-02T12:35:05","slug":"desayunos","status":"publish","type":"page","link":"https:\/\/site.educa.madrid.org\/cp.sansebastian.meco\/index.php\/comedor\/desayunos\/","title":{"rendered":"Desayunos"},"content":{"rendered":"<h1>Nuevas condiciones del Servicio:<\/h1>\n<table>\n<tbody>\n<tr>\n<td colspan=\"2\" width=\"565\"><strong>IMPORTE:<\/strong><\/td>\n<\/tr>\n<tr>\n<td width=\"282\">\n<p style=\"text-align: center;\"><strong>CON DESAYUNO DE 07:00-09:00<\/strong><\/p>\n<p style=\"text-align: center;\">(Es necesario llegar antes de las 08:20 h).<\/p>\n<p style=\"text-align: center;\">Independientemente de la hora de llegada.<\/p>\n<h3 style=\"text-align: center;\">IMPORTE: 4<strong>\u00a0\u20ac\/d\u00eda<\/strong><\/h3>\n<\/td>\n<td width=\"282\">\n<p style=\"text-align: center;\"><strong>SIN DESAYUNO <\/strong><strong>de 08:30-09:00<\/strong><\/p>\n<h3 style=\"text-align: center;\">IMPORTE: 32<strong>\u00a0\u20ac \/MENSUAL<\/strong><\/h3>\n<p style=\"text-align: center;\">Independientemente de los d\u00edas que haga uso o del n\u00famero de d\u00edas lectivos.<\/p>\n<\/td>\n<\/tr>\n<\/tbody>\n<\/table>\n<h4><a href=\"https:\/\/site.educa.madrid.org\/cp.sansebastian.meco\/\/wp-content\/uploads\/cp.sansebastian.meco\/2025\/09\/contrato-desayuno2025_26.2.septiembre.pdf\">DESCARGAR CONTRATO<\/a><\/h4>\n<h2>Cuotas Modalidad Con Desayuno curso<\/h2>\n<table width=\"0\">\n<tbody>\n<tr>\n<td width=\"308\"><strong>PRECIO 1 D\u00cdA:<\/strong><\/td>\n<td width=\"308\"><strong>\u00a04 \u20ac<\/strong><\/td>\n<\/tr>\n<tr>\n<td width=\"308\"><strong>SEPTIEMBRE 15 d\u00edas<\/strong><\/td>\n<td width=\"308\"><b>60 \u20ac<\/b><\/td>\n<\/tr>\n<tr>\n<td width=\"308\"><strong>OCTUBRE\u00a0 22 d\u00edas<\/strong><\/td>\n<td width=\"308\"><b>88 \u20ac<\/b><\/td>\n<\/tr>\n<tr>\n<td width=\"308\"><strong>NOVIEMBRE\u00a0 19 d\u00edas<\/strong><\/td>\n<td width=\"308\"><strong>76 \u20ac<\/strong><\/td>\n<\/tr>\n<tr>\n<td width=\"308\"><strong>DICIEMBRE 14 d\u00edas<\/strong><\/td>\n<td width=\"308\"><strong>56 \u20ac<\/strong><\/td>\n<\/tr>\n<tr>\n<td width=\"308\"><strong>ENERO\u00a0 17 d\u00edas<\/strong><\/td>\n<td width=\"308\"><strong>68 \u20ac<\/strong><\/td>\n<\/tr>\n<tr>\n<td width=\"308\"><strong>FEBRERO 20 d\u00edas<\/strong><\/td>\n<td width=\"308\"><strong>80 \u20ac<\/strong><\/td>\n<\/tr>\n<tr>\n<td width=\"308\"><strong>MARZO\u00a0 19 d\u00edas<\/strong><\/td>\n<td width=\"308\"><strong>76 \u20ac<\/strong><\/td>\n<\/tr>\n<tr>\n<td width=\"308\"><strong>ABRIL\u00a0 18 d\u00edas<\/strong><\/td>\n<td width=\"308\"><strong>72 \u20ac<\/strong><\/td>\n<\/tr>\n<tr>\n<td width=\"308\"><strong>MAYO 20 d\u00edas<\/strong><\/td>\n<td width=\"308\"><strong>80 \u20ac<\/strong><\/td>\n<\/tr>\n<tr>\n<td width=\"308\"><strong>JUNIO 15 d\u00edas<\/strong><\/td>\n<td width=\"308\"><strong>60 \u20ac<\/strong><\/td>\n<\/tr>\n<\/tbody>\n<\/table>\n<p style=\"text-align: left;\">El Servicio de Ampliaci\u00f3n de Jornada y Desayuno est\u00e1 gestionado por el centro a trav\u00e9s de la empresa Ausolan Cocinas Centrales que actualmente presta los servicios de comedor en el colegio.<\/p>\n<p style=\"text-align: left;\">Es un programa de ampliaci\u00f3n de horario y de prestaci\u00f3n de servicios complementarios que responde a una necesidad social para todas aquellas familias que necesitan poder anticipar la entrada de sus hijos\/as en el centro escolar antes del comienzo del horario lectivo por razones laborales u otras, garantizando la atenci\u00f3n de ni\u00f1os y ni\u00f1as a cargo de personal debidamente cualificado.<\/p>\n<p>Durante el servicio no hay presencia directa del profesorado, siendo las monitoras de la empresa de comedor las encargadas del cuidado y vigilancia de los alumnos\/as mientras \u00e9stos desayunan, en el caso de que hubiera alguna incidencia son ellas las encargadas de avisar a las familias de los alumnos\/as.<\/p>\n<hr \/>\n<p><a href=\"https:\/\/site.educa.madrid.org\/cp.sansebastian.meco\/\/wp-content\/uploads\/cp.sansebastian.meco\/2025\/09\/contrato-desayuno2025_26.2.septiembre.pdf\">DESCARGAR CONTRATO<\/a><\/p>\n<ul>\n<li>\u00a0Tramo sin desayuno de 08:30 a 9 horas 32 \u20ac, independientemente de los d\u00edas que se queden del mes o del n\u00famero de d\u00edas lectivos del mes.<\/li>\n<\/ul>\n<p><img loading=\"lazy\" decoding=\"async\" class=\"alignnone size-medium wp-image-5533\" src=\"https:\/\/site.educa.madrid.org\/cp.sansebastian.meco\/\/wp-content\/uploads\/cp.sansebastian.meco\/2023\/02\/chef-286x300.png\" alt=\"\" width=\"286\" height=\"300\" srcset=\"https:\/\/site.educa.madrid.org\/cp.sansebastian.meco\/\/wp-content\/uploads\/cp.sansebastian.meco\/2023\/02\/chef-286x300.png 286w, https:\/\/site.educa.madrid.org\/cp.sansebastian.meco\/\/wp-content\/uploads\/cp.sansebastian.meco\/2023\/02\/chef-230x242.png 230w, https:\/\/site.educa.madrid.org\/cp.sansebastian.meco\/\/wp-content\/uploads\/cp.sansebastian.meco\/2023\/02\/chef.png 298w\" sizes=\"auto, (max-width: 286px) 100vw, 286px\" \/><\/p>\n<hr \/>\n<h3>Horarios:<\/h3>\n<p>DE LUNES A VIERNES<br \/>\n<strong>7:00 &#8211; 9:00<\/strong><\/p>\n","protected":false},"excerpt":{"rendered":"<p>Nuevas condiciones del Servicio: IMPORTE: CON DESAYUNO DE 07:00-09:00 (Es necesario llegar antes de las 08:20 h). Independientemente de la hora de [&hellip;]<\/p>\n","protected":false},"author":6,"featured_media":0,"parent":594,"menu_order":0,"comment_status":"closed","ping_status":"open","template":"","meta":{"footnotes":""},"folder":[],"class_list":["post-752","page","type-page","status-publish","hentry"],"rttpg_featured_image_url":null,"rttpg_author":{"display_name":"Torry","author_link":"https:\/\/site.educa.madrid.org\/cp.sansebastian.meco\/index.php\/author\/torry\/"},"rttpg_comment":0,"rttpg_category":false,"rttpg_excerpt":"Nuevas condiciones del Servicio: IMPORTE: CON DESAYUNO DE 07:00-09:00 (Es necesario llegar antes de las 08:20 h). Independientemente de la hora de [&hellip;]","post_mailing_queue_ids":[],"_links":{"self":[{"href":"https:\/\/site.educa.madrid.org\/cp.sansebastian.meco\/index.php\/wp-json\/wp\/v2\/pages\/752","targetHints":{"allow":["GET"]}}],"collection":[{"href":"https:\/\/site.educa.madrid.org\/cp.sansebastian.meco\/index.php\/wp-json\/wp\/v2\/pages"}],"about":[{"href":"https:\/\/site.educa.madrid.org\/cp.sansebastian.meco\/index.php\/wp-json\/wp\/v2\/types\/page"}],"author":[{"embeddable":true,"href":"https:\/\/site.educa.madrid.org\/cp.sansebastian.meco\/index.php\/wp-json\/wp\/v2\/users\/6"}],"replies":[{"embeddable":true,"href":"https:\/\/site.educa.madrid.org\/cp.sansebastian.meco\/index.php\/wp-json\/wp\/v2\/comments?post=752"}],"version-history":[{"count":17,"href":"https:\/\/site.educa.madrid.org\/cp.sansebastian.meco\/index.php\/wp-json\/wp\/v2\/pages\/752\/revisions"}],"predecessor-version":[{"id":9157,"href":"https:\/\/site.educa.madrid.org\/cp.sansebastian.meco\/index.php\/wp-json\/wp\/v2\/pages\/752\/revisions\/9157"}],"up":[{"embeddable":true,"href":"https:\/\/site.educa.madrid.org\/cp.sansebastian.meco\/index.php\/wp-json\/wp\/v2\/pages\/594"}],"wp:attachment":[{"href":"https:\/\/site.educa.madrid.org\/cp.sansebastian.meco\/index.php\/wp-json\/wp\/v2\/media?parent=752"}],"wp:term":[{"taxonomy":"folder","embeddable":true,"href":"https:\/\/site.educa.madrid.org\/cp.sansebastian.meco\/index.php\/wp-json\/wp\/v2\/folder?post=752"}],"curies":[{"name":"wp","href":"https:\/\/api.w.org\/{rel}","templated":true}]}}