{"id":7629,"date":"2024-04-03T11:13:57","date_gmt":"2024-04-03T09:13:57","guid":{"rendered":"https:\/\/site.educa.madrid.org\/cp.sansebastian.meco\/?page_id=7629"},"modified":"2025-04-22T18:24:55","modified_gmt":"2025-04-22T16:24:55","slug":"pruebas-externas","status":"publish","type":"page","link":"https:\/\/site.educa.madrid.org\/cp.sansebastian.meco\/index.php\/pruebas-externas\/","title":{"rendered":"Pruebas Externas"},"content":{"rendered":"\n<div class=\"wp-block-columns is-layout-flex wp-container-core-columns-is-layout-9d6595d7 wp-block-columns-is-layout-flex\">\n<div class=\"wp-block-column is-layout-flow wp-block-column-is-layout-flow\">\n<figure class=\"wp-block-image size-large\"><img loading=\"lazy\" decoding=\"async\" width=\"1024\" height=\"724\" src=\"https:\/\/site.educa.madrid.org\/cp.sansebastian.meco\/\/wp-content\/uploads\/cp.sansebastian.meco\/2025\/04\/Copia-de-sae-mecoo-2-1024x724.png\" alt=\"\" class=\"wp-image-8834\" srcset=\"https:\/\/site.educa.madrid.org\/cp.sansebastian.meco\/\/wp-content\/uploads\/cp.sansebastian.meco\/2025\/04\/Copia-de-sae-mecoo-2-1024x724.png 1024w, https:\/\/site.educa.madrid.org\/cp.sansebastian.meco\/\/wp-content\/uploads\/cp.sansebastian.meco\/2025\/04\/Copia-de-sae-mecoo-2-300x212.png 300w, https:\/\/site.educa.madrid.org\/cp.sansebastian.meco\/\/wp-content\/uploads\/cp.sansebastian.meco\/2025\/04\/Copia-de-sae-mecoo-2-768x543.png 768w, https:\/\/site.educa.madrid.org\/cp.sansebastian.meco\/\/wp-content\/uploads\/cp.sansebastian.meco\/2025\/04\/Copia-de-sae-mecoo-2-1536x1086.png 1536w, https:\/\/site.educa.madrid.org\/cp.sansebastian.meco\/\/wp-content\/uploads\/cp.sansebastian.meco\/2025\/04\/Copia-de-sae-mecoo-2-1000x707.png 1000w, https:\/\/site.educa.madrid.org\/cp.sansebastian.meco\/\/wp-content\/uploads\/cp.sansebastian.meco\/2025\/04\/Copia-de-sae-mecoo-2-230x163.png 230w, https:\/\/site.educa.madrid.org\/cp.sansebastian.meco\/\/wp-content\/uploads\/cp.sansebastian.meco\/2025\/04\/Copia-de-sae-mecoo-2-350x247.png 350w, https:\/\/site.educa.madrid.org\/cp.sansebastian.meco\/\/wp-content\/uploads\/cp.sansebastian.meco\/2025\/04\/Copia-de-sae-mecoo-2-480x339.png 480w, https:\/\/site.educa.madrid.org\/cp.sansebastian.meco\/\/wp-content\/uploads\/cp.sansebastian.meco\/2025\/04\/Copia-de-sae-mecoo-2.png 2000w\" sizes=\"auto, (max-width: 1024px) 100vw, 1024px\" \/><\/figure>\n<\/div>\n\n\n\n<div class=\"wp-block-column is-layout-flow wp-block-column-is-layout-flow\">\n<figure class=\"wp-block-image size-large\"><img loading=\"lazy\" decoding=\"async\" width=\"1024\" height=\"724\" src=\"https:\/\/site.educa.madrid.org\/cp.sansebastian.meco\/\/wp-content\/uploads\/cp.sansebastian.meco\/2025\/04\/cambridge-1024x724.png\" alt=\"\" class=\"wp-image-8833\" srcset=\"https:\/\/site.educa.madrid.org\/cp.sansebastian.meco\/\/wp-content\/uploads\/cp.sansebastian.meco\/2025\/04\/cambridge-1024x724.png 1024w, https:\/\/site.educa.madrid.org\/cp.sansebastian.meco\/\/wp-content\/uploads\/cp.sansebastian.meco\/2025\/04\/cambridge-300x212.png 300w, https:\/\/site.educa.madrid.org\/cp.sansebastian.meco\/\/wp-content\/uploads\/cp.sansebastian.meco\/2025\/04\/cambridge-768x543.png 768w, https:\/\/site.educa.madrid.org\/cp.sansebastian.meco\/\/wp-content\/uploads\/cp.sansebastian.meco\/2025\/04\/cambridge-1536x1086.png 1536w, https:\/\/site.educa.madrid.org\/cp.sansebastian.meco\/\/wp-content\/uploads\/cp.sansebastian.meco\/2025\/04\/cambridge-1000x707.png 1000w, https:\/\/site.educa.madrid.org\/cp.sansebastian.meco\/\/wp-content\/uploads\/cp.sansebastian.meco\/2025\/04\/cambridge-230x163.png 230w, https:\/\/site.educa.madrid.org\/cp.sansebastian.meco\/\/wp-content\/uploads\/cp.sansebastian.meco\/2025\/04\/cambridge-350x247.png 350w, https:\/\/site.educa.madrid.org\/cp.sansebastian.meco\/\/wp-content\/uploads\/cp.sansebastian.meco\/2025\/04\/cambridge-480x339.png 480w, https:\/\/site.educa.madrid.org\/cp.sansebastian.meco\/\/wp-content\/uploads\/cp.sansebastian.meco\/2025\/04\/cambridge.png 2000w\" sizes=\"auto, (max-width: 1024px) 100vw, 1024px\" \/><\/figure>\n<\/div>\n<\/div>\n\n\n<p>En el CEIP San Sebasti\u00e1n se llevan a cabo pruebas externas de ingl\u00e9s en 6\u00ba de primaria, esta prueba organizada por Cambridge es&nbsp;<strong>obligatoria<\/strong>&nbsp;para el alumnado de 6\u00ba de primaria (niveles A2 y B1)&nbsp; y determina su posible incorporaci\u00f3n a la v\u00eda Secci\u00f3n biling\u00fce de un instituto biling\u00fce espa\u00f1ol \u2013 ingl\u00e9s. Adem\u00e1s se obtiene titulaci\u00f3n de forma gratuita.<\/p>\n\n\n<div class=\"wp-block-buttons is-content-justification-center is-layout-flex wp-container-core-buttons-is-layout-16018d1d wp-block-buttons-is-layout-flex\">\n<div class=\"wp-block-button is-style-fill\"><a class=\"wp-block-button__link has-vivid-cyan-blue-background-color has-background wp-element-button\">prueba cambridge<\/a><\/div>\n<\/div>\n\n\n\n<hr class=\"wp-block-separator has-alpha-channel-opacity\"\/>\n\n\n\n<p>Este curso La Comunidad de Madrid vuelve a realizar las <strong>pruebas externas de 4\u00ba y 6\u00ba de primaria,<\/strong> estas pruebas se realizar\u00e1n en todos los centros educativos los d\u00edas <strong>29 y 30 de abril de 2025.<\/strong><\/p>\n\n\n\n<p>Estas pruebas eval\u00faan <u style=\"font-weight: bold;\">el grado de dominio de las competencias clave en comunicaci\u00f3n pluriling\u00fce, comunicaci\u00f3n ling\u00fc\u00edstica, competencia matem\u00e1tica, competencia en ciencia, tecnolog\u00eda e ingenier\u00eda y competencia personal, social y de aprender a aprender.<\/u><\/p>\n\n\n\n<p>Estas evaluaciones tienen en la Comunidad de Madrid un&nbsp;<strong><u>car\u00e1cter orientador, formativo, informativo e interno, siendo realizadas en todos los centros educativos y debiendo participar en ellas todo el alumnado matriculado en los cursos en los que se realiza<\/u><\/strong><\/p>\n\n\n\n<div class=\"wp-block-buttons is-content-justification-center is-layout-flex wp-container-core-buttons-is-layout-14c487f4 wp-block-buttons-is-layout-flex\">\n<div class=\"wp-block-button is-style-fill\"><a class=\"wp-block-button__link wp-element-button\">M\u00c1S INFORMACI\u00d3N<\/a><\/div>\n<\/div>\n","protected":false},"excerpt":{"rendered":"<p>En el CEIP San Sebasti\u00e1n se llevan a cabo pruebas externas de ingl\u00e9s en 6\u00ba de primaria, esta prueba organizada por Cambridge [&hellip;]<\/p>\n","protected":false},"author":3,"featured_media":0,"parent":0,"menu_order":0,"comment_status":"closed","ping_status":"closed","template":"","meta":{"footnotes":""},"folder":[],"class_list":["post-7629","page","type-page","status-publish","hentry"],"rttpg_featured_image_url":null,"rttpg_author":{"display_name":"cp.sansebastian.meco","author_link":"https:\/\/site.educa.madrid.org\/cp.sansebastian.meco\/index.php\/author\/cuenta_cp-sansebastian-meco\/"},"rttpg_comment":0,"rttpg_category":false,"rttpg_excerpt":"En el CEIP San Sebasti\u00e1n se llevan a cabo pruebas externas de ingl\u00e9s en 6\u00ba de primaria, esta prueba organizada por Cambridge [&hellip;]","post_mailing_queue_ids":[],"_links":{"self":[{"href":"https:\/\/site.educa.madrid.org\/cp.sansebastian.meco\/index.php\/wp-json\/wp\/v2\/pages\/7629","targetHints":{"allow":["GET"]}}],"collection":[{"href":"https:\/\/site.educa.madrid.org\/cp.sansebastian.meco\/index.php\/wp-json\/wp\/v2\/pages"}],"about":[{"href":"https:\/\/site.educa.madrid.org\/cp.sansebastian.meco\/index.php\/wp-json\/wp\/v2\/types\/page"}],"author":[{"embeddable":true,"href":"https:\/\/site.educa.madrid.org\/cp.sansebastian.meco\/index.php\/wp-json\/wp\/v2\/users\/3"}],"replies":[{"embeddable":true,"href":"https:\/\/site.educa.madrid.org\/cp.sansebastian.meco\/index.php\/wp-json\/wp\/v2\/comments?post=7629"}],"version-history":[{"count":6,"href":"https:\/\/site.educa.madrid.org\/cp.sansebastian.meco\/index.php\/wp-json\/wp\/v2\/pages\/7629\/revisions"}],"predecessor-version":[{"id":8835,"href":"https:\/\/site.educa.madrid.org\/cp.sansebastian.meco\/index.php\/wp-json\/wp\/v2\/pages\/7629\/revisions\/8835"}],"wp:attachment":[{"href":"https:\/\/site.educa.madrid.org\/cp.sansebastian.meco\/index.php\/wp-json\/wp\/v2\/media?parent=7629"}],"wp:term":[{"taxonomy":"folder","embeddable":true,"href":"https:\/\/site.educa.madrid.org\/cp.sansebastian.meco\/index.php\/wp-json\/wp\/v2\/folder?post=7629"}],"curies":[{"name":"wp","href":"https:\/\/api.w.org\/{rel}","templated":true}]}}