{"id":8370,"date":"2024-10-15T17:50:31","date_gmt":"2024-10-15T15:50:31","guid":{"rendered":"https:\/\/site.educa.madrid.org\/cp.sansebastian.meco\/?page_id=8370"},"modified":"2024-10-15T17:57:42","modified_gmt":"2024-10-15T15:57:42","slug":"codigoescuela4-0_madrid","status":"publish","type":"page","link":"https:\/\/site.educa.madrid.org\/cp.sansebastian.meco\/index.php\/codigoescuela4-0_madrid\/","title":{"rendered":"C\u00f3digoEscuela4.0_Madrid"},"content":{"rendered":"<div class=\"wp-block-image\">\n<figure class=\"aligncenter size-large is-resized\"><img loading=\"lazy\" decoding=\"async\" width=\"1024\" height=\"576\" src=\"https:\/\/site.educa.madrid.org\/cp.sansebastian.meco\/\/wp-content\/uploads\/cp.sansebastian.meco\/2024\/10\/\u00a1Enterate-del-Programa-Codigo-Escuela-4.0-pdf-1024x576.jpg\" alt=\"\" class=\"wp-image-8371\" style=\"width:584px;height:auto\" srcset=\"https:\/\/site.educa.madrid.org\/cp.sansebastian.meco\/\/wp-content\/uploads\/cp.sansebastian.meco\/2024\/10\/\u00a1Enterate-del-Programa-Codigo-Escuela-4.0-pdf-1024x576.jpg 1024w, https:\/\/site.educa.madrid.org\/cp.sansebastian.meco\/\/wp-content\/uploads\/cp.sansebastian.meco\/2024\/10\/\u00a1Enterate-del-Programa-Codigo-Escuela-4.0-pdf-300x169.jpg 300w, https:\/\/site.educa.madrid.org\/cp.sansebastian.meco\/\/wp-content\/uploads\/cp.sansebastian.meco\/2024\/10\/\u00a1Enterate-del-Programa-Codigo-Escuela-4.0-pdf-768x432.jpg 768w, https:\/\/site.educa.madrid.org\/cp.sansebastian.meco\/\/wp-content\/uploads\/cp.sansebastian.meco\/2024\/10\/\u00a1Enterate-del-Programa-Codigo-Escuela-4.0-pdf-1000x563.jpg 1000w, https:\/\/site.educa.madrid.org\/cp.sansebastian.meco\/\/wp-content\/uploads\/cp.sansebastian.meco\/2024\/10\/\u00a1Enterate-del-Programa-Codigo-Escuela-4.0-pdf-230x129.jpg 230w, https:\/\/site.educa.madrid.org\/cp.sansebastian.meco\/\/wp-content\/uploads\/cp.sansebastian.meco\/2024\/10\/\u00a1Enterate-del-Programa-Codigo-Escuela-4.0-pdf-350x197.jpg 350w, https:\/\/site.educa.madrid.org\/cp.sansebastian.meco\/\/wp-content\/uploads\/cp.sansebastian.meco\/2024\/10\/\u00a1Enterate-del-Programa-Codigo-Escuela-4.0-pdf-480x270.jpg 480w, https:\/\/site.educa.madrid.org\/cp.sansebastian.meco\/\/wp-content\/uploads\/cp.sansebastian.meco\/2024\/10\/\u00a1Enterate-del-Programa-Codigo-Escuela-4.0-pdf.jpg 1280w\" sizes=\"auto, (max-width: 1024px) 100vw, 1024px\" \/><\/figure>\n<\/div>\n\n<p>Este curso 2024-2025 comienza a implantarse el Programa \u201cC\u00d3DIGO ESCUELA 4.0_Madrid\u201d de la Comunidad de Madrid, que viene a desarrollar el Programa \u201cC\u00f3digo Escuela 4.0\u201d del Ministerio de Educaci\u00f3n, Formaci\u00f3n Profesional y Deportes. El programa C\u00f3digo Escuela 4.0 y las actuaciones que incluye se enmarcan en el Plan<br \/>de Digitalizaci\u00f3n y de Competencias Digitales del Sistema Educativo (Plan #DigEDu) que recoge las iniciativas impulsadas por el Ministerio de Educaci\u00f3n, Formaci\u00f3n Profesional y Deportes dirigidas a mejorar las competencias digitales en el \u00e1mbito educativo.<br \/>El objetivo general del Programa \u201cC\u00d3DIGO ESCUELA 4.0_Madrid\u201d es poner en marcha los mecanismos y procesos necesarios para generalizar y facilitar a los profesores y a los alumnos de los centros educativos financiados con fondos p\u00fablicos el desarrollo de las competencias digitales relacionadas con el pensamiento algor\u00edtmico, la rob\u00f3tica y la<br \/>programaci\u00f3n. Las actuaciones realizadas, deber\u00e1n buscar la consecuci\u00f3n de los siguientes objetivos espec\u00edficos:<br \/>a. Mejorar las competencias digitales de los alumnos, especialmente las referidas al pensamiento algor\u00edtmico, la rob\u00f3tica y a la programaci\u00f3n.<br \/>b. Implementar las competencias digitales en el aula, especialmente las referidas al pensamiento algor\u00edtmico, la rob\u00f3tica y a la programaci\u00f3n, a trav\u00e9s de la formaci\u00f3n de los profesores, de su acompa\u00f1amiento y de la elaboraci\u00f3n de recursos educativos digitales.<br \/>c. <strong>Dotar a los centros educativos del equipamiento necesario para desarrollar las competencias digitales de los alumnos.<\/strong><br \/>d.<strong> Proporcionar una capacitaci\u00f3n t\u00e9cnica adecuada dirigida a los profesores que les permita conocer y familiarizarse con el funcionamiento de las dotaciones tecnol\u00f3gicas que se reciban en su centro educativo.<\/strong><br \/>El plazo de ejecuci\u00f3n del Programa \u201cC\u00d3DIGO ESCUELA 4.0_Madrid\u201d comprende los cursos <strong>2024-2025<\/strong> y <strong>2025-2026<\/strong> para alcanzar los objetivos propuestos.<\/p>\n\n\n<hr class=\"wp-block-separator has-alpha-channel-opacity\"\/>\n\n\n\n<p>Integraci\u00f3n del Programa en el curr\u00edculo educativo de Educaci\u00f3n Infantil, por ejemplo, se podr\u00eda trabajar de las siguientes formas:<br>a. En la asamblea infantil.<br>b. Trabajo de mesa: rob\u00f3tica desenchufada, plantear retos para el robot, etc<br>c. Rinc\u00f3n de construcci\u00f3n: Crear un circuito siguiendo unas instrucciones, circuito libre, etc.<br>d. Rinc\u00f3n de Rob\u00f3tica en el aula o espacios maker espec\u00edficos del centro.<br>e. Otras.<\/p>\n\n\n\n<hr class=\"wp-block-separator has-alpha-channel-opacity\"\/>\n\n\n\n<p>Para trabajar la Rob\u00f3tica en Educaci\u00f3n Primaria se plantean tres escenarios posibles de integrar el Programa en el curr\u00edculo educativo:<br>a) En el \u00e1rea de MATEM\u00c1TICAS (directamente aplicable en el curso 2024-2025). Dedicando una sesi\u00f3n semanal del \u00e1rea de Matem\u00e1ticas a trabajar el pensamiento algor\u00edtmico. <br>b) En el \u00e1rea de CIENCIAS NATURALES (directamente aplicable en el curso 2024-2025). Dedicando una sesi\u00f3n semanal del \u00e1rea de Ciencias de la Naturaleza a trabajar el bloque de contenido \u201cTecnolog\u00eda y Digitalizaci\u00f3n\u201d<br>c) Implantando el \u00e1rea de Tecnolog\u00eda y Rob\u00f3tica, previo consenso y aprobaci\u00f3n del equipo docente del centro.<\/p>\n\n\n\n<p>NOTA: en las tres opciones es necesario contar con profesorado formado para ello. Este programa no conlleva AUMENTO del profesorado del centro.<\/p>\n","protected":false},"excerpt":{"rendered":"<p>Este curso 2024-2025 comienza a implantarse el Programa \u201cC\u00d3DIGO ESCUELA 4.0_Madrid\u201d de la Comunidad de Madrid, que viene a desarrollar el Programa [&hellip;]<\/p>\n","protected":false},"author":3,"featured_media":0,"parent":0,"menu_order":0,"comment_status":"closed","ping_status":"closed","template":"","meta":{"footnotes":""},"folder":[],"class_list":["post-8370","page","type-page","status-publish","hentry"],"rttpg_featured_image_url":null,"rttpg_author":{"display_name":"cp.sansebastian.meco","author_link":"https:\/\/site.educa.madrid.org\/cp.sansebastian.meco\/index.php\/author\/cuenta_cp-sansebastian-meco\/"},"rttpg_comment":0,"rttpg_category":false,"rttpg_excerpt":"Este curso 2024-2025 comienza a implantarse el Programa \u201cC\u00d3DIGO ESCUELA 4.0_Madrid\u201d de la Comunidad de Madrid, que viene a desarrollar el Programa [&hellip;]","post_mailing_queue_ids":[],"_links":{"self":[{"href":"https:\/\/site.educa.madrid.org\/cp.sansebastian.meco\/index.php\/wp-json\/wp\/v2\/pages\/8370","targetHints":{"allow":["GET"]}}],"collection":[{"href":"https:\/\/site.educa.madrid.org\/cp.sansebastian.meco\/index.php\/wp-json\/wp\/v2\/pages"}],"about":[{"href":"https:\/\/site.educa.madrid.org\/cp.sansebastian.meco\/index.php\/wp-json\/wp\/v2\/types\/page"}],"author":[{"embeddable":true,"href":"https:\/\/site.educa.madrid.org\/cp.sansebastian.meco\/index.php\/wp-json\/wp\/v2\/users\/3"}],"replies":[{"embeddable":true,"href":"https:\/\/site.educa.madrid.org\/cp.sansebastian.meco\/index.php\/wp-json\/wp\/v2\/comments?post=8370"}],"version-history":[{"count":3,"href":"https:\/\/site.educa.madrid.org\/cp.sansebastian.meco\/index.php\/wp-json\/wp\/v2\/pages\/8370\/revisions"}],"predecessor-version":[{"id":8376,"href":"https:\/\/site.educa.madrid.org\/cp.sansebastian.meco\/index.php\/wp-json\/wp\/v2\/pages\/8370\/revisions\/8376"}],"wp:attachment":[{"href":"https:\/\/site.educa.madrid.org\/cp.sansebastian.meco\/index.php\/wp-json\/wp\/v2\/media?parent=8370"}],"wp:term":[{"taxonomy":"folder","embeddable":true,"href":"https:\/\/site.educa.madrid.org\/cp.sansebastian.meco\/index.php\/wp-json\/wp\/v2\/folder?post=8370"}],"curies":[{"name":"wp","href":"https:\/\/api.w.org\/{rel}","templated":true}]}}