{"id":10,"date":"2020-03-02T20:11:24","date_gmt":"2020-03-02T19:11:24","guid":{"rendered":"https:\/\/seisdediciembre.com\/?page_id=10"},"modified":"2023-04-18T13:21:52","modified_gmt":"2023-04-18T11:21:52","slug":"quienes-somos","status":"publish","type":"page","link":"https:\/\/site.educa.madrid.org\/cp.seisdediciembre.torrejondeardoz\/index.php\/el-colegio\/quienes-somos\/","title":{"rendered":"Qui\u00e9nes somos"},"content":{"rendered":"<h2><img loading=\"lazy\" decoding=\"async\" class=\"wp-image-357  alignright\" src=\"https:\/\/site.educa.madrid.org\/cp.seisdediciembre.torrejondeardoz\/\/wp-content\/uploads\/cp.seisdediciembre.torrejondeardoz\/2020\/03\/WhatsApp-Image-2020-03-04-at-13.49.50.jpeg\" alt=\"\" width=\"453\" height=\"340\" srcset=\"https:\/\/site.educa.madrid.org\/cp.seisdediciembre.torrejondeardoz\/\/wp-content\/uploads\/cp.seisdediciembre.torrejondeardoz\/2020\/03\/WhatsApp-Image-2020-03-04-at-13.49.50.jpeg 927w, https:\/\/site.educa.madrid.org\/cp.seisdediciembre.torrejondeardoz\/\/wp-content\/uploads\/cp.seisdediciembre.torrejondeardoz\/2020\/03\/WhatsApp-Image-2020-03-04-at-13.49.50-300x225.jpeg 300w, https:\/\/site.educa.madrid.org\/cp.seisdediciembre.torrejondeardoz\/\/wp-content\/uploads\/cp.seisdediciembre.torrejondeardoz\/2020\/03\/WhatsApp-Image-2020-03-04-at-13.49.50-768x576.jpeg 768w\" sizes=\"auto, (max-width: 453px) 100vw, 453px\" \/>IDENTIDAD<\/h2>\n<ul type=\"disc\">\n<li>Somos un Centro de titularidad p\u00fablica que imparte los niveles de Educaci\u00f3n Infantil y Educaci\u00f3n Primaria.<\/li>\n<\/ul>\n<ul type=\"disc\">\n<li>No somos biling\u00fces, por propia convicci\u00f3n, pero hacemos una apuesta decidida por el aprendizaje del ingl\u00e9s desde Educaci\u00f3n Infantil ampliando horas para su estudio y conocimiento. No damos otras asignaturas en ingl\u00e9s.<\/li>\n<\/ul>\n<ul type=\"disc\">\n<li>Apostamos por el uso de las Tecnolog\u00edas de la Informaci\u00f3n y Comunicaci\u00f3n en el aula.<\/li>\n<\/ul>\n<ul type=\"disc\">\n<li>Contamos con un equipo pedag\u00f3gico estable, la mayor\u00eda de los profesores son definitivos en el Centro.<\/li>\n<\/ul>\n<ul type=\"disc\">\n<li>Trabajamos por los Valores Sociales, el Conocimiento Propio y la Resoluci\u00f3n de Conflictos, con programas espec\u00edficos para la Convivencia Escolar<\/li>\n<\/ul>\n<ul type=\"disc\">\n<li>Los buenos resultados obtenidos en las pruebas externas realizadas en el Centro nos avalan, manteniendo siempre a lo largo de los a\u00f1os una calificaci\u00f3n de NOTABLE.<\/li>\n<\/ul>\n<ul type=\"disc\">\n<li>\n<div>Pretendemos abrir la puerta a diversos mundos\u2026literarios\u2026 creativos\u2026cient\u00ed\ufb01cos\u2026 tecnol\u00f3gicos y saludables.<\/div>\n<\/li>\n<\/ul>\n<blockquote><p><strong>\u00a1Formamos con ilusi\u00f3n para el futuro!<\/strong><\/p><\/blockquote>\n<p>&nbsp;<\/p>\n<h2>FINALIDADES<\/h2>\n<div>\n<p>El objetivo final de nuestro Proyecto Educativo es facilitar el desarrollo integral de la personalidad de nuestros alumnos, orientado por los principios que rigen la Constituci\u00f3n Espa\u00f1ola.<\/p>\n<\/div>\n<div><strong>Principios Metodol\u00f3gicos:<\/strong> Nuestros docentes desarrollan una metodolog\u00eda activa y participativa que potencia el aprendizaje signi\ufb01cativo, creativo e integral.<\/div>\n<div><\/div>\n<div><strong>Finalidades:<\/strong><\/div>\n<div>\n<ul type=\"disc\">\n<li>Que tenga un car\u00e1cter democr\u00e1tico.<\/li>\n<li>Que sea un colegio creativo, fomentando la iniciativa individual y la creatividad.<\/li>\n<li>Que posea un talante tolerante.<\/li>\n<li>Que fomente la participaci\u00f3n y la no competitividad.<\/li>\n<li>Que sea pluralista, aceptando a todos en un plano de igualdad, sin actitudes discriminatorias.<\/li>\n<li>Que fomente el esfuerzo individual, el rigor y el estudio.<\/li>\n<li>Que sea un Colegio abierto al entorno social, cultural y natural.<\/li>\n<li>Que fomente valores \u00e9ticos en la sociedad bas\u00e1ndose en la solidaridad, la b\u00fasqueda del bien com\u00fan y el respeto a los derechos humanos.<\/li>\n<li>Que sea un Colegio integrador, capaz de considerar al alumno en todos los aspectos de su persona<\/li>\n<\/ul>\n<\/div>\n<div><strong>Atenci\u00f3n Psicopedag\u00f3gica:<\/strong> &nbsp;El centro cuenta dentro de su equipo de apoyo con una orientadora, profesor de pedagog\u00eda terap\u00e9utica, de audici\u00f3n y lenguaje y de compensatoria.<\/div>\n<div><\/div>\n<div><strong>Proyectos de Innovaci\u00f3n:<\/strong> Se desarrollan anualmente proyectos educativos encaminados a &nbsp;la mejora de las competencias ling\u00fc\u00edstica, matem\u00e1tica y cient\u00ed\ufb01ca &nbsp;y de la &nbsp;lengua inglesa a trav\u00e9s de las nuevas tecnolog\u00edas.<\/div>\n<div><\/div>\n<div><strong>Atenci\u00f3n a las Familias:<\/strong> Tenemos programas de escuela de padres, charlas informativas, implicaci\u00f3n en actividades de centro, p\u00e1gina web, para hacerles part\u00edcipes de la formaci\u00f3n de sus hijos<\/div>\n<div><\/div>\n<div><img loading=\"lazy\" decoding=\"async\" class=\"alignnone wp-image-397 size-full\" src=\"https:\/\/site.educa.madrid.org\/cp.seisdediciembre.torrejondeardoz\/\/wp-content\/uploads\/cp.seisdediciembre.torrejondeardoz\/2020\/03\/exterior-pabellones-1-y-2-scaled-1.jpg\" alt=\"\" width=\"2560\" height=\"1920\" srcset=\"https:\/\/site.educa.madrid.org\/cp.seisdediciembre.torrejondeardoz\/\/wp-content\/uploads\/cp.seisdediciembre.torrejondeardoz\/2020\/03\/exterior-pabellones-1-y-2-scaled-1.jpg 2560w, https:\/\/site.educa.madrid.org\/cp.seisdediciembre.torrejondeardoz\/\/wp-content\/uploads\/cp.seisdediciembre.torrejondeardoz\/2020\/03\/exterior-pabellones-1-y-2-scaled-1-300x225.jpg 300w, https:\/\/site.educa.madrid.org\/cp.seisdediciembre.torrejondeardoz\/\/wp-content\/uploads\/cp.seisdediciembre.torrejondeardoz\/2020\/03\/exterior-pabellones-1-y-2-scaled-1-1024x768.jpg 1024w, https:\/\/site.educa.madrid.org\/cp.seisdediciembre.torrejondeardoz\/\/wp-content\/uploads\/cp.seisdediciembre.torrejondeardoz\/2020\/03\/exterior-pabellones-1-y-2-scaled-1-768x576.jpg 768w, https:\/\/site.educa.madrid.org\/cp.seisdediciembre.torrejondeardoz\/\/wp-content\/uploads\/cp.seisdediciembre.torrejondeardoz\/2020\/03\/exterior-pabellones-1-y-2-scaled-1-1536x1152.jpg 1536w, https:\/\/site.educa.madrid.org\/cp.seisdediciembre.torrejondeardoz\/\/wp-content\/uploads\/cp.seisdediciembre.torrejondeardoz\/2020\/03\/exterior-pabellones-1-y-2-scaled-1-2048x1536.jpg 2048w\" sizes=\"auto, (max-width: 2560px) 100vw, 2560px\" \/><\/div>\n","protected":false},"excerpt":{"rendered":"<p>No somos biling\u00fces, por propia convicci\u00f3n, pero hacemos una apuesta decidida por el aprendizaje del ingl\u00e9s desde Educaci\u00f3n Infantil ampliando horas para su estudio y conocimiento. No damos otras asignaturas en ingl\u00e9s.<\/p>\n","protected":false},"author":3,"featured_media":2373,"parent":7,"menu_order":0,"comment_status":"closed","ping_status":"closed","template":"page-templates\/page_fullwidth.php","meta":{"footnotes":""},"folder":[],"class_list":["post-10","page","type-page","status-publish","has-post-thumbnail","hentry"],"rttpg_featured_image_url":{"full":["https:\/\/site.educa.madrid.org\/cp.seisdediciembre.torrejondeardoz\/\/wp-content\/uploads\/cp.seisdediciembre.torrejondeardoz\/2020\/03\/escudo-del-centro-scaled-1.jpg",2560,1920,false],"landscape":["https:\/\/site.educa.madrid.org\/cp.seisdediciembre.torrejondeardoz\/\/wp-content\/uploads\/cp.seisdediciembre.torrejondeardoz\/2020\/03\/escudo-del-centro-scaled-1.jpg",2560,1920,false],"portraits":["https:\/\/site.educa.madrid.org\/cp.seisdediciembre.torrejondeardoz\/\/wp-content\/uploads\/cp.seisdediciembre.torrejondeardoz\/2020\/03\/escudo-del-centro-scaled-1.jpg",2560,1920,false],"thumbnail":["https:\/\/site.educa.madrid.org\/cp.seisdediciembre.torrejondeardoz\/\/wp-content\/uploads\/cp.seisdediciembre.torrejondeardoz\/2020\/03\/escudo-del-centro-scaled-1-150x150.jpg",150,150,true],"medium":["https:\/\/site.educa.madrid.org\/cp.seisdediciembre.torrejondeardoz\/\/wp-content\/uploads\/cp.seisdediciembre.torrejondeardoz\/2020\/03\/escudo-del-centro-scaled-1-300x225.jpg",300,225,true],"large":["https:\/\/site.educa.madrid.org\/cp.seisdediciembre.torrejondeardoz\/\/wp-content\/uploads\/cp.seisdediciembre.torrejondeardoz\/2020\/03\/escudo-del-centro-scaled-1-1024x768.jpg",1024,768,true],"thumblist":["https:\/\/site.educa.madrid.org\/cp.seisdediciembre.torrejondeardoz\/\/wp-content\/uploads\/cp.seisdediciembre.torrejondeardoz\/2020\/03\/escudo-del-centro-scaled-1-300x300.jpg",300,300,true],"thumbrelated":["https:\/\/site.educa.madrid.org\/cp.seisdediciembre.torrejondeardoz\/\/wp-content\/uploads\/cp.seisdediciembre.torrejondeardoz\/2020\/03\/escudo-del-centro-scaled-1.jpg",500,375,false],"meccarouselthumb":["https:\/\/site.educa.madrid.org\/cp.seisdediciembre.torrejondeardoz\/\/wp-content\/uploads\/cp.seisdediciembre.torrejondeardoz\/2020\/03\/escudo-del-centro-scaled-1-474x324.jpg",474,324,true],"gridsquare":["https:\/\/site.educa.madrid.org\/cp.seisdediciembre.torrejondeardoz\/\/wp-content\/uploads\/cp.seisdediciembre.torrejondeardoz\/2020\/03\/escudo-del-centro-scaled-1-391x260.jpg",391,260,true],"tileview":["https:\/\/site.educa.madrid.org\/cp.seisdediciembre.torrejondeardoz\/\/wp-content\/uploads\/cp.seisdediciembre.torrejondeardoz\/2020\/03\/escudo-del-centro-scaled-1-300x400.jpg",300,400,true],"1536x1536":["https:\/\/site.educa.madrid.org\/cp.seisdediciembre.torrejondeardoz\/\/wp-content\/uploads\/cp.seisdediciembre.torrejondeardoz\/2020\/03\/escudo-del-centro-scaled-1-1536x1152.jpg",1536,1152,true],"2048x2048":["https:\/\/site.educa.madrid.org\/cp.seisdediciembre.torrejondeardoz\/\/wp-content\/uploads\/cp.seisdediciembre.torrejondeardoz\/2020\/03\/escudo-del-centro-scaled-1-2048x1536.jpg",2048,1536,true],"sydney-large-thumb":["https:\/\/site.educa.madrid.org\/cp.seisdediciembre.torrejondeardoz\/\/wp-content\/uploads\/cp.seisdediciembre.torrejondeardoz\/2020\/03\/escudo-del-centro-scaled-1.jpg",1000,750,false],"sydney-medium-thumb":["https:\/\/site.educa.madrid.org\/cp.seisdediciembre.torrejondeardoz\/\/wp-content\/uploads\/cp.seisdediciembre.torrejondeardoz\/2020\/03\/escudo-del-centro-scaled-1.jpg",533,400,false],"sydney-small-thumb":["https:\/\/site.educa.madrid.org\/cp.seisdediciembre.torrejondeardoz\/\/wp-content\/uploads\/cp.seisdediciembre.torrejondeardoz\/2020\/03\/escudo-del-centro-scaled-1.jpg",230,173,false],"sydney-service-thumb":["https:\/\/site.educa.madrid.org\/cp.seisdediciembre.torrejondeardoz\/\/wp-content\/uploads\/cp.seisdediciembre.torrejondeardoz\/2020\/03\/escudo-del-centro-scaled-1.jpg",350,263,false],"sydney-mas-thumb":["https:\/\/site.educa.madrid.org\/cp.seisdediciembre.torrejondeardoz\/\/wp-content\/uploads\/cp.seisdediciembre.torrejondeardoz\/2020\/03\/escudo-del-centro-scaled-1.jpg",480,360,false],"sow-carousel-default":["https:\/\/site.educa.madrid.org\/cp.seisdediciembre.torrejondeardoz\/\/wp-content\/uploads\/cp.seisdediciembre.torrejondeardoz\/2020\/03\/escudo-del-centro-scaled-1-272x182.jpg",272,182,true],"sow-post-carousel-overlay-theme":["https:\/\/site.educa.madrid.org\/cp.seisdediciembre.torrejondeardoz\/\/wp-content\/uploads\/cp.seisdediciembre.torrejondeardoz\/2020\/03\/escudo-del-centro-scaled-1.jpg",360,270,false],"sow-post-carousel-cards-theme":["https:\/\/site.educa.madrid.org\/cp.seisdediciembre.torrejondeardoz\/\/wp-content\/uploads\/cp.seisdediciembre.torrejondeardoz\/2020\/03\/escudo-del-centro-scaled-1.jpg",320,240,false],"rt_custom":["https:\/\/site.educa.madrid.org\/cp.seisdediciembre.torrejondeardoz\/\/wp-content\/uploads\/cp.seisdediciembre.torrejondeardoz\/2020\/03\/escudo-del-centro-scaled-1.jpg",2560,1920,false]},"rttpg_author":{"display_name":"cp.seisdediciembre.torrejondeardoz","author_link":"https:\/\/site.educa.madrid.org\/cp.seisdediciembre.torrejondeardoz\/index.php\/author\/cuenta_cp-seisdediciembre-torrejondeardoz\/"},"rttpg_comment":0,"rttpg_category":false,"rttpg_excerpt":"No somos biling\u00fces, por propia convicci\u00f3n, pero hacemos una apuesta decidida por el aprendizaje del ingl\u00e9s desde Educaci\u00f3n Infantil ampliando horas para su estudio y conocimiento. No damos otras asignaturas en ingl\u00e9s.","post_mailing_queue_ids":[],"_links":{"self":[{"href":"https:\/\/site.educa.madrid.org\/cp.seisdediciembre.torrejondeardoz\/index.php\/wp-json\/wp\/v2\/pages\/10","targetHints":{"allow":["GET"]}}],"collection":[{"href":"https:\/\/site.educa.madrid.org\/cp.seisdediciembre.torrejondeardoz\/index.php\/wp-json\/wp\/v2\/pages"}],"about":[{"href":"https:\/\/site.educa.madrid.org\/cp.seisdediciembre.torrejondeardoz\/index.php\/wp-json\/wp\/v2\/types\/page"}],"author":[{"embeddable":true,"href":"https:\/\/site.educa.madrid.org\/cp.seisdediciembre.torrejondeardoz\/index.php\/wp-json\/wp\/v2\/users\/3"}],"replies":[{"embeddable":true,"href":"https:\/\/site.educa.madrid.org\/cp.seisdediciembre.torrejondeardoz\/index.php\/wp-json\/wp\/v2\/comments?post=10"}],"version-history":[{"count":1,"href":"https:\/\/site.educa.madrid.org\/cp.seisdediciembre.torrejondeardoz\/index.php\/wp-json\/wp\/v2\/pages\/10\/revisions"}],"predecessor-version":[{"id":2548,"href":"https:\/\/site.educa.madrid.org\/cp.seisdediciembre.torrejondeardoz\/index.php\/wp-json\/wp\/v2\/pages\/10\/revisions\/2548"}],"up":[{"embeddable":true,"href":"https:\/\/site.educa.madrid.org\/cp.seisdediciembre.torrejondeardoz\/index.php\/wp-json\/wp\/v2\/pages\/7"}],"wp:featuredmedia":[{"embeddable":true,"href":"https:\/\/site.educa.madrid.org\/cp.seisdediciembre.torrejondeardoz\/index.php\/wp-json\/wp\/v2\/media\/2373"}],"wp:attachment":[{"href":"https:\/\/site.educa.madrid.org\/cp.seisdediciembre.torrejondeardoz\/index.php\/wp-json\/wp\/v2\/media?parent=10"}],"wp:term":[{"taxonomy":"folder","embeddable":true,"href":"https:\/\/site.educa.madrid.org\/cp.seisdediciembre.torrejondeardoz\/index.php\/wp-json\/wp\/v2\/folder?post=10"}],"curies":[{"name":"wp","href":"https:\/\/api.w.org\/{rel}","templated":true}]}}