{"id":101,"date":"2021-03-17T18:47:55","date_gmt":"2021-03-17T17:47:55","guid":{"rendered":"https:\/\/seisdediciembre.com\/?page_id=101"},"modified":"2023-04-20T11:49:59","modified_gmt":"2023-04-20T09:49:59","slug":"mejora-de-la-convivencia","status":"publish","type":"page","link":"https:\/\/site.educa.madrid.org\/cp.seisdediciembre.torrejondeardoz\/index.php\/mejora-de-la-convivencia\/","title":{"rendered":"Mejora de la convivencia y de la tolerancia"},"content":{"rendered":"\n<blockquote class=\"wp-block-quote is-layout-flow wp-block-quote-is-layout-flow\"><p>&nbsp;Uno de nuestros objetivos principales es el desarrollo en nuestros alumnos de la Tolerancia y los valores b\u00e1sicos de respeto hacia cualquier miembro de la Comunidad Educativa.<\/p><\/blockquote>\n\n\n\n<p>En el centro, entendemos que la Tolerancia es uno de los ejes centrales para promover y mejorar la convivencia, puesto que educamos en el respeto, la aceptaci\u00f3n y el aprecio por la diversidad de formas de expresi\u00f3n. La tolerancia consiste en <strong>\u201cla armon\u00eda en la diferencia\u201d.<\/strong><\/p>\n\n\n\n<p>Nuestros alumnos han firmado su contrato de convivencia y deseamos compartirlos con toda la comunidad educativa:<\/p>\n\n\n\n<div class=\"wp-block-buttons is-layout-flex wp-block-buttons-is-layout-flex\">\n<div class=\"wp-block-button\"><a class=\"wp-block-button__link has-vivid-cyan-blue-background-color has-background\" href=\"https:\/\/site.educa.madrid.org\/cp.seisdediciembre.torrejondeardoz\/\/wp-content\/uploads\/cp.seisdediciembre.torrejondeardoz\/2022\/10\/CONVIVENCIA-Tolerancia-Alumnos.pdf\" target=\"_blank\" rel=\"noreferrer noopener\">contrato de convivencia<\/a><\/div>\n<\/div>\n\n\n\n<div style=\"height:3px\" aria-hidden=\"true\" class=\"wp-block-spacer\"><\/div>\n\n\n\n<p>Asimismo queremos compartir a las familias nuestra Pol\u00edtica de Tolerancia:<\/p>\n\n\n\n<div class=\"wp-block-buttons is-layout-flex wp-block-buttons-is-layout-flex\">\n<div class=\"wp-block-button\"><a class=\"wp-block-button__link has-vivid-cyan-blue-background-color has-background\" href=\"https:\/\/site.educa.madrid.org\/cp.seisdediciembre.torrejondeardoz\/\/wp-content\/uploads\/cp.seisdediciembre.torrejondeardoz\/2022\/10\/politica-de-tolerancia.pdf\" target=\"_blank\" rel=\"noreferrer noopener\">Pol\u00edtica de tolerancia<\/a><\/div>\n<\/div>\n\n\n\n<div style=\"height:2px\" aria-hidden=\"true\" class=\"wp-block-spacer\"><\/div>\n\n\n\n<figure class=\"wp-block-image\"><img loading=\"lazy\" decoding=\"async\" width=\"1344\" height=\"890\" src=\"https:\/\/site.educa.madrid.org\/cp.seisdediciembre.torrejondeardoz\/\/wp-content\/uploads\/cp.seisdediciembre.torrejondeardoz\/2021\/03\/Convivencia_SeisDiciembre.jpg\" alt=\"\" class=\"wp-image-1389\" srcset=\"https:\/\/site.educa.madrid.org\/cp.seisdediciembre.torrejondeardoz\/\/wp-content\/uploads\/cp.seisdediciembre.torrejondeardoz\/2021\/03\/Convivencia_SeisDiciembre.jpg 1344w, https:\/\/site.educa.madrid.org\/cp.seisdediciembre.torrejondeardoz\/\/wp-content\/uploads\/cp.seisdediciembre.torrejondeardoz\/2021\/03\/Convivencia_SeisDiciembre-300x199.jpg 300w, https:\/\/site.educa.madrid.org\/cp.seisdediciembre.torrejondeardoz\/\/wp-content\/uploads\/cp.seisdediciembre.torrejondeardoz\/2021\/03\/Convivencia_SeisDiciembre-1024x678.jpg 1024w, https:\/\/site.educa.madrid.org\/cp.seisdediciembre.torrejondeardoz\/\/wp-content\/uploads\/cp.seisdediciembre.torrejondeardoz\/2021\/03\/Convivencia_SeisDiciembre-768x509.jpg 768w, https:\/\/site.educa.madrid.org\/cp.seisdediciembre.torrejondeardoz\/\/wp-content\/uploads\/cp.seisdediciembre.torrejondeardoz\/2021\/03\/Convivencia_SeisDiciembre-391x260.jpg 391w\" sizes=\"auto, (max-width: 1344px) 100vw, 1344px\" \/><\/figure>\n\n\n\n<p>En el 6DI trabajamos:<\/p>\n\n\n\n<ul class=\"wp-block-list\"><li>La educaci\u00f3n inclusiva.<\/li><li>La prevenci\u00f3n de las situaciones de violencia causadas por la intolerancia.<\/li><li>La igualdad de g\u00e9nero.<\/li><li>La promoci\u00f3n de las actitudes, valores y habilidades en nuestros alumnos que les ayuden en el desarrollo de competencias para la tolerancia y la convivencia, no solo en las aulas, sino como educaci\u00f3n de personas que forman parte de nuestra sociedad.<\/li><li>La resoluci\u00f3n de conflictos de forma positiva.<\/li><\/ul>\n\n\n\n<div data-wp-interactive=\"core\/file\" class=\"wp-block-file\"><object data-wp-bind--hidden=\"!state.hasPdfPreview\" hidden class=\"wp-block-file__embed\" data=\"https:\/\/site.educa.madrid.org\/cp.seisdediciembre.torrejondeardoz\/\/wp-content\/uploads\/cp.seisdediciembre.torrejondeardoz\/2022\/10\/EN-EL-6DI.pdf\" type=\"application\/pdf\" style=\"width:100%;height:600px\" aria-label=\"Incrustado de Incrustado de EN EL 6DI..\"><\/object><a id=\"wp-block-file--media-71e40034-8c4d-4d2c-a13b-fab86afa49c8\" href=\"https:\/\/site.educa.madrid.org\/cp.seisdediciembre.torrejondeardoz\/\/wp-content\/uploads\/cp.seisdediciembre.torrejondeardoz\/2022\/10\/EN-EL-6DI.pdf\">EN EL 6DI<\/a><a href=\"https:\/\/site.educa.madrid.org\/cp.seisdediciembre.torrejondeardoz\/\/wp-content\/uploads\/cp.seisdediciembre.torrejondeardoz\/2022\/10\/EN-EL-6DI.pdf\" class=\"wp-block-file__button\" download aria-describedby=\"wp-block-file--media-71e40034-8c4d-4d2c-a13b-fab86afa49c8\">Descarga<\/a><\/div>\n\n\n\n<div style=\"height:3px\" aria-hidden=\"true\" class=\"wp-block-spacer\"><\/div>\n\n\n\n<p>Las medidas recogidas en el Plan de Convivencia van dirigidas al cumplimiento de las normas a trav\u00e9s de diferentes proyectos:<\/p>\n\n\n\n<ul class=\"wp-block-list\"><li><u>\u201cCentro Tolerante\u201d<\/u>&#8211; Nuestro centro ha formado parte del comit\u00e9 t\u00e9cnico de UNE (Asociaci\u00f3n Espa\u00f1ola de Normalizaci\u00f3n) para trabajar una norma avalada por dicha asociaci\u00f3n \u201cTolerancia en centros educativos no universitarios\u201d y obtener la Certificaci\u00f3n de \u201cCentro Tolerante\u201d, en el marco del Proyecto de la Comunidad de Madrid \u00b7Educando en Tolerancia\u201d.<\/li><\/ul>\n\n\n\n<div data-wp-interactive=\"core\/file\" class=\"wp-block-file\"><object data-wp-bind--hidden=\"!state.hasPdfPreview\" hidden class=\"wp-block-file__embed\" data=\"https:\/\/site.educa.madrid.org\/cp.seisdediciembre.torrejondeardoz\/\/wp-content\/uploads\/cp.seisdediciembre.torrejondeardoz\/2022\/11\/GESTION-DE-LA-TOLERANCIA-web-centro.pdf\" type=\"application\/pdf\" style=\"width:100%;height:600px\" aria-label=\"Incrustado de Incrustado de GESTION DE LA TOLERANCIA (web centro)..\"><\/object><a id=\"wp-block-file--media-42ca31cc-bb76-4058-8ff8-e58a42bf8eee\" href=\"https:\/\/site.educa.madrid.org\/cp.seisdediciembre.torrejondeardoz\/\/wp-content\/uploads\/cp.seisdediciembre.torrejondeardoz\/2022\/11\/GESTION-DE-LA-TOLERANCIA-web-centro.pdf\">GESTION DE LA TOLERANCIA (web centro)<\/a><a href=\"https:\/\/site.educa.madrid.org\/cp.seisdediciembre.torrejondeardoz\/\/wp-content\/uploads\/cp.seisdediciembre.torrejondeardoz\/2022\/11\/GESTION-DE-LA-TOLERANCIA-web-centro.pdf\" class=\"wp-block-file__button\" download aria-describedby=\"wp-block-file--media-42ca31cc-bb76-4058-8ff8-e58a42bf8eee\">Descarga<\/a><\/div>\n\n\n\n<div style=\"height:5px\" aria-hidden=\"true\" class=\"wp-block-spacer\"><\/div>\n\n\n\n<ul class=\"wp-block-list\"><li><u>\u201cH\u00e1blame bonito\u201d<\/u> con el que se trabajan los valores b\u00e1sicos como el saludo, las buenas palabras y los halagos a compa\u00f1eros a trav\u00e9s de retos mensuales.<\/li><\/ul>\n\n\n\n<ul class=\"wp-block-list\"><li><u>Sesi\u00f3n de Tutor\u00eda Quincenal<\/u>. De manera sistem\u00e1tica se trabaja con nuestros alumnos la educaci\u00f3n emocional a trav\u00e9s de programas como \u201cProtegi\u00e9ndote\u201d, \u201cPEDE\u201d u otras din\u00e1micas que se actualizan de manera anual.<\/li><\/ul>\n","protected":false},"excerpt":{"rendered":"<p>&nbsp;Uno de nuestros objetivos principales es el desarrollo en nuestros alumnos de la Tolerancia y los valores b\u00e1sicos de respeto hacia cualquier [&hellip;]<\/p>\n","protected":false},"author":3,"featured_media":2379,"parent":0,"menu_order":0,"comment_status":"closed","ping_status":"closed","template":"page-templates\/page_fullwidth.php","meta":{"footnotes":""},"folder":[],"class_list":["post-101","page","type-page","status-publish","has-post-thumbnail","hentry"],"rttpg_featured_image_url":{"full":["https:\/\/site.educa.madrid.org\/cp.seisdediciembre.torrejondeardoz\/\/wp-content\/uploads\/cp.seisdediciembre.torrejondeardoz\/2020\/03\/Hablame-bonito-4-scaled-1.jpg",2560,1920,false],"landscape":["https:\/\/site.educa.madrid.org\/cp.seisdediciembre.torrejondeardoz\/\/wp-content\/uploads\/cp.seisdediciembre.torrejondeardoz\/2020\/03\/Hablame-bonito-4-scaled-1.jpg",2560,1920,false],"portraits":["https:\/\/site.educa.madrid.org\/cp.seisdediciembre.torrejondeardoz\/\/wp-content\/uploads\/cp.seisdediciembre.torrejondeardoz\/2020\/03\/Hablame-bonito-4-scaled-1.jpg",2560,1920,false],"thumbnail":["https:\/\/site.educa.madrid.org\/cp.seisdediciembre.torrejondeardoz\/\/wp-content\/uploads\/cp.seisdediciembre.torrejondeardoz\/2020\/03\/Hablame-bonito-4-scaled-1-150x150.jpg",150,150,true],"medium":["https:\/\/site.educa.madrid.org\/cp.seisdediciembre.torrejondeardoz\/\/wp-content\/uploads\/cp.seisdediciembre.torrejondeardoz\/2020\/03\/Hablame-bonito-4-scaled-1-300x225.jpg",300,225,true],"large":["https:\/\/site.educa.madrid.org\/cp.seisdediciembre.torrejondeardoz\/\/wp-content\/uploads\/cp.seisdediciembre.torrejondeardoz\/2020\/03\/Hablame-bonito-4-scaled-1-1024x768.jpg",1024,768,true],"thumblist":["https:\/\/site.educa.madrid.org\/cp.seisdediciembre.torrejondeardoz\/\/wp-content\/uploads\/cp.seisdediciembre.torrejondeardoz\/2020\/03\/Hablame-bonito-4-scaled-1-300x300.jpg",300,300,true],"thumbrelated":["https:\/\/site.educa.madrid.org\/cp.seisdediciembre.torrejondeardoz\/\/wp-content\/uploads\/cp.seisdediciembre.torrejondeardoz\/2020\/03\/Hablame-bonito-4-scaled-1.jpg",500,375,false],"meccarouselthumb":["https:\/\/site.educa.madrid.org\/cp.seisdediciembre.torrejondeardoz\/\/wp-content\/uploads\/cp.seisdediciembre.torrejondeardoz\/2020\/03\/Hablame-bonito-4-scaled-1-474x324.jpg",474,324,true],"gridsquare":["https:\/\/site.educa.madrid.org\/cp.seisdediciembre.torrejondeardoz\/\/wp-content\/uploads\/cp.seisdediciembre.torrejondeardoz\/2020\/03\/Hablame-bonito-4-scaled-1-391x260.jpg",391,260,true],"tileview":["https:\/\/site.educa.madrid.org\/cp.seisdediciembre.torrejondeardoz\/\/wp-content\/uploads\/cp.seisdediciembre.torrejondeardoz\/2020\/03\/Hablame-bonito-4-scaled-1-300x400.jpg",300,400,true],"1536x1536":["https:\/\/site.educa.madrid.org\/cp.seisdediciembre.torrejondeardoz\/\/wp-content\/uploads\/cp.seisdediciembre.torrejondeardoz\/2020\/03\/Hablame-bonito-4-scaled-1-1536x1152.jpg",1536,1152,true],"2048x2048":["https:\/\/site.educa.madrid.org\/cp.seisdediciembre.torrejondeardoz\/\/wp-content\/uploads\/cp.seisdediciembre.torrejondeardoz\/2020\/03\/Hablame-bonito-4-scaled-1-2048x1536.jpg",2048,1536,true],"sydney-large-thumb":["https:\/\/site.educa.madrid.org\/cp.seisdediciembre.torrejondeardoz\/\/wp-content\/uploads\/cp.seisdediciembre.torrejondeardoz\/2020\/03\/Hablame-bonito-4-scaled-1.jpg",1000,750,false],"sydney-medium-thumb":["https:\/\/site.educa.madrid.org\/cp.seisdediciembre.torrejondeardoz\/\/wp-content\/uploads\/cp.seisdediciembre.torrejondeardoz\/2020\/03\/Hablame-bonito-4-scaled-1.jpg",533,400,false],"sydney-small-thumb":["https:\/\/site.educa.madrid.org\/cp.seisdediciembre.torrejondeardoz\/\/wp-content\/uploads\/cp.seisdediciembre.torrejondeardoz\/2020\/03\/Hablame-bonito-4-scaled-1.jpg",230,173,false],"sydney-service-thumb":["https:\/\/site.educa.madrid.org\/cp.seisdediciembre.torrejondeardoz\/\/wp-content\/uploads\/cp.seisdediciembre.torrejondeardoz\/2020\/03\/Hablame-bonito-4-scaled-1.jpg",350,263,false],"sydney-mas-thumb":["https:\/\/site.educa.madrid.org\/cp.seisdediciembre.torrejondeardoz\/\/wp-content\/uploads\/cp.seisdediciembre.torrejondeardoz\/2020\/03\/Hablame-bonito-4-scaled-1.jpg",480,360,false],"sow-carousel-default":["https:\/\/site.educa.madrid.org\/cp.seisdediciembre.torrejondeardoz\/\/wp-content\/uploads\/cp.seisdediciembre.torrejondeardoz\/2020\/03\/Hablame-bonito-4-scaled-1-272x182.jpg",272,182,true],"sow-post-carousel-overlay-theme":["https:\/\/site.educa.madrid.org\/cp.seisdediciembre.torrejondeardoz\/\/wp-content\/uploads\/cp.seisdediciembre.torrejondeardoz\/2020\/03\/Hablame-bonito-4-scaled-1.jpg",360,270,false],"sow-post-carousel-cards-theme":["https:\/\/site.educa.madrid.org\/cp.seisdediciembre.torrejondeardoz\/\/wp-content\/uploads\/cp.seisdediciembre.torrejondeardoz\/2020\/03\/Hablame-bonito-4-scaled-1.jpg",320,240,false],"rt_custom":["https:\/\/site.educa.madrid.org\/cp.seisdediciembre.torrejondeardoz\/\/wp-content\/uploads\/cp.seisdediciembre.torrejondeardoz\/2020\/03\/Hablame-bonito-4-scaled-1.jpg",2560,1920,false]},"rttpg_author":{"display_name":"cp.seisdediciembre.torrejondeardoz","author_link":"https:\/\/site.educa.madrid.org\/cp.seisdediciembre.torrejondeardoz\/index.php\/author\/cuenta_cp-seisdediciembre-torrejondeardoz\/"},"rttpg_comment":0,"rttpg_category":false,"rttpg_excerpt":"&nbsp;Uno de nuestros objetivos principales es el desarrollo en nuestros alumnos de la Tolerancia y los valores b\u00e1sicos de respeto hacia cualquier [&hellip;]","post_mailing_queue_ids":[],"_links":{"self":[{"href":"https:\/\/site.educa.madrid.org\/cp.seisdediciembre.torrejondeardoz\/index.php\/wp-json\/wp\/v2\/pages\/101","targetHints":{"allow":["GET"]}}],"collection":[{"href":"https:\/\/site.educa.madrid.org\/cp.seisdediciembre.torrejondeardoz\/index.php\/wp-json\/wp\/v2\/pages"}],"about":[{"href":"https:\/\/site.educa.madrid.org\/cp.seisdediciembre.torrejondeardoz\/index.php\/wp-json\/wp\/v2\/types\/page"}],"author":[{"embeddable":true,"href":"https:\/\/site.educa.madrid.org\/cp.seisdediciembre.torrejondeardoz\/index.php\/wp-json\/wp\/v2\/users\/3"}],"replies":[{"embeddable":true,"href":"https:\/\/site.educa.madrid.org\/cp.seisdediciembre.torrejondeardoz\/index.php\/wp-json\/wp\/v2\/comments?post=101"}],"version-history":[{"count":3,"href":"https:\/\/site.educa.madrid.org\/cp.seisdediciembre.torrejondeardoz\/index.php\/wp-json\/wp\/v2\/pages\/101\/revisions"}],"predecessor-version":[{"id":2820,"href":"https:\/\/site.educa.madrid.org\/cp.seisdediciembre.torrejondeardoz\/index.php\/wp-json\/wp\/v2\/pages\/101\/revisions\/2820"}],"wp:featuredmedia":[{"embeddable":true,"href":"https:\/\/site.educa.madrid.org\/cp.seisdediciembre.torrejondeardoz\/index.php\/wp-json\/wp\/v2\/media\/2379"}],"wp:attachment":[{"href":"https:\/\/site.educa.madrid.org\/cp.seisdediciembre.torrejondeardoz\/index.php\/wp-json\/wp\/v2\/media?parent=101"}],"wp:term":[{"taxonomy":"folder","embeddable":true,"href":"https:\/\/site.educa.madrid.org\/cp.seisdediciembre.torrejondeardoz\/index.php\/wp-json\/wp\/v2\/folder?post=101"}],"curies":[{"name":"wp","href":"https:\/\/api.w.org\/{rel}","templated":true}]}}