{"id":1468,"date":"2022-06-09T12:23:09","date_gmt":"2022-06-09T10:23:09","guid":{"rendered":"https:\/\/seisdediciembre.com\/?page_id=1468"},"modified":"2023-06-13T13:32:11","modified_gmt":"2023-06-13T11:32:11","slug":"programa-accede","status":"publish","type":"page","link":"https:\/\/site.educa.madrid.org\/cp.seisdediciembre.torrejondeardoz\/index.php\/programa-accede\/","title":{"rendered":"Adhesi\u00f3n al Programa Accede"},"content":{"rendered":"\n<div class=\"wp-block-image\"><figure class=\"alignright\"><img loading=\"lazy\" decoding=\"async\" width=\"300\" height=\"177\" src=\"https:\/\/site.educa.madrid.org\/cp.seisdediciembre.torrejondeardoz\/\/wp-content\/uploads\/cp.seisdediciembre.torrejondeardoz\/2020\/04\/accedeseis2-300x177.jpg\" alt=\"\" class=\"wp-image-750\" srcset=\"https:\/\/site.educa.madrid.org\/cp.seisdediciembre.torrejondeardoz\/\/wp-content\/uploads\/cp.seisdediciembre.torrejondeardoz\/2020\/04\/accedeseis2-300x177.jpg 300w, https:\/\/site.educa.madrid.org\/cp.seisdediciembre.torrejondeardoz\/\/wp-content\/uploads\/cp.seisdediciembre.torrejondeardoz\/2020\/04\/accedeseis2-768x452.jpg 768w, https:\/\/site.educa.madrid.org\/cp.seisdediciembre.torrejondeardoz\/\/wp-content\/uploads\/cp.seisdediciembre.torrejondeardoz\/2020\/04\/accedeseis2.jpg 849w\" sizes=\"auto, (max-width: 300px) 100vw, 300px\" \/><\/figure><\/div>\n\n\n\n<p><strong><em>PROGRAMA DE PR\u00c9STAMO DE LIBROS GRATUITO DE LA COMUNIDAD DE MADRID<\/em><\/strong><\/p>\n\n\n\n<p>PLAZO PARA <strong>NUEVAS SOLICITUDES DE ADHESI\u00d3N <\/strong>AL PROGRAMA ACCEDE PARA EL CURSO 2023\/2024: <strong>HASTA EL 29 DE JUNIO DE 2023<\/strong><\/p>\n\n\n\n<p><strong>Qui\u00e9n debe solicitar la adhesi\u00f3n:&nbsp;<\/strong><\/p>\n\n\n\n<ul class=\"wp-block-list\"><li>Los alumnos matriculados en 5 a\u00f1os que pasan a 1\u00ba en el curso 2023\/2024.&nbsp;<\/li><li>Los alumnos que no est\u00e1n adheridos y quieran formar parte del programa.&nbsp;<\/li><li>Los alumnos de 6\u00ba de primaria que pasan a la ESO, deben solicitarlo en el instituto correspondiente cuando realicen la matr\u00edcula.&nbsp;<\/li><li>Los alumnos de nueva incorporaci\u00f3n al centro cuando hagan la matriculaci\u00f3n.&nbsp;<\/li><\/ul>\n\n\n\n<p>La adhesi\u00f3n al Programa es <strong>voluntaria <\/strong>y los alumnos adheridos tendr\u00e1n que cumplir con los <strong>requisitos <\/strong>marcados por la Comunidad de Madrid en el Decreto 168\/2018 de 11 de diciembre (art. 15. Deberes de los usuarios).&nbsp;<\/p>\n\n\n\n<p>Los alumnos de 1\u00ba y 2\u00ba s\u00ed pueden escribir en los libros y no se devuelven a final de curso.&nbsp;<\/p>\n\n\n\n<p>Para poder adherirse al Programa Accede los alumnos deben entregar, en el centro en el que han estado matriculados en el curso 2022\/2023, <strong>sus libros de texto <\/strong>que forman parte del Programa, en <strong>perfecto estado de uso <\/strong>(cumpliendo los requisitos establecidos), con las excepciones previstas (1\u00ba y 2\u00ba de E.Primaria, que son material fungible no se deben entregar).&nbsp;<\/p>\n\n\n\n<p>Se avisar\u00e1 m\u00e1s adelante de los plazos y forma de entrega de los libros. Los libros lo revisa en la entrega una empresa, en el caso de que haya un libro que no cumpla las condiciones, se deber\u00e1 reponer para poder seguir participando en el programa.<\/p>\n\n\n\n<h3 class=\"wp-block-heading\"><strong>C\u00d3MO DEBO ADHERIRME AL PROGRAMA&nbsp;<\/strong><\/h3>\n\n\n\n<ol class=\"wp-block-list\"><li>Descargar el documento en nuestra p\u00e1gina web.&nbsp;<\/li><li>Rellenarlo (es editable, se puede rellenar directamente en ordenador una vez descargada).&nbsp;<\/li><\/ol>\n\n\n\n<ol class=\"wp-block-list\" start=\"3\"><li>Firmar y enviar: si tiene firma digital o si no poner nombre, apellidos y DNI en el apartado de firma.&nbsp;<\/li><\/ol>\n\n\n\n<div class=\"wp-block-buttons is-layout-flex wp-block-buttons-is-layout-flex\">\n<div class=\"wp-block-button\"><a class=\"wp-block-button__link has-vivid-cyan-blue-background-color has-background\" href=\"https:\/\/site.educa.madrid.org\/cp.seisdediciembre.torrejondeardoz\/\/wp-content\/uploads\/cp.seisdediciembre.torrejondeardoz\/2021\/04\/Anexo-I-Adhesion-ACCEDE.pdf\" target=\"_blank\" rel=\"noreferrer noopener\"> Anexo I-Adhesi\u00f3n ACCEDE<span class=\"Apple-converted-space\">&nbsp;<\/span><\/a><\/div>\n<\/div>\n\n\n\n<p>Enviarlo al correo: <a href=\"mailto:secretaria.cp.seisdediciembre.torrejondeardoz@educa.madrid.org\">secretaria.cp.seisdediciembre.torrejondeardoz@educa.madrid.org<\/a>.\u00a0<\/p>\n\n\n\n<p>Se debe indicar en el asunto el curso actual y nombre y primer apellido del alumno (ej. P1A_SANDRASANCHEZ; 5A\u00d1OS_SANDRASANCHEZ)&nbsp;<\/p>\n\n\n\n<p><strong>Esto es indispensable para que el correo llegue y se clasifique correctamente.<\/strong><\/p>\n\n\n\n<p>Desde secretar\u00eda se le contestar\u00e1 el recib\u00ed el correo, si en un plazo de 2 d\u00edas no ha recibido contestaci\u00f3n, p\u00f3ngase en contacto con la misma.<\/p>\n\n\n\n<p>Tambi\u00e9n puede entregar el impreso en secretar\u00eda.<\/p>\n\n\n\n<h3 class=\"wp-block-heading\"><strong>C\u00d3MO DARME DE BAJA EN EL PROGRAMA&nbsp;<\/strong><\/h3>\n\n\n\n<p>En el caso de no querer seguir participando en el Programa, debe enviar el documento de Renuncia que puede descargar desde nuestra p\u00e1gina web y enviarlo\u00a0a <a href=\"mailto:secretaria.cp.seisdediciembre.torrejondeardoz@educa.madrid.org\">secretaria.cp.seisdediciembre.torrejondeardoz@educa.madrid.org<\/a>\u00a0<\/p>\n\n\n\n<div class=\"wp-block-buttons is-layout-flex wp-block-buttons-is-layout-flex\">\n<div class=\"wp-block-button\"><a class=\"wp-block-button__link has-vivid-cyan-blue-background-color has-background\" href=\"https:\/\/site.educa.madrid.org\/cp.seisdediciembre.torrejondeardoz\/\/wp-content\/uploads\/cp.seisdediciembre.torrejondeardoz\/2021\/04\/Anexo-IV-Renuncia-ACCEDE.pdf\" target=\"_blank\" rel=\"noreferrer noopener\">Anexo IV-RENUNCIA<\/a><\/div>\n<\/div>\n\n\n\n<p>M\u00e1s adelante se les informar\u00e1 del procedimiento para la devoluci\u00f3n de los libros del curso 2022\/2023.&nbsp;<\/p>\n\n\n\n<p>Los libros del Programa del curso 2023\/2024 se entregar\u00e1n una vez comenzado el curso.<\/p>\n\n\n\n<p><\/p>\n\n\n\n<p><\/p>\n\n\n\n<h2 class=\"wp-block-heading\">DOCUMENTOS<\/h2>\n\n\n\n<div class=\"wp-block-buttons is-layout-flex wp-block-buttons-is-layout-flex\">\n<div class=\"wp-block-button\"><a class=\"wp-block-button__link has-vivid-cyan-blue-background-color has-background\" href=\"https:\/\/site.educa.madrid.org\/cp.seisdediciembre.torrejondeardoz\/\/wp-content\/uploads\/cp.seisdediciembre.torrejondeardoz\/2021\/04\/Anexo-I-Adhesion-ACCEDE.pdf\" target=\"_blank\" rel=\"noreferrer noopener\">Anexo-I-Adhesi\u00f3n al programa ACCEDE<\/a><\/div>\n<\/div>\n\n\n\n<div class=\"wp-block-buttons is-layout-flex wp-block-buttons-is-layout-flex\">\n<div class=\"wp-block-button\"><a class=\"wp-block-button__link has-vivid-cyan-blue-background-color has-background\" href=\"https:\/\/site.educa.madrid.org\/cp.seisdediciembre.torrejondeardoz\/\/wp-content\/uploads\/cp.seisdediciembre.torrejondeardoz\/2021\/04\/Anexo-IV-Renuncia-ACCEDE.pdf\" target=\"_blank\" rel=\"noreferrer noopener\">Anexo-IV-Renuncia al programa ACCEDE<\/a><\/div>\n<\/div>\n\n\n\n<div style=\"height:2px\" aria-hidden=\"true\" class=\"wp-block-spacer\"><\/div>\n\n\n\n<figure class=\"wp-block-image\"><img loading=\"lazy\" decoding=\"async\" width=\"849\" height=\"500\" src=\"https:\/\/site.educa.madrid.org\/cp.seisdediciembre.torrejondeardoz\/\/wp-content\/uploads\/cp.seisdediciembre.torrejondeardoz\/2020\/04\/accedeseis2.jpg\" alt=\"\" class=\"wp-image-750\" srcset=\"https:\/\/site.educa.madrid.org\/cp.seisdediciembre.torrejondeardoz\/\/wp-content\/uploads\/cp.seisdediciembre.torrejondeardoz\/2020\/04\/accedeseis2.jpg 849w, https:\/\/site.educa.madrid.org\/cp.seisdediciembre.torrejondeardoz\/\/wp-content\/uploads\/cp.seisdediciembre.torrejondeardoz\/2020\/04\/accedeseis2-300x177.jpg 300w, https:\/\/site.educa.madrid.org\/cp.seisdediciembre.torrejondeardoz\/\/wp-content\/uploads\/cp.seisdediciembre.torrejondeardoz\/2020\/04\/accedeseis2-768x452.jpg 768w\" sizes=\"auto, (max-width: 849px) 100vw, 849px\" \/><\/figure>\n","protected":false},"excerpt":{"rendered":"<p>Te presentamos los requisitos y documentos para adhesi\u00f3n y renuncia del programa ACCEDE<\/p>\n","protected":false},"author":3,"featured_media":750,"parent":0,"menu_order":0,"comment_status":"closed","ping_status":"closed","template":"page-templates\/page_fullwidth.php","meta":{"footnotes":""},"folder":[],"class_list":["post-1468","page","type-page","status-publish","has-post-thumbnail","hentry"],"rttpg_featured_image_url":{"full":["https:\/\/site.educa.madrid.org\/cp.seisdediciembre.torrejondeardoz\/\/wp-content\/uploads\/cp.seisdediciembre.torrejondeardoz\/2020\/04\/accedeseis2.jpg",849,500,false],"landscape":["https:\/\/site.educa.madrid.org\/cp.seisdediciembre.torrejondeardoz\/\/wp-content\/uploads\/cp.seisdediciembre.torrejondeardoz\/2020\/04\/accedeseis2.jpg",849,500,false],"portraits":["https:\/\/site.educa.madrid.org\/cp.seisdediciembre.torrejondeardoz\/\/wp-content\/uploads\/cp.seisdediciembre.torrejondeardoz\/2020\/04\/accedeseis2.jpg",849,500,false],"thumbnail":["https:\/\/site.educa.madrid.org\/cp.seisdediciembre.torrejondeardoz\/\/wp-content\/uploads\/cp.seisdediciembre.torrejondeardoz\/2020\/04\/accedeseis2-150x150.jpg",150,150,true],"medium":["https:\/\/site.educa.madrid.org\/cp.seisdediciembre.torrejondeardoz\/\/wp-content\/uploads\/cp.seisdediciembre.torrejondeardoz\/2020\/04\/accedeseis2-300x177.jpg",300,177,true],"large":["https:\/\/site.educa.madrid.org\/cp.seisdediciembre.torrejondeardoz\/\/wp-content\/uploads\/cp.seisdediciembre.torrejondeardoz\/2020\/04\/accedeseis2.jpg",849,500,false],"thumblist":["https:\/\/site.educa.madrid.org\/cp.seisdediciembre.torrejondeardoz\/\/wp-content\/uploads\/cp.seisdediciembre.torrejondeardoz\/2020\/04\/accedeseis2-300x300.jpg",300,300,true],"thumbrelated":["https:\/\/site.educa.madrid.org\/cp.seisdediciembre.torrejondeardoz\/\/wp-content\/uploads\/cp.seisdediciembre.torrejondeardoz\/2020\/04\/accedeseis2.jpg",500,294,false],"meccarouselthumb":["https:\/\/site.educa.madrid.org\/cp.seisdediciembre.torrejondeardoz\/\/wp-content\/uploads\/cp.seisdediciembre.torrejondeardoz\/2020\/04\/accedeseis2-474x324.jpg",474,324,true],"gridsquare":["https:\/\/site.educa.madrid.org\/cp.seisdediciembre.torrejondeardoz\/\/wp-content\/uploads\/cp.seisdediciembre.torrejondeardoz\/2020\/04\/accedeseis2-391x260.jpg",391,260,true],"tileview":["https:\/\/site.educa.madrid.org\/cp.seisdediciembre.torrejondeardoz\/\/wp-content\/uploads\/cp.seisdediciembre.torrejondeardoz\/2020\/04\/accedeseis2-300x400.jpg",300,400,true],"1536x1536":["https:\/\/site.educa.madrid.org\/cp.seisdediciembre.torrejondeardoz\/\/wp-content\/uploads\/cp.seisdediciembre.torrejondeardoz\/2020\/04\/accedeseis2.jpg",849,500,false],"2048x2048":["https:\/\/site.educa.madrid.org\/cp.seisdediciembre.torrejondeardoz\/\/wp-content\/uploads\/cp.seisdediciembre.torrejondeardoz\/2020\/04\/accedeseis2.jpg",849,500,false],"sydney-large-thumb":["https:\/\/site.educa.madrid.org\/cp.seisdediciembre.torrejondeardoz\/\/wp-content\/uploads\/cp.seisdediciembre.torrejondeardoz\/2020\/04\/accedeseis2.jpg",849,500,false],"sydney-medium-thumb":["https:\/\/site.educa.madrid.org\/cp.seisdediciembre.torrejondeardoz\/\/wp-content\/uploads\/cp.seisdediciembre.torrejondeardoz\/2020\/04\/accedeseis2.jpg",550,324,false],"sydney-small-thumb":["https:\/\/site.educa.madrid.org\/cp.seisdediciembre.torrejondeardoz\/\/wp-content\/uploads\/cp.seisdediciembre.torrejondeardoz\/2020\/04\/accedeseis2.jpg",230,135,false],"sydney-service-thumb":["https:\/\/site.educa.madrid.org\/cp.seisdediciembre.torrejondeardoz\/\/wp-content\/uploads\/cp.seisdediciembre.torrejondeardoz\/2020\/04\/accedeseis2.jpg",350,206,false],"sydney-mas-thumb":["https:\/\/site.educa.madrid.org\/cp.seisdediciembre.torrejondeardoz\/\/wp-content\/uploads\/cp.seisdediciembre.torrejondeardoz\/2020\/04\/accedeseis2.jpg",480,283,false],"sow-carousel-default":["https:\/\/site.educa.madrid.org\/cp.seisdediciembre.torrejondeardoz\/\/wp-content\/uploads\/cp.seisdediciembre.torrejondeardoz\/2020\/04\/accedeseis2-272x182.jpg",272,182,true],"sow-post-carousel-overlay-theme":["https:\/\/site.educa.madrid.org\/cp.seisdediciembre.torrejondeardoz\/\/wp-content\/uploads\/cp.seisdediciembre.torrejondeardoz\/2020\/04\/accedeseis2.jpg",360,212,false],"sow-post-carousel-cards-theme":["https:\/\/site.educa.madrid.org\/cp.seisdediciembre.torrejondeardoz\/\/wp-content\/uploads\/cp.seisdediciembre.torrejondeardoz\/2020\/04\/accedeseis2.jpg",360,212,false],"rt_custom":["https:\/\/site.educa.madrid.org\/cp.seisdediciembre.torrejondeardoz\/\/wp-content\/uploads\/cp.seisdediciembre.torrejondeardoz\/2020\/04\/accedeseis2.jpg",849,500,false]},"rttpg_author":{"display_name":"cp.seisdediciembre.torrejondeardoz","author_link":"https:\/\/site.educa.madrid.org\/cp.seisdediciembre.torrejondeardoz\/index.php\/author\/cuenta_cp-seisdediciembre-torrejondeardoz\/"},"rttpg_comment":0,"rttpg_category":false,"rttpg_excerpt":"Te presentamos los requisitos y documentos para adhesi\u00f3n y renuncia del programa ACCEDE","post_mailing_queue_ids":[],"_links":{"self":[{"href":"https:\/\/site.educa.madrid.org\/cp.seisdediciembre.torrejondeardoz\/index.php\/wp-json\/wp\/v2\/pages\/1468","targetHints":{"allow":["GET"]}}],"collection":[{"href":"https:\/\/site.educa.madrid.org\/cp.seisdediciembre.torrejondeardoz\/index.php\/wp-json\/wp\/v2\/pages"}],"about":[{"href":"https:\/\/site.educa.madrid.org\/cp.seisdediciembre.torrejondeardoz\/index.php\/wp-json\/wp\/v2\/types\/page"}],"author":[{"embeddable":true,"href":"https:\/\/site.educa.madrid.org\/cp.seisdediciembre.torrejondeardoz\/index.php\/wp-json\/wp\/v2\/users\/3"}],"replies":[{"embeddable":true,"href":"https:\/\/site.educa.madrid.org\/cp.seisdediciembre.torrejondeardoz\/index.php\/wp-json\/wp\/v2\/comments?post=1468"}],"version-history":[{"count":4,"href":"https:\/\/site.educa.madrid.org\/cp.seisdediciembre.torrejondeardoz\/index.php\/wp-json\/wp\/v2\/pages\/1468\/revisions"}],"predecessor-version":[{"id":3201,"href":"https:\/\/site.educa.madrid.org\/cp.seisdediciembre.torrejondeardoz\/index.php\/wp-json\/wp\/v2\/pages\/1468\/revisions\/3201"}],"wp:featuredmedia":[{"embeddable":true,"href":"https:\/\/site.educa.madrid.org\/cp.seisdediciembre.torrejondeardoz\/index.php\/wp-json\/wp\/v2\/media\/750"}],"wp:attachment":[{"href":"https:\/\/site.educa.madrid.org\/cp.seisdediciembre.torrejondeardoz\/index.php\/wp-json\/wp\/v2\/media?parent=1468"}],"wp:term":[{"taxonomy":"folder","embeddable":true,"href":"https:\/\/site.educa.madrid.org\/cp.seisdediciembre.torrejondeardoz\/index.php\/wp-json\/wp\/v2\/folder?post=1468"}],"curies":[{"name":"wp","href":"https:\/\/api.w.org\/{rel}","templated":true}]}}