{"id":1626,"date":"2021-06-28T13:59:59","date_gmt":"2021-06-28T11:59:59","guid":{"rendered":"https:\/\/seisdediciembre.com\/?page_id=1626"},"modified":"2023-10-10T09:15:05","modified_gmt":"2023-10-10T07:15:05","slug":"escuela-de-familias","status":"publish","type":"page","link":"https:\/\/site.educa.madrid.org\/cp.seisdediciembre.torrejondeardoz\/index.php\/escuela-de-familias\/","title":{"rendered":"Escuela de familias"},"content":{"rendered":"\n<h3 class=\"wp-block-heading\">1. GESTI\u00d3N DE CAMBIO DE ETAPA EDUCATIVA:<\/h3>\n\n\n\n<div class=\"wp-block-buttons is-layout-flex wp-block-buttons-is-layout-flex\">\n<div class=\"wp-block-button\"><a class=\"wp-block-button__link has-vivid-cyan-blue-background-color has-background wp-element-button\" href=\"https:\/\/site.educa.madrid.org\/cp.seisdediciembre.torrejondeardoz\/\/wp-content\/uploads\/cp.seisdediciembre.torrejondeardoz\/2021\/06\/TRIPTICO-3-ANOS-1.pdf\" target=\"_blank\" rel=\"noreferrer noopener\">triptico 3 a\u00f1os<\/a><\/div>\n\n\n\n<div class=\"wp-block-button\"><a class=\"wp-block-button__link wp-element-button\" href=\"https:\/\/site.educa.madrid.org\/cp.seisdediciembre.torrejondeardoz\/\/wp-content\/uploads\/cp.seisdediciembre.torrejondeardoz\/2023\/06\/Ha\u0301bitos-de-Autonomi\u0301a-Personal22062023091412.pdf\">H\u00e1bitos de autonom\u00eda peRsonal<\/a><\/div>\n\n\n\n<div class=\"wp-block-button\"><a class=\"wp-block-button__link wp-element-button\" href=\"https:\/\/site.educa.madrid.org\/cp.seisdediciembre.torrejondeardoz\/\/wp-content\/uploads\/cp.seisdediciembre.torrejondeardoz\/2023\/06\/Estimulacio\u0301n-del-Lenguaje22062023091321.pdf\">estimulaci\u00f3n del lenguaje<\/a><\/div>\n<\/div>\n\n\n\n<div class=\"wp-block-buttons is-layout-flex wp-block-buttons-is-layout-flex\">\n<div class=\"wp-block-button\"><a class=\"wp-block-button__link has-vivid-cyan-blue-background-color has-background wp-element-button\" href=\"https:\/\/site.educa.madrid.org\/cp.seisdediciembre.torrejondeardoz\/\/wp-content\/uploads\/cp.seisdediciembre.torrejondeardoz\/2021\/06\/TRIPTICO-PASO-PRIMARIA.pdf\" target=\"_blank\" rel=\"noreferrer noopener\">triptico paso primaria<\/a><\/div>\n<\/div>\n\n\n\n<div class=\"wp-block-buttons is-layout-flex wp-block-buttons-is-layout-flex\">\n<div class=\"wp-block-button\"><a class=\"wp-block-button__link has-vivid-cyan-blue-background-color has-background wp-element-button\" href=\"https:\/\/site.educa.madrid.org\/cp.seisdediciembre.torrejondeardoz\/\/wp-content\/uploads\/cp.seisdediciembre.torrejondeardoz\/2021\/06\/TRIPTICO-ADOLESCENCIA-1.pdf\" target=\"_blank\" rel=\"noreferrer noopener\">triptico adolescencia<\/a><\/div>\n<\/div>\n\n\n\n<div style=\"height:4px\" aria-hidden=\"true\" class=\"wp-block-spacer\"><\/div>\n\n\n\n<h3 class=\"wp-block-heading\">2.&nbsp;M\u00e1s que un m\u00f3vil: La gu\u00eda que no viene con el m\u00f3vil<\/h3>\n\n\n\n<p>La gu\u00eda que no viene con el m\u00f3vil<\/p>\n\n\n\n<div class=\"wp-block-buttons is-layout-flex wp-block-buttons-is-layout-flex\">\n<div class=\"wp-block-button\"><a class=\"wp-block-button__link has-vivid-cyan-blue-background-color has-background wp-element-button\" href=\"https:\/\/site.educa.madrid.org\/cp.seisdediciembre.torrejondeardoz\/\/wp-content\/uploads\/cp.seisdediciembre.torrejondeardoz\/2023\/01\/la-guia-que-no-viene-con-el-movil-1.pdf\" target=\"_blank\" rel=\"noreferrer noopener\">Guia<\/a><\/div>\n<\/div>\n\n\n\n<div style=\"height:2px\" aria-hidden=\"true\" class=\"wp-block-spacer\"><\/div>\n\n\n\n<p>RESPONSABILIDAD DE MENORES Y SUS PADRES POR ACTOS COMETIDOS EN INTERNET<\/p>\n\n\n\n<div class=\"wp-block-buttons is-layout-flex wp-block-buttons-is-layout-flex\">\n<div class=\"wp-block-button\"><a class=\"wp-block-button__link has-vivid-cyan-blue-background-color has-background wp-element-button\" href=\"https:\/\/site.educa.madrid.org\/cp.seisdediciembre.torrejondeardoz\/\/wp-content\/uploads\/cp.seisdediciembre.torrejondeardoz\/2023\/01\/responsabilidad-menores-padres-madres.pdf\" target=\"_blank\" rel=\"noreferrer noopener\">responsabilidad <\/a><\/div>\n<\/div>\n\n\n\n<div style=\"height:4px\" aria-hidden=\"true\" class=\"wp-block-spacer\"><\/div>\n\n\n\n<h3 class=\"wp-block-heading\">3. Gu\u00eda de padres Nuevas Tecnolog\u00edas:<\/h3>\n\n\n\n<div class=\"wp-block-buttons is-layout-flex wp-block-buttons-is-layout-flex\">\n<div class=\"wp-block-button\"><a class=\"wp-block-button__link has-vivid-cyan-blue-background-color has-background wp-element-button\" href=\"https:\/\/www.comunidad.madrid\/sites\/default\/files\/doc\/juventud\/cuidate-guia_padres_nuevas_tecnologias.pdf\" target=\"_blank\" rel=\"noreferrer noopener\">guia padres<\/a><\/div>\n<\/div>\n\n\n\n<div style=\"height:4px\" aria-hidden=\"true\" class=\"wp-block-spacer\"><\/div>\n\n\n\n<h3 class=\"wp-block-heading\">4. Gu\u00eda uso internet por los menores:<\/h3>\n\n\n\n<div class=\"wp-block-buttons is-layout-flex wp-block-buttons-is-layout-flex\">\n<div class=\"wp-block-button\"><a class=\"wp-block-button__link has-vivid-cyan-blue-background-color has-background wp-element-button\" href=\"https:\/\/dpd.educa2.madrid.org\/web\/educamadrid\/principal\/files\/69a6601a-e199-4519-a2eb-192663576204\/Guias\/is4k_guia_uso_de_internet_menores.pdf?t=1581579520126\" target=\"_blank\" rel=\"noreferrer noopener\">guia menores<\/a><\/div>\n<\/div>\n\n\n\n<div style=\"height:4px\" aria-hidden=\"true\" class=\"wp-block-spacer\"><\/div>\n\n\n\n<h3 class=\"wp-block-heading\">5. Pacto familiar para el buen uso de las redes sociales.<\/h3>\n\n\n\n<div class=\"wp-block-buttons is-layout-flex wp-block-buttons-is-layout-flex\">\n<div class=\"wp-block-button\"><a class=\"wp-block-button__link has-vivid-cyan-blue-background-color has-background wp-element-button\" href=\"https:\/\/www.is4k.es\/sites\/default\/files\/contenidos\/materiales\/Campanas\/is4k_pactorrss.pdf\" target=\"_blank\" rel=\"noreferrer noopener\">uso redes sociales<\/a><\/div>\n<\/div>\n\n\n\n<div style=\"height:4px\" aria-hidden=\"true\" class=\"wp-block-spacer\"><\/div>\n\n\n\n<h3 class=\"wp-block-heading\">6. Pacto familiar para el buen uso de las videoconsolas.<\/h3>\n\n\n\n<div class=\"wp-block-buttons is-layout-flex wp-block-buttons-is-layout-flex\">\n<div class=\"wp-block-button\"><a class=\"wp-block-button__link has-vivid-cyan-blue-background-color has-background wp-element-button\" href=\"https:\/\/www.is4k.es\/sites\/default\/files\/contenidos\/materiales\/Campanas\/pacto-videoconsolas-imprimible.pdf\" target=\"_blank\" rel=\"noreferrer noopener\">uso videoconsolas<\/a><\/div>\n<\/div>\n\n\n\n<div style=\"height:4px\" aria-hidden=\"true\" class=\"wp-block-spacer\"><\/div>\n\n\n\n<h3 class=\"wp-block-heading\">7. Pacto familiar para el buen uso de la tablet.<\/h3>\n\n\n\n<div class=\"wp-block-buttons is-layout-flex wp-block-buttons-is-layout-flex\">\n<div class=\"wp-block-button\"><a class=\"wp-block-button__link has-vivid-cyan-blue-background-color has-background wp-element-button\" href=\"https:\/\/www.is4k.es\/sites\/default\/files\/contenidos\/pacto-familiar-tablet.pdf\" target=\"_blank\" rel=\"noreferrer noopener\">uso de la tablet<\/a><\/div>\n<\/div>\n\n\n\n<div style=\"height:4px\" aria-hidden=\"true\" class=\"wp-block-spacer\"><\/div>\n\n\n\n<h3 class=\"wp-block-heading\">8. Pacto familiar para el buen uso del m\u00f3vil.<\/h3>\n\n\n\n<div class=\"wp-block-buttons is-layout-flex wp-block-buttons-is-layout-flex\">\n<div class=\"wp-block-button\"><a class=\"wp-block-button__link has-vivid-cyan-blue-background-color has-background wp-element-button\" href=\"https:\/\/www.is4k.es\/sites\/default\/files\/contenidos\/pacto_familiar_movil.pdf\" target=\"_blank\" rel=\"noreferrer noopener\">uso del m\u00f3vil<\/a><\/div>\n<\/div>\n\n\n\n<div style=\"height:4px\" aria-hidden=\"true\" class=\"wp-block-spacer\"><\/div>\n\n\n\n<h3 class=\"wp-block-heading\">9. Pacto familiar para compartir dispositivos m\u00f3viles.<\/h3>\n\n\n\n<div class=\"wp-block-buttons is-layout-flex wp-block-buttons-is-layout-flex\">\n<div class=\"wp-block-button\"><a class=\"wp-block-button__link has-vivid-cyan-blue-background-color has-background wp-element-button\" href=\"https:\/\/www.is4k.es\/sites\/default\/files\/contenidos\/pacto_compartir_dispositivos_familiares.pdf\" target=\"_blank\" rel=\"noreferrer noopener\">compartir dispositivos m\u00f3viles<\/a><\/div>\n<\/div>\n\n\n\n<div style=\"height:4px\" aria-hidden=\"true\" class=\"wp-block-spacer\"><\/div>\n\n\n\n<h3 class=\"wp-block-heading\">10. Gu\u00eda de herramientas de control parental<\/h3>\n\n\n\n<div class=\"wp-block-buttons is-layout-flex wp-block-buttons-is-layout-flex\">\n<div class=\"wp-block-button\"><a class=\"wp-block-button__link has-vivid-cyan-blue-background-color has-background wp-element-button\" href=\"https:\/\/files.incibe.es\/is4k\/is4k_guia_controles_parentales.pdf\" target=\"_blank\" rel=\"noreferrer noopener\">control parental<\/a><\/div>\n<\/div>\n\n\n\n<div style=\"height:4px\" aria-hidden=\"true\" class=\"wp-block-spacer\"><\/div>\n\n\n\n<h3 class=\"wp-block-heading\">11. Tolerancia a la frustraci\u00f3n<\/h3>\n\n\n\n<div class=\"wp-block-buttons is-layout-flex wp-block-buttons-is-layout-flex\">\n<div class=\"wp-block-button\"><a class=\"wp-block-button__link has-vivid-cyan-blue-background-color has-background wp-element-button\" href=\"https:\/\/site.educa.madrid.org\/cp.seisdediciembre.torrejondeardoz\/\/wp-content\/uploads\/cp.seisdediciembre.torrejondeardoz\/2023\/03\/Charla-para-familias.-Tolerancia-a-la-frustracion.pdf\" target=\"_blank\" rel=\"noreferrer noopener\">tolerancia a la frustraci\u00f3n<\/a><\/div>\n<\/div>\n\n\n\n<div style=\"height:6px\" aria-hidden=\"true\" class=\"wp-block-spacer\"><\/div>\n\n\n\n<h3 class=\"wp-block-heading\">12. Controla tu red<\/h3>\n\n\n\n<div class=\"wp-block-buttons is-layout-flex wp-block-buttons-is-layout-flex\">\n<div class=\"wp-block-button\"><a class=\"wp-block-button__link has-vivid-cyan-blue-background-color has-background wp-element-button\" href=\"https:\/\/site.educa.madrid.org\/cp.seisdediciembre.torrejondeardoz\/\/wp-content\/uploads\/cp.seisdediciembre.torrejondeardoz\/2023\/10\/controla_tu_red_familias.pdf\" target=\"_blank\" rel=\"noreferrer noopener\">CONTROLA TU RED<\/a><\/div>\n<\/div>\n\n\n\n<figure class=\"wp-block-image\"><img decoding=\"async\" src=\"https:\/\/seisdediciembre.com\/wp-content\/uploads\/2020\/03\/exteriores-al-fondo-patio-infantil-1024x768.jpg\" alt=\"\" class=\"wp-image-409\"\/><\/figure>\n","protected":false},"excerpt":{"rendered":"<p>1. GESTI\u00d3N DE CAMBIO DE ETAPA EDUCATIVA: 2.&nbsp;M\u00e1s que un m\u00f3vil: La gu\u00eda que no viene con el m\u00f3vil La gu\u00eda que [&hellip;]<\/p>\n","protected":false},"author":3,"featured_media":424,"parent":0,"menu_order":0,"comment_status":"closed","ping_status":"closed","template":"page-templates\/page_fullwidth.php","meta":{"footnotes":""},"folder":[],"class_list":["post-1626","page","type-page","status-publish","has-post-thumbnail","hentry"],"rttpg_featured_image_url":{"full":["https:\/\/site.educa.madrid.org\/cp.seisdediciembre.torrejondeardoz\/\/wp-content\/uploads\/cp.seisdediciembre.torrejondeardoz\/2020\/03\/exteriores-al-fondo-patio-infantil-1-scaled-1.jpg",2560,1920,false],"landscape":["https:\/\/site.educa.madrid.org\/cp.seisdediciembre.torrejondeardoz\/\/wp-content\/uploads\/cp.seisdediciembre.torrejondeardoz\/2020\/03\/exteriores-al-fondo-patio-infantil-1-scaled-1.jpg",2560,1920,false],"portraits":["https:\/\/site.educa.madrid.org\/cp.seisdediciembre.torrejondeardoz\/\/wp-content\/uploads\/cp.seisdediciembre.torrejondeardoz\/2020\/03\/exteriores-al-fondo-patio-infantil-1-scaled-1.jpg",2560,1920,false],"thumbnail":["https:\/\/site.educa.madrid.org\/cp.seisdediciembre.torrejondeardoz\/\/wp-content\/uploads\/cp.seisdediciembre.torrejondeardoz\/2020\/03\/exteriores-al-fondo-patio-infantil-1-scaled-1-150x150.jpg",150,150,true],"medium":["https:\/\/site.educa.madrid.org\/cp.seisdediciembre.torrejondeardoz\/\/wp-content\/uploads\/cp.seisdediciembre.torrejondeardoz\/2020\/03\/exteriores-al-fondo-patio-infantil-1-scaled-1-300x225.jpg",300,225,true],"large":["https:\/\/site.educa.madrid.org\/cp.seisdediciembre.torrejondeardoz\/\/wp-content\/uploads\/cp.seisdediciembre.torrejondeardoz\/2020\/03\/exteriores-al-fondo-patio-infantil-1-scaled-1-1024x768.jpg",1024,768,true],"thumblist":["https:\/\/site.educa.madrid.org\/cp.seisdediciembre.torrejondeardoz\/\/wp-content\/uploads\/cp.seisdediciembre.torrejondeardoz\/2020\/03\/exteriores-al-fondo-patio-infantil-1-scaled-1-300x300.jpg",300,300,true],"thumbrelated":["https:\/\/site.educa.madrid.org\/cp.seisdediciembre.torrejondeardoz\/\/wp-content\/uploads\/cp.seisdediciembre.torrejondeardoz\/2020\/03\/exteriores-al-fondo-patio-infantil-1-scaled-1.jpg",500,375,false],"meccarouselthumb":["https:\/\/site.educa.madrid.org\/cp.seisdediciembre.torrejondeardoz\/\/wp-content\/uploads\/cp.seisdediciembre.torrejondeardoz\/2020\/03\/exteriores-al-fondo-patio-infantil-1-scaled-1-474x324.jpg",474,324,true],"gridsquare":["https:\/\/site.educa.madrid.org\/cp.seisdediciembre.torrejondeardoz\/\/wp-content\/uploads\/cp.seisdediciembre.torrejondeardoz\/2020\/03\/exteriores-al-fondo-patio-infantil-1-scaled-1-391x260.jpg",391,260,true],"tileview":["https:\/\/site.educa.madrid.org\/cp.seisdediciembre.torrejondeardoz\/\/wp-content\/uploads\/cp.seisdediciembre.torrejondeardoz\/2020\/03\/exteriores-al-fondo-patio-infantil-1-scaled-1-300x400.jpg",300,400,true],"1536x1536":["https:\/\/site.educa.madrid.org\/cp.seisdediciembre.torrejondeardoz\/\/wp-content\/uploads\/cp.seisdediciembre.torrejondeardoz\/2020\/03\/exteriores-al-fondo-patio-infantil-1-scaled-1-1536x1152.jpg",1536,1152,true],"2048x2048":["https:\/\/site.educa.madrid.org\/cp.seisdediciembre.torrejondeardoz\/\/wp-content\/uploads\/cp.seisdediciembre.torrejondeardoz\/2020\/03\/exteriores-al-fondo-patio-infantil-1-scaled-1-2048x1536.jpg",2048,1536,true],"sydney-large-thumb":["https:\/\/site.educa.madrid.org\/cp.seisdediciembre.torrejondeardoz\/\/wp-content\/uploads\/cp.seisdediciembre.torrejondeardoz\/2020\/03\/exteriores-al-fondo-patio-infantil-1-scaled-1.jpg",1000,750,false],"sydney-medium-thumb":["https:\/\/site.educa.madrid.org\/cp.seisdediciembre.torrejondeardoz\/\/wp-content\/uploads\/cp.seisdediciembre.torrejondeardoz\/2020\/03\/exteriores-al-fondo-patio-infantil-1-scaled-1.jpg",533,400,false],"sydney-small-thumb":["https:\/\/site.educa.madrid.org\/cp.seisdediciembre.torrejondeardoz\/\/wp-content\/uploads\/cp.seisdediciembre.torrejondeardoz\/2020\/03\/exteriores-al-fondo-patio-infantil-1-scaled-1.jpg",230,173,false],"sydney-service-thumb":["https:\/\/site.educa.madrid.org\/cp.seisdediciembre.torrejondeardoz\/\/wp-content\/uploads\/cp.seisdediciembre.torrejondeardoz\/2020\/03\/exteriores-al-fondo-patio-infantil-1-scaled-1.jpg",350,263,false],"sydney-mas-thumb":["https:\/\/site.educa.madrid.org\/cp.seisdediciembre.torrejondeardoz\/\/wp-content\/uploads\/cp.seisdediciembre.torrejondeardoz\/2020\/03\/exteriores-al-fondo-patio-infantil-1-scaled-1.jpg",480,360,false],"sow-carousel-default":["https:\/\/site.educa.madrid.org\/cp.seisdediciembre.torrejondeardoz\/\/wp-content\/uploads\/cp.seisdediciembre.torrejondeardoz\/2020\/03\/exteriores-al-fondo-patio-infantil-1-scaled-1-272x182.jpg",272,182,true],"sow-post-carousel-overlay-theme":["https:\/\/site.educa.madrid.org\/cp.seisdediciembre.torrejondeardoz\/\/wp-content\/uploads\/cp.seisdediciembre.torrejondeardoz\/2020\/03\/exteriores-al-fondo-patio-infantil-1-scaled-1.jpg",360,270,false],"sow-post-carousel-cards-theme":["https:\/\/site.educa.madrid.org\/cp.seisdediciembre.torrejondeardoz\/\/wp-content\/uploads\/cp.seisdediciembre.torrejondeardoz\/2020\/03\/exteriores-al-fondo-patio-infantil-1-scaled-1.jpg",320,240,false],"rt_custom":["https:\/\/site.educa.madrid.org\/cp.seisdediciembre.torrejondeardoz\/\/wp-content\/uploads\/cp.seisdediciembre.torrejondeardoz\/2020\/03\/exteriores-al-fondo-patio-infantil-1-scaled-1.jpg",2560,1920,false]},"rttpg_author":{"display_name":"cp.seisdediciembre.torrejondeardoz","author_link":"https:\/\/site.educa.madrid.org\/cp.seisdediciembre.torrejondeardoz\/index.php\/author\/cuenta_cp-seisdediciembre-torrejondeardoz\/"},"rttpg_comment":0,"rttpg_category":false,"rttpg_excerpt":"1. GESTI\u00d3N DE CAMBIO DE ETAPA EDUCATIVA: 2.&nbsp;M\u00e1s que un m\u00f3vil: La gu\u00eda que no viene con el m\u00f3vil La gu\u00eda que [&hellip;]","post_mailing_queue_ids":[],"_links":{"self":[{"href":"https:\/\/site.educa.madrid.org\/cp.seisdediciembre.torrejondeardoz\/index.php\/wp-json\/wp\/v2\/pages\/1626","targetHints":{"allow":["GET"]}}],"collection":[{"href":"https:\/\/site.educa.madrid.org\/cp.seisdediciembre.torrejondeardoz\/index.php\/wp-json\/wp\/v2\/pages"}],"about":[{"href":"https:\/\/site.educa.madrid.org\/cp.seisdediciembre.torrejondeardoz\/index.php\/wp-json\/wp\/v2\/types\/page"}],"author":[{"embeddable":true,"href":"https:\/\/site.educa.madrid.org\/cp.seisdediciembre.torrejondeardoz\/index.php\/wp-json\/wp\/v2\/users\/3"}],"replies":[{"embeddable":true,"href":"https:\/\/site.educa.madrid.org\/cp.seisdediciembre.torrejondeardoz\/index.php\/wp-json\/wp\/v2\/comments?post=1626"}],"version-history":[{"count":7,"href":"https:\/\/site.educa.madrid.org\/cp.seisdediciembre.torrejondeardoz\/index.php\/wp-json\/wp\/v2\/pages\/1626\/revisions"}],"predecessor-version":[{"id":3288,"href":"https:\/\/site.educa.madrid.org\/cp.seisdediciembre.torrejondeardoz\/index.php\/wp-json\/wp\/v2\/pages\/1626\/revisions\/3288"}],"wp:featuredmedia":[{"embeddable":true,"href":"https:\/\/site.educa.madrid.org\/cp.seisdediciembre.torrejondeardoz\/index.php\/wp-json\/wp\/v2\/media\/424"}],"wp:attachment":[{"href":"https:\/\/site.educa.madrid.org\/cp.seisdediciembre.torrejondeardoz\/index.php\/wp-json\/wp\/v2\/media?parent=1626"}],"wp:term":[{"taxonomy":"folder","embeddable":true,"href":"https:\/\/site.educa.madrid.org\/cp.seisdediciembre.torrejondeardoz\/index.php\/wp-json\/wp\/v2\/folder?post=1626"}],"curies":[{"name":"wp","href":"https:\/\/api.w.org\/{rel}","templated":true}]}}