{"id":163,"date":"2021-03-18T12:34:24","date_gmt":"2021-03-18T11:34:24","guid":{"rendered":"https:\/\/seisdediciembre.com\/?page_id=163"},"modified":"2023-04-20T10:52:30","modified_gmt":"2023-04-20T08:52:30","slug":"centro-preferente-tea","status":"publish","type":"page","link":"https:\/\/site.educa.madrid.org\/cp.seisdediciembre.torrejondeardoz\/index.php\/centro-preferente-tea\/","title":{"rendered":"Centro Preferente TEA"},"content":{"rendered":"\n<blockquote class=\"wp-block-quote is-layout-flow wp-block-quote-is-layout-flow\"><p>Somos un Centro de atenci\u00f3n preferente a alumnos con TEA desde el curso 2018\/2019, habiendo creado para ello el <strong>\u201cAula Estrella\u201d y el Aula Sensorial en el curso 2021-2022.<\/strong><\/p><\/blockquote>\n\n\n\n<div class=\"wp-block-image\"><figure class=\"alignright\"><img loading=\"lazy\" decoding=\"async\" width=\"300\" height=\"228\" src=\"https:\/\/site.educa.madrid.org\/cp.seisdediciembre.torrejondeardoz\/\/wp-content\/uploads\/cp.seisdediciembre.torrejondeardoz\/2021\/03\/todossomosazules-300x228.jpg\" alt=\"\" class=\"wp-image-1427\" srcset=\"https:\/\/site.educa.madrid.org\/cp.seisdediciembre.torrejondeardoz\/\/wp-content\/uploads\/cp.seisdediciembre.torrejondeardoz\/2021\/03\/todossomosazules-300x228.jpg 300w, https:\/\/site.educa.madrid.org\/cp.seisdediciembre.torrejondeardoz\/\/wp-content\/uploads\/cp.seisdediciembre.torrejondeardoz\/2021\/03\/todossomosazules-1024x780.jpg 1024w, https:\/\/site.educa.madrid.org\/cp.seisdediciembre.torrejondeardoz\/\/wp-content\/uploads\/cp.seisdediciembre.torrejondeardoz\/2021\/03\/todossomosazules-768x585.jpg 768w, https:\/\/site.educa.madrid.org\/cp.seisdediciembre.torrejondeardoz\/\/wp-content\/uploads\/cp.seisdediciembre.torrejondeardoz\/2021\/03\/todossomosazules.jpg 1418w\" sizes=\"auto, (max-width: 300px) 100vw, 300px\" \/><\/figure><\/div>\n\n\n\n<p>Este Proyecto de escolarizaci\u00f3n preferente para alumnado con Trastorno del Espectro del Autismo&nbsp; se caracteriza por:<\/p>\n\n\n\n<ul class=\"wp-block-list\"><li>El alumno est\u00e1 escolarizado en el grupo que le corresponde por edad en un centro ordinario.<\/li><\/ul>\n\n\n\n<ul class=\"wp-block-list\"><li>El centro cuenta con un aula de apoyo para el alumnado con trastorno generalizado del desarrollo con un maestro especialista en Audici\u00f3n y Lenguaje o Pedagog\u00eda Terap\u00e9utica y un T\u00e9cnico de Integraci\u00f3n Social, as\u00ed como material did\u00e1ctico espec\u00edfico.<\/li><li>La jornada escolar de cada alumno se distribuye entre estos dos espacios educativo, incrementando el tiempo en el aula de referencia en funci\u00f3n de la progresi\u00f3n de cada alumno.<\/li><\/ul>\n\n\n\n<p>El programa desarrolla las condiciones necesarias para promover el aprendizaje y la participaci\u00f3n del alumnado con TEA con el grupo de referencia en los diferentes entornos (aula, gimnasio, sala de m\u00fasica, ordenadores,..) aportando el apoyo extenso y especializado y la respuesta educativa que el alumnado con TEA precisa. Esta respuesta supone un beneficio para toda la Comunidad Educativa.<\/p>\n\n\n\n<h3 class=\"wp-block-heading\"><strong><img class=\"alignright\"><img loading=\"lazy\" decoding=\"async\" class=\"size-medium wp-image-1380 alignright\" src=\"https:\/\/site.educa.madrid.org\/cp.seisdediciembre.torrejondeardoz\/\/wp-content\/uploads\/cp.seisdediciembre.torrejondeardoz\/2021\/03\/AulaEstrellaSeisdeDiciembre-222x300.jpg\" alt=\"\" width=\"222\" height=\"300\" srcset=\"https:\/\/site.educa.madrid.org\/cp.seisdediciembre.torrejondeardoz\/\/wp-content\/uploads\/cp.seisdediciembre.torrejondeardoz\/2021\/03\/AulaEstrellaSeisdeDiciembre-222x300.jpg 222w, https:\/\/site.educa.madrid.org\/cp.seisdediciembre.torrejondeardoz\/\/wp-content\/uploads\/cp.seisdediciembre.torrejondeardoz\/2021\/03\/AulaEstrellaSeisdeDiciembre.jpg 563w\" sizes=\"auto, (max-width: 222px) 100vw, 222px\" \/>Aula Estrella:<\/strong><\/h3>\n\n\n\n<p>Re\u00fane&nbsp; los recursos personales y materiales de dif\u00edcil generalizaci\u00f3n para su adecuada atenci\u00f3n.&nbsp; Las condiciones personales de estos alumnos les permite, con las adaptaciones y apoyos que se establecen cursar el curr\u00edculo ordinario y un adecuado nivel de inserci\u00f3n social.<\/p>\n\n\n\n<div style=\"height:3px\" aria-hidden=\"true\" class=\"wp-block-spacer\"><\/div>\n\n\n\n<figure class=\"wp-block-gallery has-nested-images columns-default is-cropped wp-block-gallery-1 is-layout-flex wp-block-gallery-is-layout-flex\">\n<figure class=\"wp-block-image size-large\"><a href=\"https:\/\/site.educa.madrid.org\/cp.seisdediciembre.torrejondeardoz\/\/wp-content\/uploads\/cp.seisdediciembre.torrejondeardoz\/2020\/03\/aula-estrella2-scaled-1.jpg\"><img loading=\"lazy\" decoding=\"async\" width=\"2560\" height=\"1920\" data-id=\"2363\" src=\"https:\/\/site.educa.madrid.org\/cp.seisdediciembre.torrejondeardoz\/\/wp-content\/uploads\/cp.seisdediciembre.torrejondeardoz\/2020\/03\/aula-estrella2-scaled-1.jpg\" alt=\"\" class=\"wp-image-2363\" srcset=\"https:\/\/site.educa.madrid.org\/cp.seisdediciembre.torrejondeardoz\/\/wp-content\/uploads\/cp.seisdediciembre.torrejondeardoz\/2020\/03\/aula-estrella2-scaled-1.jpg 2560w, https:\/\/site.educa.madrid.org\/cp.seisdediciembre.torrejondeardoz\/\/wp-content\/uploads\/cp.seisdediciembre.torrejondeardoz\/2020\/03\/aula-estrella2-scaled-1-300x225.jpg 300w, https:\/\/site.educa.madrid.org\/cp.seisdediciembre.torrejondeardoz\/\/wp-content\/uploads\/cp.seisdediciembre.torrejondeardoz\/2020\/03\/aula-estrella2-scaled-1-1024x768.jpg 1024w, https:\/\/site.educa.madrid.org\/cp.seisdediciembre.torrejondeardoz\/\/wp-content\/uploads\/cp.seisdediciembre.torrejondeardoz\/2020\/03\/aula-estrella2-scaled-1-768x576.jpg 768w, https:\/\/site.educa.madrid.org\/cp.seisdediciembre.torrejondeardoz\/\/wp-content\/uploads\/cp.seisdediciembre.torrejondeardoz\/2020\/03\/aula-estrella2-scaled-1-1536x1152.jpg 1536w, https:\/\/site.educa.madrid.org\/cp.seisdediciembre.torrejondeardoz\/\/wp-content\/uploads\/cp.seisdediciembre.torrejondeardoz\/2020\/03\/aula-estrella2-scaled-1-2048x1536.jpg 2048w\" sizes=\"auto, (max-width: 2560px) 100vw, 2560px\" \/><\/a><figcaption>Aula \u00abEstrella\u00bb<\/figcaption><\/figure>\n\n\n\n<figure class=\"wp-block-image size-large\"><a href=\"https:\/\/site.educa.madrid.org\/cp.seisdediciembre.torrejondeardoz\/\/wp-content\/uploads\/cp.seisdediciembre.torrejondeardoz\/2020\/03\/aula-estrella3-scaled-1.jpg\"><img loading=\"lazy\" decoding=\"async\" width=\"2560\" height=\"1920\" data-id=\"2364\" src=\"https:\/\/site.educa.madrid.org\/cp.seisdediciembre.torrejondeardoz\/\/wp-content\/uploads\/cp.seisdediciembre.torrejondeardoz\/2020\/03\/aula-estrella3-scaled-1.jpg\" alt=\"\" class=\"wp-image-2364\" srcset=\"https:\/\/site.educa.madrid.org\/cp.seisdediciembre.torrejondeardoz\/\/wp-content\/uploads\/cp.seisdediciembre.torrejondeardoz\/2020\/03\/aula-estrella3-scaled-1.jpg 2560w, https:\/\/site.educa.madrid.org\/cp.seisdediciembre.torrejondeardoz\/\/wp-content\/uploads\/cp.seisdediciembre.torrejondeardoz\/2020\/03\/aula-estrella3-scaled-1-300x225.jpg 300w, https:\/\/site.educa.madrid.org\/cp.seisdediciembre.torrejondeardoz\/\/wp-content\/uploads\/cp.seisdediciembre.torrejondeardoz\/2020\/03\/aula-estrella3-scaled-1-1024x768.jpg 1024w, https:\/\/site.educa.madrid.org\/cp.seisdediciembre.torrejondeardoz\/\/wp-content\/uploads\/cp.seisdediciembre.torrejondeardoz\/2020\/03\/aula-estrella3-scaled-1-768x576.jpg 768w, https:\/\/site.educa.madrid.org\/cp.seisdediciembre.torrejondeardoz\/\/wp-content\/uploads\/cp.seisdediciembre.torrejondeardoz\/2020\/03\/aula-estrella3-scaled-1-1536x1152.jpg 1536w, https:\/\/site.educa.madrid.org\/cp.seisdediciembre.torrejondeardoz\/\/wp-content\/uploads\/cp.seisdediciembre.torrejondeardoz\/2020\/03\/aula-estrella3-scaled-1-2048x1536.jpg 2048w\" sizes=\"auto, (max-width: 2560px) 100vw, 2560px\" \/><\/a><figcaption>Aula \u00abEstrella\u00bb<\/figcaption><\/figure>\n<\/figure>\n\n\n\n<h3 class=\"wp-block-heading\">Aula 5 sentidos<\/h3>\n\n\n\n<p>Este proyecto surge de la necesidad de crear un espacio en el que todo el alumnado pudiera experimentar, sentir y desarrollar sus capacidades sensoriales y expresarse tras las consecuencias observadas tras la pandemia.<span class=\"Apple-converted-space\">&nbsp;<\/span><\/p>\n\n\n\n<p>Pretende:<span class=\"Apple-converted-space\">&nbsp;<\/span><\/p>\n\n\n\n<ul class=\"wp-block-list\"><li>Potenciar el desarrollo cognitivo, motor y afectivo a trav\u00e9s de las capacidades sensoriales.<span class=\"Apple-converted-space\">&nbsp;<\/span><\/li><li>Promover la INCLUSI\u00d3N mediante el conocimiento de las diferentes capacidades, creando un espacio de encuentro para ello.<span class=\"Apple-converted-space\">&nbsp;<\/span><\/li><li>Dotar a nuestro alumnado de estrategias de autocontrol y gesti\u00f3n emocional.<span class=\"Apple-converted-space\">&nbsp;<\/span><\/li><\/ul>\n\n\n\n<p>Es un espacio con materiales dise\u00f1ados para que los alumnos est\u00e9n expuestos a diferentes est\u00edmulos controlados. En ella se conjugan la estimulaci\u00f3n y la relajaci\u00f3n en un entorno seguro a trav\u00e9s de elementos como la m\u00fasica, luces de colores, aromas, texturas\u2026los alumnos exploran, descubren y disfrutan del mundo de los sentidos y los afectos.<span class=\"Apple-converted-space\">&nbsp;<\/span><\/p>\n\n\n\n<figure class=\"wp-block-image is-resized\"><img loading=\"lazy\" decoding=\"async\" src=\"https:\/\/site.educa.madrid.org\/cp.seisdediciembre.torrejondeardoz\/\/wp-content\/uploads\/cp.seisdediciembre.torrejondeardoz\/2023\/02\/cincosentidos.jpg\" alt=\"\" class=\"wp-image-2201\" width=\"314\" height=\"308\" srcset=\"https:\/\/site.educa.madrid.org\/cp.seisdediciembre.torrejondeardoz\/\/wp-content\/uploads\/cp.seisdediciembre.torrejondeardoz\/2023\/02\/cincosentidos.jpg 890w, https:\/\/site.educa.madrid.org\/cp.seisdediciembre.torrejondeardoz\/\/wp-content\/uploads\/cp.seisdediciembre.torrejondeardoz\/2023\/02\/cincosentidos-300x294.jpg 300w, https:\/\/site.educa.madrid.org\/cp.seisdediciembre.torrejondeardoz\/\/wp-content\/uploads\/cp.seisdediciembre.torrejondeardoz\/2023\/02\/cincosentidos-768x752.jpg 768w\" sizes=\"auto, (max-width: 314px) 100vw, 314px\" \/><\/figure>\n","protected":false},"excerpt":{"rendered":"<p>Somos un Centro de atenci\u00f3n preferente a alumnos con TEA desde el curso 2018\/2019, habiendo creado para ello el \u201cAula Estrella\u201d y [&hellip;]<\/p>\n","protected":false},"author":3,"featured_media":400,"parent":0,"menu_order":0,"comment_status":"closed","ping_status":"closed","template":"page-templates\/page_fullwidth.php","meta":{"footnotes":""},"folder":[],"class_list":["post-163","page","type-page","status-publish","has-post-thumbnail","hentry"],"rttpg_featured_image_url":{"full":["https:\/\/site.educa.madrid.org\/cp.seisdediciembre.torrejondeardoz\/\/wp-content\/uploads\/cp.seisdediciembre.torrejondeardoz\/2022\/06\/jeshoots-com-LKREcvZeoJQ-unsplash.jpg",1920,1280,false],"landscape":["https:\/\/site.educa.madrid.org\/cp.seisdediciembre.torrejondeardoz\/\/wp-content\/uploads\/cp.seisdediciembre.torrejondeardoz\/2022\/06\/jeshoots-com-LKREcvZeoJQ-unsplash.jpg",1920,1280,false],"portraits":["https:\/\/site.educa.madrid.org\/cp.seisdediciembre.torrejondeardoz\/\/wp-content\/uploads\/cp.seisdediciembre.torrejondeardoz\/2022\/06\/jeshoots-com-LKREcvZeoJQ-unsplash.jpg",1920,1280,false],"thumbnail":["https:\/\/site.educa.madrid.org\/cp.seisdediciembre.torrejondeardoz\/\/wp-content\/uploads\/cp.seisdediciembre.torrejondeardoz\/2022\/06\/jeshoots-com-LKREcvZeoJQ-unsplash-150x150.jpg",150,150,true],"medium":["https:\/\/site.educa.madrid.org\/cp.seisdediciembre.torrejondeardoz\/\/wp-content\/uploads\/cp.seisdediciembre.torrejondeardoz\/2022\/06\/jeshoots-com-LKREcvZeoJQ-unsplash-300x200.jpg",300,200,true],"large":["https:\/\/site.educa.madrid.org\/cp.seisdediciembre.torrejondeardoz\/\/wp-content\/uploads\/cp.seisdediciembre.torrejondeardoz\/2022\/06\/jeshoots-com-LKREcvZeoJQ-unsplash-1024x683.jpg",1024,683,true],"thumblist":["https:\/\/site.educa.madrid.org\/cp.seisdediciembre.torrejondeardoz\/\/wp-content\/uploads\/cp.seisdediciembre.torrejondeardoz\/2022\/06\/jeshoots-com-LKREcvZeoJQ-unsplash-300x300.jpg",300,300,true],"thumbrelated":["https:\/\/site.educa.madrid.org\/cp.seisdediciembre.torrejondeardoz\/\/wp-content\/uploads\/cp.seisdediciembre.torrejondeardoz\/2022\/06\/jeshoots-com-LKREcvZeoJQ-unsplash.jpg",500,333,false],"meccarouselthumb":["https:\/\/site.educa.madrid.org\/cp.seisdediciembre.torrejondeardoz\/\/wp-content\/uploads\/cp.seisdediciembre.torrejondeardoz\/2022\/06\/jeshoots-com-LKREcvZeoJQ-unsplash-474x324.jpg",474,324,true],"gridsquare":["https:\/\/site.educa.madrid.org\/cp.seisdediciembre.torrejondeardoz\/\/wp-content\/uploads\/cp.seisdediciembre.torrejondeardoz\/2022\/06\/jeshoots-com-LKREcvZeoJQ-unsplash-391x260.jpg",391,260,true],"tileview":["https:\/\/site.educa.madrid.org\/cp.seisdediciembre.torrejondeardoz\/\/wp-content\/uploads\/cp.seisdediciembre.torrejondeardoz\/2022\/06\/jeshoots-com-LKREcvZeoJQ-unsplash-300x400.jpg",300,400,true],"1536x1536":["https:\/\/site.educa.madrid.org\/cp.seisdediciembre.torrejondeardoz\/\/wp-content\/uploads\/cp.seisdediciembre.torrejondeardoz\/2022\/06\/jeshoots-com-LKREcvZeoJQ-unsplash-1536x1024.jpg",1536,1024,true],"2048x2048":["https:\/\/site.educa.madrid.org\/cp.seisdediciembre.torrejondeardoz\/\/wp-content\/uploads\/cp.seisdediciembre.torrejondeardoz\/2022\/06\/jeshoots-com-LKREcvZeoJQ-unsplash.jpg",1920,1280,false],"sydney-large-thumb":["https:\/\/site.educa.madrid.org\/cp.seisdediciembre.torrejondeardoz\/\/wp-content\/uploads\/cp.seisdediciembre.torrejondeardoz\/2022\/06\/jeshoots-com-LKREcvZeoJQ-unsplash.jpg",1000,667,false],"sydney-medium-thumb":["https:\/\/site.educa.madrid.org\/cp.seisdediciembre.torrejondeardoz\/\/wp-content\/uploads\/cp.seisdediciembre.torrejondeardoz\/2022\/06\/jeshoots-com-LKREcvZeoJQ-unsplash.jpg",550,367,false],"sydney-small-thumb":["https:\/\/site.educa.madrid.org\/cp.seisdediciembre.torrejondeardoz\/\/wp-content\/uploads\/cp.seisdediciembre.torrejondeardoz\/2022\/06\/jeshoots-com-LKREcvZeoJQ-unsplash.jpg",230,153,false],"sydney-service-thumb":["https:\/\/site.educa.madrid.org\/cp.seisdediciembre.torrejondeardoz\/\/wp-content\/uploads\/cp.seisdediciembre.torrejondeardoz\/2022\/06\/jeshoots-com-LKREcvZeoJQ-unsplash.jpg",350,233,false],"sydney-mas-thumb":["https:\/\/site.educa.madrid.org\/cp.seisdediciembre.torrejondeardoz\/\/wp-content\/uploads\/cp.seisdediciembre.torrejondeardoz\/2022\/06\/jeshoots-com-LKREcvZeoJQ-unsplash.jpg",480,320,false],"sow-carousel-default":["https:\/\/site.educa.madrid.org\/cp.seisdediciembre.torrejondeardoz\/\/wp-content\/uploads\/cp.seisdediciembre.torrejondeardoz\/2022\/06\/jeshoots-com-LKREcvZeoJQ-unsplash-272x182.jpg",272,182,true],"sow-post-carousel-overlay-theme":["https:\/\/site.educa.madrid.org\/cp.seisdediciembre.torrejondeardoz\/\/wp-content\/uploads\/cp.seisdediciembre.torrejondeardoz\/2022\/06\/jeshoots-com-LKREcvZeoJQ-unsplash.jpg",360,240,false],"sow-post-carousel-cards-theme":["https:\/\/site.educa.madrid.org\/cp.seisdediciembre.torrejondeardoz\/\/wp-content\/uploads\/cp.seisdediciembre.torrejondeardoz\/2022\/06\/jeshoots-com-LKREcvZeoJQ-unsplash.jpg",360,240,false],"rt_custom":["https:\/\/site.educa.madrid.org\/cp.seisdediciembre.torrejondeardoz\/\/wp-content\/uploads\/cp.seisdediciembre.torrejondeardoz\/2022\/06\/jeshoots-com-LKREcvZeoJQ-unsplash.jpg",1920,1280,false]},"rttpg_author":{"display_name":"cp.seisdediciembre.torrejondeardoz","author_link":"https:\/\/site.educa.madrid.org\/cp.seisdediciembre.torrejondeardoz\/index.php\/author\/cuenta_cp-seisdediciembre-torrejondeardoz\/"},"rttpg_comment":0,"rttpg_category":false,"rttpg_excerpt":"Somos un Centro de atenci\u00f3n preferente a alumnos con TEA desde el curso 2018\/2019, habiendo creado para ello el \u201cAula Estrella\u201d y [&hellip;]","post_mailing_queue_ids":[],"_links":{"self":[{"href":"https:\/\/site.educa.madrid.org\/cp.seisdediciembre.torrejondeardoz\/index.php\/wp-json\/wp\/v2\/pages\/163","targetHints":{"allow":["GET"]}}],"collection":[{"href":"https:\/\/site.educa.madrid.org\/cp.seisdediciembre.torrejondeardoz\/index.php\/wp-json\/wp\/v2\/pages"}],"about":[{"href":"https:\/\/site.educa.madrid.org\/cp.seisdediciembre.torrejondeardoz\/index.php\/wp-json\/wp\/v2\/types\/page"}],"author":[{"embeddable":true,"href":"https:\/\/site.educa.madrid.org\/cp.seisdediciembre.torrejondeardoz\/index.php\/wp-json\/wp\/v2\/users\/3"}],"replies":[{"embeddable":true,"href":"https:\/\/site.educa.madrid.org\/cp.seisdediciembre.torrejondeardoz\/index.php\/wp-json\/wp\/v2\/comments?post=163"}],"version-history":[{"count":4,"href":"https:\/\/site.educa.madrid.org\/cp.seisdediciembre.torrejondeardoz\/index.php\/wp-json\/wp\/v2\/pages\/163\/revisions"}],"predecessor-version":[{"id":2790,"href":"https:\/\/site.educa.madrid.org\/cp.seisdediciembre.torrejondeardoz\/index.php\/wp-json\/wp\/v2\/pages\/163\/revisions\/2790"}],"wp:featuredmedia":[{"embeddable":true,"href":"https:\/\/site.educa.madrid.org\/cp.seisdediciembre.torrejondeardoz\/index.php\/wp-json\/wp\/v2\/media\/400"}],"wp:attachment":[{"href":"https:\/\/site.educa.madrid.org\/cp.seisdediciembre.torrejondeardoz\/index.php\/wp-json\/wp\/v2\/media?parent=163"}],"wp:term":[{"taxonomy":"folder","embeddable":true,"href":"https:\/\/site.educa.madrid.org\/cp.seisdediciembre.torrejondeardoz\/index.php\/wp-json\/wp\/v2\/folder?post=163"}],"curies":[{"name":"wp","href":"https:\/\/api.w.org\/{rel}","templated":true}]}}