{"id":2247,"date":"2023-04-12T08:12:05","date_gmt":"2023-04-12T06:12:05","guid":{"rendered":"https:\/\/seisdediciembre.com\/?page_id=2247"},"modified":"2026-04-09T18:52:47","modified_gmt":"2026-04-09T16:52:47","slug":"admision-y-matriculacion","status":"publish","type":"page","link":"https:\/\/site.educa.madrid.org\/cp.seisdediciembre.torrejondeardoz\/index.php\/admision-y-matriculacion\/","title":{"rendered":"Admisi\u00f3n de alumnos 2026\/2027"},"content":{"rendered":"\n<h3 class=\"wp-block-heading\"><b>Plazo de presentaci\u00f3n de las solicitudes<\/b><\/h3>\n\n\n\n<blockquote class=\"wp-block-quote is-layout-flow wp-block-quote-is-layout-flow\">\n<p>11 AL 25 DE MARZO DE 2026<\/p>\n<\/blockquote>\n\n\n\n<div style=\"height:23px\" aria-hidden=\"true\" class=\"wp-block-spacer\"><\/div>\n\n\n\n<h3 class=\"wp-block-heading\">Acceso a la Resoluci\u00f3n de Admisi\u00f3n<\/h3>\n\n\n\n<div class=\"wp-block-buttons is-layout-flex wp-block-buttons-is-layout-flex\">\n<div class=\"wp-block-button\"><a class=\"wp-block-button__link has-white-color has-vivid-cyan-blue-background-color has-text-color has-background wp-element-button\" href=\"https:\/\/www.bocm.es\/boletin\/CM_Orden_BOCM\/2025\/12\/09\/BOCM-20251209-19.PDF\" style=\"border-radius:7px\">ACCEDER A LA RESOLUCI\u00d3N<\/a><\/div>\n<\/div>\n\n\n\n<p><\/p>\n\n\n\n<div style=\"height:44px\" aria-hidden=\"true\" class=\"wp-block-spacer\"><\/div>\n\n\n\n<h3 class=\"wp-block-heading\">Calendario de actuaciones<\/h3>\n\n\n\n<div data-wp-interactive=\"core\/file\" class=\"wp-block-file\"><object data-wp-bind--hidden=\"!state.hasPdfPreview\" hidden class=\"wp-block-file__embed\" data=\"https:\/\/site.educa.madrid.org\/cp.seisdediciembre.torrejondeardoz\/\/wp-content\/uploads\/cp.seisdediciembre.torrejondeardoz\/2026\/01\/CALENDARIO-DE-ACTUACIONES.pdf\" type=\"application\/pdf\" style=\"width:100%;height:600px\" aria-label=\"Incrustado de CALENDARIO DE ACTUACIONES.\"><\/object><a id=\"wp-block-file--media-040e03b9-fe36-4294-b769-98942ee61d55\" href=\"https:\/\/site.educa.madrid.org\/cp.seisdediciembre.torrejondeardoz\/\/wp-content\/uploads\/cp.seisdediciembre.torrejondeardoz\/2026\/01\/CALENDARIO-DE-ACTUACIONES.pdf\">CALENDARIO DE ACTUACIONES<\/a><a href=\"https:\/\/site.educa.madrid.org\/cp.seisdediciembre.torrejondeardoz\/\/wp-content\/uploads\/cp.seisdediciembre.torrejondeardoz\/2026\/01\/CALENDARIO-DE-ACTUACIONES.pdf\" class=\"wp-block-file__button wp-element-button\" download aria-describedby=\"wp-block-file--media-040e03b9-fe36-4294-b769-98942ee61d55\">Descarga<\/a><\/div>\n\n\n\n<div style=\"height:44px\" aria-hidden=\"true\" class=\"wp-block-spacer\"><\/div>\n\n\n\n<h3 class=\"wp-block-heading\">Publicaci\u00f3n del listado provisional de alumnos solicitantes. <\/h3>\n\n\n\n<blockquote class=\"wp-block-quote is-layout-flow wp-block-quote-is-layout-flow\">\n<p>A determinar.<\/p>\n<cite>Se podr\u00e1 ver a trav\u00e9s de la&nbsp;<a rel=\"noreferrer noopener\" href=\"https:\/\/www.comunidad.madrid\/servicios\/educacion\/gestion-telematica-solicitud-admision-alumnos-secretaria-virtual\" target=\"_blank\">Secretar\u00eda virtual<\/a>&nbsp;o en la secretar\u00eda del centro en horario de 9 a 14h.<\/cite><\/blockquote>\n\n\n\n<!--more-->\n\n\n\n<div style=\"height:88px\" aria-hidden=\"true\" class=\"wp-block-spacer\"><\/div>\n\n\n\n<p>La <b>solicitud de admisi\u00f3n deber\u00e1 ser cumplimentada y entregada de FORMA TELEM\u00c1TICA a trav\u00e9s de la <a href=\"https:\/\/www.comunidad.madrid\/servicios\/educacion\/gestion-telematica-solicitud-admision-alumnos-secretaria-virtual\">Secretar\u00eda Virtual<\/a> <\/b>a trav\u00e9s de 4 posibilidades:<\/p>\n\n\n\n<ul class=\"wp-block-list\">\n<li>Certificado electr\u00f3nico<\/li>\n\n\n\n<li>Cl@ve<\/li>\n\n\n\n<li>@SCV, con el cual podr\u00e1 presentar la solicitud sin necesidad de desplazarse al centro educativo, sin necesidad de tener instalado su certificado digital. \u00danicamente tendr\u00e1n que registrarse ambos tutores.<\/li>\n\n\n\n<li>Ra\u00edces-Roble, a trav\u00e9s de su usuario y contrase\u00f1a.<\/li>\n<\/ul>\n\n\n\n<div class=\"wp-block-buttons is-layout-flex wp-block-buttons-is-layout-flex\">\n<div class=\"wp-block-button\"><a class=\"wp-block-button__link has-white-color has-vivid-cyan-blue-background-color has-text-color has-background wp-element-button\" href=\"https:\/\/www.comunidad.madrid\/servicios\/educacion\/gestion-telematica-solicitud-admision-alumnos-secretaria-virtual\" style=\"border-radius:7px\" target=\"_blank\" rel=\"noreferrer noopener\">Secretaria virtual<\/a><\/div>\n<\/div>\n\n\n\n<hr class=\"wp-block-separator has-text-color has-cyan-bluish-gray-color has-css-opacity has-cyan-bluish-gray-background-color has-background\"\/>\n\n\n\n<h3 class=\"wp-block-heading\"><b>V\u00cdDEOS DE AYUDA<\/b><\/h3>\n\n\n\n<div class=\"wp-block-buttons is-layout-flex wp-block-buttons-is-layout-flex\">\n<div class=\"wp-block-button\"><a class=\"wp-block-button__link has-white-color has-vivid-cyan-blue-background-color has-text-color has-background wp-element-button\" href=\"https:\/\/mediateca.educa.madrid.org\/video\/j1l1hah2cmicwanx\" style=\"border-radius:7px\" target=\"_blank\" rel=\"noreferrer noopener\">Tutorial de acceso a la secretaria virtual<\/a><\/div>\n<\/div>\n\n\n\n<div class=\"wp-block-buttons is-layout-flex wp-block-buttons-is-layout-flex\">\n<div class=\"wp-block-button\"><a class=\"wp-block-button__link has-white-color has-vivid-cyan-blue-background-color has-text-color has-background wp-element-button\" href=\"https:\/\/mediateca.educa.madrid.org\/video\/tfzbk7atfzc9nlyz?jwsource=cl\" style=\"border-radius:7px\" target=\"_blank\" rel=\"noreferrer noopener\">tutorial de presentaci\u00f3n de solicitudes en la secretaria virtual<\/a><\/div>\n<\/div>\n\n\n\n<div style=\"height:3px\" aria-hidden=\"true\" class=\"wp-block-spacer\"><\/div>\n\n\n\n<p>Se adjuntar\u00e1 la siguiente documentaci\u00f3n:<\/p>\n\n\n\n<ul class=\"wp-block-list\">\n<li>Fotocopia del Libro de familia<\/li>\n\n\n\n<li>Aquella documentaci\u00f3n a la que se oponga su consulta en la solicitud.<\/li>\n\n\n\n<li>Documentaci\u00f3n justificativa de cualquier circunstancia baremable que no se pueda autorizar la consulta en la solicitud.<\/li>\n\n\n\n<li>Impreso declaraci\u00f3n responsable ante la presencia de una sola firma.<\/li>\n<\/ul>\n\n\n\n<p><b><strong>La solicitud debe estar firmada por ambos padres, madres o representantes legales del alumno, salvo que se justifiquen las circunstancias de la ausencia de una de las firmas a trav\u00e9s de una <a href=\"https:\/\/site.educa.madrid.org\/cp.seisdediciembre.torrejondeardoz\/\/wp-content\/uploads\/cp.seisdediciembre.torrejondeardoz\/2025\/02\/Declaracion-responsable-admision-25-26.pdf\">declaraci\u00f3n responsable<\/a> (pedir impreso en secretar\u00eda o a trav\u00e9s del enlace), junto con la documentaci\u00f3n pertinente.<\/strong><\/b><\/p>\n\n\n\n<p><b>En el caso de que no sea posible entregar la solicitud telem\u00e1tica, la solicitud se puede obtener en el centro o a trav\u00e9s del siguiente enlace (Solicitud de admisi\u00f3n). Deber\u00e1 imprimir 3 copias y pedir cita en el centro a trav\u00e9s del correo<span class=\"Apple-converted-space\">&nbsp;<\/span><\/b> <b><a href=\"mailto:secretaria.cp.seisdediciembre.torrejondeardoz@educa.madrid.org\">secretaria.cp.seisdediciembre.torrejondeardoz@educa.madrid.org<\/a> o a trav\u00e9s del tel\u00e9fono 916560363.<\/b><\/p>\n\n\n\n<hr class=\"wp-block-separator has-text-color has-cyan-bluish-gray-color has-css-opacity has-cyan-bluish-gray-background-color has-background is-style-wide\"\/>\n\n\n\n<h3 class=\"wp-block-heading\">VACANTES<\/h3>\n\n\n\n<div class=\"wp-block-buttons is-layout-flex wp-block-buttons-is-layout-flex\">\n<div class=\"wp-block-button\"><a class=\"wp-block-button__link has-white-color has-vivid-cyan-blue-background-color has-text-color has-background wp-element-button\" href=\"https:\/\/site.educa.madrid.org\/cp.seisdediciembre.torrejondeardoz\/\/wp-content\/uploads\/cp.seisdediciembre.torrejondeardoz\/2026\/03\/OFERTA-VACANTES_001.pdf\" style=\"border-radius:7px\">acceder a las vacantes<\/a><\/div>\n<\/div>\n\n\n\n<div style=\"height:29px\" aria-hidden=\"true\" class=\"wp-block-spacer\"><\/div>\n\n\n\n<hr class=\"wp-block-separator has-css-opacity\"\/>\n\n\n\n<h3 class=\"wp-block-heading\">INFORMACI\u00d3N B\u00c1SICA Y CRITERIO COMPLEMENTARIO<\/h3>\n\n\n\n<div class=\"wp-block-buttons is-layout-flex wp-block-buttons-is-layout-flex\">\n<div class=\"wp-block-button\"><a class=\"wp-block-button__link has-white-color has-vivid-cyan-blue-background-color has-text-color has-background wp-element-button\" href=\"https:\/\/site.educa.madrid.org\/cp.seisdediciembre.torrejondeardoz\/\/wp-content\/uploads\/cp.seisdediciembre.torrejondeardoz\/2026\/03\/INFORMACION-BASICA-PROCESO-DE-ADMISION_001.pdf\" style=\"border-radius:7px\">acceder al criterio complementario<\/a><\/div>\n<\/div>\n\n\n\n<div style=\"height:29px\" aria-hidden=\"true\" class=\"wp-block-spacer\"><\/div>\n\n\n\n<div style=\"height:29px\" aria-hidden=\"true\" class=\"wp-block-spacer\"><\/div>\n\n\n\n<hr class=\"wp-block-separator has-css-opacity\"\/>\n\n\n\n<h3 class=\"wp-block-heading\">SORTEO P\u00daBLICO<\/h3>\n\n\n\n<div class=\"wp-block-buttons is-layout-flex wp-block-buttons-is-layout-flex\">\n<div class=\"wp-block-button\"><a class=\"wp-block-button__link has-white-color has-vivid-cyan-blue-background-color has-text-color has-background wp-element-button\" href=\"https:\/\/site.educa.madrid.org\/cp.seisdediciembre.torrejondeardoz\/\/wp-content\/uploads\/cp.seisdediciembre.torrejondeardoz\/2026\/04\/RESULTADOSORTEOPUBLICOPOSIBLESEMPATES.pdf\" style=\"border-radius:7px\">acceder al documento<\/a><\/div>\n<\/div>\n\n\n\n<p><\/p>\n\n\n\n<hr class=\"wp-block-separator has-css-opacity\"\/>\n\n\n\n<h3 class=\"wp-block-heading\"><b>QUI\u00c9N TIENE DE PARTICIPAR EN EL PROCESO DE ADMISI\u00d3N<\/b><\/h3>\n\n\n\n<ul class=\"wp-block-list\">\n<li>Los que deseen acceder por primera vez a centros que imparten Educaci\u00f3n Infantil (3-6 a\u00f1os) o Educaci\u00f3n Primaria o a centros de Educaci\u00f3n Especial sostenidos con fondos p\u00fablicos en el curso 2025\/2026.<\/li>\n\n\n\n<li>Los que deseen acceder a centros sostenidos con fondos p\u00fablicos que impartan Educaci\u00f3n Secundaria Obligatoria, y a cualquiera de las modalidades de Bachillerato.<\/li>\n\n\n\n<li>Los alumnos que quieran cambiar de centro en cualquiera de los niveles y ense\u00f1anzas del \u00e1mbito de aplicaci\u00f3n de la Resoluci\u00f3n.<\/li>\n<\/ul>\n\n\n<div\n\t\t\t\n\t\t\tclass=\"so-widget-sow-video so-widget-sow-video-default-f379b959fc93\"\n\t\t\t\n\t\t>\n<div class=\"sow-video-wrapper no-controls\">\n\t\t\t<video\n\t\t\t\t\t\t\tid=\"sow-player-1\" \t\t\t\t\t\t\tclass=\"sow-video-widget\" \t\t\t\t\t\t\tpreload=\"auto\" \t\t\t\t\t\t\tstyle=\"width:100%;height:100%;\" \t\t\t\t\t\t\t\t>\n\t\t\t\t\t\t\t<source type=\"video\/mp4\" src=\"https:\/\/site.educa.madrid.org\/cp.seisdediciembre.torrejondeardoz\/\/wp-content\/uploads\/cp.seisdediciembre.torrejondeardoz\/2026\/03\/Proceso-Admision-26_27.mp4\"\/>\n\t\t\t\t\t<\/video>\n\t<\/div>\n<\/div>\n\n\n<p><\/p>\n","protected":false},"excerpt":{"rendered":"<p>Consulta las novedades sobre el proceso de Admisi\u00f3n: Oferta de vacantes y criterio complementario.<\/p>\n","protected":false},"author":3,"featured_media":2251,"parent":0,"menu_order":0,"comment_status":"closed","ping_status":"closed","template":"page-templates\/page_fullwidth.php","meta":{"footnotes":""},"folder":[],"class_list":["post-2247","page","type-page","status-publish","has-post-thumbnail","hentry"],"rttpg_featured_image_url":{"full":["https:\/\/site.educa.madrid.org\/cp.seisdediciembre.torrejondeardoz\/\/wp-content\/uploads\/cp.seisdediciembre.torrejondeardoz\/2023\/03\/admisionImagen.png",2560,1669,false],"landscape":["https:\/\/site.educa.madrid.org\/cp.seisdediciembre.torrejondeardoz\/\/wp-content\/uploads\/cp.seisdediciembre.torrejondeardoz\/2023\/03\/admisionImagen.png",2560,1669,false],"portraits":["https:\/\/site.educa.madrid.org\/cp.seisdediciembre.torrejondeardoz\/\/wp-content\/uploads\/cp.seisdediciembre.torrejondeardoz\/2023\/03\/admisionImagen.png",2560,1669,false],"thumbnail":["https:\/\/site.educa.madrid.org\/cp.seisdediciembre.torrejondeardoz\/\/wp-content\/uploads\/cp.seisdediciembre.torrejondeardoz\/2023\/03\/admisionImagen-150x150.png",150,150,true],"medium":["https:\/\/site.educa.madrid.org\/cp.seisdediciembre.torrejondeardoz\/\/wp-content\/uploads\/cp.seisdediciembre.torrejondeardoz\/2023\/03\/admisionImagen-300x196.png",300,196,true],"large":["https:\/\/site.educa.madrid.org\/cp.seisdediciembre.torrejondeardoz\/\/wp-content\/uploads\/cp.seisdediciembre.torrejondeardoz\/2023\/03\/admisionImagen-1024x668.png",1024,668,true],"thumblist":["https:\/\/site.educa.madrid.org\/cp.seisdediciembre.torrejondeardoz\/\/wp-content\/uploads\/cp.seisdediciembre.torrejondeardoz\/2023\/03\/admisionImagen-300x300.png",300,300,true],"thumbrelated":["https:\/\/site.educa.madrid.org\/cp.seisdediciembre.torrejondeardoz\/\/wp-content\/uploads\/cp.seisdediciembre.torrejondeardoz\/2023\/03\/admisionImagen.png",500,326,false],"meccarouselthumb":["https:\/\/site.educa.madrid.org\/cp.seisdediciembre.torrejondeardoz\/\/wp-content\/uploads\/cp.seisdediciembre.torrejondeardoz\/2023\/03\/admisionImagen-474x324.png",474,324,true],"gridsquare":["https:\/\/site.educa.madrid.org\/cp.seisdediciembre.torrejondeardoz\/\/wp-content\/uploads\/cp.seisdediciembre.torrejondeardoz\/2023\/03\/admisionImagen-391x260.png",391,260,true],"tileview":["https:\/\/site.educa.madrid.org\/cp.seisdediciembre.torrejondeardoz\/\/wp-content\/uploads\/cp.seisdediciembre.torrejondeardoz\/2023\/03\/admisionImagen-300x400.png",300,400,true],"1536x1536":["https:\/\/site.educa.madrid.org\/cp.seisdediciembre.torrejondeardoz\/\/wp-content\/uploads\/cp.seisdediciembre.torrejondeardoz\/2023\/03\/admisionImagen-1536x1001.png",1536,1001,true],"2048x2048":["https:\/\/site.educa.madrid.org\/cp.seisdediciembre.torrejondeardoz\/\/wp-content\/uploads\/cp.seisdediciembre.torrejondeardoz\/2023\/03\/admisionImagen-2048x1335.png",2048,1335,true],"sydney-large-thumb":["https:\/\/site.educa.madrid.org\/cp.seisdediciembre.torrejondeardoz\/\/wp-content\/uploads\/cp.seisdediciembre.torrejondeardoz\/2023\/03\/admisionImagen.png",1000,652,false],"sydney-medium-thumb":["https:\/\/site.educa.madrid.org\/cp.seisdediciembre.torrejondeardoz\/\/wp-content\/uploads\/cp.seisdediciembre.torrejondeardoz\/2023\/03\/admisionImagen.png",550,359,false],"sydney-small-thumb":["https:\/\/site.educa.madrid.org\/cp.seisdediciembre.torrejondeardoz\/\/wp-content\/uploads\/cp.seisdediciembre.torrejondeardoz\/2023\/03\/admisionImagen.png",230,150,false],"sydney-service-thumb":["https:\/\/site.educa.madrid.org\/cp.seisdediciembre.torrejondeardoz\/\/wp-content\/uploads\/cp.seisdediciembre.torrejondeardoz\/2023\/03\/admisionImagen.png",350,228,false],"sydney-mas-thumb":["https:\/\/site.educa.madrid.org\/cp.seisdediciembre.torrejondeardoz\/\/wp-content\/uploads\/cp.seisdediciembre.torrejondeardoz\/2023\/03\/admisionImagen.png",480,313,false],"sow-carousel-default":["https:\/\/site.educa.madrid.org\/cp.seisdediciembre.torrejondeardoz\/\/wp-content\/uploads\/cp.seisdediciembre.torrejondeardoz\/2023\/03\/admisionImagen-272x182.png",272,182,true],"sow-post-carousel-overlay-theme":["https:\/\/site.educa.madrid.org\/cp.seisdediciembre.torrejondeardoz\/\/wp-content\/uploads\/cp.seisdediciembre.torrejondeardoz\/2023\/03\/admisionImagen.png",360,235,false],"sow-post-carousel-cards-theme":["https:\/\/site.educa.madrid.org\/cp.seisdediciembre.torrejondeardoz\/\/wp-content\/uploads\/cp.seisdediciembre.torrejondeardoz\/2023\/03\/admisionImagen.png",360,235,false],"rt_custom":["https:\/\/site.educa.madrid.org\/cp.seisdediciembre.torrejondeardoz\/\/wp-content\/uploads\/cp.seisdediciembre.torrejondeardoz\/2023\/03\/admisionImagen.png",2560,1669,false]},"rttpg_author":{"display_name":"cp.seisdediciembre.torrejondeardoz","author_link":"https:\/\/site.educa.madrid.org\/cp.seisdediciembre.torrejondeardoz\/index.php\/author\/cuenta_cp-seisdediciembre-torrejondeardoz\/"},"rttpg_comment":0,"rttpg_category":false,"rttpg_excerpt":"Consulta las novedades sobre el proceso de Admisi\u00f3n: Oferta de vacantes y criterio complementario.","post_mailing_queue_ids":[],"_links":{"self":[{"href":"https:\/\/site.educa.madrid.org\/cp.seisdediciembre.torrejondeardoz\/index.php\/wp-json\/wp\/v2\/pages\/2247","targetHints":{"allow":["GET"]}}],"collection":[{"href":"https:\/\/site.educa.madrid.org\/cp.seisdediciembre.torrejondeardoz\/index.php\/wp-json\/wp\/v2\/pages"}],"about":[{"href":"https:\/\/site.educa.madrid.org\/cp.seisdediciembre.torrejondeardoz\/index.php\/wp-json\/wp\/v2\/types\/page"}],"author":[{"embeddable":true,"href":"https:\/\/site.educa.madrid.org\/cp.seisdediciembre.torrejondeardoz\/index.php\/wp-json\/wp\/v2\/users\/3"}],"replies":[{"embeddable":true,"href":"https:\/\/site.educa.madrid.org\/cp.seisdediciembre.torrejondeardoz\/index.php\/wp-json\/wp\/v2\/comments?post=2247"}],"version-history":[{"count":46,"href":"https:\/\/site.educa.madrid.org\/cp.seisdediciembre.torrejondeardoz\/index.php\/wp-json\/wp\/v2\/pages\/2247\/revisions"}],"predecessor-version":[{"id":3777,"href":"https:\/\/site.educa.madrid.org\/cp.seisdediciembre.torrejondeardoz\/index.php\/wp-json\/wp\/v2\/pages\/2247\/revisions\/3777"}],"wp:featuredmedia":[{"embeddable":true,"href":"https:\/\/site.educa.madrid.org\/cp.seisdediciembre.torrejondeardoz\/index.php\/wp-json\/wp\/v2\/media\/2251"}],"wp:attachment":[{"href":"https:\/\/site.educa.madrid.org\/cp.seisdediciembre.torrejondeardoz\/index.php\/wp-json\/wp\/v2\/media?parent=2247"}],"wp:term":[{"taxonomy":"folder","embeddable":true,"href":"https:\/\/site.educa.madrid.org\/cp.seisdediciembre.torrejondeardoz\/index.php\/wp-json\/wp\/v2\/folder?post=2247"}],"curies":[{"name":"wp","href":"https:\/\/api.w.org\/{rel}","templated":true}]}}