{"id":30,"date":"2020-02-17T21:24:01","date_gmt":"2020-02-17T20:24:01","guid":{"rendered":"https:\/\/seisdediciembre.com\/?page_id=30"},"modified":"2023-04-19T10:33:53","modified_gmt":"2023-04-19T08:33:53","slug":"servicios-y-actividades-2","status":"publish","type":"page","link":"https:\/\/site.educa.madrid.org\/cp.seisdediciembre.torrejondeardoz\/index.php\/servicios-y-actividades-2\/","title":{"rendered":"Servicios y actividades"},"content":{"rendered":"\n<p>Estos son los servicios y actividades del centro:<\/p>\n\n\n<style type='text\/css' media='all'>#rt-tpg-container-2266124608 .rt-holder .rt-woo-info .price{color:#ed9044;}body .rt-tpg-container .rt-tpg-isotope-buttons .selected,\n\t\t\t\t\t#rt-tpg-container-2266124608 .layout12 .rt-holder:hover .rt-detail,\n\t\t\t\t\t#rt-tpg-container-2266124608 .isotope8 .rt-holder:hover .rt-detail,\n\t\t\t\t\t#rt-tpg-container-2266124608 .carousel8 .rt-holder:hover .rt-detail,\n\t\t\t\t\t#rt-tpg-container-2266124608 .layout13 .rt-holder .overlay .post-info,\n\t\t\t\t\t#rt-tpg-container-2266124608 .isotope9 .rt-holder .overlay .post-info,\n\t\t\t\t\t#rt-tpg-container-2266124608.rt-tpg-container .layout4 .rt-holder .rt-detail,\n\t\t\t\t\t.rt-modal-2266124608 .md-content,\n\t\t\t\t\t.rt-modal-2266124608 .md-content > .rt-md-content-holder .rt-md-content,\n\t\t\t\t\t.rt-popup-wrap-2266124608.rt-popup-wrap .rt-popup-navigation-wrap,\n\t\t\t\t\t#rt-tpg-container-2266124608 .carousel9 .rt-holder .overlay .post-info{background-color:#ed9044;}#rt-tpg-container-2266124608 .layout5 .rt-holder .overlay, #rt-tpg-container-2266124608 .isotope2 .rt-holder .overlay, #rt-tpg-container-2266124608 .carousel2 .rt-holder .overlay,#rt-tpg-container-2266124608 .layout15 .rt-holder h3, #rt-tpg-container-2266124608 .isotope11 .rt-holder h3, #rt-tpg-container-2266124608 .carousel11 .rt-holder h3, #rt-tpg-container-2266124608 .layout16 .rt-holder h3,\n\t\t\t\t\t#rt-tpg-container-2266124608 .isotope12 .rt-holder h3, #rt-tpg-container-2266124608 .carousel12 .rt-holder h3 {background-color:rgba(237,144,68,0.8);}#rt-tpg-container-2266124608 .pagination-list li a,\n\t\t\t\t\trt-tpg-container-2266124608 .pagination-list li span,\n\t\t\t\t\trt-tpg-container-2266124608 .pagination li a,\n\t\t\t\t\t#rt-tpg-container-2266124608 .rt-tpg-isotope-buttons button,\n\t\t\t\t\t#rt-tpg-container-2266124608 .rt-tpg-utility .rt-tpg-load-more button,\n\t\t\t\t\t#rt-tpg-container-2266124608.rt-tpg-container .swiper-navigation .slider-btn,\n\t\t\t\t\t#rt-tpg-container-2266124608.rt-tpg-container .swiper-pagination-bullet,\n\t\t\t\t\t#rt-tpg-container-2266124608 .wc1 .rt-holder .rt-img-holder .overlay .product-more ul li a,\n\t\t\t\t\t#rt-tpg-container-2266124608 .wc2 .rt-detail .rt-wc-add-to-cart,\n\t\t\t\t\t#rt-tpg-container-2266124608 .wc3 .rt-detail .rt-wc-add-to-cart,\n\t\t\t\t\t#rt-tpg-container-2266124608 .wc4 .rt-detail .rt-wc-add-to-cart,\n\t\t\t\t\t#rt-tpg-container-2266124608 .wc-carousel2 .rt-detail .rt-wc-add-to-cart,\n\t\t\t\t\t#rt-tpg-container-2266124608 .wc-isotope2 .rt-detail .rt-wc-add-to-cart,\n\t\t\t\t\t#rt-tpg-container-2266124608 .rt-layout-filter-container .rt-filter-wrap .rt-filter-item-wrap.rt-filter-dropdown-wrap .rt-filter-dropdown,\n\t\t\t\t\t#rt-tpg-container-2266124608 .rt-layout-filter-container .rt-filter-sub-tax.sub-button-group .rt-filter-button-item,\n\t\t\t\t\t#rt-tpg-container-2266124608.rt-tpg-container .rt-pagination-wrap .rt-page-numbers .paginationjs .paginationjs-pages ul li>a,\n\t\t\t\t\t#rt-tpg-container-2266124608 .rt-filter-item-wrap.rt-filter-button-wrap span.rt-filter-button-item,\n\t\t\t\t\t#rt-tpg-container-2266124608.rt-tpg-container .rt-pagination-wrap  .rt-loadmore-btn,\n\t\t\t\t\t#rt-tpg-container-2266124608.rt-tpg-container .rt-pagination-wrap .rt-cb-page-prev-next > *,\n\t\t\t\t\t#rt-tpg-container-2266124608 .rt-read-more,\n\t\t\t\t\t#rt-tooltip-2266124608, #rt-tooltip-2266124608 .rt-tooltip-bottom:after{background-color:#ee7514;}#rt-tpg-container-2266124608 .rt-filter-item-wrap.rt-filter-button-wrap span.rt-filter-button-item,\n\t\t\t\t\t#rt-tpg-container-2266124608 .rt-layout-filter-container .rt-filter-sub-tax.sub-button-group .rt-filter-button-item{border-color:#ee7514;}#rt-tpg-container-2266124608.rt-tpg-container .layout17 .rt-holder .overlay a.tpg-zoom .fa{color:#ee7514;}#rt-tpg-container-2266124608 .rt-holder .read-more a {background-color:#ee7514;padding: 8px 15px;}#rt-tpg-container-2266124608 .pagination-list li a,\n\t\t\t\t\t#rt-tpg-container-2266124608 .pagination li a,\n\t\t\t\t\t#rt-tpg-container-2266124608 .rt-tpg-isotope-buttons button,\n\t\t\t\t\t#rt-tpg-container-2266124608 .rt-holder .read-more a,\n\t\t\t\t\t#rt-tpg-container-2266124608 .rt-tpg-utility .rt-tpg-load-more button,\n\t\t\t\t\t#rt-tpg-container-2266124608.rt-tpg-container .swiper-navigation .slider-btn,\n\t\t\t\t\t#rt-tpg-container-2266124608 .wc1 .rt-holder .rt-img-holder .overlay .product-more ul li a,\n\t\t\t\t\t#rt-tpg-container-2266124608 .edd1 .rt-holder .rt-img-holder .overlay .product-more ul li a,\n\t\t\t\t\t#rt-tpg-container-2266124608 .wc2 .rt-detail .rt-wc-add-to-cart,\n\t\t\t\t\t#rt-tpg-container-2266124608 .wc3 .rt-detail .rt-wc-add-to-cart,\n\t\t\t\t\t#rt-tpg-container-2266124608 .edd2 .rt-detail .rt-wc-add-to-cart,\n\t\t\t\t\t#rt-tpg-container-2266124608 .wc4 .rt-detail .rt-wc-add-to-cart,\n\t\t\t\t\t#rt-tpg-container-2266124608 .edd3 .rt-detail .rt-wc-add-to-cart,\n\t\t\t\t\t#rt-tpg-container-2266124608 .wc-carousel2 .rt-detail .rt-wc-add-to-cart,\n\t\t\t\t\t#rt-tpg-container-2266124608 .wc-isotope2 .rt-detail .rt-wc-add-to-cart,\n\t\t\t\t\t#rt-tpg-container-2266124608 .rt-tpg-utility .rt-tpg-load-more button,\n\t\t\t\t\t#rt-tooltip-2266124608,\n\t\t\t\t\t#rt-tpg-container-2266124608 .rt-filter-item-wrap.rt-filter-button-wrap span.rt-filter-button-item,\n\t\t\t\t\t#rt-tpg-container-2266124608 .rt-layout-filter-container .rt-filter-sub-tax.sub-button-group .rt-filter-button-item,\n\t\t\t\t\t#rt-tpg-container-2266124608 .rt-layout-filter-container .rt-filter-wrap .rt-filter-item-wrap.rt-sort-order-action,\n\t\t\t\t\t#rt-tpg-container-2266124608 .rt-layout-filter-container .rt-filter-wrap .rt-filter-item-wrap.rt-filter-dropdown-wrap .rt-filter-dropdown .rt-filter-dropdown-item,\n\t\t\t\t\t#rt-tpg-container-2266124608.rt-tpg-container .rt-pagination-wrap .rt-page-numbers .paginationjs .paginationjs-pages ul li>a,\n\t\t\t\t\t#rt-tpg-container-2266124608.rt-tpg-container .rt-pagination-wrap .rt-cb-page-prev-next > *,\n\t\t\t\t\t#rt-tpg-container-2266124608.rt-tpg-container .rt-pagination-wrap  .rt-loadmore-btn,\n\t\t\t\t\t#rt-tpg-container-2266124608 .rt-read-more,\n\t\t\t\t\t#rt-tooltip-2266124608 .rt-tooltip-bottom:after{color:#ffffff;}#rt-tpg-container-2266124608 .read-more a{border-radius:60px;}#rt-tpg-container-2266124608.rt-tpg-container {background:#ee7514;}#rt-tpg-container-2266124608.rt-tpg-container {padding:50px 50px 50px 50px;}#rt-tpg-container-2266124608 .rt-img-holder img.rt-img-responsive,#rt-tpg-container-2266124608 .rt-img-holder,\n\t\t\t\t\t#rt-tpg-container-2266124608 .rt-post-overlay .post-img,\n\t\t\t\t\t#rt-tpg-container-2266124608 .post-sm .post-img,\n\t\t\t\t\t#rt-tpg-container-2266124608 .rt-post-grid .post-img,\n\t\t\t\t\t#rt-tpg-container-2266124608 .post-img img {border-radius:px;}#rt-tpg-container-2266124608 .layout12 .rt-holder .tpg-excerpt,#rt-tpg-container-2266124608 .layout12 .tpg-excerpt,#rt-tpg-container-2266124608 .layout12 .rt-holder .post-content,#rt-tpg-container-2266124608 .rt-holder .rt-woo-info p,#rt-tpg-container-2266124608 .post-content p {color:#878787;font-size:15px;}<\/style><div class='rt-container-fluid rt-tpg-container tpg-shortcode-main-wrapper ' id='rt-tpg-container-2266124608'   data-layout='layout12' data-grid-style='even' data-desktop-col='3'  data-tab-col='2'  data-mobile-col='1' data-sc-id='2591'><div data-title='Loading ...' class='rt-row rt-content-loader   layout12 tpg-even '><div class=\"rt-col-md-4 rt-col-sm-6 rt-col-xs-12 even-grid-item rt-grid-item\" data-id=\"3386\"><div class=\"rt-holder\"><div class=\"rt-img-holder\"><a data-id='3386' class='' href='https:\/\/site.educa.madrid.org\/cp.seisdediciembre.torrejondeardoz\/index.php\/servicio-de-enfermeria\/'><img loading=\"lazy\" decoding=\"async\" width=\"1200\" height=\"900\" src=\"https:\/\/site.educa.madrid.org\/cp.seisdediciembre.torrejondeardoz\/\/wp-content\/uploads\/cp.seisdediciembre.torrejondeardoz\/2024\/02\/15749.jpg\" class=\"rt-img-responsive \" alt=\"\" \/><\/a><\/div> <div class='rt-detail'><h3 class=\"entry-title\"><a data-id=\"3386\" class=\"\" href=\"https:\/\/site.educa.madrid.org\/cp.seisdediciembre.torrejondeardoz\/index.php\/servicio-de-enfermeria\/\">Servicio de Enfermer\u00eda<\/a><\/h3><div class='tpg-excerpt'>Desde el departamento de enfermer\u00eda se atiende a los alumnos con problemas cr\u00f3nicos de salud, como la diabetes, cubriendo sus necesidades a...<\/div><div class='post-meta center'><span class='read-more'><a data-id='3386' class='' href='https:\/\/site.educa.madrid.org\/cp.seisdediciembre.torrejondeardoz\/index.php\/servicio-de-enfermeria\/'>SABER M\u00c1S<\/a><\/span><\/div><\/div><\/div><\/div><div class=\"rt-col-md-4 rt-col-sm-6 rt-col-xs-12 even-grid-item rt-grid-item\" data-id=\"34\"><div class=\"rt-holder\"><div class=\"rt-img-holder\"><a data-id='34' class='' href='https:\/\/site.educa.madrid.org\/cp.seisdediciembre.torrejondeardoz\/index.php\/servicios-y-actividades-2\/comedor\/'><img loading=\"lazy\" decoding=\"async\" width=\"2560\" height=\"1920\" src=\"https:\/\/site.educa.madrid.org\/cp.seisdediciembre.torrejondeardoz\/\/wp-content\/uploads\/cp.seisdediciembre.torrejondeardoz\/2020\/03\/comedor1-scaled-1.jpg\" class=\"rt-img-responsive \" alt=\"\" \/><\/a><\/div> <div class='rt-detail'><h3 class=\"entry-title\"><a data-id=\"34\" class=\"\" href=\"https:\/\/site.educa.madrid.org\/cp.seisdediciembre.torrejondeardoz\/index.php\/servicios-y-actividades-2\/comedor\/\">Servicio de Comedor<\/a><\/h3><div class='tpg-excerpt'>Encuentra aqu\u00ed la informaci\u00f3n m\u00e1s relevante de nuestro servicio de comedor...<\/div><div class='post-meta center'><span class='read-more'><a data-id='34' class='' href='https:\/\/site.educa.madrid.org\/cp.seisdediciembre.torrejondeardoz\/index.php\/servicios-y-actividades-2\/comedor\/'>SABER M\u00c1S<\/a><\/span><\/div><\/div><\/div><\/div><div class=\"rt-col-md-4 rt-col-sm-6 rt-col-xs-12 even-grid-item rt-grid-item\" data-id=\"32\"><div class=\"rt-holder\"><div class=\"rt-img-holder\"><a data-id='32' class='' href='https:\/\/site.educa.madrid.org\/cp.seisdediciembre.torrejondeardoz\/index.php\/servicios-y-actividades-2\/los-primeros-del-cole\/'><img loading=\"lazy\" decoding=\"async\" width=\"2560\" height=\"1920\" src=\"https:\/\/site.educa.madrid.org\/cp.seisdediciembre.torrejondeardoz\/\/wp-content\/uploads\/cp.seisdediciembre.torrejondeardoz\/2020\/03\/Pasillo-aulas-1o-y-2o-1-scaled-1.jpg\" class=\"rt-img-responsive \" alt=\"\" \/><\/a><\/div> <div class='rt-detail'><h3 class=\"entry-title\"><a data-id=\"32\" class=\"\" href=\"https:\/\/site.educa.madrid.org\/cp.seisdediciembre.torrejondeardoz\/index.php\/servicios-y-actividades-2\/los-primeros-del-cole\/\">Los primeros del cole<\/a><\/h3><div class='tpg-excerpt'>Descubre las modalidades y precios de nuestro servicio \u00abLos primeros del cole\u00ab...<\/div><div class='post-meta center'><span class='read-more'><a data-id='32' class='' href='https:\/\/site.educa.madrid.org\/cp.seisdediciembre.torrejondeardoz\/index.php\/servicios-y-actividades-2\/los-primeros-del-cole\/'>SABER M\u00c1S<\/a><\/span><\/div><\/div><\/div><\/div><div class=\"rt-col-md-4 rt-col-sm-6 rt-col-xs-12 even-grid-item rt-grid-item\" data-id=\"3396\"><div class=\"rt-holder\"><div class=\"rt-img-holder\"><a data-id='3396' class='' href='https:\/\/site.educa.madrid.org\/cp.seisdediciembre.torrejondeardoz\/index.php\/actividades-extraescolares\/'><img loading=\"lazy\" decoding=\"async\" width=\"1900\" height=\"1206\" src=\"https:\/\/site.educa.madrid.org\/cp.seisdediciembre.torrejondeardoz\/\/wp-content\/uploads\/cp.seisdediciembre.torrejondeardoz\/2020\/02\/Jornadas-Deportivas-scaled2.jpg\" class=\"rt-img-responsive \" alt=\"\" \/><\/a><\/div> <div class='rt-detail'><h3 class=\"entry-title\"><a data-id=\"3396\" class=\"\" href=\"https:\/\/site.educa.madrid.org\/cp.seisdediciembre.torrejondeardoz\/index.php\/actividades-extraescolares\/\">Actividades extraescolares<\/a><\/h3><div class='tpg-excerpt'>Las actividades extraescolares son ofertadas por el Ayuntamiento de Torrej\u00f3n de Ardoz...<\/div><div class='post-meta center'><span class='read-more'><a data-id='3396' class='' href='https:\/\/site.educa.madrid.org\/cp.seisdediciembre.torrejondeardoz\/index.php\/actividades-extraescolares\/'>SABER M\u00c1S<\/a><\/span><\/div><\/div><\/div><\/div><div class=\"rt-col-md-4 rt-col-sm-6 rt-col-xs-12 even-grid-item rt-grid-item\" data-id=\"3410\"><div class=\"rt-holder\"><div class=\"rt-img-holder\"><a data-id='3410' class='' href='https:\/\/site.educa.madrid.org\/cp.seisdediciembre.torrejondeardoz\/index.php\/horario-ampliado-de-comedor-escolar\/'><img loading=\"lazy\" decoding=\"async\" width=\"1000\" height=\"667\" src=\"https:\/\/site.educa.madrid.org\/cp.seisdediciembre.torrejondeardoz\/\/wp-content\/uploads\/cp.seisdediciembre.torrejondeardoz\/2024\/02\/30116760_7627931.jpg\" class=\"rt-img-responsive \" alt=\"\" \/><\/a><\/div> <div class='rt-detail'><h3 class=\"entry-title\"><a data-id=\"3410\" class=\"\" href=\"https:\/\/site.educa.madrid.org\/cp.seisdediciembre.torrejondeardoz\/index.php\/horario-ampliado-de-comedor-escolar\/\">Horario ampliado de comedor escolar<\/a><\/h3><div class='tpg-excerpt'>Durante los meses de junio y septiembre nuestro centro ofrece horario ampliado de comedor para nuestros alumnos...<\/div><div class='post-meta center'><span class='read-more'><a data-id='3410' class='' href='https:\/\/site.educa.madrid.org\/cp.seisdediciembre.torrejondeardoz\/index.php\/horario-ampliado-de-comedor-escolar\/'>SABER M\u00c1S<\/a><\/span><\/div><\/div><\/div><\/div><\/div><\/div>\n","protected":false},"excerpt":{"rendered":"<p>Estos son los servicios y actividades del centro:<\/p>\n","protected":false},"author":3,"featured_media":0,"parent":0,"menu_order":0,"comment_status":"closed","ping_status":"closed","template":"page-templates\/page_fullwidth.php","meta":{"footnotes":""},"folder":[],"class_list":["post-30","page","type-page","status-publish","hentry"],"rttpg_featured_image_url":null,"rttpg_author":{"display_name":"cp.seisdediciembre.torrejondeardoz","author_link":"https:\/\/site.educa.madrid.org\/cp.seisdediciembre.torrejondeardoz\/index.php\/author\/cuenta_cp-seisdediciembre-torrejondeardoz\/"},"rttpg_comment":0,"rttpg_category":false,"rttpg_excerpt":"Estos son los servicios y actividades del centro:","post_mailing_queue_ids":[],"_links":{"self":[{"href":"https:\/\/site.educa.madrid.org\/cp.seisdediciembre.torrejondeardoz\/index.php\/wp-json\/wp\/v2\/pages\/30","targetHints":{"allow":["GET"]}}],"collection":[{"href":"https:\/\/site.educa.madrid.org\/cp.seisdediciembre.torrejondeardoz\/index.php\/wp-json\/wp\/v2\/pages"}],"about":[{"href":"https:\/\/site.educa.madrid.org\/cp.seisdediciembre.torrejondeardoz\/index.php\/wp-json\/wp\/v2\/types\/page"}],"author":[{"embeddable":true,"href":"https:\/\/site.educa.madrid.org\/cp.seisdediciembre.torrejondeardoz\/index.php\/wp-json\/wp\/v2\/users\/3"}],"replies":[{"embeddable":true,"href":"https:\/\/site.educa.madrid.org\/cp.seisdediciembre.torrejondeardoz\/index.php\/wp-json\/wp\/v2\/comments?post=30"}],"version-history":[{"count":1,"href":"https:\/\/site.educa.madrid.org\/cp.seisdediciembre.torrejondeardoz\/index.php\/wp-json\/wp\/v2\/pages\/30\/revisions"}],"predecessor-version":[{"id":2592,"href":"https:\/\/site.educa.madrid.org\/cp.seisdediciembre.torrejondeardoz\/index.php\/wp-json\/wp\/v2\/pages\/30\/revisions\/2592"}],"wp:attachment":[{"href":"https:\/\/site.educa.madrid.org\/cp.seisdediciembre.torrejondeardoz\/index.php\/wp-json\/wp\/v2\/media?parent=30"}],"wp:term":[{"taxonomy":"folder","embeddable":true,"href":"https:\/\/site.educa.madrid.org\/cp.seisdediciembre.torrejondeardoz\/index.php\/wp-json\/wp\/v2\/folder?post=30"}],"curies":[{"name":"wp","href":"https:\/\/api.w.org\/{rel}","templated":true}]}}