{"id":3290,"date":"2023-10-31T09:27:14","date_gmt":"2023-10-31T08:27:14","guid":{"rendered":"https:\/\/site.educa.madrid.org\/cp.seisdediciembre.torrejondeardoz\/?page_id=3290"},"modified":"2023-10-31T10:08:45","modified_gmt":"2023-10-31T09:08:45","slug":"becas-para-el-transporte-escolar-para-el-curso-2023-2024","status":"publish","type":"page","link":"https:\/\/site.educa.madrid.org\/cp.seisdediciembre.torrejondeardoz\/index.php\/becas-para-el-transporte-escolar-para-el-curso-2023-2024\/","title":{"rendered":"Becas para el transporte escolar para el curso 2023-2024"},"content":{"rendered":"\n<h3 class=\"wp-block-heading\">INFORMACI\u00d3N Y NORMATIVA<\/h3>\n\n\n\n<p>Se adjunta informaci\u00f3n relativa a las ayudas individualizadas para el transporte escolar para el curso 2023-2024.<\/p>\n\n\n\n<p><a href=\"https:\/\/www.bocm.es\/boletin\/CM_Orden_BOCM\/2023\/10\/26\/BOCM-20231026-21.PDF\">https:\/\/www.bocm.es\/boletin\/CM_Orden_BOCM\/2023\/10\/26\/BOCM-20231026-21.PDF<\/a><\/p>\n\n\n\n<div class=\"wp-block-buttons is-layout-flex wp-block-buttons-is-layout-flex\">\n<div class=\"wp-block-button\"><a class=\"wp-block-button__link wp-element-button\" href=\"https:\/\/site.educa.madrid.org\/cp.seisdediciembre.torrejondeardoz\/\/wp-content\/uploads\/cp.seisdediciembre.torrejondeardoz\/2023\/10\/preguntas_frecuentes._ayudas_individualizadas_de_transporte_escolar_23-24_vff-1.pdf\" target=\"_blank\" rel=\"noreferrer noopener\">acceso directo a preguntas frecuentes<\/a><\/div>\n<\/div>\n\n\n\n<div style=\"height:66px\" aria-hidden=\"true\" class=\"wp-block-spacer\"><\/div>\n\n\n\n<h3 class=\"wp-block-heading\">PREGUNTAS FRECUENTES<\/h3>\n\n\n\n<p><strong>En el siguiente enlace encontrar\u00e1n toda la informaci\u00f3n para tramitar la ayuda, as\u00ed como un documento de PREGUNTAS FRECUENTES que le ayudar\u00e1n a tramitarla, y donde encontrar\u00e1n los enlaces a la SOLICITUD.<\/strong><\/p>\n\n\n\n<p><a href=\"https:\/\/www.comunidad.madrid\/servicios\/educacion\/ayudas-individualizadas-transporte-escolar\">https:\/\/www.comunidad.madrid\/servicios\/educacion\/ayudas-individualizadas-transporte-escolar<\/a><\/p>\n\n\n\n<div style=\"height:66px\" aria-hidden=\"true\" class=\"wp-block-spacer\"><\/div>\n\n\n\n<h2 class=\"wp-block-heading\">SOLICITUD<\/h2>\n\n\n\n<div class=\"wp-block-buttons is-layout-flex wp-block-buttons-is-layout-flex\">\n<div class=\"wp-block-button\"><a class=\"wp-block-button__link wp-element-button\" href=\"https:\/\/site.educa.madrid.org\/cp.seisdediciembre.torrejondeardoz\/\/wp-content\/uploads\/cp.seisdediciembre.torrejondeardoz\/2023\/10\/Solicitud-23-24.pdf\" target=\"_blank\" rel=\"noreferrer noopener\">ACCESO A LA SOLICITUD<\/a><\/div>\n<\/div>\n\n\n\n<div style=\"height:66px\" aria-hidden=\"true\" class=\"wp-block-spacer\"><\/div>\n\n\n\n<h3 class=\"wp-block-heading\"><strong>DESTINATARIOS:<\/strong><\/h3>\n\n\n\n<ol class=\"wp-block-list\">\n<li>Alumnos que en su municipio de residencia no dispongan de centro docente adecuado a su nivel de estudios.<\/li>\n\n\n\n<li>Alumnos escolarizados en un Instituto de Educaci\u00f3n Secundaria biling\u00fce, que no dispongan en su municipio de residencia de centro docente de este tipo.<\/li>\n\n\n\n<li>Alumnos escolarizados por la Administraci\u00f3n en centros docentes p\u00fablicos situados a m\u00e1s de 5 kil\u00f3metros del domicilio del alumno.&nbsp;<\/li>\n\n\n\n<li>Alumnos que reciban atenci\u00f3n educativa por las Unidades Escolares de Apoyo de los Centros Educativo-Terap\u00e9uticos situados a m\u00e1s de 5 kil\u00f3metros del domicilio del alumno.<\/li>\n\n\n\n<li>Alumnos escolarizados en Institutos de Educaci\u00f3n Secundaria, situados a m\u00e1s de 5 kil\u00f3metros del domicilio del alumno, en horario vespertino como consecuencia de estar cursando estudios profesionales de r\u00e9gimen especial en horario matutino o alumnos matriculados en centros de Excelencia o Tecnificaci\u00f3n Deportiva.<\/li>\n\n\n\n<li>Alumnos residentes en barrios de tipolog\u00eda especial o en n\u00facleos chabolistas.<\/li>\n\n\n\n<li>Alumnos escolarizados en centros p\u00fablicos de Educaci\u00f3n Especial, cuando no puedan utilizar las rutas de transporte escolar contratadas por la Vicepresidencia, Consejer\u00eda de Educaci\u00f3n y&nbsp;Universidades, siempre que la distancia desde el domicilio familiar al centro docente o las circunstancias del entorno relacionadas con el tipo de discapacidad (f\u00edsica, ps\u00edquica o sensorial), as\u00ed lo justifiquen, de acuerdo con lo recogido en el art.2.2.b de la Orden 3793\/2005, de 21 de julio, de la Consejer\u00eda de Educaci\u00f3n.&nbsp;Asimismo, podr\u00e1n ser destinatarios de estas ayudas los alumnos de Centros de Educaci\u00f3n Especial concertados cuando concurran id\u00e9nticas circunstancias en virtud de la resoluci\u00f3n de escolarizaci\u00f3n, seg\u00fan lo previsto en el art\u00edculo 13 de la Orden 1240\/2013, de 17 de abril, de la Consejer\u00eda de Educaci\u00f3n, Juventud y Deporte.<\/li>\n\n\n\n<li>Alumnos escolarizados en centros p\u00fablicos y en centros p\u00fablicos de Educaci\u00f3n Especial, siempre que padezcan graves limitaciones f\u00edsicas y precisen habitualmente silla de ruedas para su desplazamiento o que necesiten atenci\u00f3n personalizada con motivo de deficiencias motoras o sensoriales muy graves, y no puedan utilizar, en caso de existir, las rutas de transporte escolar contratadas por la Vicepresidencia, Consejer\u00eda de Educaci\u00f3n y&nbsp;Universidades. Asimismo, podr\u00e1n ser destinatarios de estas ayudas los alumnos de Centros de Educaci\u00f3n Especial concertados cuando concurran id\u00e9nticas circunstancias en virtud de la resoluci\u00f3n de escolarizaci\u00f3n, seg\u00fan lo previsto en el art\u00edculo 13 de la Orden 1240\/2013, de 17 de abril, de la Consejer\u00eda de Educaci\u00f3n, Juventud y Deporte.<\/li>\n<\/ol>\n","protected":false},"excerpt":{"rendered":"<p>INFORMACI\u00d3N Y NORMATIVA Se adjunta informaci\u00f3n relativa a las ayudas individualizadas para el transporte escolar para el curso 2023-2024. https:\/\/www.bocm.es\/boletin\/CM_Orden_BOCM\/2023\/10\/26\/BOCM-20231026-21.PDF PREGUNTAS FRECUENTES [&hellip;]<\/p>\n","protected":false},"author":3,"featured_media":3302,"parent":0,"menu_order":0,"comment_status":"closed","ping_status":"closed","template":"","meta":{"footnotes":""},"folder":[],"class_list":["post-3290","page","type-page","status-publish","has-post-thumbnail","hentry"],"rttpg_featured_image_url":{"full":["https:\/\/site.educa.madrid.org\/cp.seisdediciembre.torrejondeardoz\/\/wp-content\/uploads\/cp.seisdediciembre.torrejondeardoz\/2023\/10\/yellow-american-school-bus-with-stationery-going-b-2022-12-16-08-02-29-utc.jpg",1500,734,false],"landscape":["https:\/\/site.educa.madrid.org\/cp.seisdediciembre.torrejondeardoz\/\/wp-content\/uploads\/cp.seisdediciembre.torrejondeardoz\/2023\/10\/yellow-american-school-bus-with-stationery-going-b-2022-12-16-08-02-29-utc.jpg",1500,734,false],"portraits":["https:\/\/site.educa.madrid.org\/cp.seisdediciembre.torrejondeardoz\/\/wp-content\/uploads\/cp.seisdediciembre.torrejondeardoz\/2023\/10\/yellow-american-school-bus-with-stationery-going-b-2022-12-16-08-02-29-utc.jpg",1500,734,false],"thumbnail":["https:\/\/site.educa.madrid.org\/cp.seisdediciembre.torrejondeardoz\/\/wp-content\/uploads\/cp.seisdediciembre.torrejondeardoz\/2023\/10\/yellow-american-school-bus-with-stationery-going-b-2022-12-16-08-02-29-utc-150x150.jpg",150,150,true],"medium":["https:\/\/site.educa.madrid.org\/cp.seisdediciembre.torrejondeardoz\/\/wp-content\/uploads\/cp.seisdediciembre.torrejondeardoz\/2023\/10\/yellow-american-school-bus-with-stationery-going-b-2022-12-16-08-02-29-utc-300x147.jpg",300,147,true],"large":["https:\/\/site.educa.madrid.org\/cp.seisdediciembre.torrejondeardoz\/\/wp-content\/uploads\/cp.seisdediciembre.torrejondeardoz\/2023\/10\/yellow-american-school-bus-with-stationery-going-b-2022-12-16-08-02-29-utc-1024x501.jpg",1024,501,true],"thumblist":["https:\/\/site.educa.madrid.org\/cp.seisdediciembre.torrejondeardoz\/\/wp-content\/uploads\/cp.seisdediciembre.torrejondeardoz\/2023\/10\/yellow-american-school-bus-with-stationery-going-b-2022-12-16-08-02-29-utc-300x300.jpg",300,300,true],"thumbrelated":["https:\/\/site.educa.madrid.org\/cp.seisdediciembre.torrejondeardoz\/\/wp-content\/uploads\/cp.seisdediciembre.torrejondeardoz\/2023\/10\/yellow-american-school-bus-with-stationery-going-b-2022-12-16-08-02-29-utc.jpg",500,245,false],"meccarouselthumb":["https:\/\/site.educa.madrid.org\/cp.seisdediciembre.torrejondeardoz\/\/wp-content\/uploads\/cp.seisdediciembre.torrejondeardoz\/2023\/10\/yellow-american-school-bus-with-stationery-going-b-2022-12-16-08-02-29-utc-474x324.jpg",474,324,true],"gridsquare":["https:\/\/site.educa.madrid.org\/cp.seisdediciembre.torrejondeardoz\/\/wp-content\/uploads\/cp.seisdediciembre.torrejondeardoz\/2023\/10\/yellow-american-school-bus-with-stationery-going-b-2022-12-16-08-02-29-utc-391x260.jpg",391,260,true],"tileview":["https:\/\/site.educa.madrid.org\/cp.seisdediciembre.torrejondeardoz\/\/wp-content\/uploads\/cp.seisdediciembre.torrejondeardoz\/2023\/10\/yellow-american-school-bus-with-stationery-going-b-2022-12-16-08-02-29-utc-300x400.jpg",300,400,true],"1536x1536":["https:\/\/site.educa.madrid.org\/cp.seisdediciembre.torrejondeardoz\/\/wp-content\/uploads\/cp.seisdediciembre.torrejondeardoz\/2023\/10\/yellow-american-school-bus-with-stationery-going-b-2022-12-16-08-02-29-utc.jpg",1500,734,false],"2048x2048":["https:\/\/site.educa.madrid.org\/cp.seisdediciembre.torrejondeardoz\/\/wp-content\/uploads\/cp.seisdediciembre.torrejondeardoz\/2023\/10\/yellow-american-school-bus-with-stationery-going-b-2022-12-16-08-02-29-utc.jpg",1500,734,false],"sydney-large-thumb":["https:\/\/site.educa.madrid.org\/cp.seisdediciembre.torrejondeardoz\/\/wp-content\/uploads\/cp.seisdediciembre.torrejondeardoz\/2023\/10\/yellow-american-school-bus-with-stationery-going-b-2022-12-16-08-02-29-utc-1000x489.jpg",1000,489,true],"sydney-medium-thumb":["https:\/\/site.educa.madrid.org\/cp.seisdediciembre.torrejondeardoz\/\/wp-content\/uploads\/cp.seisdediciembre.torrejondeardoz\/2023\/10\/yellow-american-school-bus-with-stationery-going-b-2022-12-16-08-02-29-utc-550x400.jpg",550,400,true],"sydney-small-thumb":["https:\/\/site.educa.madrid.org\/cp.seisdediciembre.torrejondeardoz\/\/wp-content\/uploads\/cp.seisdediciembre.torrejondeardoz\/2023\/10\/yellow-american-school-bus-with-stationery-going-b-2022-12-16-08-02-29-utc-230x113.jpg",230,113,true],"sydney-service-thumb":["https:\/\/site.educa.madrid.org\/cp.seisdediciembre.torrejondeardoz\/\/wp-content\/uploads\/cp.seisdediciembre.torrejondeardoz\/2023\/10\/yellow-american-school-bus-with-stationery-going-b-2022-12-16-08-02-29-utc-350x171.jpg",350,171,true],"sydney-mas-thumb":["https:\/\/site.educa.madrid.org\/cp.seisdediciembre.torrejondeardoz\/\/wp-content\/uploads\/cp.seisdediciembre.torrejondeardoz\/2023\/10\/yellow-american-school-bus-with-stationery-going-b-2022-12-16-08-02-29-utc-480x235.jpg",480,235,true],"sow-carousel-default":["https:\/\/site.educa.madrid.org\/cp.seisdediciembre.torrejondeardoz\/\/wp-content\/uploads\/cp.seisdediciembre.torrejondeardoz\/2023\/10\/yellow-american-school-bus-with-stationery-going-b-2022-12-16-08-02-29-utc-272x182.jpg",272,182,true],"sow-post-carousel-overlay-theme":["https:\/\/site.educa.madrid.org\/cp.seisdediciembre.torrejondeardoz\/\/wp-content\/uploads\/cp.seisdediciembre.torrejondeardoz\/2023\/10\/yellow-american-school-bus-with-stationery-going-b-2022-12-16-08-02-29-utc.jpg",360,176,false],"sow-post-carousel-cards-theme":["https:\/\/site.educa.madrid.org\/cp.seisdediciembre.torrejondeardoz\/\/wp-content\/uploads\/cp.seisdediciembre.torrejondeardoz\/2023\/10\/yellow-american-school-bus-with-stationery-going-b-2022-12-16-08-02-29-utc.jpg",360,176,false],"rt_custom":["https:\/\/site.educa.madrid.org\/cp.seisdediciembre.torrejondeardoz\/\/wp-content\/uploads\/cp.seisdediciembre.torrejondeardoz\/2023\/10\/yellow-american-school-bus-with-stationery-going-b-2022-12-16-08-02-29-utc.jpg",1500,734,false]},"rttpg_author":{"display_name":"cp.seisdediciembre.torrejondeardoz","author_link":"https:\/\/site.educa.madrid.org\/cp.seisdediciembre.torrejondeardoz\/index.php\/author\/cuenta_cp-seisdediciembre-torrejondeardoz\/"},"rttpg_comment":0,"rttpg_category":false,"rttpg_excerpt":"INFORMACI\u00d3N Y NORMATIVA Se adjunta informaci\u00f3n relativa a las ayudas individualizadas para el transporte escolar para el curso 2023-2024. https:\/\/www.bocm.es\/boletin\/CM_Orden_BOCM\/2023\/10\/26\/BOCM-20231026-21.PDF PREGUNTAS FRECUENTES [&hellip;]","post_mailing_queue_ids":[],"_links":{"self":[{"href":"https:\/\/site.educa.madrid.org\/cp.seisdediciembre.torrejondeardoz\/index.php\/wp-json\/wp\/v2\/pages\/3290","targetHints":{"allow":["GET"]}}],"collection":[{"href":"https:\/\/site.educa.madrid.org\/cp.seisdediciembre.torrejondeardoz\/index.php\/wp-json\/wp\/v2\/pages"}],"about":[{"href":"https:\/\/site.educa.madrid.org\/cp.seisdediciembre.torrejondeardoz\/index.php\/wp-json\/wp\/v2\/types\/page"}],"author":[{"embeddable":true,"href":"https:\/\/site.educa.madrid.org\/cp.seisdediciembre.torrejondeardoz\/index.php\/wp-json\/wp\/v2\/users\/3"}],"replies":[{"embeddable":true,"href":"https:\/\/site.educa.madrid.org\/cp.seisdediciembre.torrejondeardoz\/index.php\/wp-json\/wp\/v2\/comments?post=3290"}],"version-history":[{"count":4,"href":"https:\/\/site.educa.madrid.org\/cp.seisdediciembre.torrejondeardoz\/index.php\/wp-json\/wp\/v2\/pages\/3290\/revisions"}],"predecessor-version":[{"id":3304,"href":"https:\/\/site.educa.madrid.org\/cp.seisdediciembre.torrejondeardoz\/index.php\/wp-json\/wp\/v2\/pages\/3290\/revisions\/3304"}],"wp:featuredmedia":[{"embeddable":true,"href":"https:\/\/site.educa.madrid.org\/cp.seisdediciembre.torrejondeardoz\/index.php\/wp-json\/wp\/v2\/media\/3302"}],"wp:attachment":[{"href":"https:\/\/site.educa.madrid.org\/cp.seisdediciembre.torrejondeardoz\/index.php\/wp-json\/wp\/v2\/media?parent=3290"}],"wp:term":[{"taxonomy":"folder","embeddable":true,"href":"https:\/\/site.educa.madrid.org\/cp.seisdediciembre.torrejondeardoz\/index.php\/wp-json\/wp\/v2\/folder?post=3290"}],"curies":[{"name":"wp","href":"https:\/\/api.w.org\/{rel}","templated":true}]}}