{"id":34,"date":"2021-09-10T12:00:59","date_gmt":"2021-09-10T10:00:59","guid":{"rendered":"https:\/\/seisdediciembre.com\/?page_id=34"},"modified":"2026-03-09T12:26:08","modified_gmt":"2026-03-09T11:26:08","slug":"comedor","status":"publish","type":"page","link":"https:\/\/site.educa.madrid.org\/cp.seisdediciembre.torrejondeardoz\/index.php\/servicios-y-actividades-2\/comedor\/","title":{"rendered":"Servicio de Comedor"},"content":{"rendered":"\n<p>Encuentra aqu\u00ed la informaci\u00f3n m\u00e1s relevante de nuestro servicio de comedor.<\/p>\n\n\n\n<!--more-->\n\n\n\n<div data-wp-interactive=\"core\/file\" class=\"wp-block-file\"><object data-wp-bind--hidden=\"!state.hasPdfPreview\" hidden class=\"wp-block-file__embed\" data=\"https:\/\/site.educa.madrid.org\/cp.seisdediciembre.torrejondeardoz\/\/wp-content\/uploads\/cp.seisdediciembre.torrejondeardoz\/2026\/03\/CIRCULAR-INFORMATIVA-DEL-COMEDOR-25-26pdf.pdf\" type=\"application\/pdf\" style=\"width:100%;height:600px\" aria-label=\"Incrustado de CIRCULAR INFORMATIVA DEL COMEDOR 25-26pdf.\"><\/object><a id=\"wp-block-file--media-86aa98a9-af12-4641-83ce-1f2f3a8bb842\" href=\"https:\/\/site.educa.madrid.org\/cp.seisdediciembre.torrejondeardoz\/\/wp-content\/uploads\/cp.seisdediciembre.torrejondeardoz\/2026\/03\/CIRCULAR-INFORMATIVA-DEL-COMEDOR-25-26pdf.pdf\">CIRCULAR INFORMATIVA DEL COMEDOR 25-26pdf<\/a><a href=\"https:\/\/site.educa.madrid.org\/cp.seisdediciembre.torrejondeardoz\/\/wp-content\/uploads\/cp.seisdediciembre.torrejondeardoz\/2026\/03\/CIRCULAR-INFORMATIVA-DEL-COMEDOR-25-26pdf.pdf\" class=\"wp-block-file__button wp-element-button\" download aria-describedby=\"wp-block-file--media-86aa98a9-af12-4641-83ce-1f2f3a8bb842\">Descarga<\/a><\/div>\n\n\n\n<h3 class=\"wp-block-heading\">DOCUMENTOS<\/h3>\n\n\n\n<div class=\"wp-block-file\"><a id=\"wp-block-file--media-df78266b-6fde-4bc1-8748-8223eb9427f5\" href=\"https:\/\/site.educa.madrid.org\/cp.seisdediciembre.torrejondeardoz\/\/wp-content\/uploads\/cp.seisdediciembre.torrejondeardoz\/2025\/09\/COMEDOR-SOLICITUD-RELLENABLE.pdf\">COMEDOR SOLICITUD RELLENABLE<\/a><a href=\"https:\/\/site.educa.madrid.org\/cp.seisdediciembre.torrejondeardoz\/\/wp-content\/uploads\/cp.seisdediciembre.torrejondeardoz\/2025\/09\/COMEDOR-SOLICITUD-RELLENABLE.pdf\" class=\"wp-block-file__button wp-element-button\" download aria-describedby=\"wp-block-file--media-df78266b-6fde-4bc1-8748-8223eb9427f5\">Descarga<\/a><\/div>\n\n\n\n<div class=\"wp-block-file\"><a id=\"wp-block-file--media-84b189a7-f3f8-4f44-8aa7-9b86ec26612c\" href=\"https:\/\/site.educa.madrid.org\/cp.seisdediciembre.torrejondeardoz\/\/wp-content\/uploads\/cp.seisdediciembre.torrejondeardoz\/2023\/09\/IMPRESO-DOMICILIACION-COMEDOR-ibanrellenable.pdf\">IMPRESO DOMICILIACION DE COMEDOR<\/a><a href=\"https:\/\/site.educa.madrid.org\/cp.seisdediciembre.torrejondeardoz\/\/wp-content\/uploads\/cp.seisdediciembre.torrejondeardoz\/2023\/09\/IMPRESO-DOMICILIACION-COMEDOR-ibanrellenable.pdf\" class=\"wp-block-file__button wp-element-button\" download aria-describedby=\"wp-block-file--media-84b189a7-f3f8-4f44-8aa7-9b86ec26612c\">Descarga<\/a><\/div>\n\n\n\n<div class=\"wp-block-file\"><a id=\"wp-block-file--media-522770b8-8fca-472a-9373-3e9827003a78\" href=\"https:\/\/site.educa.madrid.org\/cp.seisdediciembre.torrejondeardoz\/\/wp-content\/uploads\/cp.seisdediciembre.torrejondeardoz\/2023\/09\/SOLICITUD-BAJA-COMEDOR.pdf\">SOLICITUD PARA DARSE DE BAJA DE COMEDOR<\/a><a href=\"https:\/\/site.educa.madrid.org\/cp.seisdediciembre.torrejondeardoz\/\/wp-content\/uploads\/cp.seisdediciembre.torrejondeardoz\/2023\/09\/SOLICITUD-BAJA-COMEDOR.pdf\" class=\"wp-block-file__button wp-element-button\" download aria-describedby=\"wp-block-file--media-522770b8-8fca-472a-9373-3e9827003a78\">Descarga<\/a><\/div>\n\n\n\n<figure class=\"wp-block-image size-large\"><img loading=\"lazy\" decoding=\"async\" width=\"1024\" height=\"768\" src=\"https:\/\/site.educa.madrid.org\/cp.seisdediciembre.torrejondeardoz\/\/wp-content\/uploads\/cp.seisdediciembre.torrejondeardoz\/2020\/03\/comedor1-scaled-1-1024x768.jpg\" alt=\"\" class=\"wp-image-405\" srcset=\"https:\/\/site.educa.madrid.org\/cp.seisdediciembre.torrejondeardoz\/\/wp-content\/uploads\/cp.seisdediciembre.torrejondeardoz\/2020\/03\/comedor1-scaled-1-1024x768.jpg 1024w, https:\/\/site.educa.madrid.org\/cp.seisdediciembre.torrejondeardoz\/\/wp-content\/uploads\/cp.seisdediciembre.torrejondeardoz\/2020\/03\/comedor1-scaled-1-300x225.jpg 300w, https:\/\/site.educa.madrid.org\/cp.seisdediciembre.torrejondeardoz\/\/wp-content\/uploads\/cp.seisdediciembre.torrejondeardoz\/2020\/03\/comedor1-scaled-1-768x576.jpg 768w, https:\/\/site.educa.madrid.org\/cp.seisdediciembre.torrejondeardoz\/\/wp-content\/uploads\/cp.seisdediciembre.torrejondeardoz\/2020\/03\/comedor1-scaled-1-1536x1152.jpg 1536w, https:\/\/site.educa.madrid.org\/cp.seisdediciembre.torrejondeardoz\/\/wp-content\/uploads\/cp.seisdediciembre.torrejondeardoz\/2020\/03\/comedor1-scaled-1-2048x1536.jpg 2048w\" sizes=\"auto, (max-width: 1024px) 100vw, 1024px\" \/><figcaption class=\"wp-element-caption\">Comedor del centro<\/figcaption><\/figure>\n","protected":false},"excerpt":{"rendered":"<p>Encuentra aqu\u00ed la informaci\u00f3n m\u00e1s relevante de nuestro servicio de comedor.<\/p>\n","protected":false},"author":3,"featured_media":405,"parent":30,"menu_order":0,"comment_status":"closed","ping_status":"closed","template":"page-templates\/page_fullwidth.php","meta":{"footnotes":""},"folder":[],"class_list":["post-34","page","type-page","status-publish","has-post-thumbnail","hentry"],"rttpg_featured_image_url":{"full":["https:\/\/site.educa.madrid.org\/cp.seisdediciembre.torrejondeardoz\/\/wp-content\/uploads\/cp.seisdediciembre.torrejondeardoz\/2020\/03\/comedor1-scaled-1.jpg",2560,1920,false],"landscape":["https:\/\/site.educa.madrid.org\/cp.seisdediciembre.torrejondeardoz\/\/wp-content\/uploads\/cp.seisdediciembre.torrejondeardoz\/2020\/03\/comedor1-scaled-1.jpg",2560,1920,false],"portraits":["https:\/\/site.educa.madrid.org\/cp.seisdediciembre.torrejondeardoz\/\/wp-content\/uploads\/cp.seisdediciembre.torrejondeardoz\/2020\/03\/comedor1-scaled-1.jpg",2560,1920,false],"thumbnail":["https:\/\/site.educa.madrid.org\/cp.seisdediciembre.torrejondeardoz\/\/wp-content\/uploads\/cp.seisdediciembre.torrejondeardoz\/2020\/03\/comedor1-scaled-1-150x150.jpg",150,150,true],"medium":["https:\/\/site.educa.madrid.org\/cp.seisdediciembre.torrejondeardoz\/\/wp-content\/uploads\/cp.seisdediciembre.torrejondeardoz\/2020\/03\/comedor1-scaled-1-300x225.jpg",300,225,true],"large":["https:\/\/site.educa.madrid.org\/cp.seisdediciembre.torrejondeardoz\/\/wp-content\/uploads\/cp.seisdediciembre.torrejondeardoz\/2020\/03\/comedor1-scaled-1-1024x768.jpg",1024,768,true],"thumblist":["https:\/\/site.educa.madrid.org\/cp.seisdediciembre.torrejondeardoz\/\/wp-content\/uploads\/cp.seisdediciembre.torrejondeardoz\/2020\/03\/comedor1-scaled-1-300x300.jpg",300,300,true],"thumbrelated":["https:\/\/site.educa.madrid.org\/cp.seisdediciembre.torrejondeardoz\/\/wp-content\/uploads\/cp.seisdediciembre.torrejondeardoz\/2020\/03\/comedor1-scaled-1.jpg",500,375,false],"meccarouselthumb":["https:\/\/site.educa.madrid.org\/cp.seisdediciembre.torrejondeardoz\/\/wp-content\/uploads\/cp.seisdediciembre.torrejondeardoz\/2020\/03\/comedor1-scaled-1-474x324.jpg",474,324,true],"gridsquare":["https:\/\/site.educa.madrid.org\/cp.seisdediciembre.torrejondeardoz\/\/wp-content\/uploads\/cp.seisdediciembre.torrejondeardoz\/2020\/03\/comedor1-scaled-1-391x260.jpg",391,260,true],"tileview":["https:\/\/site.educa.madrid.org\/cp.seisdediciembre.torrejondeardoz\/\/wp-content\/uploads\/cp.seisdediciembre.torrejondeardoz\/2020\/03\/comedor1-scaled-1-300x400.jpg",300,400,true],"1536x1536":["https:\/\/site.educa.madrid.org\/cp.seisdediciembre.torrejondeardoz\/\/wp-content\/uploads\/cp.seisdediciembre.torrejondeardoz\/2020\/03\/comedor1-scaled-1-1536x1152.jpg",1536,1152,true],"2048x2048":["https:\/\/site.educa.madrid.org\/cp.seisdediciembre.torrejondeardoz\/\/wp-content\/uploads\/cp.seisdediciembre.torrejondeardoz\/2020\/03\/comedor1-scaled-1-2048x1536.jpg",2048,1536,true],"sydney-large-thumb":["https:\/\/site.educa.madrid.org\/cp.seisdediciembre.torrejondeardoz\/\/wp-content\/uploads\/cp.seisdediciembre.torrejondeardoz\/2020\/03\/comedor1-scaled-1.jpg",1000,750,false],"sydney-medium-thumb":["https:\/\/site.educa.madrid.org\/cp.seisdediciembre.torrejondeardoz\/\/wp-content\/uploads\/cp.seisdediciembre.torrejondeardoz\/2020\/03\/comedor1-scaled-1.jpg",533,400,false],"sydney-small-thumb":["https:\/\/site.educa.madrid.org\/cp.seisdediciembre.torrejondeardoz\/\/wp-content\/uploads\/cp.seisdediciembre.torrejondeardoz\/2020\/03\/comedor1-scaled-1.jpg",230,173,false],"sydney-service-thumb":["https:\/\/site.educa.madrid.org\/cp.seisdediciembre.torrejondeardoz\/\/wp-content\/uploads\/cp.seisdediciembre.torrejondeardoz\/2020\/03\/comedor1-scaled-1.jpg",350,263,false],"sydney-mas-thumb":["https:\/\/site.educa.madrid.org\/cp.seisdediciembre.torrejondeardoz\/\/wp-content\/uploads\/cp.seisdediciembre.torrejondeardoz\/2020\/03\/comedor1-scaled-1.jpg",480,360,false],"sow-carousel-default":["https:\/\/site.educa.madrid.org\/cp.seisdediciembre.torrejondeardoz\/\/wp-content\/uploads\/cp.seisdediciembre.torrejondeardoz\/2020\/03\/comedor1-scaled-1-272x182.jpg",272,182,true],"sow-post-carousel-overlay-theme":["https:\/\/site.educa.madrid.org\/cp.seisdediciembre.torrejondeardoz\/\/wp-content\/uploads\/cp.seisdediciembre.torrejondeardoz\/2020\/03\/comedor1-scaled-1.jpg",360,270,false],"sow-post-carousel-cards-theme":["https:\/\/site.educa.madrid.org\/cp.seisdediciembre.torrejondeardoz\/\/wp-content\/uploads\/cp.seisdediciembre.torrejondeardoz\/2020\/03\/comedor1-scaled-1.jpg",320,240,false],"rt_custom":["https:\/\/site.educa.madrid.org\/cp.seisdediciembre.torrejondeardoz\/\/wp-content\/uploads\/cp.seisdediciembre.torrejondeardoz\/2020\/03\/comedor1-scaled-1.jpg",2560,1920,false]},"rttpg_author":{"display_name":"cp.seisdediciembre.torrejondeardoz","author_link":"https:\/\/site.educa.madrid.org\/cp.seisdediciembre.torrejondeardoz\/index.php\/author\/cuenta_cp-seisdediciembre-torrejondeardoz\/"},"rttpg_comment":0,"rttpg_category":false,"rttpg_excerpt":"Encuentra aqu\u00ed la informaci\u00f3n m\u00e1s relevante de nuestro servicio de comedor.","post_mailing_queue_ids":[],"_links":{"self":[{"href":"https:\/\/site.educa.madrid.org\/cp.seisdediciembre.torrejondeardoz\/index.php\/wp-json\/wp\/v2\/pages\/34","targetHints":{"allow":["GET"]}}],"collection":[{"href":"https:\/\/site.educa.madrid.org\/cp.seisdediciembre.torrejondeardoz\/index.php\/wp-json\/wp\/v2\/pages"}],"about":[{"href":"https:\/\/site.educa.madrid.org\/cp.seisdediciembre.torrejondeardoz\/index.php\/wp-json\/wp\/v2\/types\/page"}],"author":[{"embeddable":true,"href":"https:\/\/site.educa.madrid.org\/cp.seisdediciembre.torrejondeardoz\/index.php\/wp-json\/wp\/v2\/users\/3"}],"replies":[{"embeddable":true,"href":"https:\/\/site.educa.madrid.org\/cp.seisdediciembre.torrejondeardoz\/index.php\/wp-json\/wp\/v2\/comments?post=34"}],"version-history":[{"count":14,"href":"https:\/\/site.educa.madrid.org\/cp.seisdediciembre.torrejondeardoz\/index.php\/wp-json\/wp\/v2\/pages\/34\/revisions"}],"predecessor-version":[{"id":3770,"href":"https:\/\/site.educa.madrid.org\/cp.seisdediciembre.torrejondeardoz\/index.php\/wp-json\/wp\/v2\/pages\/34\/revisions\/3770"}],"up":[{"embeddable":true,"href":"https:\/\/site.educa.madrid.org\/cp.seisdediciembre.torrejondeardoz\/index.php\/wp-json\/wp\/v2\/pages\/30"}],"wp:featuredmedia":[{"embeddable":true,"href":"https:\/\/site.educa.madrid.org\/cp.seisdediciembre.torrejondeardoz\/index.php\/wp-json\/wp\/v2\/media\/405"}],"wp:attachment":[{"href":"https:\/\/site.educa.madrid.org\/cp.seisdediciembre.torrejondeardoz\/index.php\/wp-json\/wp\/v2\/media?parent=34"}],"wp:term":[{"taxonomy":"folder","embeddable":true,"href":"https:\/\/site.educa.madrid.org\/cp.seisdediciembre.torrejondeardoz\/index.php\/wp-json\/wp\/v2\/folder?post=34"}],"curies":[{"name":"wp","href":"https:\/\/api.w.org\/{rel}","templated":true}]}}