{"id":37,"date":"2020-02-20T09:32:55","date_gmt":"2020-02-20T08:32:55","guid":{"rendered":"https:\/\/seisdediciembre.com\/?page_id=37"},"modified":"2023-04-19T10:57:15","modified_gmt":"2023-04-19T08:57:15","slug":"planes-de-centro","status":"publish","type":"page","link":"https:\/\/site.educa.madrid.org\/cp.seisdediciembre.torrejondeardoz\/index.php\/planes-de-centro\/","title":{"rendered":"Planes de centro"},"content":{"rendered":"\n<p>Si quieres conocer nuestros planes de centro aqu\u00ed los tienes:<\/p>\n\n\n<style type='text\/css' media='all'>#rt-tpg-container-1609848665 .rt-holder .rt-woo-info .price{color:#a1c479;}body .rt-tpg-container .rt-tpg-isotope-buttons .selected,\n\t\t\t\t\t#rt-tpg-container-1609848665 .layout12 .rt-holder:hover .rt-detail,\n\t\t\t\t\t#rt-tpg-container-1609848665 .isotope8 .rt-holder:hover .rt-detail,\n\t\t\t\t\t#rt-tpg-container-1609848665 .carousel8 .rt-holder:hover .rt-detail,\n\t\t\t\t\t#rt-tpg-container-1609848665 .layout13 .rt-holder .overlay .post-info,\n\t\t\t\t\t#rt-tpg-container-1609848665 .isotope9 .rt-holder .overlay .post-info,\n\t\t\t\t\t#rt-tpg-container-1609848665.rt-tpg-container .layout4 .rt-holder .rt-detail,\n\t\t\t\t\t.rt-modal-1609848665 .md-content,\n\t\t\t\t\t.rt-modal-1609848665 .md-content > .rt-md-content-holder .rt-md-content,\n\t\t\t\t\t.rt-popup-wrap-1609848665.rt-popup-wrap .rt-popup-navigation-wrap,\n\t\t\t\t\t#rt-tpg-container-1609848665 .carousel9 .rt-holder .overlay .post-info{background-color:#a1c479;}#rt-tpg-container-1609848665 .layout5 .rt-holder .overlay, #rt-tpg-container-1609848665 .isotope2 .rt-holder .overlay, #rt-tpg-container-1609848665 .carousel2 .rt-holder .overlay,#rt-tpg-container-1609848665 .layout15 .rt-holder h3, #rt-tpg-container-1609848665 .isotope11 .rt-holder h3, #rt-tpg-container-1609848665 .carousel11 .rt-holder h3, #rt-tpg-container-1609848665 .layout16 .rt-holder h3,\n\t\t\t\t\t#rt-tpg-container-1609848665 .isotope12 .rt-holder h3, #rt-tpg-container-1609848665 .carousel12 .rt-holder h3 {background-color:rgba(161,196,121,0.1);}#rt-tpg-container-1609848665 .pagination-list li a,\n\t\t\t\t\trt-tpg-container-1609848665 .pagination-list li span,\n\t\t\t\t\trt-tpg-container-1609848665 .pagination li a,\n\t\t\t\t\t#rt-tpg-container-1609848665 .rt-tpg-isotope-buttons button,\n\t\t\t\t\t#rt-tpg-container-1609848665 .rt-tpg-utility .rt-tpg-load-more button,\n\t\t\t\t\t#rt-tpg-container-1609848665.rt-tpg-container .swiper-navigation .slider-btn,\n\t\t\t\t\t#rt-tpg-container-1609848665.rt-tpg-container .swiper-pagination-bullet,\n\t\t\t\t\t#rt-tpg-container-1609848665 .wc1 .rt-holder .rt-img-holder .overlay .product-more ul li a,\n\t\t\t\t\t#rt-tpg-container-1609848665 .wc2 .rt-detail .rt-wc-add-to-cart,\n\t\t\t\t\t#rt-tpg-container-1609848665 .wc3 .rt-detail .rt-wc-add-to-cart,\n\t\t\t\t\t#rt-tpg-container-1609848665 .wc4 .rt-detail .rt-wc-add-to-cart,\n\t\t\t\t\t#rt-tpg-container-1609848665 .wc-carousel2 .rt-detail .rt-wc-add-to-cart,\n\t\t\t\t\t#rt-tpg-container-1609848665 .wc-isotope2 .rt-detail .rt-wc-add-to-cart,\n\t\t\t\t\t#rt-tpg-container-1609848665 .rt-layout-filter-container .rt-filter-wrap .rt-filter-item-wrap.rt-filter-dropdown-wrap .rt-filter-dropdown,\n\t\t\t\t\t#rt-tpg-container-1609848665 .rt-layout-filter-container .rt-filter-sub-tax.sub-button-group .rt-filter-button-item,\n\t\t\t\t\t#rt-tpg-container-1609848665.rt-tpg-container .rt-pagination-wrap .rt-page-numbers .paginationjs .paginationjs-pages ul li>a,\n\t\t\t\t\t#rt-tpg-container-1609848665 .rt-filter-item-wrap.rt-filter-button-wrap span.rt-filter-button-item,\n\t\t\t\t\t#rt-tpg-container-1609848665.rt-tpg-container .rt-pagination-wrap  .rt-loadmore-btn,\n\t\t\t\t\t#rt-tpg-container-1609848665.rt-tpg-container .rt-pagination-wrap .rt-cb-page-prev-next > *,\n\t\t\t\t\t#rt-tpg-container-1609848665 .rt-read-more,\n\t\t\t\t\t#rt-tooltip-1609848665, #rt-tooltip-1609848665 .rt-tooltip-bottom:after{background-color:#8dc54c;}#rt-tpg-container-1609848665 .rt-filter-item-wrap.rt-filter-button-wrap span.rt-filter-button-item,\n\t\t\t\t\t#rt-tpg-container-1609848665 .rt-layout-filter-container .rt-filter-sub-tax.sub-button-group .rt-filter-button-item{border-color:#8dc54c;}#rt-tpg-container-1609848665.rt-tpg-container .layout17 .rt-holder .overlay a.tpg-zoom .fa{color:#8dc54c;}#rt-tpg-container-1609848665 .rt-holder .read-more a {background-color:#8dc54c;padding: 8px 15px;}#rt-tpg-container-1609848665 .pagination-list li a,\n\t\t\t\t\t#rt-tpg-container-1609848665 .pagination li a,\n\t\t\t\t\t#rt-tpg-container-1609848665 .rt-tpg-isotope-buttons button,\n\t\t\t\t\t#rt-tpg-container-1609848665 .rt-holder .read-more a,\n\t\t\t\t\t#rt-tpg-container-1609848665 .rt-tpg-utility .rt-tpg-load-more button,\n\t\t\t\t\t#rt-tpg-container-1609848665.rt-tpg-container .swiper-navigation .slider-btn,\n\t\t\t\t\t#rt-tpg-container-1609848665 .wc1 .rt-holder .rt-img-holder .overlay .product-more ul li a,\n\t\t\t\t\t#rt-tpg-container-1609848665 .edd1 .rt-holder .rt-img-holder .overlay .product-more ul li a,\n\t\t\t\t\t#rt-tpg-container-1609848665 .wc2 .rt-detail .rt-wc-add-to-cart,\n\t\t\t\t\t#rt-tpg-container-1609848665 .wc3 .rt-detail .rt-wc-add-to-cart,\n\t\t\t\t\t#rt-tpg-container-1609848665 .edd2 .rt-detail .rt-wc-add-to-cart,\n\t\t\t\t\t#rt-tpg-container-1609848665 .wc4 .rt-detail .rt-wc-add-to-cart,\n\t\t\t\t\t#rt-tpg-container-1609848665 .edd3 .rt-detail .rt-wc-add-to-cart,\n\t\t\t\t\t#rt-tpg-container-1609848665 .wc-carousel2 .rt-detail .rt-wc-add-to-cart,\n\t\t\t\t\t#rt-tpg-container-1609848665 .wc-isotope2 .rt-detail .rt-wc-add-to-cart,\n\t\t\t\t\t#rt-tpg-container-1609848665 .rt-tpg-utility .rt-tpg-load-more button,\n\t\t\t\t\t#rt-tooltip-1609848665,\n\t\t\t\t\t#rt-tpg-container-1609848665 .rt-filter-item-wrap.rt-filter-button-wrap span.rt-filter-button-item,\n\t\t\t\t\t#rt-tpg-container-1609848665 .rt-layout-filter-container .rt-filter-sub-tax.sub-button-group .rt-filter-button-item,\n\t\t\t\t\t#rt-tpg-container-1609848665 .rt-layout-filter-container .rt-filter-wrap .rt-filter-item-wrap.rt-sort-order-action,\n\t\t\t\t\t#rt-tpg-container-1609848665 .rt-layout-filter-container .rt-filter-wrap .rt-filter-item-wrap.rt-filter-dropdown-wrap .rt-filter-dropdown .rt-filter-dropdown-item,\n\t\t\t\t\t#rt-tpg-container-1609848665.rt-tpg-container .rt-pagination-wrap .rt-page-numbers .paginationjs .paginationjs-pages ul li>a,\n\t\t\t\t\t#rt-tpg-container-1609848665.rt-tpg-container .rt-pagination-wrap .rt-cb-page-prev-next > *,\n\t\t\t\t\t#rt-tpg-container-1609848665.rt-tpg-container .rt-pagination-wrap  .rt-loadmore-btn,\n\t\t\t\t\t#rt-tpg-container-1609848665 .rt-read-more,\n\t\t\t\t\t#rt-tooltip-1609848665 .rt-tooltip-bottom:after{color:#ffffff;}#rt-tpg-container-1609848665 .read-more a{border-radius:60px;}#rt-tpg-container-1609848665.rt-tpg-container {background:#8dc54c;}#rt-tpg-container-1609848665.rt-tpg-container {padding:50px 50px 50px 50px;}#rt-tpg-container-1609848665 .rt-img-holder img.rt-img-responsive,#rt-tpg-container-1609848665 .rt-img-holder,\n\t\t\t\t\t#rt-tpg-container-1609848665 .rt-post-overlay .post-img,\n\t\t\t\t\t#rt-tpg-container-1609848665 .post-sm .post-img,\n\t\t\t\t\t#rt-tpg-container-1609848665 .rt-post-grid .post-img,\n\t\t\t\t\t#rt-tpg-container-1609848665 .post-img img {border-radius:px;}#rt-tpg-container-1609848665 .layout12 .rt-holder .tpg-excerpt,#rt-tpg-container-1609848665 .layout12 .tpg-excerpt,#rt-tpg-container-1609848665 .layout12 .rt-holder .post-content,#rt-tpg-container-1609848665 .rt-holder .rt-woo-info p,#rt-tpg-container-1609848665 .post-content p {color:#878787;font-size:15px;}<\/style><div class='rt-container-fluid rt-tpg-container tpg-shortcode-main-wrapper ' id='rt-tpg-container-1609848665'   data-layout='layout12' data-grid-style='even' data-desktop-col='3'  data-tab-col='2'  data-mobile-col='1' data-sc-id='2596'><div data-title='Loading ...' class='rt-row rt-content-loader   layout12 tpg-even '><div class=\"rt-col-md-4 rt-col-sm-6 rt-col-xs-12 even-grid-item rt-grid-item\" data-id=\"3779\"><div class=\"rt-holder\"><div class=\"rt-img-holder\"><a data-id='3779' class='' href='https:\/\/site.educa.madrid.org\/cp.seisdediciembre.torrejondeardoz\/index.php\/radio-escolar\/'><img loading=\"lazy\" decoding=\"async\" width=\"1586\" height=\"1347\" src=\"https:\/\/site.educa.madrid.org\/cp.seisdediciembre.torrejondeardoz\/\/wp-content\/uploads\/cp.seisdediciembre.torrejondeardoz\/2026\/04\/radio-escolar-1-1-e1775805812277.png\" class=\"rt-img-responsive \" alt=\"\" \/><\/a><\/div> <div class='rt-detail'><h3 class=\"entry-title\"><a data-id=\"3779\" class=\"\" href=\"https:\/\/site.educa.madrid.org\/cp.seisdediciembre.torrejondeardoz\/index.php\/radio-escolar\/\">Radio Escolar<\/a><\/h3><div class='tpg-excerpt'>El CEIP Seis de Diciembre de Torrej\u00f3n lanza \u201c6DI en Onda\u201d, su nueva radio escolar, un espacio donde el alumnado podr\u00e1 crear...<\/div><div class='post-meta center'><span class='read-more'><a data-id='3779' class='' href='https:\/\/site.educa.madrid.org\/cp.seisdediciembre.torrejondeardoz\/index.php\/radio-escolar\/'>SABER M\u00c1S<\/a><\/span><\/div><\/div><\/div><\/div><div class=\"rt-col-md-4 rt-col-sm-6 rt-col-xs-12 even-grid-item rt-grid-item\" data-id=\"1856\"><div class=\"rt-holder\"><div class=\"rt-img-holder\"><a data-id='1856' class='' href='https:\/\/site.educa.madrid.org\/cp.seisdediciembre.torrejondeardoz\/index.php\/art-ephemeral-proyecto-erasmus-internacional\/'><img loading=\"lazy\" decoding=\"async\" width=\"1822\" height=\"1184\" src=\"https:\/\/site.educa.madrid.org\/cp.seisdediciembre.torrejondeardoz\/\/wp-content\/uploads\/cp.seisdediciembre.torrejondeardoz\/2022\/03\/erasmusseisdiciembre.jpg\" class=\"rt-img-responsive \" alt=\"\" \/><\/a><\/div> <div class='rt-detail'><h3 class=\"entry-title\"><a data-id=\"1856\" class=\"\" href=\"https:\/\/site.educa.madrid.org\/cp.seisdediciembre.torrejondeardoz\/index.php\/art-ephemeral-proyecto-erasmus-internacional\/\">ART EPHEMERAL &#8211;\u00a0 PROYECTO ERASMUS+ INTERNACIONAL<\/a><\/h3><div class='tpg-excerpt'>\u00abARTEfimero en la Educaci\u00f3n Escolar\u00bb es el resultado de la colaboraci\u00f3n entre 6 organizaciones diferentes de la comunidad educativa de Eslovenia, Turqu\u00eda...<\/div><div class='post-meta center'><span class='read-more'><a data-id='1856' class='' href='https:\/\/site.educa.madrid.org\/cp.seisdediciembre.torrejondeardoz\/index.php\/art-ephemeral-proyecto-erasmus-internacional\/'>SABER M\u00c1S<\/a><\/span><\/div><\/div><\/div><\/div><div class=\"rt-col-md-4 rt-col-sm-6 rt-col-xs-12 even-grid-item rt-grid-item\" data-id=\"1772\"><div class=\"rt-holder\"><div class=\"rt-img-holder\"><a data-id='1772' class='' href='https:\/\/site.educa.madrid.org\/cp.seisdediciembre.torrejondeardoz\/index.php\/etwinning-en-el-seis-de-diciembre\/'><img loading=\"lazy\" decoding=\"async\" width=\"811\" height=\"579\" src=\"https:\/\/site.educa.madrid.org\/cp.seisdediciembre.torrejondeardoz\/\/wp-content\/uploads\/cp.seisdediciembre.torrejondeardoz\/2021\/11\/Logo_eTwinning.jpg\" class=\"rt-img-responsive \" alt=\"\" \/><\/a><\/div> <div class='rt-detail'><h3 class=\"entry-title\"><a data-id=\"1772\" class=\"\" href=\"https:\/\/site.educa.madrid.org\/cp.seisdediciembre.torrejondeardoz\/index.php\/etwinning-en-el-seis-de-diciembre\/\">eTwinning en el Seis de Diciembre<\/a><\/h3><div class='tpg-excerpt'>\u00bfQu\u00e9 es eTwinning? Es la comunidad de centros escolares de pa\u00edses europeos que ofrece una plataforma a los equipos educativos para comunicarse...<\/div><div class='post-meta center'><span class='read-more'><a data-id='1772' class='' href='https:\/\/site.educa.madrid.org\/cp.seisdediciembre.torrejondeardoz\/index.php\/etwinning-en-el-seis-de-diciembre\/'>SABER M\u00c1S<\/a><\/span><\/div><\/div><\/div><\/div><div class=\"rt-col-md-4 rt-col-sm-6 rt-col-xs-12 even-grid-item rt-grid-item\" data-id=\"1626\"><div class=\"rt-holder\"><div class=\"rt-img-holder\"><a data-id='1626' class='' href='https:\/\/site.educa.madrid.org\/cp.seisdediciembre.torrejondeardoz\/index.php\/escuela-de-familias\/'><img loading=\"lazy\" decoding=\"async\" width=\"2560\" height=\"1920\" src=\"https:\/\/site.educa.madrid.org\/cp.seisdediciembre.torrejondeardoz\/\/wp-content\/uploads\/cp.seisdediciembre.torrejondeardoz\/2020\/03\/exteriores-al-fondo-patio-infantil-1-scaled-1.jpg\" class=\"rt-img-responsive \" alt=\"\" \/><\/a><\/div> <div class='rt-detail'><h3 class=\"entry-title\"><a data-id=\"1626\" class=\"\" href=\"https:\/\/site.educa.madrid.org\/cp.seisdediciembre.torrejondeardoz\/index.php\/escuela-de-familias\/\">Escuela de familias<\/a><\/h3><div class='tpg-excerpt'>1. GESTI\u00d3N DE CAMBIO DE ETAPA EDUCATIVA: 2.&nbsp;M\u00e1s que un m\u00f3vil: La gu\u00eda que no viene con el m\u00f3vil La gu\u00eda que...<\/div><div class='post-meta center'><span class='read-more'><a data-id='1626' class='' href='https:\/\/site.educa.madrid.org\/cp.seisdediciembre.torrejondeardoz\/index.php\/escuela-de-familias\/'>SABER M\u00c1S<\/a><\/span><\/div><\/div><\/div><\/div><div class=\"rt-col-md-4 rt-col-sm-6 rt-col-xs-12 even-grid-item rt-grid-item\" data-id=\"163\"><div class=\"rt-holder\"><div class=\"rt-img-holder\"><a data-id='163' class='' href='https:\/\/site.educa.madrid.org\/cp.seisdediciembre.torrejondeardoz\/index.php\/centro-preferente-tea\/'><img loading=\"lazy\" decoding=\"async\" width=\"1920\" height=\"1280\" src=\"https:\/\/site.educa.madrid.org\/cp.seisdediciembre.torrejondeardoz\/\/wp-content\/uploads\/cp.seisdediciembre.torrejondeardoz\/2022\/06\/jeshoots-com-LKREcvZeoJQ-unsplash.jpg\" class=\"rt-img-responsive \" alt=\"alumno de infantil mirando un mapa\" \/><\/a><\/div> <div class='rt-detail'><h3 class=\"entry-title\"><a data-id=\"163\" class=\"\" href=\"https:\/\/site.educa.madrid.org\/cp.seisdediciembre.torrejondeardoz\/index.php\/centro-preferente-tea\/\">Centro Preferente TEA<\/a><\/h3><div class='tpg-excerpt'>Somos un Centro de atenci\u00f3n preferente a alumnos con TEA desde el curso 2018\/2019, habiendo creado para ello el \u201cAula Estrella\u201d y...<\/div><div class='post-meta center'><span class='read-more'><a data-id='163' class='' href='https:\/\/site.educa.madrid.org\/cp.seisdediciembre.torrejondeardoz\/index.php\/centro-preferente-tea\/'>SABER M\u00c1S<\/a><\/span><\/div><\/div><\/div><\/div><\/div><\/div>\n","protected":false},"excerpt":{"rendered":"<p>Si quieres conocer nuestros planes de centro aqu\u00ed los tienes:<\/p>\n","protected":false},"author":3,"featured_media":0,"parent":0,"menu_order":0,"comment_status":"closed","ping_status":"closed","template":"page-templates\/page_fullwidth.php","meta":{"footnotes":""},"folder":[],"class_list":["post-37","page","type-page","status-publish","hentry"],"rttpg_featured_image_url":null,"rttpg_author":{"display_name":"cp.seisdediciembre.torrejondeardoz","author_link":"https:\/\/site.educa.madrid.org\/cp.seisdediciembre.torrejondeardoz\/index.php\/author\/cuenta_cp-seisdediciembre-torrejondeardoz\/"},"rttpg_comment":0,"rttpg_category":false,"rttpg_excerpt":"Si quieres conocer nuestros planes de centro aqu\u00ed los tienes:","post_mailing_queue_ids":[],"_links":{"self":[{"href":"https:\/\/site.educa.madrid.org\/cp.seisdediciembre.torrejondeardoz\/index.php\/wp-json\/wp\/v2\/pages\/37","targetHints":{"allow":["GET"]}}],"collection":[{"href":"https:\/\/site.educa.madrid.org\/cp.seisdediciembre.torrejondeardoz\/index.php\/wp-json\/wp\/v2\/pages"}],"about":[{"href":"https:\/\/site.educa.madrid.org\/cp.seisdediciembre.torrejondeardoz\/index.php\/wp-json\/wp\/v2\/types\/page"}],"author":[{"embeddable":true,"href":"https:\/\/site.educa.madrid.org\/cp.seisdediciembre.torrejondeardoz\/index.php\/wp-json\/wp\/v2\/users\/3"}],"replies":[{"embeddable":true,"href":"https:\/\/site.educa.madrid.org\/cp.seisdediciembre.torrejondeardoz\/index.php\/wp-json\/wp\/v2\/comments?post=37"}],"version-history":[{"count":1,"href":"https:\/\/site.educa.madrid.org\/cp.seisdediciembre.torrejondeardoz\/index.php\/wp-json\/wp\/v2\/pages\/37\/revisions"}],"predecessor-version":[{"id":2603,"href":"https:\/\/site.educa.madrid.org\/cp.seisdediciembre.torrejondeardoz\/index.php\/wp-json\/wp\/v2\/pages\/37\/revisions\/2603"}],"wp:attachment":[{"href":"https:\/\/site.educa.madrid.org\/cp.seisdediciembre.torrejondeardoz\/index.php\/wp-json\/wp\/v2\/media?parent=37"}],"wp:term":[{"taxonomy":"folder","embeddable":true,"href":"https:\/\/site.educa.madrid.org\/cp.seisdediciembre.torrejondeardoz\/index.php\/wp-json\/wp\/v2\/folder?post=37"}],"curies":[{"name":"wp","href":"https:\/\/api.w.org\/{rel}","templated":true}]}}