{"id":7,"date":"2020-02-17T20:06:46","date_gmt":"2020-02-17T19:06:46","guid":{"rendered":"https:\/\/seisdediciembre.com\/?page_id=7"},"modified":"2023-04-18T13:20:30","modified_gmt":"2023-04-18T11:20:30","slug":"el-colegio","status":"publish","type":"page","link":"https:\/\/site.educa.madrid.org\/cp.seisdediciembre.torrejondeardoz\/index.php\/el-colegio\/","title":{"rendered":"El colegio"},"content":{"rendered":"<p>Visita estas p\u00e1ginas para conocer un poco m\u00e1s nuestro colegio:<\/p>\n<style type='text\/css' media='all'>#rt-tpg-container-1732216996 .rt-holder .rt-woo-info .price{color:#8f6ed1;}body .rt-tpg-container .rt-tpg-isotope-buttons .selected,\n\t\t\t\t\t#rt-tpg-container-1732216996 .layout12 .rt-holder:hover .rt-detail,\n\t\t\t\t\t#rt-tpg-container-1732216996 .isotope8 .rt-holder:hover .rt-detail,\n\t\t\t\t\t#rt-tpg-container-1732216996 .carousel8 .rt-holder:hover .rt-detail,\n\t\t\t\t\t#rt-tpg-container-1732216996 .layout13 .rt-holder .overlay .post-info,\n\t\t\t\t\t#rt-tpg-container-1732216996 .isotope9 .rt-holder .overlay .post-info,\n\t\t\t\t\t#rt-tpg-container-1732216996.rt-tpg-container .layout4 .rt-holder .rt-detail,\n\t\t\t\t\t.rt-modal-1732216996 .md-content,\n\t\t\t\t\t.rt-modal-1732216996 .md-content > .rt-md-content-holder .rt-md-content,\n\t\t\t\t\t.rt-popup-wrap-1732216996.rt-popup-wrap .rt-popup-navigation-wrap,\n\t\t\t\t\t#rt-tpg-container-1732216996 .carousel9 .rt-holder .overlay .post-info{background-color:#8f6ed1;}#rt-tpg-container-1732216996 .layout5 .rt-holder .overlay, #rt-tpg-container-1732216996 .isotope2 .rt-holder .overlay, #rt-tpg-container-1732216996 .carousel2 .rt-holder .overlay,#rt-tpg-container-1732216996 .layout15 .rt-holder h3, #rt-tpg-container-1732216996 .isotope11 .rt-holder h3, #rt-tpg-container-1732216996 .carousel11 .rt-holder h3, #rt-tpg-container-1732216996 .layout16 .rt-holder h3,\n\t\t\t\t\t#rt-tpg-container-1732216996 .isotope12 .rt-holder h3, #rt-tpg-container-1732216996 .carousel12 .rt-holder h3 {background-color:rgba(143,110,209,0.8);}#rt-tpg-container-1732216996 .pagination-list li a,\n\t\t\t\t\trt-tpg-container-1732216996 .pagination-list li span,\n\t\t\t\t\trt-tpg-container-1732216996 .pagination li a,\n\t\t\t\t\t#rt-tpg-container-1732216996 .rt-tpg-isotope-buttons button,\n\t\t\t\t\t#rt-tpg-container-1732216996 .rt-tpg-utility .rt-tpg-load-more button,\n\t\t\t\t\t#rt-tpg-container-1732216996.rt-tpg-container .swiper-navigation .slider-btn,\n\t\t\t\t\t#rt-tpg-container-1732216996.rt-tpg-container .swiper-pagination-bullet,\n\t\t\t\t\t#rt-tpg-container-1732216996 .wc1 .rt-holder .rt-img-holder .overlay .product-more ul li a,\n\t\t\t\t\t#rt-tpg-container-1732216996 .wc2 .rt-detail .rt-wc-add-to-cart,\n\t\t\t\t\t#rt-tpg-container-1732216996 .wc3 .rt-detail .rt-wc-add-to-cart,\n\t\t\t\t\t#rt-tpg-container-1732216996 .wc4 .rt-detail .rt-wc-add-to-cart,\n\t\t\t\t\t#rt-tpg-container-1732216996 .wc-carousel2 .rt-detail .rt-wc-add-to-cart,\n\t\t\t\t\t#rt-tpg-container-1732216996 .wc-isotope2 .rt-detail .rt-wc-add-to-cart,\n\t\t\t\t\t#rt-tpg-container-1732216996 .rt-layout-filter-container .rt-filter-wrap .rt-filter-item-wrap.rt-filter-dropdown-wrap .rt-filter-dropdown,\n\t\t\t\t\t#rt-tpg-container-1732216996 .rt-layout-filter-container .rt-filter-sub-tax.sub-button-group .rt-filter-button-item,\n\t\t\t\t\t#rt-tpg-container-1732216996.rt-tpg-container .rt-pagination-wrap .rt-page-numbers .paginationjs .paginationjs-pages ul li>a,\n\t\t\t\t\t#rt-tpg-container-1732216996 .rt-filter-item-wrap.rt-filter-button-wrap span.rt-filter-button-item,\n\t\t\t\t\t#rt-tpg-container-1732216996.rt-tpg-container .rt-pagination-wrap  .rt-loadmore-btn,\n\t\t\t\t\t#rt-tpg-container-1732216996.rt-tpg-container .rt-pagination-wrap .rt-cb-page-prev-next > *,\n\t\t\t\t\t#rt-tpg-container-1732216996 .rt-read-more,\n\t\t\t\t\t#rt-tooltip-1732216996, #rt-tooltip-1732216996 .rt-tooltip-bottom:after{background-color:#794dd1;}#rt-tpg-container-1732216996 .rt-filter-item-wrap.rt-filter-button-wrap span.rt-filter-button-item,\n\t\t\t\t\t#rt-tpg-container-1732216996 .rt-layout-filter-container .rt-filter-sub-tax.sub-button-group .rt-filter-button-item{border-color:#794dd1;}#rt-tpg-container-1732216996.rt-tpg-container .layout17 .rt-holder .overlay a.tpg-zoom .fa{color:#794dd1;}#rt-tpg-container-1732216996 .rt-holder .read-more a {background-color:#794dd1;padding: 8px 15px;}#rt-tpg-container-1732216996 .pagination-list li a,\n\t\t\t\t\t#rt-tpg-container-1732216996 .pagination li a,\n\t\t\t\t\t#rt-tpg-container-1732216996 .rt-tpg-isotope-buttons button,\n\t\t\t\t\t#rt-tpg-container-1732216996 .rt-holder .read-more a,\n\t\t\t\t\t#rt-tpg-container-1732216996 .rt-tpg-utility .rt-tpg-load-more button,\n\t\t\t\t\t#rt-tpg-container-1732216996.rt-tpg-container .swiper-navigation .slider-btn,\n\t\t\t\t\t#rt-tpg-container-1732216996 .wc1 .rt-holder .rt-img-holder .overlay .product-more ul li a,\n\t\t\t\t\t#rt-tpg-container-1732216996 .edd1 .rt-holder .rt-img-holder .overlay .product-more ul li a,\n\t\t\t\t\t#rt-tpg-container-1732216996 .wc2 .rt-detail .rt-wc-add-to-cart,\n\t\t\t\t\t#rt-tpg-container-1732216996 .wc3 .rt-detail .rt-wc-add-to-cart,\n\t\t\t\t\t#rt-tpg-container-1732216996 .edd2 .rt-detail .rt-wc-add-to-cart,\n\t\t\t\t\t#rt-tpg-container-1732216996 .wc4 .rt-detail .rt-wc-add-to-cart,\n\t\t\t\t\t#rt-tpg-container-1732216996 .edd3 .rt-detail .rt-wc-add-to-cart,\n\t\t\t\t\t#rt-tpg-container-1732216996 .wc-carousel2 .rt-detail .rt-wc-add-to-cart,\n\t\t\t\t\t#rt-tpg-container-1732216996 .wc-isotope2 .rt-detail .rt-wc-add-to-cart,\n\t\t\t\t\t#rt-tpg-container-1732216996 .rt-tpg-utility .rt-tpg-load-more button,\n\t\t\t\t\t#rt-tooltip-1732216996,\n\t\t\t\t\t#rt-tpg-container-1732216996 .rt-filter-item-wrap.rt-filter-button-wrap span.rt-filter-button-item,\n\t\t\t\t\t#rt-tpg-container-1732216996 .rt-layout-filter-container .rt-filter-sub-tax.sub-button-group .rt-filter-button-item,\n\t\t\t\t\t#rt-tpg-container-1732216996 .rt-layout-filter-container .rt-filter-wrap .rt-filter-item-wrap.rt-sort-order-action,\n\t\t\t\t\t#rt-tpg-container-1732216996 .rt-layout-filter-container .rt-filter-wrap .rt-filter-item-wrap.rt-filter-dropdown-wrap .rt-filter-dropdown .rt-filter-dropdown-item,\n\t\t\t\t\t#rt-tpg-container-1732216996.rt-tpg-container .rt-pagination-wrap .rt-page-numbers .paginationjs .paginationjs-pages ul li>a,\n\t\t\t\t\t#rt-tpg-container-1732216996.rt-tpg-container .rt-pagination-wrap .rt-cb-page-prev-next > *,\n\t\t\t\t\t#rt-tpg-container-1732216996.rt-tpg-container .rt-pagination-wrap  .rt-loadmore-btn,\n\t\t\t\t\t#rt-tpg-container-1732216996 .rt-read-more,\n\t\t\t\t\t#rt-tooltip-1732216996 .rt-tooltip-bottom:after{color:#ffffff;}#rt-tpg-container-1732216996 .read-more a{border-radius:60px;}#rt-tpg-container-1732216996.rt-tpg-container {background:#794dd1;}#rt-tpg-container-1732216996.rt-tpg-container {padding:50px 50px 50px 50px;}#rt-tpg-container-1732216996 .tpg-widget-heading-wrapper.heading-style1, #rt-tpg-container-1732216996 .tpg-widget-heading-wrapper.heading-style2, #rt-tpg-container-1732216996 .tpg-widget-heading-wrapper.heading-style3 {border-bottom-width:50px;}#rt-tpg-container-1732216996 .tpg-widget-heading-wrapper.heading-style1 .tpg-widget-heading-line {border-width:50px 0;}#rt-tpg-container-1732216996 .rt-img-holder img.rt-img-responsive,#rt-tpg-container-1732216996 .rt-img-holder,\n\t\t\t\t\t#rt-tpg-container-1732216996 .rt-post-overlay .post-img,\n\t\t\t\t\t#rt-tpg-container-1732216996 .post-sm .post-img,\n\t\t\t\t\t#rt-tpg-container-1732216996 .rt-post-grid .post-img,\n\t\t\t\t\t#rt-tpg-container-1732216996 .post-img img {border-radius:px;}#rt-tpg-container-1732216996 .layout12 .rt-holder .tpg-excerpt,#rt-tpg-container-1732216996 .layout12 .tpg-excerpt,#rt-tpg-container-1732216996 .layout12 .rt-holder .post-content,#rt-tpg-container-1732216996 .rt-holder .rt-woo-info p,#rt-tpg-container-1732216996 .post-content p {color:#878787;font-size:15px;}<\/style><div class='rt-container-fluid rt-tpg-container tpg-shortcode-main-wrapper ' id='rt-tpg-container-1732216996'   data-layout='layout12' data-grid-style='even' data-desktop-col='3'  data-tab-col='2'  data-mobile-col='1' data-sc-id='2544'><div data-title='Loading ...' class='rt-row rt-content-loader   layout12 tpg-even '><div class=\"rt-col-md-4 rt-col-sm-6 rt-col-xs-12 even-grid-item rt-grid-item\" data-id=\"1410\"><div class=\"rt-holder\"><div class=\"rt-img-holder\"><a data-id='1410' class='' href='https:\/\/site.educa.madrid.org\/cp.seisdediciembre.torrejondeardoz\/index.php\/proyecto-educativo\/'><img loading=\"lazy\" decoding=\"async\" width=\"1418\" height=\"1080\" src=\"https:\/\/site.educa.madrid.org\/cp.seisdediciembre.torrejondeardoz\/\/wp-content\/uploads\/cp.seisdediciembre.torrejondeardoz\/2021\/03\/Proyectoeducativodecentro.jpg\" class=\"rt-img-responsive \" alt=\"\" \/><\/a><\/div> <div class='rt-detail'><h3 class=\"entry-title\"><a data-id=\"1410\" class=\"\" href=\"https:\/\/site.educa.madrid.org\/cp.seisdediciembre.torrejondeardoz\/index.php\/proyecto-educativo\/\">Proyecto educativo<\/a><\/h3><div class='tpg-excerpt'>En esta p\u00e1gina podr\u00e1s conocer nuestro Proyecto educativo. Caminamos juntos hacia una misma meta...<\/div><div class='post-meta center'><span class='read-more'><a data-id='1410' class='' href='https:\/\/site.educa.madrid.org\/cp.seisdediciembre.torrejondeardoz\/index.php\/proyecto-educativo\/'>SABER M\u00c1S<\/a><\/span><\/div><\/div><\/div><\/div><div class=\"rt-col-md-4 rt-col-sm-6 rt-col-xs-12 even-grid-item rt-grid-item\" data-id=\"1115\"><div class=\"rt-holder\"><div class=\"rt-img-holder\"><a data-id='1115' class='' href='https:\/\/site.educa.madrid.org\/cp.seisdediciembre.torrejondeardoz\/index.php\/roble\/'><img loading=\"lazy\" decoding=\"async\" width=\"512\" height=\"512\" src=\"https:\/\/site.educa.madrid.org\/cp.seisdediciembre.torrejondeardoz\/\/wp-content\/uploads\/cp.seisdediciembre.torrejondeardoz\/2020\/09\/roble.png\" class=\"rt-img-responsive \" alt=\"\" \/><\/a><\/div> <div class='rt-detail'><h3 class=\"entry-title\"><a data-id=\"1115\" class=\"\" href=\"https:\/\/site.educa.madrid.org\/cp.seisdediciembre.torrejondeardoz\/index.php\/roble\/\">Roble<\/a><\/h3><div class='tpg-excerpt'>ENLACES IMPORTANTES: &#8211; NUEVO PROCEDIMIENTO DE CREDENCIALES ROBLE &#8211; MEJORA EN EL ENVIO DE CREDENCIALES...<\/div><div class='post-meta center'><span class='read-more'><a data-id='1115' class='' href='https:\/\/site.educa.madrid.org\/cp.seisdediciembre.torrejondeardoz\/index.php\/roble\/'>SABER M\u00c1S<\/a><\/span><\/div><\/div><\/div><\/div><div class=\"rt-col-md-4 rt-col-sm-6 rt-col-xs-12 even-grid-item rt-grid-item\" data-id=\"137\"><div class=\"rt-holder\"><div class=\"rt-img-holder\"><a data-id='137' class='' href='https:\/\/site.educa.madrid.org\/cp.seisdediciembre.torrejondeardoz\/index.php\/ampa\/'><img loading=\"lazy\" decoding=\"async\" width=\"549\" height=\"373\" src=\"https:\/\/site.educa.madrid.org\/cp.seisdediciembre.torrejondeardoz\/\/wp-content\/uploads\/cp.seisdediciembre.torrejondeardoz\/2020\/02\/2.jpg\" class=\"rt-img-responsive \" alt=\"\" \/><\/a><\/div> <div class='rt-detail'><h3 class=\"entry-title\"><a data-id=\"137\" class=\"\" href=\"https:\/\/site.educa.madrid.org\/cp.seisdediciembre.torrejondeardoz\/index.php\/ampa\/\">AMPA<\/a><\/h3><div class='tpg-excerpt'>En esta p\u00e1gina encontrar\u00e1s informaci\u00f3n para que conozcas el AMPA de nuestro centro: nuestra carta...<\/div><div class='post-meta center'><span class='read-more'><a data-id='137' class='' href='https:\/\/site.educa.madrid.org\/cp.seisdediciembre.torrejondeardoz\/index.php\/ampa\/'>SABER M\u00c1S<\/a><\/span><\/div><\/div><\/div><\/div><div class=\"rt-col-md-4 rt-col-sm-6 rt-col-xs-12 even-grid-item rt-grid-item\" data-id=\"20\"><div class=\"rt-holder\"><div class=\"rt-img-holder\"><a data-id='20' class='' href='https:\/\/site.educa.madrid.org\/cp.seisdediciembre.torrejondeardoz\/index.php\/el-colegio\/instalaciones\/'><img loading=\"lazy\" decoding=\"async\" width=\"2560\" height=\"1920\" src=\"https:\/\/site.educa.madrid.org\/cp.seisdediciembre.torrejondeardoz\/\/wp-content\/uploads\/cp.seisdediciembre.torrejondeardoz\/2020\/03\/entrada-y-al-fondo-pabellon-4-scaled-1.jpg\" class=\"rt-img-responsive \" alt=\"\" \/><\/a><\/div> <div class='rt-detail'><h3 class=\"entry-title\"><a data-id=\"20\" class=\"\" href=\"https:\/\/site.educa.madrid.org\/cp.seisdediciembre.torrejondeardoz\/index.php\/el-colegio\/instalaciones\/\">Instalaciones<\/a><\/h3><div class='tpg-excerpt'>El colegio, que se abri\u00f3 en el curso 1984\/85, empez\u00f3 a funcionar con uno de...<\/div><div class='post-meta center'><span class='read-more'><a data-id='20' class='' href='https:\/\/site.educa.madrid.org\/cp.seisdediciembre.torrejondeardoz\/index.php\/el-colegio\/instalaciones\/'>SABER M\u00c1S<\/a><\/span><\/div><\/div><\/div><\/div><div class=\"rt-col-md-4 rt-col-sm-6 rt-col-xs-12 even-grid-item rt-grid-item\" data-id=\"14\"><div class=\"rt-holder\"><div class=\"rt-img-holder\"><a data-id='14' class='' href='https:\/\/site.educa.madrid.org\/cp.seisdediciembre.torrejondeardoz\/index.php\/el-colegio\/consejo-escolar\/'><img loading=\"lazy\" decoding=\"async\" width=\"2560\" height=\"1920\" src=\"https:\/\/site.educa.madrid.org\/cp.seisdediciembre.torrejondeardoz\/\/wp-content\/uploads\/cp.seisdediciembre.torrejondeardoz\/2020\/03\/sala-reuniones-2-scaled-1.jpg\" class=\"rt-img-responsive \" alt=\"\" \/><\/a><\/div> <div class='rt-detail'><h3 class=\"entry-title\"><a data-id=\"14\" class=\"\" href=\"https:\/\/site.educa.madrid.org\/cp.seisdediciembre.torrejondeardoz\/index.php\/el-colegio\/consejo-escolar\/\">Consejo escolar<\/a><\/h3><div class='tpg-excerpt'>\u00bfCU\u00c1NDO TIENEN LUGAR? Las elecciones al consejo escolar se celebran por mitades cada dos a\u00f1os...<\/div><div class='post-meta center'><span class='read-more'><a data-id='14' class='' href='https:\/\/site.educa.madrid.org\/cp.seisdediciembre.torrejondeardoz\/index.php\/el-colegio\/consejo-escolar\/'>SABER M\u00c1S<\/a><\/span><\/div><\/div><\/div><\/div><\/div><\/div>\n","protected":false},"excerpt":{"rendered":"<p>Visita estas p\u00e1ginas para conocer un poco m\u00e1s nuestro colegio:<\/p>\n","protected":false},"author":3,"featured_media":0,"parent":0,"menu_order":0,"comment_status":"closed","ping_status":"closed","template":"page-templates\/page_fullwidth.php","meta":{"footnotes":""},"folder":[],"class_list":["post-7","page","type-page","status-publish","hentry"],"rttpg_featured_image_url":null,"rttpg_author":{"display_name":"cp.seisdediciembre.torrejondeardoz","author_link":"https:\/\/site.educa.madrid.org\/cp.seisdediciembre.torrejondeardoz\/index.php\/author\/cuenta_cp-seisdediciembre-torrejondeardoz\/"},"rttpg_comment":0,"rttpg_category":false,"rttpg_excerpt":"Visita estas p\u00e1ginas para conocer un poco m\u00e1s nuestro colegio:","post_mailing_queue_ids":[],"_links":{"self":[{"href":"https:\/\/site.educa.madrid.org\/cp.seisdediciembre.torrejondeardoz\/index.php\/wp-json\/wp\/v2\/pages\/7","targetHints":{"allow":["GET"]}}],"collection":[{"href":"https:\/\/site.educa.madrid.org\/cp.seisdediciembre.torrejondeardoz\/index.php\/wp-json\/wp\/v2\/pages"}],"about":[{"href":"https:\/\/site.educa.madrid.org\/cp.seisdediciembre.torrejondeardoz\/index.php\/wp-json\/wp\/v2\/types\/page"}],"author":[{"embeddable":true,"href":"https:\/\/site.educa.madrid.org\/cp.seisdediciembre.torrejondeardoz\/index.php\/wp-json\/wp\/v2\/users\/3"}],"replies":[{"embeddable":true,"href":"https:\/\/site.educa.madrid.org\/cp.seisdediciembre.torrejondeardoz\/index.php\/wp-json\/wp\/v2\/comments?post=7"}],"version-history":[{"count":1,"href":"https:\/\/site.educa.madrid.org\/cp.seisdediciembre.torrejondeardoz\/index.php\/wp-json\/wp\/v2\/pages\/7\/revisions"}],"predecessor-version":[{"id":2545,"href":"https:\/\/site.educa.madrid.org\/cp.seisdediciembre.torrejondeardoz\/index.php\/wp-json\/wp\/v2\/pages\/7\/revisions\/2545"}],"wp:attachment":[{"href":"https:\/\/site.educa.madrid.org\/cp.seisdediciembre.torrejondeardoz\/index.php\/wp-json\/wp\/v2\/media?parent=7"}],"wp:term":[{"taxonomy":"folder","embeddable":true,"href":"https:\/\/site.educa.madrid.org\/cp.seisdediciembre.torrejondeardoz\/index.php\/wp-json\/wp\/v2\/folder?post=7"}],"curies":[{"name":"wp","href":"https:\/\/api.w.org\/{rel}","templated":true}]}}