{"id":987,"date":"2022-06-22T10:19:27","date_gmt":"2022-06-22T08:19:27","guid":{"rendered":"https:\/\/seisdediciembre.com\/?page_id=987"},"modified":"2025-06-17T16:37:48","modified_gmt":"2025-06-17T14:37:48","slug":"becas-de-comedor","status":"publish","type":"page","link":"https:\/\/site.educa.madrid.org\/cp.seisdediciembre.torrejondeardoz\/index.php\/becas-de-comedor\/","title":{"rendered":"Becas de comedor para el pr\u00f3ximo curso"},"content":{"rendered":"\n<h4 class=\"wp-block-heading\" style=\"text-transform:uppercase\"><strong>ABIERTO PLAZO DE PRESENTACI\u00d3N DE SOLICITUDES DE BECA DE COMEDOR 2025-2026<\/strong><\/h4>\n\n\n\n<p><strong>&nbsp;Desde el &nbsp;18 de junio hasta el 15 de julio, ambos inclusive.<\/strong><\/p>\n\n\n\n<p>En el siguiente documento tienen toda la informaci\u00f3n,\u00a0por favor l\u00e9anlo detenidamente:<\/p>\n\n\n\n<div class=\"wp-block-buttons is-layout-flex wp-block-buttons-is-layout-flex\">\n<div class=\"wp-block-button\"><a class=\"wp-block-button__link wp-element-button\" href=\"https:\/\/site.educa.madrid.org\/cp.seisdediciembre.torrejondeardoz\/\/wp-content\/uploads\/cp.seisdediciembre.torrejondeardoz\/2025\/06\/Preguntas-mas-frecuentes-25_26.pdf\">PREGUNTAS FRECUENTES<\/a><\/div>\n<\/div>\n\n\n\n<div style=\"height:45px\" aria-hidden=\"true\" class=\"wp-block-spacer\"><\/div>\n\n\n\n<p>Para poder entregarla en la secretar\u00eda del centro, debe ponerse en contacto a trav\u00e9s del correo de&nbsp;<a href=\"mailto:secretaria.cp.seisdediciembre.torrejondeardoz@educa.madrid.org\" target=\"_blank\" rel=\"noreferrer noopener\">secretaria.cp.seisdediciembre.torrejondeardoz@educa.madrid.org<\/a>&nbsp;antes del viernes 27 de junio.<\/p>\n\n\n\n<p>De forma telem\u00e1tica, se podr\u00e1 realizar el tr\u00e1mite accediendo a trav\u00e9s de Cuenta Digital,&nbsp;<a href=\"https:\/\/urldefense.com\/v3\/__https:\/digital.comunidad.madrid\/acceso__;!!D9dNQwwGXtA!Tw_ps6T9KCyI95DNC2mzkSZJvSq5agC3gSu-yauhC_E8Z_5luWinahLaFHEghIlKggEG2wfFeG3qFvGdsNkuBL3IzyciyGWOARIfcOGN_hLgX8Z5XO3J$\" target=\"_blank\" rel=\"noreferrer noopener\">CUENTA DIGITAL DE LA COMUNIDAD DE MADRID<\/a>&nbsp;o a trav\u00e9s de este enlace:&nbsp;<a href=\"https:\/\/urldefense.com\/v3\/__https:\/sede.comunidad.madrid\/ayudas-becas-subvenciones\/becas-comedor-escolar-2025-2026__;!!D9dNQwwGXtA!Tw_ps6T9KCyI95DNC2mzkSZJvSq5agC3gSu-yauhC_E8Z_5luWinahLaFHEghIlKggEG2wfFeG3qFvGdsNkuBL3IzyciyGWOARIfcOGN_hLgXzfB4j4V$\" target=\"_blank\" rel=\"noreferrer noopener\">Becas para el comedor escolar<\/a><\/p>\n\n\n\n<p>La solicitud deber\u00e1 ser&nbsp;<strong>firmada<\/strong>&nbsp;<strong>por<\/strong>&nbsp;<strong>todos los miembros de la unidad familiar mayores de 18 a\u00f1os&nbsp;<\/strong>incluidos en ella.<\/p>\n\n\n\n<div class=\"wp-block-buttons is-layout-flex wp-block-buttons-is-layout-flex\">\n<div class=\"wp-block-button\"><a class=\"wp-block-button__link wp-element-button\" href=\"https:\/\/site.educa.madrid.org\/cp.seisdediciembre.torrejondeardoz\/\/wp-content\/uploads\/cp.seisdediciembre.torrejondeardoz\/2025\/06\/SOLICITUD-1963F1_25.pdf\">descarga de la solicitud<\/a><\/div>\n<\/div>\n\n\n\n<div style=\"height:43px\" aria-hidden=\"true\" class=\"wp-block-spacer\"><\/div>\n\n\n\n<figure class=\"wp-block-image size-large\"><img loading=\"lazy\" decoding=\"async\" width=\"1024\" height=\"768\" src=\"https:\/\/site.educa.madrid.org\/cp.seisdediciembre.torrejondeardoz\/\/wp-content\/uploads\/cp.seisdediciembre.torrejondeardoz\/2020\/03\/comedor1-scaled-1-1024x768.jpg\" alt=\"\" class=\"wp-image-405\" srcset=\"https:\/\/site.educa.madrid.org\/cp.seisdediciembre.torrejondeardoz\/\/wp-content\/uploads\/cp.seisdediciembre.torrejondeardoz\/2020\/03\/comedor1-scaled-1-1024x768.jpg 1024w, https:\/\/site.educa.madrid.org\/cp.seisdediciembre.torrejondeardoz\/\/wp-content\/uploads\/cp.seisdediciembre.torrejondeardoz\/2020\/03\/comedor1-scaled-1-300x225.jpg 300w, https:\/\/site.educa.madrid.org\/cp.seisdediciembre.torrejondeardoz\/\/wp-content\/uploads\/cp.seisdediciembre.torrejondeardoz\/2020\/03\/comedor1-scaled-1-768x576.jpg 768w, https:\/\/site.educa.madrid.org\/cp.seisdediciembre.torrejondeardoz\/\/wp-content\/uploads\/cp.seisdediciembre.torrejondeardoz\/2020\/03\/comedor1-scaled-1-1536x1152.jpg 1536w, https:\/\/site.educa.madrid.org\/cp.seisdediciembre.torrejondeardoz\/\/wp-content\/uploads\/cp.seisdediciembre.torrejondeardoz\/2020\/03\/comedor1-scaled-1-2048x1536.jpg 2048w\" sizes=\"auto, (max-width: 1024px) 100vw, 1024px\" \/><figcaption class=\"wp-element-caption\">Comedor del centro<\/figcaption><\/figure>\n","protected":false},"excerpt":{"rendered":"<p>ABIERTO PLAZO DE PRESENTACI\u00d3N DE SOLICITUDES DE BECA DE COMEDOR 2025-2026 &nbsp;Desde el &nbsp;18 de junio hasta el 15 de julio, ambos [&hellip;]<\/p>\n","protected":false},"author":3,"featured_media":405,"parent":0,"menu_order":0,"comment_status":"closed","ping_status":"closed","template":"page-templates\/page_fullwidth.php","meta":{"footnotes":""},"folder":[],"class_list":["post-987","page","type-page","status-publish","has-post-thumbnail","hentry"],"rttpg_featured_image_url":{"full":["https:\/\/site.educa.madrid.org\/cp.seisdediciembre.torrejondeardoz\/\/wp-content\/uploads\/cp.seisdediciembre.torrejondeardoz\/2020\/03\/comedor1-scaled-1.jpg",2560,1920,false],"landscape":["https:\/\/site.educa.madrid.org\/cp.seisdediciembre.torrejondeardoz\/\/wp-content\/uploads\/cp.seisdediciembre.torrejondeardoz\/2020\/03\/comedor1-scaled-1.jpg",2560,1920,false],"portraits":["https:\/\/site.educa.madrid.org\/cp.seisdediciembre.torrejondeardoz\/\/wp-content\/uploads\/cp.seisdediciembre.torrejondeardoz\/2020\/03\/comedor1-scaled-1.jpg",2560,1920,false],"thumbnail":["https:\/\/site.educa.madrid.org\/cp.seisdediciembre.torrejondeardoz\/\/wp-content\/uploads\/cp.seisdediciembre.torrejondeardoz\/2020\/03\/comedor1-scaled-1-150x150.jpg",150,150,true],"medium":["https:\/\/site.educa.madrid.org\/cp.seisdediciembre.torrejondeardoz\/\/wp-content\/uploads\/cp.seisdediciembre.torrejondeardoz\/2020\/03\/comedor1-scaled-1-300x225.jpg",300,225,true],"large":["https:\/\/site.educa.madrid.org\/cp.seisdediciembre.torrejondeardoz\/\/wp-content\/uploads\/cp.seisdediciembre.torrejondeardoz\/2020\/03\/comedor1-scaled-1-1024x768.jpg",1024,768,true],"thumblist":["https:\/\/site.educa.madrid.org\/cp.seisdediciembre.torrejondeardoz\/\/wp-content\/uploads\/cp.seisdediciembre.torrejondeardoz\/2020\/03\/comedor1-scaled-1-300x300.jpg",300,300,true],"thumbrelated":["https:\/\/site.educa.madrid.org\/cp.seisdediciembre.torrejondeardoz\/\/wp-content\/uploads\/cp.seisdediciembre.torrejondeardoz\/2020\/03\/comedor1-scaled-1.jpg",500,375,false],"meccarouselthumb":["https:\/\/site.educa.madrid.org\/cp.seisdediciembre.torrejondeardoz\/\/wp-content\/uploads\/cp.seisdediciembre.torrejondeardoz\/2020\/03\/comedor1-scaled-1-474x324.jpg",474,324,true],"gridsquare":["https:\/\/site.educa.madrid.org\/cp.seisdediciembre.torrejondeardoz\/\/wp-content\/uploads\/cp.seisdediciembre.torrejondeardoz\/2020\/03\/comedor1-scaled-1-391x260.jpg",391,260,true],"tileview":["https:\/\/site.educa.madrid.org\/cp.seisdediciembre.torrejondeardoz\/\/wp-content\/uploads\/cp.seisdediciembre.torrejondeardoz\/2020\/03\/comedor1-scaled-1-300x400.jpg",300,400,true],"1536x1536":["https:\/\/site.educa.madrid.org\/cp.seisdediciembre.torrejondeardoz\/\/wp-content\/uploads\/cp.seisdediciembre.torrejondeardoz\/2020\/03\/comedor1-scaled-1-1536x1152.jpg",1536,1152,true],"2048x2048":["https:\/\/site.educa.madrid.org\/cp.seisdediciembre.torrejondeardoz\/\/wp-content\/uploads\/cp.seisdediciembre.torrejondeardoz\/2020\/03\/comedor1-scaled-1-2048x1536.jpg",2048,1536,true],"sydney-large-thumb":["https:\/\/site.educa.madrid.org\/cp.seisdediciembre.torrejondeardoz\/\/wp-content\/uploads\/cp.seisdediciembre.torrejondeardoz\/2020\/03\/comedor1-scaled-1.jpg",1000,750,false],"sydney-medium-thumb":["https:\/\/site.educa.madrid.org\/cp.seisdediciembre.torrejondeardoz\/\/wp-content\/uploads\/cp.seisdediciembre.torrejondeardoz\/2020\/03\/comedor1-scaled-1.jpg",533,400,false],"sydney-small-thumb":["https:\/\/site.educa.madrid.org\/cp.seisdediciembre.torrejondeardoz\/\/wp-content\/uploads\/cp.seisdediciembre.torrejondeardoz\/2020\/03\/comedor1-scaled-1.jpg",230,173,false],"sydney-service-thumb":["https:\/\/site.educa.madrid.org\/cp.seisdediciembre.torrejondeardoz\/\/wp-content\/uploads\/cp.seisdediciembre.torrejondeardoz\/2020\/03\/comedor1-scaled-1.jpg",350,263,false],"sydney-mas-thumb":["https:\/\/site.educa.madrid.org\/cp.seisdediciembre.torrejondeardoz\/\/wp-content\/uploads\/cp.seisdediciembre.torrejondeardoz\/2020\/03\/comedor1-scaled-1.jpg",480,360,false],"sow-carousel-default":["https:\/\/site.educa.madrid.org\/cp.seisdediciembre.torrejondeardoz\/\/wp-content\/uploads\/cp.seisdediciembre.torrejondeardoz\/2020\/03\/comedor1-scaled-1-272x182.jpg",272,182,true],"sow-post-carousel-overlay-theme":["https:\/\/site.educa.madrid.org\/cp.seisdediciembre.torrejondeardoz\/\/wp-content\/uploads\/cp.seisdediciembre.torrejondeardoz\/2020\/03\/comedor1-scaled-1.jpg",360,270,false],"sow-post-carousel-cards-theme":["https:\/\/site.educa.madrid.org\/cp.seisdediciembre.torrejondeardoz\/\/wp-content\/uploads\/cp.seisdediciembre.torrejondeardoz\/2020\/03\/comedor1-scaled-1.jpg",320,240,false],"rt_custom":["https:\/\/site.educa.madrid.org\/cp.seisdediciembre.torrejondeardoz\/\/wp-content\/uploads\/cp.seisdediciembre.torrejondeardoz\/2020\/03\/comedor1-scaled-1.jpg",2560,1920,false]},"rttpg_author":{"display_name":"cp.seisdediciembre.torrejondeardoz","author_link":"https:\/\/site.educa.madrid.org\/cp.seisdediciembre.torrejondeardoz\/index.php\/author\/cuenta_cp-seisdediciembre-torrejondeardoz\/"},"rttpg_comment":0,"rttpg_category":false,"rttpg_excerpt":"ABIERTO PLAZO DE PRESENTACI\u00d3N DE SOLICITUDES DE BECA DE COMEDOR 2025-2026 &nbsp;Desde el &nbsp;18 de junio hasta el 15 de julio, ambos [&hellip;]","post_mailing_queue_ids":[],"_links":{"self":[{"href":"https:\/\/site.educa.madrid.org\/cp.seisdediciembre.torrejondeardoz\/index.php\/wp-json\/wp\/v2\/pages\/987","targetHints":{"allow":["GET"]}}],"collection":[{"href":"https:\/\/site.educa.madrid.org\/cp.seisdediciembre.torrejondeardoz\/index.php\/wp-json\/wp\/v2\/pages"}],"about":[{"href":"https:\/\/site.educa.madrid.org\/cp.seisdediciembre.torrejondeardoz\/index.php\/wp-json\/wp\/v2\/types\/page"}],"author":[{"embeddable":true,"href":"https:\/\/site.educa.madrid.org\/cp.seisdediciembre.torrejondeardoz\/index.php\/wp-json\/wp\/v2\/users\/3"}],"replies":[{"embeddable":true,"href":"https:\/\/site.educa.madrid.org\/cp.seisdediciembre.torrejondeardoz\/index.php\/wp-json\/wp\/v2\/comments?post=987"}],"version-history":[{"count":16,"href":"https:\/\/site.educa.madrid.org\/cp.seisdediciembre.torrejondeardoz\/index.php\/wp-json\/wp\/v2\/pages\/987\/revisions"}],"predecessor-version":[{"id":3690,"href":"https:\/\/site.educa.madrid.org\/cp.seisdediciembre.torrejondeardoz\/index.php\/wp-json\/wp\/v2\/pages\/987\/revisions\/3690"}],"wp:featuredmedia":[{"embeddable":true,"href":"https:\/\/site.educa.madrid.org\/cp.seisdediciembre.torrejondeardoz\/index.php\/wp-json\/wp\/v2\/media\/405"}],"wp:attachment":[{"href":"https:\/\/site.educa.madrid.org\/cp.seisdediciembre.torrejondeardoz\/index.php\/wp-json\/wp\/v2\/media?parent=987"}],"wp:term":[{"taxonomy":"folder","embeddable":true,"href":"https:\/\/site.educa.madrid.org\/cp.seisdediciembre.torrejondeardoz\/index.php\/wp-json\/wp\/v2\/folder?post=987"}],"curies":[{"name":"wp","href":"https:\/\/api.w.org\/{rel}","templated":true}]}}