{"id":116,"date":"2022-05-30T16:22:35","date_gmt":"2022-05-30T14:22:35","guid":{"rendered":"https:\/\/site.educa.madrid.org\/cp.soledadsainz.colmenarviejo\/?page_id=116"},"modified":"2026-04-29T20:09:38","modified_gmt":"2026-04-29T18:09:38","slug":"ampa","status":"publish","type":"page","link":"https:\/\/site.educa.madrid.org\/cp.soledadsainz.colmenarviejo\/index.php\/quienes-somos\/ampa\/","title":{"rendered":"AMPA"},"content":{"rendered":"\n<p>La Asociaci\u00f3n de Madres y Padres es el mejor y <strong>m\u00e1s eficiente \u00f3rgano de representaci\u00f3n de las familias en el centro educativo y de participaci\u00f3n activa en la gesti\u00f3n y el modelo educativo del mismo <\/strong>y su importancia es reconocida por todo el mundo. Y es que, igual que nos preocupamos por educar a nuestros hijos e hijas, los padres y madres tambi\u00e9n debemos participar desde la Asociaci\u00f3n para colaborar con el centro educativo en dicha educaci\u00f3n.<\/p>\n\n\n\n<p>Si quieres ser miembro de la <strong>AMPA <\/strong>y participar con ello en la actividad de la comunidad educativa, lo puedes hacer abonando la cuota anual de socio en el n\u00famero de la cuenta bancaria indicada y rellenando el formulario de inscripci\u00f3n.<\/p>\n\n\n\n<div style=\"height:45px\" aria-hidden=\"true\" class=\"wp-block-spacer\"><\/div>\n\n\n\n<p><strong>Contacto:<\/strong> ampa.cp.soledadsainz.colmenarviejo@educa.madrid.org <\/p>\n\n\n\n<p><strong><a href=\"https:\/\/drive.google.com\/file\/d\/1aVAabfJJ471-Wzm7qSoeH9xWzJMO_smY\/view?usp=sharing\">Ficha para darse de alta como socio del AMPA<\/a><\/strong> (descargar y enviar al correo anteriormente citado una vez cumplimentada)<\/p>\n\n\n\n<p><\/p>\n","protected":false},"excerpt":{"rendered":"<p>La Asociaci\u00f3n de Madres y Padres es el mejor y m\u00e1s eficiente \u00f3rgano de representaci\u00f3n de las familias en el centro educativo y de participaci\u00f3n activa en la gesti\u00f3n y el modelo educativo del mismo y su importancia es reconocida por todo el mundo. Y es que, igual que nos preocupamos por educar a nuestros [&hellip;]<\/p>\n","protected":false},"author":6,"featured_media":0,"parent":112,"menu_order":0,"comment_status":"closed","ping_status":"closed","template":"","meta":{"footnotes":""},"folder":[],"class_list":["post-116","page","type-page","status-publish","hentry"],"rttpg_featured_image_url":null,"rttpg_author":{"display_name":"Cuenta Admin-educamadrid","author_link":"https:\/\/site.educa.madrid.org\/cp.soledadsainz.colmenarviejo\/index.php\/author\/cuenta_admin-educamadrid\/"},"rttpg_comment":0,"rttpg_category":false,"rttpg_excerpt":"La Asociaci\u00f3n de Madres y Padres es el mejor y m\u00e1s eficiente \u00f3rgano de representaci\u00f3n de las familias en el centro educativo y de participaci\u00f3n activa en la gesti\u00f3n y el modelo educativo del mismo y su importancia es reconocida por todo el mundo. Y es que, igual que nos preocupamos por educar a nuestros&hellip;","post_mailing_queue_ids":[],"_links":{"self":[{"href":"https:\/\/site.educa.madrid.org\/cp.soledadsainz.colmenarviejo\/index.php\/wp-json\/wp\/v2\/pages\/116","targetHints":{"allow":["GET"]}}],"collection":[{"href":"https:\/\/site.educa.madrid.org\/cp.soledadsainz.colmenarviejo\/index.php\/wp-json\/wp\/v2\/pages"}],"about":[{"href":"https:\/\/site.educa.madrid.org\/cp.soledadsainz.colmenarviejo\/index.php\/wp-json\/wp\/v2\/types\/page"}],"author":[{"embeddable":true,"href":"https:\/\/site.educa.madrid.org\/cp.soledadsainz.colmenarviejo\/index.php\/wp-json\/wp\/v2\/users\/6"}],"replies":[{"embeddable":true,"href":"https:\/\/site.educa.madrid.org\/cp.soledadsainz.colmenarviejo\/index.php\/wp-json\/wp\/v2\/comments?post=116"}],"version-history":[{"count":9,"href":"https:\/\/site.educa.madrid.org\/cp.soledadsainz.colmenarviejo\/index.php\/wp-json\/wp\/v2\/pages\/116\/revisions"}],"predecessor-version":[{"id":2912,"href":"https:\/\/site.educa.madrid.org\/cp.soledadsainz.colmenarviejo\/index.php\/wp-json\/wp\/v2\/pages\/116\/revisions\/2912"}],"up":[{"embeddable":true,"href":"https:\/\/site.educa.madrid.org\/cp.soledadsainz.colmenarviejo\/index.php\/wp-json\/wp\/v2\/pages\/112"}],"wp:attachment":[{"href":"https:\/\/site.educa.madrid.org\/cp.soledadsainz.colmenarviejo\/index.php\/wp-json\/wp\/v2\/media?parent=116"}],"wp:term":[{"taxonomy":"folder","embeddable":true,"href":"https:\/\/site.educa.madrid.org\/cp.soledadsainz.colmenarviejo\/index.php\/wp-json\/wp\/v2\/folder?post=116"}],"curies":[{"name":"wp","href":"https:\/\/api.w.org\/{rel}","templated":true}]}}