{"id":182,"date":"2022-05-31T11:04:12","date_gmt":"2022-05-31T09:04:12","guid":{"rendered":"https:\/\/site.educa.madrid.org\/cp.soledadsainz.colmenarviejo\/?page_id=182"},"modified":"2024-09-04T17:30:20","modified_gmt":"2024-09-04T15:30:20","slug":"libros-de-texto","status":"publish","type":"page","link":"https:\/\/site.educa.madrid.org\/cp.soledadsainz.colmenarviejo\/index.php\/secretaria\/libros-de-texto\/","title":{"rendered":"Libros de texto"},"content":{"rendered":"\n<h2 class=\"wp-block-heading\">Programa Accede<\/h2>\n\n\n\n<p><em>La LEY 7\/2017, de 27 de junio, de Gratuidad de los Libros de Texto y el Material Curricular de la Comunidad de Madrid \u201c<\/em>tiene por objeto garantizar la gratuidad de los libros de texto y el material curricular a todos los alumnos que cursen las ense\u00f1anzas de Educaci\u00f3n Primaria, Educaci\u00f3n Secundaria Obligatoria y Formaci\u00f3n Profesional B\u00e1sica en todos los centros docentes sostenidos con fondos p\u00fablicos en la Comunidad de Madrid, incluyendo los alumnos escolarizados en centros sostenidos con fondos p\u00fablicos de educaci\u00f3n especial\u201d.<\/p>\n\n\n\n<p>En la etapa de Educaci\u00f3n Primaria, <strong>las familias deben adherirse al programa de pr\u00e9stamo de libros de texto ACCEDE<\/strong>. Para eso, deben<strong> rellenar un impreso que se pondr\u00e1 a disposici\u00f3n de las familias en nuestra p\u00e1gina web y en la Secretar\u00eda del centro<\/strong>. El periodo de solicitudes de participaci\u00f3n en el programa ACCEDE tiene lugar <strong>durante los meses de mayo y septiembre.<\/strong><\/p>\n\n\n\n<p>Hay que recordar que<strong> la participaci\u00f3n en el programa es voluntaria <\/strong>y abarca todo el periodo de escolarizaci\u00f3n en Primaria, aunque se puede renunciar a ella en cualquier momento entregando todo el material de pr\u00e9stamo. La solicitud contiene un <strong>compromiso de cumplimiento obligatorio de una serie de condiciones:<\/strong><\/p>\n\n\n\n<p>&#8211; Es obligatorio <strong>entregar la totalidad de libros de texto prestados del curso anterior.<\/strong><\/p>\n\n\n\n<p>&#8211; Los libros de texto devueltos deben estar en <strong>perfectas condiciones de uso:<\/strong> sin desperfectos o da\u00f1os que afecten a la legibilidad, conservar \u00edntegra la encuadernaci\u00f3n y sin subrayados ni respuestas o soluciones escritas en las hojas.<\/p>\n\n\n\n<div style=\"height:53px\" aria-hidden=\"true\" class=\"wp-block-spacer\"><\/div>\n\n\n\n<p><a href=\"https:\/\/drive.google.com\/file\/d\/1zzP6DfPFq_3Kf4Je7gGZOPcNZLWADbyl\/view?usp=sharing\">Ficha de adhesi\u00f3n al programa ACCEDE<\/a><\/p>\n","protected":false},"excerpt":{"rendered":"<p>Programa Accede La LEY 7\/2017, de 27 de junio, de Gratuidad de los Libros de Texto y el Material Curricular de la Comunidad de Madrid \u201ctiene por objeto garantizar la gratuidad de los libros de texto y el material curricular a todos los alumnos que cursen las ense\u00f1anzas de Educaci\u00f3n Primaria, Educaci\u00f3n Secundaria Obligatoria y [&hellip;]<\/p>\n","protected":false},"author":6,"featured_media":0,"parent":181,"menu_order":0,"comment_status":"closed","ping_status":"closed","template":"","meta":{"footnotes":""},"folder":[],"class_list":["post-182","page","type-page","status-publish","hentry"],"rttpg_featured_image_url":null,"rttpg_author":{"display_name":"Cuenta Admin-educamadrid","author_link":"https:\/\/site.educa.madrid.org\/cp.soledadsainz.colmenarviejo\/index.php\/author\/cuenta_admin-educamadrid\/"},"rttpg_comment":0,"rttpg_category":false,"rttpg_excerpt":"Programa Accede La LEY 7\/2017, de 27 de junio, de Gratuidad de los Libros de Texto y el Material Curricular de la Comunidad de Madrid \u201ctiene por objeto garantizar la gratuidad de los libros de texto y el material curricular a todos los alumnos que cursen las ense\u00f1anzas de Educaci\u00f3n Primaria, Educaci\u00f3n Secundaria Obligatoria y&hellip;","post_mailing_queue_ids":[],"_links":{"self":[{"href":"https:\/\/site.educa.madrid.org\/cp.soledadsainz.colmenarviejo\/index.php\/wp-json\/wp\/v2\/pages\/182","targetHints":{"allow":["GET"]}}],"collection":[{"href":"https:\/\/site.educa.madrid.org\/cp.soledadsainz.colmenarviejo\/index.php\/wp-json\/wp\/v2\/pages"}],"about":[{"href":"https:\/\/site.educa.madrid.org\/cp.soledadsainz.colmenarviejo\/index.php\/wp-json\/wp\/v2\/types\/page"}],"author":[{"embeddable":true,"href":"https:\/\/site.educa.madrid.org\/cp.soledadsainz.colmenarviejo\/index.php\/wp-json\/wp\/v2\/users\/6"}],"replies":[{"embeddable":true,"href":"https:\/\/site.educa.madrid.org\/cp.soledadsainz.colmenarviejo\/index.php\/wp-json\/wp\/v2\/comments?post=182"}],"version-history":[{"count":6,"href":"https:\/\/site.educa.madrid.org\/cp.soledadsainz.colmenarviejo\/index.php\/wp-json\/wp\/v2\/pages\/182\/revisions"}],"predecessor-version":[{"id":1983,"href":"https:\/\/site.educa.madrid.org\/cp.soledadsainz.colmenarviejo\/index.php\/wp-json\/wp\/v2\/pages\/182\/revisions\/1983"}],"up":[{"embeddable":true,"href":"https:\/\/site.educa.madrid.org\/cp.soledadsainz.colmenarviejo\/index.php\/wp-json\/wp\/v2\/pages\/181"}],"wp:attachment":[{"href":"https:\/\/site.educa.madrid.org\/cp.soledadsainz.colmenarviejo\/index.php\/wp-json\/wp\/v2\/media?parent=182"}],"wp:term":[{"taxonomy":"folder","embeddable":true,"href":"https:\/\/site.educa.madrid.org\/cp.soledadsainz.colmenarviejo\/index.php\/wp-json\/wp\/v2\/folder?post=182"}],"curies":[{"name":"wp","href":"https:\/\/api.w.org\/{rel}","templated":true}]}}