{"id":183,"date":"2022-05-31T11:04:12","date_gmt":"2022-05-31T09:04:12","guid":{"rendered":"https:\/\/site.educa.madrid.org\/cp.soledadsainz.colmenarviejo\/?page_id=183"},"modified":"2025-06-17T19:40:42","modified_gmt":"2025-06-17T17:40:42","slug":"becas","status":"publish","type":"page","link":"https:\/\/site.educa.madrid.org\/cp.soledadsainz.colmenarviejo\/index.php\/secretaria\/becas\/","title":{"rendered":"Becas y ayudas"},"content":{"rendered":"\n<h2 class=\"wp-block-heading\">Becas de comedor<\/h2>\n\n\n\n<p>Habitualmente, <strong>el plazo de solicitud de las becas de comedor se abre durante el mes de junio.<\/strong> Las familias y los tutores legales ser\u00e1n informados mediante una publicaci\u00f3n en el \u201cTabl\u00f3n de anuncios\u201d de nuestra p\u00e1gina web as\u00ed como a trav\u00e9s del correo electr\u00f3nico.<\/p>\n\n\n\n<p>Toda la informaci\u00f3n pod\u00e9is encontrarla en: <a href=\"https:\/\/www.comunidad.madrid\/servicios\/educacion\/becas-comedor-escolar\">https:\/\/www.comunidad.madrid\/servicios\/educacion\/becas-comedor-escolar<\/a> <\/p>\n\n\n\n<h2 class=\"wp-block-heading\">Ayudas para alumnado con NEE<\/h2>\n\n\n\n<p>Son becas del Ministerio de Educaci\u00f3n y Formaci\u00f3n Profesional. Sus destinatarios son <strong>alumnos que presentan necesidad espec\u00edfica de apoyo educativo<\/strong> y necesitan, por un periodo de su escolarizaci\u00f3n o a lo largo de toda ella, determinados apoyos y atenciones educativas derivadas de sus necesidades. <strong>Tambi\u00e9n podr\u00e1n ser beneficiarios de estas ayudas los alumnos con TEA y TDAH.<\/strong><\/p>\n\n\n\n<p>La informaci\u00f3n sobre la convocatoria se pondr\u00e1 a disposici\u00f3n de las familias y\/o tutores legales a trav\u00e9s del \u201cTabl\u00f3n de anuncios\u201d de nuestra p\u00e1gina web y mediante el aviso en la plataforma Ra\u00edces.<\/p>\n\n\n\n<p><a href=\"https:\/\/www.educacionyfp.gob.es\/servicios-al-ciudadano\/catalogo\/estudiantes\/becas-ayudas.html\" target=\"_blank\" rel=\"noreferrer noopener\">Enlace a la p\u00e1gina de ayudas y becas del Ministerio de Educaci\u00f3n y Formaci\u00f3n Profesional. <\/a><\/p>\n\n\n\n<h2 class=\"wp-block-heading\">Beca Pr\u00e9stamo de Libros Educaci\u00f3n Infantil<\/h2>\n\n\n\n<p>La Comunidad de Madrid pone a disposici\u00f3n de las familias la posibilidad de solicitar en los centros la Beca de Libros de Educaci\u00f3n Infantil. De cumplir los requisitos establecidos, esta beca cubre la totalidad de los libros necesarios que ser\u00e1n facilitados por el centro escolar.<\/p>\n\n\n\n<p>Esta beca est\u00e1 destinada a familias con hijos\/hijas de Necesidades Educativas Especiales, familias intervenidas por Servicios Sociales o que perciben IMV, RMI, familias con renta inferior a la cantidad estipulada en la convocatoria (ver bases en la solicitud).<\/p>\n\n\n\n<p>La beca deber\u00e1 presentarse en la Secretar\u00eda del centro o enviarse por correo.<\/p>\n\n\n\n<p><a href=\"https:\/\/drive.google.com\/file\/d\/1PHZcjdXQwOic0mOkq1BKw3-9_BNa7ZOW\/view?usp=sharing\">Ficha para la solicitud de la beca de Libros de Infantil<\/a><\/p>\n\n\n\n<h2 class=\"wp-block-heading\">Ayudas individualizadas de transporte escolar<\/h2>\n\n\n\n<p>Se trata de ayuda que ofrece la Consejer\u00eda de Educaci\u00f3n, Universidades y Ciencia para compensar los gastos que supone a los alumnos el <strong>desplazamiento por sus propios medios<\/strong> al centro docente donde cursan estudios en caso de no poder hacer uso de las rutas de transporte escolar.<\/p>\n\n\n\n<p>Para m\u00e1s informaci\u00f3n: <a href=\"https:\/\/tramita.comunidad.madrid\/ayudas-becas-subvenciones\" target=\"_blank\" rel=\"noreferrer noopener\">https:\/\/tramita.comunidad.madrid\/ayudas-becas-subvenciones<\/a><\/p>\n\n\n\n<p><\/p>\n","protected":false},"excerpt":{"rendered":"<p>Becas de comedor Habitualmente, el plazo de solicitud de las becas de comedor se abre durante el mes de junio. Las familias y los tutores legales ser\u00e1n informados mediante una publicaci\u00f3n en el \u201cTabl\u00f3n de anuncios\u201d de nuestra p\u00e1gina web as\u00ed como a trav\u00e9s del correo electr\u00f3nico. Toda la informaci\u00f3n pod\u00e9is encontrarla en: https:\/\/www.comunidad.madrid\/servicios\/educacion\/becas-comedor-escolar Ayudas [&hellip;]<\/p>\n","protected":false},"author":6,"featured_media":0,"parent":181,"menu_order":0,"comment_status":"closed","ping_status":"closed","template":"","meta":{"footnotes":""},"folder":[],"class_list":["post-183","page","type-page","status-publish","hentry"],"rttpg_featured_image_url":null,"rttpg_author":{"display_name":"Cuenta Admin-educamadrid","author_link":"https:\/\/site.educa.madrid.org\/cp.soledadsainz.colmenarviejo\/index.php\/author\/cuenta_admin-educamadrid\/"},"rttpg_comment":0,"rttpg_category":false,"rttpg_excerpt":"Becas de comedor Habitualmente, el plazo de solicitud de las becas de comedor se abre durante el mes de junio. Las familias y los tutores legales ser\u00e1n informados mediante una publicaci\u00f3n en el \u201cTabl\u00f3n de anuncios\u201d de nuestra p\u00e1gina web as\u00ed como a trav\u00e9s del correo electr\u00f3nico. Toda la informaci\u00f3n pod\u00e9is encontrarla en: https:\/\/www.comunidad.madrid\/servicios\/educacion\/becas-comedor-escolar Ayudas&hellip;","post_mailing_queue_ids":[],"_links":{"self":[{"href":"https:\/\/site.educa.madrid.org\/cp.soledadsainz.colmenarviejo\/index.php\/wp-json\/wp\/v2\/pages\/183","targetHints":{"allow":["GET"]}}],"collection":[{"href":"https:\/\/site.educa.madrid.org\/cp.soledadsainz.colmenarviejo\/index.php\/wp-json\/wp\/v2\/pages"}],"about":[{"href":"https:\/\/site.educa.madrid.org\/cp.soledadsainz.colmenarviejo\/index.php\/wp-json\/wp\/v2\/types\/page"}],"author":[{"embeddable":true,"href":"https:\/\/site.educa.madrid.org\/cp.soledadsainz.colmenarviejo\/index.php\/wp-json\/wp\/v2\/users\/6"}],"replies":[{"embeddable":true,"href":"https:\/\/site.educa.madrid.org\/cp.soledadsainz.colmenarviejo\/index.php\/wp-json\/wp\/v2\/comments?post=183"}],"version-history":[{"count":11,"href":"https:\/\/site.educa.madrid.org\/cp.soledadsainz.colmenarviejo\/index.php\/wp-json\/wp\/v2\/pages\/183\/revisions"}],"predecessor-version":[{"id":2594,"href":"https:\/\/site.educa.madrid.org\/cp.soledadsainz.colmenarviejo\/index.php\/wp-json\/wp\/v2\/pages\/183\/revisions\/2594"}],"up":[{"embeddable":true,"href":"https:\/\/site.educa.madrid.org\/cp.soledadsainz.colmenarviejo\/index.php\/wp-json\/wp\/v2\/pages\/181"}],"wp:attachment":[{"href":"https:\/\/site.educa.madrid.org\/cp.soledadsainz.colmenarviejo\/index.php\/wp-json\/wp\/v2\/media?parent=183"}],"wp:term":[{"taxonomy":"folder","embeddable":true,"href":"https:\/\/site.educa.madrid.org\/cp.soledadsainz.colmenarviejo\/index.php\/wp-json\/wp\/v2\/folder?post=183"}],"curies":[{"name":"wp","href":"https:\/\/api.w.org\/{rel}","templated":true}]}}