{"id":2075,"date":"2024-10-16T13:19:50","date_gmt":"2024-10-16T11:19:50","guid":{"rendered":"https:\/\/site.educa.madrid.org\/cp.soledadsainz.colmenarviejo\/?page_id=2075"},"modified":"2024-11-05T17:02:11","modified_gmt":"2024-11-05T16:02:11","slug":"programaciones-y-criterios-de-calificacion","status":"publish","type":"page","link":"https:\/\/site.educa.madrid.org\/cp.soledadsainz.colmenarviejo\/index.php\/ensenanzas\/programaciones-y-criterios-de-calificacion\/","title":{"rendered":"Programaciones y Criterios de Calificaci\u00f3n"},"content":{"rendered":"\n<h2 class=\"wp-block-heading\">Programaciones did\u00e1cticas (curso actual)<\/h2>\n\n\n\n<p>A trav\u00e9s de estos enlaces podr\u00e9is acceder a las Programaciones did\u00e1cticas de cada una de las \u00e1reas impartidas en el centro. Se organizan por curso y \u00e1rea:<\/p>\n\n\n\n<ul class=\"wp-block-list\">\n<li>Programaci\u00f3n Infantil 3 a\u00f1os<\/li>\n\n\n\n<li>Programaci\u00f3n Infantil 4 a\u00f1os<\/li>\n\n\n\n<li>Programaci\u00f3n Infantil 5 a\u00f1os<\/li>\n\n\n\n<li>Programaciones 1\u00ba Primaria<\/li>\n\n\n\n<li>Programaciones 2\u00ba Primaria<\/li>\n\n\n\n<li>Programaciones 3\u00ba Primaria<\/li>\n\n\n\n<li>Programaciones 4\u00ba Primaria<\/li>\n\n\n\n<li>Programaciones 5\u00ba Primaria<\/li>\n\n\n\n<li>Programaciones 6\u00ba Primaria<\/li>\n<\/ul>\n\n\n\n<div style=\"height:55px\" aria-hidden=\"true\" class=\"wp-block-spacer\"><\/div>\n\n\n\n<h2 class=\"wp-block-heading\">Productos finales-Instrumentos de evaluaci\u00f3n-Criterios de calificaci\u00f3n<\/h2>\n\n\n\n<p>A trav\u00e9s de este enlace pod\u00e9is acceder al listado con los Productos finales evaluables de cada una de las \u00e1reas, organizadas por cursos, los instrumentos con los que se va a evaluar y en \u00faltima instancia calificar y los criterios de calificaci\u00f3n atribuidos a cada producto e instrumento.<\/p>\n\n\n\n<p>Enlace al documento: <a href=\"https:\/\/drive.google.com\/file\/d\/1ex3RwhXjZof_2v0vOr8fGtNMISZLFMLL\/view?usp=drive_link\">https:\/\/drive.google.com\/file\/d\/1ex3RwhXjZof_2v0vOr8fGtNMISZLFMLL\/view?usp=drive_linkhttps:\/\/drive.google.com\/file\/d\/1ex3RwhXjZof_2v0vOr8fGtNMISZLFMLL\/view?usp=drive_link<\/a><\/p>\n","protected":false},"excerpt":{"rendered":"<p>Programaciones did\u00e1cticas (curso actual) A trav\u00e9s de estos enlaces podr\u00e9is acceder a las Programaciones did\u00e1cticas de cada una de las \u00e1reas impartidas en el centro. Se organizan por curso y \u00e1rea: Productos finales-Instrumentos de evaluaci\u00f3n-Criterios de calificaci\u00f3n A trav\u00e9s de este enlace pod\u00e9is acceder al listado con los Productos finales evaluables de cada una de [&hellip;]<\/p>\n","protected":false},"author":3,"featured_media":0,"parent":117,"menu_order":0,"comment_status":"closed","ping_status":"closed","template":"","meta":{"footnotes":""},"folder":[],"class_list":["post-2075","page","type-page","status-publish","hentry"],"rttpg_featured_image_url":null,"rttpg_author":{"display_name":"cp.soledadsainz.colmenarviejo","author_link":"https:\/\/site.educa.madrid.org\/cp.soledadsainz.colmenarviejo\/index.php\/author\/cuenta_cp-soledadsainz-colmenarviejo\/"},"rttpg_comment":0,"rttpg_category":false,"rttpg_excerpt":"Programaciones did\u00e1cticas (curso actual) A trav\u00e9s de estos enlaces podr\u00e9is acceder a las Programaciones did\u00e1cticas de cada una de las \u00e1reas impartidas en el centro. Se organizan por curso y \u00e1rea: Productos finales-Instrumentos de evaluaci\u00f3n-Criterios de calificaci\u00f3n A trav\u00e9s de este enlace pod\u00e9is acceder al listado con los Productos finales evaluables de cada una de&hellip;","post_mailing_queue_ids":[],"_links":{"self":[{"href":"https:\/\/site.educa.madrid.org\/cp.soledadsainz.colmenarviejo\/index.php\/wp-json\/wp\/v2\/pages\/2075","targetHints":{"allow":["GET"]}}],"collection":[{"href":"https:\/\/site.educa.madrid.org\/cp.soledadsainz.colmenarviejo\/index.php\/wp-json\/wp\/v2\/pages"}],"about":[{"href":"https:\/\/site.educa.madrid.org\/cp.soledadsainz.colmenarviejo\/index.php\/wp-json\/wp\/v2\/types\/page"}],"author":[{"embeddable":true,"href":"https:\/\/site.educa.madrid.org\/cp.soledadsainz.colmenarviejo\/index.php\/wp-json\/wp\/v2\/users\/3"}],"replies":[{"embeddable":true,"href":"https:\/\/site.educa.madrid.org\/cp.soledadsainz.colmenarviejo\/index.php\/wp-json\/wp\/v2\/comments?post=2075"}],"version-history":[{"count":3,"href":"https:\/\/site.educa.madrid.org\/cp.soledadsainz.colmenarviejo\/index.php\/wp-json\/wp\/v2\/pages\/2075\/revisions"}],"predecessor-version":[{"id":2132,"href":"https:\/\/site.educa.madrid.org\/cp.soledadsainz.colmenarviejo\/index.php\/wp-json\/wp\/v2\/pages\/2075\/revisions\/2132"}],"up":[{"embeddable":true,"href":"https:\/\/site.educa.madrid.org\/cp.soledadsainz.colmenarviejo\/index.php\/wp-json\/wp\/v2\/pages\/117"}],"wp:attachment":[{"href":"https:\/\/site.educa.madrid.org\/cp.soledadsainz.colmenarviejo\/index.php\/wp-json\/wp\/v2\/media?parent=2075"}],"wp:term":[{"taxonomy":"folder","embeddable":true,"href":"https:\/\/site.educa.madrid.org\/cp.soledadsainz.colmenarviejo\/index.php\/wp-json\/wp\/v2\/folder?post=2075"}],"curies":[{"name":"wp","href":"https:\/\/api.w.org\/{rel}","templated":true}]}}