{"id":2170,"date":"2024-12-03T10:37:39","date_gmt":"2024-12-03T09:37:39","guid":{"rendered":"https:\/\/site.educa.madrid.org\/cp.soledadsainz.colmenarviejo\/?page_id=2170"},"modified":"2025-03-12T18:06:55","modified_gmt":"2025-03-12T17:06:55","slug":"documentos-institucionales-2024-2025","status":"publish","type":"page","link":"https:\/\/site.educa.madrid.org\/cp.soledadsainz.colmenarviejo\/index.php\/documentos-institucionales-2024-2025\/","title":{"rendered":"INFORMACI\u00d3N A LAS FAMILIAS"},"content":{"rendered":"\n<div class=\"wp-block-buttons is-horizontal is-content-justification-center is-layout-flex wp-container-core-buttons-is-layout-ab7d8e2b wp-block-buttons-is-layout-flex\">\n<div class=\"wp-block-button\"><a class=\"wp-block-button__link wp-element-button\" href=\"https:\/\/site.educa.madrid.org\/cp.soledadsainz.colmenarviejo\/index.php\/documentos-institucionales-2024-2025\/ensenanzas-2\/\">Oferta educativa<\/a><\/div>\n\n\n\n<div class=\"wp-block-button\"><a class=\"wp-block-button__link wp-element-button\" href=\"https:\/\/site.educa.madrid.org\/cp.soledadsainz.colmenarviejo\/index.php\/documentos-institucionales-2024-2025\/horario-2\/\">Horario<\/a><\/div>\n\n\n\n<div class=\"wp-block-button is-style-fill\"><a class=\"wp-block-button__link wp-element-button\" href=\"https:\/\/site.educa.madrid.org\/cp.soledadsainz.colmenarviejo\/index.php\/documentos-institucionales-2024-2025\/documentos-institucionales-2024-2025-2\/\">Documentos Institucionales<\/a><\/div>\n\n\n\n<div class=\"wp-block-button\"><a class=\"wp-block-button__link wp-element-button\" href=\"https:\/\/site.educa.madrid.org\/cp.soledadsainz.colmenarviejo\/index.php\/documentos-institucionales-2024-2025\/proyectos-3\/\">Programas y proyectos<\/a><\/div>\n\n\n\n<div class=\"wp-block-button\"><a class=\"wp-block-button__link wp-element-button\" href=\"https:\/\/site.educa.madrid.org\/cp.soledadsainz.colmenarviejo\/index.php\/documentos-institucionales-2024-2025\/normas-de-organizacion-y-funcionamiento-del-centro-nof-2\/\">Normas de Organizaci\u00f3n y Convivencia<\/a><\/div>\n\n\n\n<div class=\"wp-block-button is-style-fill\"><a class=\"wp-block-button__link wp-element-button\" href=\"https:\/\/site.educa.madrid.org\/cp.soledadsainz.colmenarviejo\/index.php\/documentos-institucionales-2024-2025\/proceso-de-admision-2\/\">Proceso de admisi\u00f3n y matriculaci\u00f3n<\/a><\/div>\n\n\n\n<div class=\"wp-block-button\"><a class=\"wp-block-button__link wp-element-button\" href=\"https:\/\/site.educa.madrid.org\/cp.soledadsainz.colmenarviejo\/index.php\/documentos-institucionales-2024-2025\/servicios-y-actividades-2\/\">Servicios complementarios y Actividades Extraescolares<\/a><\/div>\n\n\n\n<div class=\"wp-block-button\"><a class=\"wp-block-button__link wp-element-button\" href=\"https:\/\/site.educa.madrid.org\/cp.soledadsainz.colmenarviejo\/index.php\/documentos-institucionales-2024-2025\/resultados-en-las-pruebas-externas\/\">Resultados de pruebas externas<\/a><\/div>\n\n\n\n<div class=\"wp-block-button\"><a class=\"wp-block-button__link has-text-align-center wp-element-button\" href=\"https:\/\/site.educa.madrid.org\/cp.soledadsainz.colmenarviejo\/index.php\/documentos-institucionales-2024-2025\/donde-estamos-2\/\">Contacto<\/a><\/div>\n<\/div>\n\n\n\n<div style=\"height:71px\" aria-hidden=\"true\" class=\"wp-block-spacer\"><\/div>\n\n\n\n<div class=\"wp-block-cover alignwide is-light\" style=\"min-height:430px;aspect-ratio:unset;\"><span aria-hidden=\"true\" class=\"wp-block-cover__background has-background-dim\" style=\"background-color:#ccbbc2\"><\/span><img loading=\"lazy\" decoding=\"async\" width=\"271\" height=\"161\" class=\"wp-block-cover__image-background wp-image-2483\" alt=\"\" src=\"https:\/\/site.educa.madrid.org\/cp.soledadsainz.colmenarviejo\/\/wp-content\/uploads\/cp.soledadsainz.colmenarviejo\/2025\/03\/Sin-titulo-2.png\" data-object-fit=\"cover\"\/><div class=\"wp-block-cover__inner-container is-layout-constrained wp-block-cover-is-layout-constrained\">\n<p class=\"has-text-align-center has-large-font-size\">Entra en las pesta\u00f1as y conoce la informaci\u00f3n m\u00e1s relevante del cole para las familias<\/p>\n<\/div><\/div>\n","protected":false},"excerpt":{"rendered":"","protected":false},"author":3,"featured_media":0,"parent":0,"menu_order":0,"comment_status":"closed","ping_status":"closed","template":"","meta":{"footnotes":""},"folder":[],"class_list":["post-2170","page","type-page","status-publish","hentry"],"rttpg_featured_image_url":null,"rttpg_author":{"display_name":"cp.soledadsainz.colmenarviejo","author_link":"https:\/\/site.educa.madrid.org\/cp.soledadsainz.colmenarviejo\/index.php\/author\/cuenta_cp-soledadsainz-colmenarviejo\/"},"rttpg_comment":0,"rttpg_category":false,"rttpg_excerpt":null,"post_mailing_queue_ids":[],"_links":{"self":[{"href":"https:\/\/site.educa.madrid.org\/cp.soledadsainz.colmenarviejo\/index.php\/wp-json\/wp\/v2\/pages\/2170","targetHints":{"allow":["GET"]}}],"collection":[{"href":"https:\/\/site.educa.madrid.org\/cp.soledadsainz.colmenarviejo\/index.php\/wp-json\/wp\/v2\/pages"}],"about":[{"href":"https:\/\/site.educa.madrid.org\/cp.soledadsainz.colmenarviejo\/index.php\/wp-json\/wp\/v2\/types\/page"}],"author":[{"embeddable":true,"href":"https:\/\/site.educa.madrid.org\/cp.soledadsainz.colmenarviejo\/index.php\/wp-json\/wp\/v2\/users\/3"}],"replies":[{"embeddable":true,"href":"https:\/\/site.educa.madrid.org\/cp.soledadsainz.colmenarviejo\/index.php\/wp-json\/wp\/v2\/comments?post=2170"}],"version-history":[{"count":10,"href":"https:\/\/site.educa.madrid.org\/cp.soledadsainz.colmenarviejo\/index.php\/wp-json\/wp\/v2\/pages\/2170\/revisions"}],"predecessor-version":[{"id":2491,"href":"https:\/\/site.educa.madrid.org\/cp.soledadsainz.colmenarviejo\/index.php\/wp-json\/wp\/v2\/pages\/2170\/revisions\/2491"}],"wp:attachment":[{"href":"https:\/\/site.educa.madrid.org\/cp.soledadsainz.colmenarviejo\/index.php\/wp-json\/wp\/v2\/media?parent=2170"}],"wp:term":[{"taxonomy":"folder","embeddable":true,"href":"https:\/\/site.educa.madrid.org\/cp.soledadsainz.colmenarviejo\/index.php\/wp-json\/wp\/v2\/folder?post=2170"}],"curies":[{"name":"wp","href":"https:\/\/api.w.org\/{rel}","templated":true}]}}