{"id":2366,"date":"2025-03-10T16:13:03","date_gmt":"2025-03-10T15:13:03","guid":{"rendered":"https:\/\/site.educa.madrid.org\/cp.soledadsainz.colmenarviejo\/?page_id=2366"},"modified":"2025-03-10T16:17:09","modified_gmt":"2025-03-10T15:17:09","slug":"ensenanzas-2","status":"publish","type":"page","link":"https:\/\/site.educa.madrid.org\/cp.soledadsainz.colmenarviejo\/index.php\/documentos-institucionales-2024-2025\/ensenanzas-2\/","title":{"rendered":"Oferta educativa"},"content":{"rendered":"\n<h2 class=\"wp-block-heading\">Educaci\u00f3n Infantil<\/h2>\n\n\n\n<div class=\"wp-block-columns is-layout-flex wp-container-core-columns-is-layout-28f84493 wp-block-columns-is-layout-flex\">\n<div class=\"wp-block-column is-layout-flow wp-block-column-is-layout-flow\" style=\"flex-basis:33.33%\">\n<figure class=\"wp-block-image size-full\"><img loading=\"lazy\" decoding=\"async\" width=\"612\" height=\"370\" src=\"https:\/\/site.educa.madrid.org\/cp.soledadsainz.colmenarviejo\/\/wp-content\/uploads\/cp.soledadsainz.colmenarviejo\/2023\/09\/Educacion-Infantil.jpg\" alt=\"\" class=\"wp-image-1306\" srcset=\"https:\/\/site.educa.madrid.org\/cp.soledadsainz.colmenarviejo\/\/wp-content\/uploads\/cp.soledadsainz.colmenarviejo\/2023\/09\/Educacion-Infantil.jpg 612w, https:\/\/site.educa.madrid.org\/cp.soledadsainz.colmenarviejo\/\/wp-content\/uploads\/cp.soledadsainz.colmenarviejo\/2023\/09\/Educacion-Infantil-300x181.jpg 300w\" sizes=\"auto, (max-width: 612px) 100vw, 612px\" \/><\/figure>\n<\/div>\n\n\n\n<div class=\"wp-block-column is-layout-flow wp-block-column-is-layout-flow\" style=\"flex-basis:66.66%\">\n<p>El Segundo Ciclo de la Educaci\u00f3n Infantil constituye un nivel educativo en el que se atiende a los ni\u00f1os entre tres y seis a\u00f1os. Tiene car\u00e1cter voluntario pero la matriculaci\u00f3n obliga al cumplimento de la normativa del Centro.<\/p>\n\n\n<div\n\t\t\t\n\t\t\tclass=\"so-widget-sow-button so-widget-sow-button-flat-3ebebd14a3f4\"\n\t\t\t\n\t\t><div class=\"ow-button-base ow-button-align-right\">\n\t<a\n\thref=\"https:\/\/site.educa.madrid.org\/cp.soledadsainz.colmenarviejo\/index.php\/ensenanzas\/educacion-infantil\/\"\n\t\tclass=\"ow-icon-placement-right ow-button-hover\" \t>\n\t\t<span>\n\t\t\t\n\t\t\tLeer m\u00e1s\t\t<\/span>\n\t<\/a>\n<\/div>\n<\/div><\/div>\n<\/div>\n\n\n\n<div style=\"height:36px\" aria-hidden=\"true\" class=\"wp-block-spacer\"><\/div>\n\n\n\n<h2 class=\"wp-block-heading\">Educaci\u00f3n Primaria<\/h2>\n\n\n\n<div class=\"wp-block-columns is-layout-flex wp-container-core-columns-is-layout-28f84493 wp-block-columns-is-layout-flex\">\n<div class=\"wp-block-column is-layout-flow wp-block-column-is-layout-flow\" style=\"flex-basis:33.33%\">\n<figure class=\"wp-block-image size-full\"><img loading=\"lazy\" decoding=\"async\" width=\"612\" height=\"354\" src=\"https:\/\/site.educa.madrid.org\/cp.soledadsainz.colmenarviejo\/\/wp-content\/uploads\/cp.soledadsainz.colmenarviejo\/2023\/09\/Primaria.jpg\" alt=\"\" class=\"wp-image-1307\" srcset=\"https:\/\/site.educa.madrid.org\/cp.soledadsainz.colmenarviejo\/\/wp-content\/uploads\/cp.soledadsainz.colmenarviejo\/2023\/09\/Primaria.jpg 612w, https:\/\/site.educa.madrid.org\/cp.soledadsainz.colmenarviejo\/\/wp-content\/uploads\/cp.soledadsainz.colmenarviejo\/2023\/09\/Primaria-300x174.jpg 300w\" sizes=\"auto, (max-width: 612px) 100vw, 612px\" \/><\/figure>\n<\/div>\n\n\n\n<div class=\"wp-block-column is-layout-flow wp-block-column-is-layout-flow\" style=\"flex-basis:66.66%\">\n<p>La Educaci\u00f3n Primaria consta de seis cursos. Se cursan normalmente entre los seis y doce a\u00f1os de edad. Se organiza en \u00e1reas. Es una etapa obligatoria y gratuita.<\/p>\n\n\n<div\n\t\t\t\n\t\t\tclass=\"so-widget-sow-button so-widget-sow-button-flat-3ebebd14a3f4\"\n\t\t\t\n\t\t><div class=\"ow-button-base ow-button-align-right\">\n\t<a\n\thref=\"https:\/\/site.educa.madrid.org\/cp.soledadsainz.colmenarviejo\/index.php\/quienes-somos\/instalaciones\/\"\n\t\tclass=\"ow-icon-placement-left ow-button-hover\" \t>\n\t\t<span>\n\t\t\t\n\t\t\tLeer m\u00e1s\t\t<\/span>\n\t<\/a>\n<\/div>\n<\/div><\/div>\n<\/div>\n","protected":false},"excerpt":{"rendered":"<p>Educaci\u00f3n Infantil El Segundo Ciclo de la Educaci\u00f3n Infantil constituye un nivel educativo en el que se atiende a los ni\u00f1os entre tres y seis a\u00f1os. Tiene car\u00e1cter voluntario pero la matriculaci\u00f3n obliga al cumplimento de la normativa del Centro. Educaci\u00f3n Primaria La Educaci\u00f3n Primaria consta de seis cursos. Se cursan normalmente entre los seis [&hellip;]<\/p>\n","protected":false},"author":3,"featured_media":0,"parent":2170,"menu_order":0,"comment_status":"closed","ping_status":"closed","template":"","meta":{"footnotes":""},"folder":[],"class_list":["post-2366","page","type-page","status-publish","hentry"],"rttpg_featured_image_url":null,"rttpg_author":{"display_name":"cp.soledadsainz.colmenarviejo","author_link":"https:\/\/site.educa.madrid.org\/cp.soledadsainz.colmenarviejo\/index.php\/author\/cuenta_cp-soledadsainz-colmenarviejo\/"},"rttpg_comment":0,"rttpg_category":false,"rttpg_excerpt":"Educaci\u00f3n Infantil El Segundo Ciclo de la Educaci\u00f3n Infantil constituye un nivel educativo en el que se atiende a los ni\u00f1os entre tres y seis a\u00f1os. Tiene car\u00e1cter voluntario pero la matriculaci\u00f3n obliga al cumplimento de la normativa del Centro. Educaci\u00f3n Primaria La Educaci\u00f3n Primaria consta de seis cursos. Se cursan normalmente entre los seis&hellip;","post_mailing_queue_ids":[],"_links":{"self":[{"href":"https:\/\/site.educa.madrid.org\/cp.soledadsainz.colmenarviejo\/index.php\/wp-json\/wp\/v2\/pages\/2366","targetHints":{"allow":["GET"]}}],"collection":[{"href":"https:\/\/site.educa.madrid.org\/cp.soledadsainz.colmenarviejo\/index.php\/wp-json\/wp\/v2\/pages"}],"about":[{"href":"https:\/\/site.educa.madrid.org\/cp.soledadsainz.colmenarviejo\/index.php\/wp-json\/wp\/v2\/types\/page"}],"author":[{"embeddable":true,"href":"https:\/\/site.educa.madrid.org\/cp.soledadsainz.colmenarviejo\/index.php\/wp-json\/wp\/v2\/users\/3"}],"replies":[{"embeddable":true,"href":"https:\/\/site.educa.madrid.org\/cp.soledadsainz.colmenarviejo\/index.php\/wp-json\/wp\/v2\/comments?post=2366"}],"version-history":[{"count":3,"href":"https:\/\/site.educa.madrid.org\/cp.soledadsainz.colmenarviejo\/index.php\/wp-json\/wp\/v2\/pages\/2366\/revisions"}],"predecessor-version":[{"id":2370,"href":"https:\/\/site.educa.madrid.org\/cp.soledadsainz.colmenarviejo\/index.php\/wp-json\/wp\/v2\/pages\/2366\/revisions\/2370"}],"up":[{"embeddable":true,"href":"https:\/\/site.educa.madrid.org\/cp.soledadsainz.colmenarviejo\/index.php\/wp-json\/wp\/v2\/pages\/2170"}],"wp:attachment":[{"href":"https:\/\/site.educa.madrid.org\/cp.soledadsainz.colmenarviejo\/index.php\/wp-json\/wp\/v2\/media?parent=2366"}],"wp:term":[{"taxonomy":"folder","embeddable":true,"href":"https:\/\/site.educa.madrid.org\/cp.soledadsainz.colmenarviejo\/index.php\/wp-json\/wp\/v2\/folder?post=2366"}],"curies":[{"name":"wp","href":"https:\/\/api.w.org\/{rel}","templated":true}]}}