{"id":2423,"date":"2025-03-10T17:14:46","date_gmt":"2025-03-10T16:14:46","guid":{"rendered":"https:\/\/site.educa.madrid.org\/cp.soledadsainz.colmenarviejo\/?page_id=2423"},"modified":"2025-03-10T17:15:07","modified_gmt":"2025-03-10T16:15:07","slug":"proyectos-3","status":"publish","type":"page","link":"https:\/\/site.educa.madrid.org\/cp.soledadsainz.colmenarviejo\/index.php\/documentos-institucionales-2024-2025\/proyectos-3\/","title":{"rendered":"Programas y proyectos educativos"},"content":{"rendered":"\n<h2 class=\"wp-block-heading\">Aprendizaje Basado en Proyectos<\/h2>\n\n\n\n<div class=\"wp-block-media-text is-stacked-on-mobile\" style=\"grid-template-columns:29% auto\"><figure class=\"wp-block-media-text__media\"><img loading=\"lazy\" decoding=\"async\" width=\"512\" height=\"512\" src=\"https:\/\/site.educa.madrid.org\/cp.soledadsainz.colmenarviejo\/\/wp-content\/uploads\/cp.soledadsainz.colmenarviejo\/2025\/03\/ABP.png\" alt=\"\" class=\"wp-image-2389 size-full\" srcset=\"https:\/\/site.educa.madrid.org\/cp.soledadsainz.colmenarviejo\/\/wp-content\/uploads\/cp.soledadsainz.colmenarviejo\/2025\/03\/ABP.png 512w, https:\/\/site.educa.madrid.org\/cp.soledadsainz.colmenarviejo\/\/wp-content\/uploads\/cp.soledadsainz.colmenarviejo\/2025\/03\/ABP-300x300.png 300w, https:\/\/site.educa.madrid.org\/cp.soledadsainz.colmenarviejo\/\/wp-content\/uploads\/cp.soledadsainz.colmenarviejo\/2025\/03\/ABP-150x150.png 150w, https:\/\/site.educa.madrid.org\/cp.soledadsainz.colmenarviejo\/\/wp-content\/uploads\/cp.soledadsainz.colmenarviejo\/2025\/03\/ABP-500x500.png 500w, https:\/\/site.educa.madrid.org\/cp.soledadsainz.colmenarviejo\/\/wp-content\/uploads\/cp.soledadsainz.colmenarviejo\/2025\/03\/ABP-400x400.png 400w, https:\/\/site.educa.madrid.org\/cp.soledadsainz.colmenarviejo\/\/wp-content\/uploads\/cp.soledadsainz.colmenarviejo\/2025\/03\/ABP-100x100.png 100w, https:\/\/site.educa.madrid.org\/cp.soledadsainz.colmenarviejo\/\/wp-content\/uploads\/cp.soledadsainz.colmenarviejo\/2025\/03\/ABP-375x375.png 375w\" sizes=\"auto, (max-width: 512px) 100vw, 512px\" \/><\/figure><div class=\"wp-block-media-text__content\">\n<p>El Aprendizaje Basado en Proyectos interdisciplinares es la metodolog\u00eda elegida como hilo conductor en el 1er ciclo de Primaria (1\u00ba y 2\u00ba) y en 2\u00ba ciclo (3\u00ba y 4\u00ba).<\/p>\n\n\n<div\n\t\t\t\n\t\t\tclass=\"so-widget-sow-button so-widget-sow-button-flat-3ebebd14a3f4\"\n\t\t\t\n\t\t><div class=\"ow-button-base ow-button-align-right\">\n\t<a\n\thref=\"https:\/\/site.educa.madrid.org\/cp.soledadsainz.colmenarviejo\/index.php\/proyectos\/proyectos\/aprendizaje-basado-en-proyectos\/\"\n\t\tclass=\"ow-icon-placement-right ow-button-hover\" \t>\n\t\t<span>\n\t\t\t\n\t\t\tLeer m\u00e1s\t\t<\/span>\n\t<\/a>\n<\/div>\n<\/div><\/div><\/div>\n\n\n\n<div style=\"height:53px\" aria-hidden=\"true\" class=\"wp-block-spacer\"><\/div>\n\n\n\n<h2 class=\"wp-block-heading\">Programa de enriquecimiento curricular<\/h2>\n\n\n\n<div class=\"wp-block-media-text is-stacked-on-mobile\" style=\"grid-template-columns:29% auto\"><figure class=\"wp-block-media-text__media\"><img loading=\"lazy\" decoding=\"async\" width=\"225\" height=\"225\" src=\"https:\/\/site.educa.madrid.org\/cp.soledadsainz.colmenarviejo\/\/wp-content\/uploads\/cp.soledadsainz.colmenarviejo\/2025\/03\/enriquecimiento.png\" alt=\"\" class=\"wp-image-2395 size-full\" srcset=\"https:\/\/site.educa.madrid.org\/cp.soledadsainz.colmenarviejo\/\/wp-content\/uploads\/cp.soledadsainz.colmenarviejo\/2025\/03\/enriquecimiento.png 225w, https:\/\/site.educa.madrid.org\/cp.soledadsainz.colmenarviejo\/\/wp-content\/uploads\/cp.soledadsainz.colmenarviejo\/2025\/03\/enriquecimiento-150x150.png 150w, https:\/\/site.educa.madrid.org\/cp.soledadsainz.colmenarviejo\/\/wp-content\/uploads\/cp.soledadsainz.colmenarviejo\/2025\/03\/enriquecimiento-100x100.png 100w\" sizes=\"auto, (max-width: 225px) 100vw, 225px\" \/><\/figure><div class=\"wp-block-media-text__content\">\n<p>Este programa busca dar respuesta a las necesidades educativas del alumnado de nuestro centro que presenta unas inquietudes y capacidades cognitivas destacadas.<\/p>\n\n\n<div\n\t\t\t\n\t\t\tclass=\"so-widget-sow-button so-widget-sow-button-flat-3ebebd14a3f4\"\n\t\t\t\n\t\t><div class=\"ow-button-base ow-button-align-right\">\n\t<a\n\thref=\"https:\/\/site.educa.madrid.org\/cp.soledadsainz.colmenarviejo\/index.php\/proyectos\/proyectos\/programa-de-enriquecimiento-educativo\/\"\n\t\tclass=\"ow-icon-placement-bottom ow-button-hover\" \t>\n\t\t<span>\n\t\t\t\n\t\t\tLeer m\u00e1s\t\t<\/span>\n\t<\/a>\n<\/div>\n<\/div><\/div><\/div>\n\n\n\n<div style=\"height:53px\" aria-hidden=\"true\" class=\"wp-block-spacer\"><\/div>\n\n\n\n<h2 class=\"wp-block-heading\">Huerto escolar<\/h2>\n\n\n\n<div class=\"wp-block-media-text is-stacked-on-mobile\" style=\"grid-template-columns:29% auto\"><figure class=\"wp-block-media-text__media\"><img loading=\"lazy\" decoding=\"async\" width=\"512\" height=\"512\" src=\"https:\/\/site.educa.madrid.org\/cp.soledadsainz.colmenarviejo\/\/wp-content\/uploads\/cp.soledadsainz.colmenarviejo\/2025\/03\/huerto.png\" alt=\"\" class=\"wp-image-2397 size-full\" srcset=\"https:\/\/site.educa.madrid.org\/cp.soledadsainz.colmenarviejo\/\/wp-content\/uploads\/cp.soledadsainz.colmenarviejo\/2025\/03\/huerto.png 512w, https:\/\/site.educa.madrid.org\/cp.soledadsainz.colmenarviejo\/\/wp-content\/uploads\/cp.soledadsainz.colmenarviejo\/2025\/03\/huerto-300x300.png 300w, https:\/\/site.educa.madrid.org\/cp.soledadsainz.colmenarviejo\/\/wp-content\/uploads\/cp.soledadsainz.colmenarviejo\/2025\/03\/huerto-150x150.png 150w, https:\/\/site.educa.madrid.org\/cp.soledadsainz.colmenarviejo\/\/wp-content\/uploads\/cp.soledadsainz.colmenarviejo\/2025\/03\/huerto-500x500.png 500w, https:\/\/site.educa.madrid.org\/cp.soledadsainz.colmenarviejo\/\/wp-content\/uploads\/cp.soledadsainz.colmenarviejo\/2025\/03\/huerto-400x400.png 400w, https:\/\/site.educa.madrid.org\/cp.soledadsainz.colmenarviejo\/\/wp-content\/uploads\/cp.soledadsainz.colmenarviejo\/2025\/03\/huerto-100x100.png 100w, https:\/\/site.educa.madrid.org\/cp.soledadsainz.colmenarviejo\/\/wp-content\/uploads\/cp.soledadsainz.colmenarviejo\/2025\/03\/huerto-375x375.png 375w\" sizes=\"auto, (max-width: 512px) 100vw, 512px\" \/><\/figure><div class=\"wp-block-media-text__content\">\n<p>El centro cuenta con el Proyecto de Huerto escolar: \u00abCon las plantas, me planto\u00bb.<\/p>\n\n\n<div\n\t\t\t\n\t\t\tclass=\"so-widget-sow-button so-widget-sow-button-flat-3ebebd14a3f4\"\n\t\t\t\n\t\t><div class=\"ow-button-base ow-button-align-right\">\n\t<a\n\thref=\"https:\/\/site.educa.madrid.org\/cp.soledadsainz.colmenarviejo\/index.php\/proyectos\/proyectos\/proyecto-de-huerto\/\"\n\t\tclass=\"ow-icon-placement-bottom ow-button-hover\" \t>\n\t\t<span>\n\t\t\t\n\t\t\tLeer m\u00e1s\t\t<\/span>\n\t<\/a>\n<\/div>\n<\/div><\/div><\/div>\n\n\n\n<div style=\"height:53px\" aria-hidden=\"true\" class=\"wp-block-spacer\"><\/div>\n\n\n\n<h2 class=\"wp-block-heading\">Proyecto de patios activos e inclusivos<\/h2>\n\n\n\n<div class=\"wp-block-media-text is-stacked-on-mobile\" style=\"grid-template-columns:29% auto\"><figure class=\"wp-block-media-text__media\"><img loading=\"lazy\" decoding=\"async\" width=\"512\" height=\"512\" src=\"https:\/\/site.educa.madrid.org\/cp.soledadsainz.colmenarviejo\/\/wp-content\/uploads\/cp.soledadsainz.colmenarviejo\/2025\/03\/proyecto-de-patios.png\" alt=\"\" class=\"wp-image-2399 size-full\" srcset=\"https:\/\/site.educa.madrid.org\/cp.soledadsainz.colmenarviejo\/\/wp-content\/uploads\/cp.soledadsainz.colmenarviejo\/2025\/03\/proyecto-de-patios.png 512w, https:\/\/site.educa.madrid.org\/cp.soledadsainz.colmenarviejo\/\/wp-content\/uploads\/cp.soledadsainz.colmenarviejo\/2025\/03\/proyecto-de-patios-300x300.png 300w, https:\/\/site.educa.madrid.org\/cp.soledadsainz.colmenarviejo\/\/wp-content\/uploads\/cp.soledadsainz.colmenarviejo\/2025\/03\/proyecto-de-patios-150x150.png 150w, https:\/\/site.educa.madrid.org\/cp.soledadsainz.colmenarviejo\/\/wp-content\/uploads\/cp.soledadsainz.colmenarviejo\/2025\/03\/proyecto-de-patios-500x500.png 500w, https:\/\/site.educa.madrid.org\/cp.soledadsainz.colmenarviejo\/\/wp-content\/uploads\/cp.soledadsainz.colmenarviejo\/2025\/03\/proyecto-de-patios-400x400.png 400w, https:\/\/site.educa.madrid.org\/cp.soledadsainz.colmenarviejo\/\/wp-content\/uploads\/cp.soledadsainz.colmenarviejo\/2025\/03\/proyecto-de-patios-100x100.png 100w, https:\/\/site.educa.madrid.org\/cp.soledadsainz.colmenarviejo\/\/wp-content\/uploads\/cp.soledadsainz.colmenarviejo\/2025\/03\/proyecto-de-patios-375x375.png 375w\" sizes=\"auto, (max-width: 512px) 100vw, 512px\" \/><\/figure><div class=\"wp-block-media-text__content\">\n<p>Con este proyecto se busca crear un espacio en el que el alumnado pueda ocupar su tiempo de ocio de forma activa, favoreciendo la inclusi\u00f3n.<\/p>\n\n\n<div\n\t\t\t\n\t\t\tclass=\"so-widget-sow-button so-widget-sow-button-flat-3ebebd14a3f4\"\n\t\t\t\n\t\t><div class=\"ow-button-base ow-button-align-right\">\n\t<a\n\thref=\"https:\/\/site.educa.madrid.org\/cp.soledadsainz.colmenarviejo\/index.php\/proyectos\/proyectos\/plan-de-patios-inclusivos\/\"\n\t\tclass=\"ow-icon-placement-bottom ow-button-hover\" \t>\n\t\t<span>\n\t\t\t\n\t\t\tLeer m\u00e1s\t\t<\/span>\n\t<\/a>\n<\/div>\n<\/div><\/div><\/div>\n\n\n\n<div style=\"height:53px\" aria-hidden=\"true\" class=\"wp-block-spacer\"><\/div>\n\n\n\n<h2 class=\"wp-block-heading\">Proyecto STEM<\/h2>\n\n\n\n<div class=\"wp-block-media-text is-stacked-on-mobile\" style=\"grid-template-columns:29% auto\"><figure class=\"wp-block-media-text__media\"><img loading=\"lazy\" decoding=\"async\" width=\"512\" height=\"512\" src=\"https:\/\/site.educa.madrid.org\/cp.soledadsainz.colmenarviejo\/\/wp-content\/uploads\/cp.soledadsainz.colmenarviejo\/2025\/03\/Proyecto-STEM.png\" alt=\"\" class=\"wp-image-2400 size-full\" srcset=\"https:\/\/site.educa.madrid.org\/cp.soledadsainz.colmenarviejo\/\/wp-content\/uploads\/cp.soledadsainz.colmenarviejo\/2025\/03\/Proyecto-STEM.png 512w, https:\/\/site.educa.madrid.org\/cp.soledadsainz.colmenarviejo\/\/wp-content\/uploads\/cp.soledadsainz.colmenarviejo\/2025\/03\/Proyecto-STEM-300x300.png 300w, https:\/\/site.educa.madrid.org\/cp.soledadsainz.colmenarviejo\/\/wp-content\/uploads\/cp.soledadsainz.colmenarviejo\/2025\/03\/Proyecto-STEM-150x150.png 150w, https:\/\/site.educa.madrid.org\/cp.soledadsainz.colmenarviejo\/\/wp-content\/uploads\/cp.soledadsainz.colmenarviejo\/2025\/03\/Proyecto-STEM-500x500.png 500w, https:\/\/site.educa.madrid.org\/cp.soledadsainz.colmenarviejo\/\/wp-content\/uploads\/cp.soledadsainz.colmenarviejo\/2025\/03\/Proyecto-STEM-400x400.png 400w, https:\/\/site.educa.madrid.org\/cp.soledadsainz.colmenarviejo\/\/wp-content\/uploads\/cp.soledadsainz.colmenarviejo\/2025\/03\/Proyecto-STEM-100x100.png 100w, https:\/\/site.educa.madrid.org\/cp.soledadsainz.colmenarviejo\/\/wp-content\/uploads\/cp.soledadsainz.colmenarviejo\/2025\/03\/Proyecto-STEM-375x375.png 375w\" sizes=\"auto, (max-width: 512px) 100vw, 512px\" \/><\/figure><div class=\"wp-block-media-text__content\">\n<p>Como centro integrados en la Red de Centros STEM de la Comunidad de Madrid, tenemos el compromiso de potenciar estas \u00e1reas del conocimiento a trav\u00e9s de nuestro proyecto anual. Pincha para conocer un poco m\u00e1s.<\/p>\n\n\n<div\n\t\t\t\n\t\t\tclass=\"so-widget-sow-button so-widget-sow-button-flat-3ebebd14a3f4\"\n\t\t\t\n\t\t><div class=\"ow-button-base ow-button-align-right\">\n\t<a\n\thref=\"https:\/\/site.educa.madrid.org\/cp.soledadsainz.colmenarviejo\/index.php\/proyectos\/proyectos\/proyecto-steam\/\"\n\t\tclass=\"ow-icon-placement-bottom ow-button-hover\" \t>\n\t\t<span>\n\t\t\t\n\t\t\tLeer m\u00e1s\t\t<\/span>\n\t<\/a>\n<\/div>\n<\/div><\/div><\/div>\n\n\n\n<div style=\"height:53px\" aria-hidden=\"true\" class=\"wp-block-spacer\"><\/div>\n\n\n\n<h2 class=\"wp-block-heading\">Proyecto de investigaci\u00f3n y Biblioteca<\/h2>\n\n\n\n<div class=\"wp-block-media-text is-stacked-on-mobile\" style=\"grid-template-columns:29% auto\"><figure class=\"wp-block-media-text__media\"><img loading=\"lazy\" decoding=\"async\" width=\"512\" height=\"512\" src=\"https:\/\/site.educa.madrid.org\/cp.soledadsainz.colmenarviejo\/\/wp-content\/uploads\/cp.soledadsainz.colmenarviejo\/2025\/03\/proyecto-investigacion-y-biblioteca.png\" alt=\"\" class=\"wp-image-2407 size-full\" srcset=\"https:\/\/site.educa.madrid.org\/cp.soledadsainz.colmenarviejo\/\/wp-content\/uploads\/cp.soledadsainz.colmenarviejo\/2025\/03\/proyecto-investigacion-y-biblioteca.png 512w, https:\/\/site.educa.madrid.org\/cp.soledadsainz.colmenarviejo\/\/wp-content\/uploads\/cp.soledadsainz.colmenarviejo\/2025\/03\/proyecto-investigacion-y-biblioteca-300x300.png 300w, https:\/\/site.educa.madrid.org\/cp.soledadsainz.colmenarviejo\/\/wp-content\/uploads\/cp.soledadsainz.colmenarviejo\/2025\/03\/proyecto-investigacion-y-biblioteca-150x150.png 150w, https:\/\/site.educa.madrid.org\/cp.soledadsainz.colmenarviejo\/\/wp-content\/uploads\/cp.soledadsainz.colmenarviejo\/2025\/03\/proyecto-investigacion-y-biblioteca-500x500.png 500w, https:\/\/site.educa.madrid.org\/cp.soledadsainz.colmenarviejo\/\/wp-content\/uploads\/cp.soledadsainz.colmenarviejo\/2025\/03\/proyecto-investigacion-y-biblioteca-400x400.png 400w, https:\/\/site.educa.madrid.org\/cp.soledadsainz.colmenarviejo\/\/wp-content\/uploads\/cp.soledadsainz.colmenarviejo\/2025\/03\/proyecto-investigacion-y-biblioteca-100x100.png 100w, https:\/\/site.educa.madrid.org\/cp.soledadsainz.colmenarviejo\/\/wp-content\/uploads\/cp.soledadsainz.colmenarviejo\/2025\/03\/proyecto-investigacion-y-biblioteca-375x375.png 375w\" sizes=\"auto, (max-width: 512px) 100vw, 512px\" \/><\/figure><div class=\"wp-block-media-text__content\">\n<p>Abrimos de nuevo la Biblioteca Evangelina Nogales de la Morena, la biblioteca del Soledad Sainz, con un proyecto de investigaci\u00f3n y fomento a la lectura.<\/p>\n\n\n<div\n\t\t\t\n\t\t\tclass=\"so-widget-sow-button so-widget-sow-button-flat-3ebebd14a3f4\"\n\t\t\t\n\t\t><div class=\"ow-button-base ow-button-align-right\">\n\t<a\n\thref=\"https:\/\/site.educa.madrid.org\/cp.soledadsainz.colmenarviejo\/index.php\/proyectos\/proyectos\/proyecto-de-biblioteca\/\"\n\t\tclass=\"ow-icon-placement-bottom ow-button-hover\" \t>\n\t\t<span>\n\t\t\t\n\t\t\tLeer m\u00e1s\t\t<\/span>\n\t<\/a>\n<\/div>\n<\/div><\/div><\/div>\n\n\n\n<div style=\"height:53px\" aria-hidden=\"true\" class=\"wp-block-spacer\"><\/div>\n\n\n\n<h2 class=\"wp-block-heading\">Proyecto Biling\u00fce<\/h2>\n\n\n\n<div class=\"wp-block-media-text is-stacked-on-mobile\" style=\"grid-template-columns:29% auto\"><figure class=\"wp-block-media-text__media\"><img loading=\"lazy\" decoding=\"async\" width=\"512\" height=\"512\" src=\"https:\/\/site.educa.madrid.org\/cp.soledadsainz.colmenarviejo\/\/wp-content\/uploads\/cp.soledadsainz.colmenarviejo\/2025\/03\/proyecto-bilingue.png\" alt=\"\" class=\"wp-image-2408 size-full\" srcset=\"https:\/\/site.educa.madrid.org\/cp.soledadsainz.colmenarviejo\/\/wp-content\/uploads\/cp.soledadsainz.colmenarviejo\/2025\/03\/proyecto-bilingue.png 512w, https:\/\/site.educa.madrid.org\/cp.soledadsainz.colmenarviejo\/\/wp-content\/uploads\/cp.soledadsainz.colmenarviejo\/2025\/03\/proyecto-bilingue-300x300.png 300w, https:\/\/site.educa.madrid.org\/cp.soledadsainz.colmenarviejo\/\/wp-content\/uploads\/cp.soledadsainz.colmenarviejo\/2025\/03\/proyecto-bilingue-150x150.png 150w, https:\/\/site.educa.madrid.org\/cp.soledadsainz.colmenarviejo\/\/wp-content\/uploads\/cp.soledadsainz.colmenarviejo\/2025\/03\/proyecto-bilingue-500x500.png 500w, https:\/\/site.educa.madrid.org\/cp.soledadsainz.colmenarviejo\/\/wp-content\/uploads\/cp.soledadsainz.colmenarviejo\/2025\/03\/proyecto-bilingue-400x400.png 400w, https:\/\/site.educa.madrid.org\/cp.soledadsainz.colmenarviejo\/\/wp-content\/uploads\/cp.soledadsainz.colmenarviejo\/2025\/03\/proyecto-bilingue-100x100.png 100w, https:\/\/site.educa.madrid.org\/cp.soledadsainz.colmenarviejo\/\/wp-content\/uploads\/cp.soledadsainz.colmenarviejo\/2025\/03\/proyecto-bilingue-375x375.png 375w\" sizes=\"auto, (max-width: 512px) 100vw, 512px\" \/><\/figure><div class=\"wp-block-media-text__content\">\n<p>Jolly Phonics en Infantil, Auxiliares de conversaci\u00f3n nativas, proyecto propio de Arts and Crafts&#8230;<\/p>\n\n\n<div\n\t\t\t\n\t\t\tclass=\"so-widget-sow-button so-widget-sow-button-flat-3ebebd14a3f4\"\n\t\t\t\n\t\t><div class=\"ow-button-base ow-button-align-right\">\n\t<a\n\thref=\"https:\/\/site.educa.madrid.org\/cp.soledadsainz.colmenarviejo\/index.php\/proyectos\/proyectos\/proyecto-bilingue\/\"\n\t\tclass=\"ow-icon-placement-bottom ow-button-hover\" \t>\n\t\t<span>\n\t\t\t\n\t\t\tLeer m\u00e1s\t\t<\/span>\n\t<\/a>\n<\/div>\n<\/div><\/div><\/div>\n\n\n\n<div style=\"height:53px\" aria-hidden=\"true\" class=\"wp-block-spacer\"><\/div>\n\n\n\n<h2 class=\"wp-block-heading\">Otros proyectos<\/h2>\n\n\n\n<div class=\"wp-block-media-text is-stacked-on-mobile\" style=\"grid-template-columns:29% auto\"><figure class=\"wp-block-media-text__media\"><img loading=\"lazy\" decoding=\"async\" width=\"512\" height=\"512\" src=\"https:\/\/site.educa.madrid.org\/cp.soledadsainz.colmenarviejo\/\/wp-content\/uploads\/cp.soledadsainz.colmenarviejo\/2025\/03\/proyecto.png\" alt=\"\" class=\"wp-image-2409 size-full\" srcset=\"https:\/\/site.educa.madrid.org\/cp.soledadsainz.colmenarviejo\/\/wp-content\/uploads\/cp.soledadsainz.colmenarviejo\/2025\/03\/proyecto.png 512w, https:\/\/site.educa.madrid.org\/cp.soledadsainz.colmenarviejo\/\/wp-content\/uploads\/cp.soledadsainz.colmenarviejo\/2025\/03\/proyecto-300x300.png 300w, https:\/\/site.educa.madrid.org\/cp.soledadsainz.colmenarviejo\/\/wp-content\/uploads\/cp.soledadsainz.colmenarviejo\/2025\/03\/proyecto-150x150.png 150w, https:\/\/site.educa.madrid.org\/cp.soledadsainz.colmenarviejo\/\/wp-content\/uploads\/cp.soledadsainz.colmenarviejo\/2025\/03\/proyecto-500x500.png 500w, https:\/\/site.educa.madrid.org\/cp.soledadsainz.colmenarviejo\/\/wp-content\/uploads\/cp.soledadsainz.colmenarviejo\/2025\/03\/proyecto-400x400.png 400w, https:\/\/site.educa.madrid.org\/cp.soledadsainz.colmenarviejo\/\/wp-content\/uploads\/cp.soledadsainz.colmenarviejo\/2025\/03\/proyecto-100x100.png 100w, https:\/\/site.educa.madrid.org\/cp.soledadsainz.colmenarviejo\/\/wp-content\/uploads\/cp.soledadsainz.colmenarviejo\/2025\/03\/proyecto-375x375.png 375w\" sizes=\"auto, (max-width: 512px) 100vw, 512px\" \/><\/figure><div class=\"wp-block-media-text__content\">\n<p>El centro est\u00e1 inmerso en otros Proyectos como:<\/p>\n\n\n\n<ul class=\"wp-block-list\">\n<li>Digicraft<\/li>\n\n\n\n<li>Endesa educa en Digital<\/li>\n\n\n\n<li>Mentor Act\u00faa<\/li>\n\n\n\n<li>C\u00f3digo Escuela 4.0<\/li>\n<\/ul>\n\n\n<div\n\t\t\t\n\t\t\tclass=\"so-widget-sow-button so-widget-sow-button-flat-3ebebd14a3f4\"\n\t\t\t\n\t\t><div class=\"ow-button-base ow-button-align-right\">\n\t<a\n\thref=\"https:\/\/site.educa.madrid.org\/cp.soledadsainz.colmenarviejo\/index.php\/proyectos\/proyectos\/otros-proyectos-de-centro\/\"\n\t\tclass=\"ow-icon-placement-bottom ow-button-hover\" \t>\n\t\t<span>\n\t\t\t\n\t\t\tLeer m\u00e1s\t\t<\/span>\n\t<\/a>\n<\/div>\n<\/div><\/div><\/div>\n\n\n\n<div style=\"height:53px\" aria-hidden=\"true\" class=\"wp-block-spacer\"><\/div>\n\n\n\n<p><\/p>\n","protected":false},"excerpt":{"rendered":"<p>Aprendizaje Basado en Proyectos Programa de enriquecimiento curricular Huerto escolar Proyecto de patios activos e inclusivos Proyecto STEM Proyecto de investigaci\u00f3n y Biblioteca Proyecto Biling\u00fce Otros proyectos<\/p>\n","protected":false},"author":3,"featured_media":0,"parent":2170,"menu_order":0,"comment_status":"closed","ping_status":"closed","template":"","meta":{"footnotes":""},"folder":[],"class_list":["post-2423","page","type-page","status-publish","hentry"],"rttpg_featured_image_url":null,"rttpg_author":{"display_name":"cp.soledadsainz.colmenarviejo","author_link":"https:\/\/site.educa.madrid.org\/cp.soledadsainz.colmenarviejo\/index.php\/author\/cuenta_cp-soledadsainz-colmenarviejo\/"},"rttpg_comment":0,"rttpg_category":false,"rttpg_excerpt":"Aprendizaje Basado en Proyectos Programa de enriquecimiento curricular Huerto escolar Proyecto de patios activos e inclusivos Proyecto STEM Proyecto de investigaci\u00f3n y Biblioteca Proyecto Biling\u00fce Otros proyectos","post_mailing_queue_ids":[],"_links":{"self":[{"href":"https:\/\/site.educa.madrid.org\/cp.soledadsainz.colmenarviejo\/index.php\/wp-json\/wp\/v2\/pages\/2423","targetHints":{"allow":["GET"]}}],"collection":[{"href":"https:\/\/site.educa.madrid.org\/cp.soledadsainz.colmenarviejo\/index.php\/wp-json\/wp\/v2\/pages"}],"about":[{"href":"https:\/\/site.educa.madrid.org\/cp.soledadsainz.colmenarviejo\/index.php\/wp-json\/wp\/v2\/types\/page"}],"author":[{"embeddable":true,"href":"https:\/\/site.educa.madrid.org\/cp.soledadsainz.colmenarviejo\/index.php\/wp-json\/wp\/v2\/users\/3"}],"replies":[{"embeddable":true,"href":"https:\/\/site.educa.madrid.org\/cp.soledadsainz.colmenarviejo\/index.php\/wp-json\/wp\/v2\/comments?post=2423"}],"version-history":[{"count":2,"href":"https:\/\/site.educa.madrid.org\/cp.soledadsainz.colmenarviejo\/index.php\/wp-json\/wp\/v2\/pages\/2423\/revisions"}],"predecessor-version":[{"id":2776,"href":"https:\/\/site.educa.madrid.org\/cp.soledadsainz.colmenarviejo\/index.php\/wp-json\/wp\/v2\/pages\/2423\/revisions\/2776"}],"up":[{"embeddable":true,"href":"https:\/\/site.educa.madrid.org\/cp.soledadsainz.colmenarviejo\/index.php\/wp-json\/wp\/v2\/pages\/2170"}],"wp:attachment":[{"href":"https:\/\/site.educa.madrid.org\/cp.soledadsainz.colmenarviejo\/index.php\/wp-json\/wp\/v2\/media?parent=2423"}],"wp:term":[{"taxonomy":"folder","embeddable":true,"href":"https:\/\/site.educa.madrid.org\/cp.soledadsainz.colmenarviejo\/index.php\/wp-json\/wp\/v2\/folder?post=2423"}],"curies":[{"name":"wp","href":"https:\/\/api.w.org\/{rel}","templated":true}]}}