{"id":2793,"date":"2025-11-24T19:56:52","date_gmt":"2025-11-24T18:56:52","guid":{"rendered":"https:\/\/site.educa.madrid.org\/cp.soledadsainz.colmenarviejo\/?page_id=2793"},"modified":"2026-02-27T14:17:34","modified_gmt":"2026-02-27T13:17:34","slug":"plan-socioemocional","status":"publish","type":"page","link":"https:\/\/site.educa.madrid.org\/cp.soledadsainz.colmenarviejo\/index.php\/proyectos\/planes\/plan-socioemocional\/","title":{"rendered":"Plan Socioemocional"},"content":{"rendered":"<p>El aprendizaje socioemocional es un proceso de adquisici\u00f3n de competencias para identificar y manejar las emociones, desarrollar la atenci\u00f3n y la preocupaci\u00f3n por los dem\u00e1s, establecer relaciones positivas, tomar decisiones responsables y abordar de manera eficaz las situaciones complejas. En otras palabras, es el proceso hol\u00edstico de aprendizaje basado en la \u00e9tica del cuidado. Combina los aspectos cognitivos, sociales, emocionales y relacionales del aprendizaje con miras a mejorar el bienestar de los alumnos, su \u00e9xito acad\u00e9mico y su ciudadan\u00eda global activa, a la vez que promueve un cambio social positivo.<\/p>\n<p><a href=\"https:\/\/drive.google.com\/file\/d\/1YOwgltxal8U_Skd2ZrNdzvFArSV_lp4R\/view?usp=drive_link\">https:\/\/drive.google.com\/file\/d\/1YOwgltxal8U_Skd2ZrNdzvFArSV_lp4R\/view?usp=drive_link<\/a><\/p>\n","protected":false},"excerpt":{"rendered":"<p>El aprendizaje socioemocional es un proceso de adquisici\u00f3n de competencias para identificar y manejar las emociones, desarrollar la atenci\u00f3n y la preocupaci\u00f3n por los dem\u00e1s, establecer relaciones positivas, tomar decisiones responsables y abordar de manera eficaz las situaciones complejas. En otras palabras, es el proceso hol\u00edstico de aprendizaje basado en la \u00e9tica del cuidado. Combina [&hellip;]<\/p>\n","protected":false},"author":3,"featured_media":0,"parent":797,"menu_order":6,"comment_status":"closed","ping_status":"closed","template":"","meta":{"footnotes":""},"folder":[],"class_list":["post-2793","page","type-page","status-publish","hentry"],"rttpg_featured_image_url":null,"rttpg_author":{"display_name":"cp.soledadsainz.colmenarviejo","author_link":"https:\/\/site.educa.madrid.org\/cp.soledadsainz.colmenarviejo\/index.php\/author\/cuenta_cp-soledadsainz-colmenarviejo\/"},"rttpg_comment":0,"rttpg_category":false,"rttpg_excerpt":"El aprendizaje socioemocional es un proceso de adquisici\u00f3n de competencias para identificar y manejar las emociones, desarrollar la atenci\u00f3n y la preocupaci\u00f3n por los dem\u00e1s, establecer relaciones positivas, tomar decisiones responsables y abordar de manera eficaz las situaciones complejas. En otras palabras, es el proceso hol\u00edstico de aprendizaje basado en la \u00e9tica del cuidado. Combina&hellip;","post_mailing_queue_ids":[],"_links":{"self":[{"href":"https:\/\/site.educa.madrid.org\/cp.soledadsainz.colmenarviejo\/index.php\/wp-json\/wp\/v2\/pages\/2793","targetHints":{"allow":["GET"]}}],"collection":[{"href":"https:\/\/site.educa.madrid.org\/cp.soledadsainz.colmenarviejo\/index.php\/wp-json\/wp\/v2\/pages"}],"about":[{"href":"https:\/\/site.educa.madrid.org\/cp.soledadsainz.colmenarviejo\/index.php\/wp-json\/wp\/v2\/types\/page"}],"author":[{"embeddable":true,"href":"https:\/\/site.educa.madrid.org\/cp.soledadsainz.colmenarviejo\/index.php\/wp-json\/wp\/v2\/users\/3"}],"replies":[{"embeddable":true,"href":"https:\/\/site.educa.madrid.org\/cp.soledadsainz.colmenarviejo\/index.php\/wp-json\/wp\/v2\/comments?post=2793"}],"version-history":[{"count":1,"href":"https:\/\/site.educa.madrid.org\/cp.soledadsainz.colmenarviejo\/index.php\/wp-json\/wp\/v2\/pages\/2793\/revisions"}],"predecessor-version":[{"id":2794,"href":"https:\/\/site.educa.madrid.org\/cp.soledadsainz.colmenarviejo\/index.php\/wp-json\/wp\/v2\/pages\/2793\/revisions\/2794"}],"up":[{"embeddable":true,"href":"https:\/\/site.educa.madrid.org\/cp.soledadsainz.colmenarviejo\/index.php\/wp-json\/wp\/v2\/pages\/797"}],"wp:attachment":[{"href":"https:\/\/site.educa.madrid.org\/cp.soledadsainz.colmenarviejo\/index.php\/wp-json\/wp\/v2\/media?parent=2793"}],"wp:term":[{"taxonomy":"folder","embeddable":true,"href":"https:\/\/site.educa.madrid.org\/cp.soledadsainz.colmenarviejo\/index.php\/wp-json\/wp\/v2\/folder?post=2793"}],"curies":[{"name":"wp","href":"https:\/\/api.w.org\/{rel}","templated":true}]}}