{"id":619,"date":"2022-06-15T16:08:08","date_gmt":"2022-06-15T14:08:08","guid":{"rendered":"https:\/\/site.educa.madrid.org\/cp.soledadsainz.colmenarviejo\/?page_id=619"},"modified":"2024-10-16T13:17:41","modified_gmt":"2024-10-16T11:17:41","slug":"educacion-primaria","status":"publish","type":"page","link":"https:\/\/site.educa.madrid.org\/cp.soledadsainz.colmenarviejo\/index.php\/ensenanzas\/educacion-primaria\/","title":{"rendered":"Educaci\u00f3n Primaria"},"content":{"rendered":"\n<p><strong>Consideraciones generales<\/strong><\/p>\n\n\n\n<p>La Educaci\u00f3n Primaria es una etapa de car\u00e1cter obligatorio y gratuito que, con car\u00e1cter general, se cursar\u00e1 entre los seis y los doce a\u00f1os de edad.<\/p>\n\n\n\n<p>La finalidad de la Educaci\u00f3n Primaria es facilitar al alumnado los aprendizajes de la expresi\u00f3n y comprensi\u00f3n oral, la lectura, la escritura, el c\u00e1lculo, las habilidades l\u00f3gicas y matem\u00e1ticas, la adquisici\u00f3n de nociones b\u00e1sicas de la cultura, y el h\u00e1bito de convivencia as\u00ed como los de estudio y trabajo, el sentido art\u00edstico, la creatividad y la afectividad, con el fin de garantizar una formaci\u00f3n integral que contribuya al pleno desarrollo de su personalidad y de prepararlos para cursar con aprovechamiento la Educaci\u00f3n Secundaria Obligatoria.<\/p>\n\n\n\n<p>La Educaci\u00f3n Primaria contribuir\u00e1 a desarrollar en los ni\u00f1os y las ni\u00f1as las siguientes capacidades:<\/p>\n\n\n\n<ul class=\"wp-block-list\">\n<li>Conocer y apreciar los valores y las normas de convivencia, aprender a obrar de acuerdo con ellas, prepararse para el ejercicio activo de la ciudadan\u00eda y respetar los derechos humanos, as\u00ed como el pluralismo propio de una sociedad democr\u00e1tica.<\/li>\n\n\n\n<li>Desarrollar h\u00e1bitos de trabajo individual y de equipo, de esfuerzo y de responsabilidad en el estudio, as\u00ed como actitudes de confianza en s\u00ed mismo, sentido cr\u00edtico, iniciativa personal, curiosidad, inter\u00e9s y creatividad en el aprendizaje, y esp\u00edritu emprendedor.<\/li>\n\n\n\n<li>Adquirir habilidades para la prevenci\u00f3n y para la resoluci\u00f3n pac\u00edfica de conflictos, que les permitan desenvolverse con autonom\u00eda en el \u00e1mbito familiar y dom\u00e9stico, as\u00ed como en los grupos sociales con los que se relacionan.<\/li>\n\n\n\n<li>Conocer, comprender y respetar las diferentes culturas y las diferencias entre las personas, la igualdad de derechos y oportunidades de hombres y mujeres y la no discriminaci\u00f3n de personas con discapacidad.<\/li>\n\n\n\n<li>Conocer y utilizar de manera apropiada la lengua castellana y, si la hubiere, la lengua cooficial de la comunidad aut\u00f3noma, y desarrollar h\u00e1bitos de lectura.<\/li>\n\n\n\n<li>Adquirir en al menos una lengua extranjera la competencia comunicativa b\u00e1sica que les permita expresar y comprender mensajes sencillos y desenvolverse en situaciones cotidianas.<\/li>\n\n\n\n<li>Desarrollar las competencias matem\u00e1ticas b\u00e1sicas e iniciarse en la resoluci\u00f3n de problemas que requieran la realizaci\u00f3n de operaciones elementales de c\u00e1lculo, conocimientos geom\u00e9tricos y estimaciones, as\u00ed como ser capaces de aplicarlos a las situaciones de su vida cotidiana.<\/li>\n\n\n\n<li>Conocer los aspectos fundamentales de las Ciencias de la Naturaleza, las Ciencias Sociales, la Geograf\u00eda, la Historia y la Cultura.<\/li>\n\n\n\n<li>Iniciarse en la utilizaci\u00f3n, para el aprendizaje, de las Tecnolog\u00edas de la Informaci\u00f3n y la Comunicaci\u00f3n, desarrollando un esp\u00edritu cr\u00edtico ante los mensajes que reciben y elaboran.<\/li>\n\n\n\n<li>Utilizar diferentes representaciones y expresiones art\u00edsticas e iniciarse en la construcci\u00f3n de propuestas visuales y audiovisuales.<\/li>\n\n\n\n<li>Valorar la higiene y la salud, aceptar el propio cuerpo y el de los otros, respetar las diferencias y utilizar la educaci\u00f3n f\u00edsica y el deporte como medios para favorecer el desarrollo personal y social.<\/li>\n\n\n\n<li>Conocer y valorar los animales m\u00e1s pr\u00f3ximos al ser humano y adoptar modos de comportamiento que favorezcan su cuidado.<\/li>\n\n\n\n<li>Desarrollar sus capacidades afectivas en todos los \u00e1mbitos de la personalidad y en sus relaciones con los dem\u00e1s, as\u00ed como una actitud contraria a la violencia, a los prejuicios de cualquier tipo y a los estereotipos sexistas.<\/li>\n\n\n\n<li>Fomentar la educaci\u00f3n vial y actitudes de respeto que incidan en la prevenci\u00f3n de los accidentes de tr\u00e1fico.<\/li>\n<\/ul>\n\n\n\n<p><em>Texto extra\u00eddo de LOMLOE<\/em><\/p>\n\n\n\n<p><strong>Atenci\u00f3n a la diversidad<\/strong><\/p>\n\n\n\n<p>En esta etapa se da especial importancia a la atenci\u00f3n personalizada y a la realizaci\u00f3n de diagn\u00f3sticos precoces para establecer cuanto antes mecanismos de refuerzo y atender toda la diversidad para prevenir dificultades de aprendizaje.<\/p>\n\n\n\n<p>La idea es que los mecanismos de refuerzo se pongan en pr\u00e1ctica tan pronto como se detecten. Entre otras medidas, se realiza apoyo en grupo ordinario, los agrupamientos flexibles o las adaptaciones del curr\u00edculo. Los alumnos reciben todos los apoyos necesarios para reforzar y\/o recuperar los aprendizajes que no se hubieran alcanzado todav\u00eda.<\/p>\n\n\n\n<p><strong>Criterios de promoci\u00f3n<\/strong><\/p>\n\n\n\n<p>El equipo docente adopta las decisiones correspondientes sobre la promoci\u00f3n del alumnado de manera colegiada al finalizar los cursos segundo, cuarto y sexto, tomando especialmente en consideraci\u00f3n la informaci\u00f3n y el criterio del tutor o la tutora.<\/p>\n\n\n\n<p>Con car\u00e1cter excepcional, tras haber aplicado las medidas ordinarias suficientes, adecuadas y personalizadas para atender el desfase curricular o las dificultades de aprendizaje del alumno o alumna, el equipo docente podr\u00e1 proponer que permanezca un a\u00f1o m\u00e1s en el mismo curso, por considerar que es la medida m\u00e1s adecuada para favorecer su desarrollo. En este caso, se dise\u00f1ar\u00e1 un plan espec\u00edfico de refuerzo para que, durante ese curso, consiga alcanzar las competencias correspondientes. Esta decisi\u00f3n solo se podr\u00e1 adoptar una vez durante la etapa.<\/p>\n\n\n\n<p>El alumno o la alumna acceder\u00e1 al curso o etapa siguiente siempre que se considere que ha logrado los objetivos propuestos y alcanzado el grado de adquisici\u00f3n de las competencias correspondientes. Si promociona al curso siguiente con algunos aprendizajes del curso anterior sin consolidar, se dise\u00f1ar\u00e1 un plan espec\u00edfico de refuerzo o recuperaci\u00f3n y apoyo al efecto.<\/p>\n\n\n\n<p>Los tutores de segundo y cuarto emitir\u00e1n al finalizar el curso un informe sobre el grado de adquisici\u00f3n de las competencias de cada alumno o alumna, indicando en su caso las medidas de refuerzo que se deben contemplar en el ciclo siguiente.<\/p>\n\n\n\n<p>Para garantizar la continuidad del proceso de formaci\u00f3n del alumnado, cada alumno o alumna dispondr\u00e1, al finalizar la etapa, de un informe elaborado por su tutor o tutora sobre su evoluci\u00f3n y el grado de adquisici\u00f3n de las competencias desarrolladas.<\/p>\n\n\n\n<p>En el caso de alumnado con necesidades educativas especiales, el informe deber\u00e1 reflejar las adaptaciones y medidas adoptadas y su necesidad de continuidad en la siguiente etapa escolar.<\/p>\n\n\n\n<p><em>Texto extra\u00eddo de LOMLOE<\/em><\/p>\n\n\n\n<p><strong>Criterios de calificaci\u00f3n<\/strong> <strong>y promoci\u00f3n<\/strong><\/p>\n\n\n\n<p>Los criterios de calificaci\u00f3n son espec\u00edficos de cada \u00e1rea y se comunicar\u00e1n en la reuni\u00f3n de familias de inicio de curso.<\/p>\n\n\n\n<p><strong>Aprendizaje Basado en Proyectos<\/strong><\/p>\n\n\n\n<p>El Aprendizaje Basado en Proyectos interdisciplinares es la metodolog\u00eda elegida como hilo conductor en el 1er ciclo de Primaria (1\u00ba y 2\u00ba) y en 2\u00ba ciclo de Primaria (3\u00ba y 4\u00ba). De acuerdo con el curr\u00edculo y los intereses del alumnado, los proyectos nacen desde las \u00e1reas de Ciencias (Ciencias Naturales y Ciencias Sociales) y van enriqueci\u00e9ndose integrando los aprendizajes de otras \u00e1reas, en funci\u00f3n del contenido a tratar (Lengua Castellana, Ingl\u00e9s, Arts and Crafts, M\u00fasica, etc.).<\/p>\n\n\n\n<p>Con esta metodolog\u00eda buscamos dar respuesta a las necesidades individuales del alumnado y proporcionarles aprendizajes significativos y contextualizados que les permitan desarrollar habilidades para la vida (autonom\u00eda, capacidad de trabajo en equipo, capacidad de investigaci\u00f3n, pensamiento cr\u00edtico, responsabilidad individual).<\/p>\n","protected":false},"excerpt":{"rendered":"<p>Consideraciones generales La Educaci\u00f3n Primaria es una etapa de car\u00e1cter obligatorio y gratuito que, con car\u00e1cter general, se cursar\u00e1 entre los seis y los doce a\u00f1os de edad. La finalidad de la Educaci\u00f3n Primaria es facilitar al alumnado los aprendizajes de la expresi\u00f3n y comprensi\u00f3n oral, la lectura, la escritura, el c\u00e1lculo, las habilidades l\u00f3gicas [&hellip;]<\/p>\n","protected":false},"author":6,"featured_media":0,"parent":117,"menu_order":0,"comment_status":"closed","ping_status":"closed","template":"","meta":{"footnotes":""},"folder":[],"class_list":["post-619","page","type-page","status-publish","hentry"],"rttpg_featured_image_url":null,"rttpg_author":{"display_name":"Cuenta Admin-educamadrid","author_link":"https:\/\/site.educa.madrid.org\/cp.soledadsainz.colmenarviejo\/index.php\/author\/cuenta_admin-educamadrid\/"},"rttpg_comment":0,"rttpg_category":false,"rttpg_excerpt":"Consideraciones generales La Educaci\u00f3n Primaria es una etapa de car\u00e1cter obligatorio y gratuito que, con car\u00e1cter general, se cursar\u00e1 entre los seis y los doce a\u00f1os de edad. La finalidad de la Educaci\u00f3n Primaria es facilitar al alumnado los aprendizajes de la expresi\u00f3n y comprensi\u00f3n oral, la lectura, la escritura, el c\u00e1lculo, las habilidades l\u00f3gicas&hellip;","post_mailing_queue_ids":[],"_links":{"self":[{"href":"https:\/\/site.educa.madrid.org\/cp.soledadsainz.colmenarviejo\/index.php\/wp-json\/wp\/v2\/pages\/619","targetHints":{"allow":["GET"]}}],"collection":[{"href":"https:\/\/site.educa.madrid.org\/cp.soledadsainz.colmenarviejo\/index.php\/wp-json\/wp\/v2\/pages"}],"about":[{"href":"https:\/\/site.educa.madrid.org\/cp.soledadsainz.colmenarviejo\/index.php\/wp-json\/wp\/v2\/types\/page"}],"author":[{"embeddable":true,"href":"https:\/\/site.educa.madrid.org\/cp.soledadsainz.colmenarviejo\/index.php\/wp-json\/wp\/v2\/users\/6"}],"replies":[{"embeddable":true,"href":"https:\/\/site.educa.madrid.org\/cp.soledadsainz.colmenarviejo\/index.php\/wp-json\/wp\/v2\/comments?post=619"}],"version-history":[{"count":5,"href":"https:\/\/site.educa.madrid.org\/cp.soledadsainz.colmenarviejo\/index.php\/wp-json\/wp\/v2\/pages\/619\/revisions"}],"predecessor-version":[{"id":2074,"href":"https:\/\/site.educa.madrid.org\/cp.soledadsainz.colmenarviejo\/index.php\/wp-json\/wp\/v2\/pages\/619\/revisions\/2074"}],"up":[{"embeddable":true,"href":"https:\/\/site.educa.madrid.org\/cp.soledadsainz.colmenarviejo\/index.php\/wp-json\/wp\/v2\/pages\/117"}],"wp:attachment":[{"href":"https:\/\/site.educa.madrid.org\/cp.soledadsainz.colmenarviejo\/index.php\/wp-json\/wp\/v2\/media?parent=619"}],"wp:term":[{"taxonomy":"folder","embeddable":true,"href":"https:\/\/site.educa.madrid.org\/cp.soledadsainz.colmenarviejo\/index.php\/wp-json\/wp\/v2\/folder?post=619"}],"curies":[{"name":"wp","href":"https:\/\/api.w.org\/{rel}","templated":true}]}}