{"id":840,"date":"2022-06-30T10:46:24","date_gmt":"2022-06-30T08:46:24","guid":{"rendered":"https:\/\/site.educa.madrid.org\/cp.soledadsainz.colmenarviejo\/?page_id=840"},"modified":"2024-10-16T17:59:16","modified_gmt":"2024-10-16T15:59:16","slug":"raices-robles","status":"publish","type":"page","link":"https:\/\/site.educa.madrid.org\/cp.soledadsainz.colmenarviejo\/index.php\/secretaria\/raices-robles\/","title":{"rendered":"Ra\u00edces- Roble"},"content":{"rendered":"\n<h2 class=\"wp-block-heading\">Roble: plataforma para familias<\/h2>\n\n\n\n<div class=\"wp-block-media-text is-stacked-on-mobile\" style=\"grid-template-columns:35% auto\"><figure class=\"wp-block-media-text__media\"><img loading=\"lazy\" decoding=\"async\" width=\"299\" height=\"168\" src=\"https:\/\/site.educa.madrid.org\/cp.soledadsainz.colmenarviejo\/\/wp-content\/uploads\/cp.soledadsainz.colmenarviejo\/2024\/10\/Roble.png\" alt=\"\" class=\"wp-image-2092 size-full\"\/><\/figure><div class=\"wp-block-media-text__content\">\n<p>Roble es una plataforma de intercambio de informaci\u00f3n familias-centro. Su finalidad principal es proporcionar informaci\u00f3n a las familias sobre sus hijos e hijas a lo largo del curso. Sirve tambi\u00e9n como plataforma de interacci\u00f3n centro-familias.<\/p>\n<\/div><\/div>\n\n\n\n<p><strong>Gu\u00eda visual<\/strong> sobre la aplicaci\u00f3n d\u00f3nde se explican todas las funcionalidades: <a href=\"https:\/\/drive.google.com\/file\/d\/1KFEVvr0Ovn5HkAon34I0U8GNVc5-iKGz\/view?usp=drive_link\">https:\/\/drive.google.com\/file\/d\/1KFEVvr0Ovn5HkAon34I0U8GNVc5-iKGz\/view?usp=drive_link<\/a> <\/p>\n\n\n\n<p><strong>Tutorial <\/strong>para iniciarse en el uso de la aplicaci\u00f3n (1os pasos): <a href=\"https:\/\/drive.google.com\/file\/d\/1i4j1QMd4m0FJjP1pW6HHge4tJ5AL845F\/view?usp=drive_link\">https:\/\/drive.google.com\/file\/d\/1i4j1QMd4m0FJjP1pW6HHge4tJ5AL845F\/view?usp=drive_link<\/a> <\/p>\n\n\n\n<p>Las credenciales de acceso ser\u00e1n facilitadas por el centro. Solicitarlas en Secretar\u00eda.<\/p>\n","protected":false},"excerpt":{"rendered":"<p>Roble: plataforma para familias Roble es una plataforma de intercambio de informaci\u00f3n familias-centro. Su finalidad principal es proporcionar informaci\u00f3n a las familias sobre sus hijos e hijas a lo largo del curso. Sirve tambi\u00e9n como plataforma de interacci\u00f3n centro-familias. Gu\u00eda visual sobre la aplicaci\u00f3n d\u00f3nde se explican todas las funcionalidades: https:\/\/drive.google.com\/file\/d\/1KFEVvr0Ovn5HkAon34I0U8GNVc5-iKGz\/view?usp=drive_link Tutorial para iniciarse en [&hellip;]<\/p>\n","protected":false},"author":6,"featured_media":0,"parent":181,"menu_order":0,"comment_status":"closed","ping_status":"closed","template":"","meta":{"footnotes":""},"folder":[],"class_list":["post-840","page","type-page","status-publish","hentry"],"rttpg_featured_image_url":null,"rttpg_author":{"display_name":"Cuenta Admin-educamadrid","author_link":"https:\/\/site.educa.madrid.org\/cp.soledadsainz.colmenarviejo\/index.php\/author\/cuenta_admin-educamadrid\/"},"rttpg_comment":0,"rttpg_category":false,"rttpg_excerpt":"Roble: plataforma para familias Roble es una plataforma de intercambio de informaci\u00f3n familias-centro. Su finalidad principal es proporcionar informaci\u00f3n a las familias sobre sus hijos e hijas a lo largo del curso. Sirve tambi\u00e9n como plataforma de interacci\u00f3n centro-familias. Gu\u00eda visual sobre la aplicaci\u00f3n d\u00f3nde se explican todas las funcionalidades: https:\/\/drive.google.com\/file\/d\/1KFEVvr0Ovn5HkAon34I0U8GNVc5-iKGz\/view?usp=drive_link Tutorial para iniciarse en&hellip;","post_mailing_queue_ids":[],"_links":{"self":[{"href":"https:\/\/site.educa.madrid.org\/cp.soledadsainz.colmenarviejo\/index.php\/wp-json\/wp\/v2\/pages\/840","targetHints":{"allow":["GET"]}}],"collection":[{"href":"https:\/\/site.educa.madrid.org\/cp.soledadsainz.colmenarviejo\/index.php\/wp-json\/wp\/v2\/pages"}],"about":[{"href":"https:\/\/site.educa.madrid.org\/cp.soledadsainz.colmenarviejo\/index.php\/wp-json\/wp\/v2\/types\/page"}],"author":[{"embeddable":true,"href":"https:\/\/site.educa.madrid.org\/cp.soledadsainz.colmenarviejo\/index.php\/wp-json\/wp\/v2\/users\/6"}],"replies":[{"embeddable":true,"href":"https:\/\/site.educa.madrid.org\/cp.soledadsainz.colmenarviejo\/index.php\/wp-json\/wp\/v2\/comments?post=840"}],"version-history":[{"count":6,"href":"https:\/\/site.educa.madrid.org\/cp.soledadsainz.colmenarviejo\/index.php\/wp-json\/wp\/v2\/pages\/840\/revisions"}],"predecessor-version":[{"id":2094,"href":"https:\/\/site.educa.madrid.org\/cp.soledadsainz.colmenarviejo\/index.php\/wp-json\/wp\/v2\/pages\/840\/revisions\/2094"}],"up":[{"embeddable":true,"href":"https:\/\/site.educa.madrid.org\/cp.soledadsainz.colmenarviejo\/index.php\/wp-json\/wp\/v2\/pages\/181"}],"wp:attachment":[{"href":"https:\/\/site.educa.madrid.org\/cp.soledadsainz.colmenarviejo\/index.php\/wp-json\/wp\/v2\/media?parent=840"}],"wp:term":[{"taxonomy":"folder","embeddable":true,"href":"https:\/\/site.educa.madrid.org\/cp.soledadsainz.colmenarviejo\/index.php\/wp-json\/wp\/v2\/folder?post=840"}],"curies":[{"name":"wp","href":"https:\/\/api.w.org\/{rel}","templated":true}]}}