{"id":911,"date":"2023-08-25T19:52:32","date_gmt":"2023-08-25T17:52:32","guid":{"rendered":"https:\/\/site.educa.madrid.org\/cp.soledadsainz.colmenarviejo\/?page_id=911"},"modified":"2025-03-10T18:03:21","modified_gmt":"2025-03-10T17:03:21","slug":"excursiones-y-talleres","status":"publish","type":"page","link":"https:\/\/site.educa.madrid.org\/cp.soledadsainz.colmenarviejo\/index.php\/servicios-y-actividades\/excursiones-y-talleres\/","title":{"rendered":"Actividades complementarias"},"content":{"rendered":"\n<p>Las actividades complementarias est\u00e1n<strong> integradas en el curr\u00edculo escolar<\/strong>, detalladas en la Programaci\u00f3n General Anual y aprobadas por el Consejo Escolar. Se realizan generalmente <strong>fuera del centro escolar y en horario lectivo. <\/strong>Tambi\u00e9n se planifican actividades colegiadas para conmemorar efem\u00e9rides y festividades en las que intervienen todos los alumnos.<\/p>\n\n\n\n<p><strong>Complementarias (por ciclos o niveles)<\/strong><\/p>\n\n\n\n<ul class=\"wp-block-list\">\n<li>Salidas<\/li>\n\n\n\n<li>Excursiones<\/li>\n\n\n\n<li>Granja<\/li>\n\n\n\n<li>Museos<\/li>\n\n\n\n<li>Teatro<\/li>\n\n\n\n<li>Visitas<\/li>\n\n\n\n<li>Conciertos<\/li>\n\n\n\n<li>Animaciones<\/li>\n<\/ul>\n\n\n\n<p><strong>Colegiadas (todo el centro)<\/strong><\/p>\n\n\n\n<ul class=\"wp-block-list\">\n<li>Fiesta de Navidad<\/li>\n\n\n\n<li>D\u00eda de la Paz<\/li>\n\n\n\n<li>D\u00eda de la Mujer<\/li>\n\n\n\n<li>Halloween<\/li>\n\n\n\n<li>D\u00eda del libro<\/li>\n\n\n\n<li>Trimestre STEM<\/li>\n\n\n\n<li>Semana Cultural y Jornadas Interculturales<\/li>\n\n\n\n<li>Graduaciones<\/li>\n\n\n\n<li>Fin de curso<\/li>\n<\/ul>\n","protected":false},"excerpt":{"rendered":"<p>Las actividades complementarias est\u00e1n integradas en el curr\u00edculo escolar, detalladas en la Programaci\u00f3n General Anual y aprobadas por el Consejo Escolar. Se realizan generalmente fuera del centro escolar y en horario lectivo. Tambi\u00e9n se planifican actividades colegiadas para conmemorar efem\u00e9rides y festividades en las que intervienen todos los alumnos. Complementarias (por ciclos o niveles) Colegiadas [&hellip;]<\/p>\n","protected":false},"author":3,"featured_media":0,"parent":300,"menu_order":0,"comment_status":"closed","ping_status":"closed","template":"","meta":{"footnotes":""},"folder":[],"class_list":["post-911","page","type-page","status-publish","hentry"],"rttpg_featured_image_url":null,"rttpg_author":{"display_name":"cp.soledadsainz.colmenarviejo","author_link":"https:\/\/site.educa.madrid.org\/cp.soledadsainz.colmenarviejo\/index.php\/author\/cuenta_cp-soledadsainz-colmenarviejo\/"},"rttpg_comment":0,"rttpg_category":false,"rttpg_excerpt":"Las actividades complementarias est\u00e1n integradas en el curr\u00edculo escolar, detalladas en la Programaci\u00f3n General Anual y aprobadas por el Consejo Escolar. Se realizan generalmente fuera del centro escolar y en horario lectivo. Tambi\u00e9n se planifican actividades colegiadas para conmemorar efem\u00e9rides y festividades en las que intervienen todos los alumnos. Complementarias (por ciclos o niveles) Colegiadas&hellip;","post_mailing_queue_ids":[],"_links":{"self":[{"href":"https:\/\/site.educa.madrid.org\/cp.soledadsainz.colmenarviejo\/index.php\/wp-json\/wp\/v2\/pages\/911","targetHints":{"allow":["GET"]}}],"collection":[{"href":"https:\/\/site.educa.madrid.org\/cp.soledadsainz.colmenarviejo\/index.php\/wp-json\/wp\/v2\/pages"}],"about":[{"href":"https:\/\/site.educa.madrid.org\/cp.soledadsainz.colmenarviejo\/index.php\/wp-json\/wp\/v2\/types\/page"}],"author":[{"embeddable":true,"href":"https:\/\/site.educa.madrid.org\/cp.soledadsainz.colmenarviejo\/index.php\/wp-json\/wp\/v2\/users\/3"}],"replies":[{"embeddable":true,"href":"https:\/\/site.educa.madrid.org\/cp.soledadsainz.colmenarviejo\/index.php\/wp-json\/wp\/v2\/comments?post=911"}],"version-history":[{"count":4,"href":"https:\/\/site.educa.madrid.org\/cp.soledadsainz.colmenarviejo\/index.php\/wp-json\/wp\/v2\/pages\/911\/revisions"}],"predecessor-version":[{"id":2471,"href":"https:\/\/site.educa.madrid.org\/cp.soledadsainz.colmenarviejo\/index.php\/wp-json\/wp\/v2\/pages\/911\/revisions\/2471"}],"up":[{"embeddable":true,"href":"https:\/\/site.educa.madrid.org\/cp.soledadsainz.colmenarviejo\/index.php\/wp-json\/wp\/v2\/pages\/300"}],"wp:attachment":[{"href":"https:\/\/site.educa.madrid.org\/cp.soledadsainz.colmenarviejo\/index.php\/wp-json\/wp\/v2\/media?parent=911"}],"wp:term":[{"taxonomy":"folder","embeddable":true,"href":"https:\/\/site.educa.madrid.org\/cp.soledadsainz.colmenarviejo\/index.php\/wp-json\/wp\/v2\/folder?post=911"}],"curies":[{"name":"wp","href":"https:\/\/api.w.org\/{rel}","templated":true}]}}