{"id":918,"date":"2023-08-25T19:57:47","date_gmt":"2023-08-25T17:57:47","guid":{"rendered":"https:\/\/site.educa.madrid.org\/cp.soledadsainz.colmenarviejo\/?page_id=918"},"modified":"2024-10-16T18:30:05","modified_gmt":"2024-10-16T16:30:05","slug":"blog","status":"publish","type":"page","link":"https:\/\/site.educa.madrid.org\/cp.soledadsainz.colmenarviejo\/index.php\/blog\/","title":{"rendered":"RECURSOS EDUCATIVOS"},"content":{"rendered":"\n<h2 class=\"wp-block-heading\">Aplicaciones educativas<\/h2>\n\n\n\n<div style=\"height:34px\" aria-hidden=\"true\" class=\"wp-block-spacer\"><\/div>\n\n\n\n<h4 class=\"wp-block-heading\">Google Classroom<\/h4>\n\n\n\n<div class=\"wp-block-media-text is-stacked-on-mobile\" style=\"grid-template-columns:34% auto\"><figure class=\"wp-block-media-text__media\"><img loading=\"lazy\" decoding=\"async\" width=\"300\" height=\"168\" src=\"https:\/\/site.educa.madrid.org\/cp.soledadsainz.colmenarviejo\/\/wp-content\/uploads\/cp.soledadsainz.colmenarviejo\/2024\/10\/Classroom.png\" alt=\"\" class=\"wp-image-2080 size-full\"\/><\/figure><div class=\"wp-block-media-text__content\">\n<p>Aula Virtual para el alumnado de 1\u00ba a 6\u00ba de Primaria. El acceso puede realizarse mediante un c\u00f3digo facilitado por el docente o simplemente uni\u00e9ndose a la invitaci\u00f3n recibida. <strong>El usuario y contrase\u00f1a son los de la cuenta de EducaMadrid de cada alumno\/alumna.<\/strong><\/p>\n\n\n\n<p><a href=\"https:\/\/drive.google.com\/file\/d\/1CZ3L88urMoDMJ0-CaMSHKebvrA5AhX7U\/view?usp=drive_link\">Tutorial para ordenador<\/a> <\/p>\n\n\n\n<p><a href=\"https:\/\/drive.google.com\/file\/d\/1YxBY4K6wO9t5VJWdSrPwejr5_bfNA5n2\/view?usp=drive_link\">Tutorial para m\u00f3vil o tablet <\/a><\/p>\n<\/div><\/div>\n\n\n\n<div style=\"height:56px\" aria-hidden=\"true\" class=\"wp-block-spacer\"><\/div>\n\n\n\n<h4 class=\"wp-block-heading\">Smile and Learn<\/h4>\n\n\n\n<div class=\"wp-block-media-text is-stacked-on-mobile\" style=\"grid-template-columns:35% auto\"><figure class=\"wp-block-media-text__media\"><img loading=\"lazy\" decoding=\"async\" width=\"257\" height=\"105\" src=\"https:\/\/site.educa.madrid.org\/cp.soledadsainz.colmenarviejo\/\/wp-content\/uploads\/cp.soledadsainz.colmenarviejo\/2024\/10\/Smile-and-Learn.png\" alt=\"\" class=\"wp-image-2081 size-full\"\/><\/figure><div class=\"wp-block-media-text__content\">\n<p>Aplicaci\u00f3n educativa para ordenador, m\u00f3vil y tablet, con multitud de v\u00eddeos, juegos y actividades interactivas para aprender. <strong>El usuario y contrase\u00f1a son los de la cuenta de EducaMadrid de cada alumno\/alumna.<\/strong><\/p>\n\n\n\n<p><a href=\"https:\/\/drive.google.com\/file\/d\/10ghiggHN9EOKkz1HoKahCP0rasLJA2Q7\/view?usp=drive_link\">Tutorial para su instalaci\u00f3n en ordenador.<\/a><\/p>\n<\/div><\/div>\n\n\n\n<div style=\"height:58px\" aria-hidden=\"true\" class=\"wp-block-spacer\"><\/div>\n\n\n\n<h4 class=\"wp-block-heading\">MadRead<\/h4>\n\n\n\n<div class=\"wp-block-media-text is-stacked-on-mobile\" style=\"grid-template-columns:33% auto\"><figure class=\"wp-block-media-text__media\"><img loading=\"lazy\" decoding=\"async\" width=\"323\" height=\"156\" src=\"https:\/\/site.educa.madrid.org\/cp.soledadsainz.colmenarviejo\/\/wp-content\/uploads\/cp.soledadsainz.colmenarviejo\/2024\/10\/Madread.png\" alt=\"\" class=\"wp-image-2082 size-full\" srcset=\"https:\/\/site.educa.madrid.org\/cp.soledadsainz.colmenarviejo\/\/wp-content\/uploads\/cp.soledadsainz.colmenarviejo\/2024\/10\/Madread.png 323w, https:\/\/site.educa.madrid.org\/cp.soledadsainz.colmenarviejo\/\/wp-content\/uploads\/cp.soledadsainz.colmenarviejo\/2024\/10\/Madread-300x145.png 300w\" sizes=\"auto, (max-width: 323px) 100vw, 323px\" \/><\/figure><div class=\"wp-block-media-text__content\">\n<p>Biblioteca virtual de la Comunidad de Madrid. En ella se pueden encontrar libros variados y adaptados a la edad de los ni\u00f1os y ni\u00f1as. Los docentes pueden crear clubs de lectura a los que unirse a trav\u00e9s de un c\u00f3digo facilitado por los mismos. Para acceder hay que utilizar el <strong>usuario y contrase\u00f1a de EducaMadrid (solo la primera parte, hasta el @)<\/strong><\/p>\n\n\n\n<p><a href=\"https:\/\/mediateca.educa.madrid.org\/video\/ygl5ok9gz5d2r5fd\">Tutorial para la descarga y uso de la aplicaci\u00f3n.<\/a><\/p>\n<\/div><\/div>\n\n\n\n<div style=\"height:59px\" aria-hidden=\"true\" class=\"wp-block-spacer\"><\/div>\n\n\n\n<h4 class=\"wp-block-heading\">Dytective (Change Dyslexia)<\/h4>\n\n\n\n<div class=\"wp-block-media-text is-stacked-on-mobile\" style=\"grid-template-columns:33% auto\"><figure class=\"wp-block-media-text__media\"><img loading=\"lazy\" decoding=\"async\" width=\"850\" height=\"469\" src=\"https:\/\/site.educa.madrid.org\/cp.soledadsainz.colmenarviejo\/\/wp-content\/uploads\/cp.soledadsainz.colmenarviejo\/2024\/10\/dytective-platform.jpg\" alt=\"\" class=\"wp-image-2096 size-full\" srcset=\"https:\/\/site.educa.madrid.org\/cp.soledadsainz.colmenarviejo\/\/wp-content\/uploads\/cp.soledadsainz.colmenarviejo\/2024\/10\/dytective-platform.jpg 850w, https:\/\/site.educa.madrid.org\/cp.soledadsainz.colmenarviejo\/\/wp-content\/uploads\/cp.soledadsainz.colmenarviejo\/2024\/10\/dytective-platform-300x166.jpg 300w, https:\/\/site.educa.madrid.org\/cp.soledadsainz.colmenarviejo\/\/wp-content\/uploads\/cp.soledadsainz.colmenarviejo\/2024\/10\/dytective-platform-768x424.jpg 768w\" sizes=\"auto, (max-width: 850px) 100vw, 850px\" \/><\/figure><div class=\"wp-block-media-text__content\">\n<p>Aplicaci\u00f3n educativa con juegos para la mejora de la lectura y la escritura jugando. El centro dispone de una cuenta institucional. Si bien, se puede adquirir la licencia como familia.<\/p>\n<\/div><\/div>\n\n\n\n<div style=\"height:56px\" aria-hidden=\"true\" class=\"wp-block-spacer\"><\/div>\n\n\n\n<h4 class=\"wp-block-heading\">Scratch JR<\/h4>\n\n\n\n<div class=\"wp-block-media-text is-stacked-on-mobile\" style=\"grid-template-columns:32% auto\"><figure class=\"wp-block-media-text__media\"><img loading=\"lazy\" decoding=\"async\" width=\"1000\" height=\"376\" src=\"https:\/\/site.educa.madrid.org\/cp.soledadsainz.colmenarviejo\/\/wp-content\/uploads\/cp.soledadsainz.colmenarviejo\/2024\/10\/Scratch-JR.png\" alt=\"\" class=\"wp-image-2099 size-full\" srcset=\"https:\/\/site.educa.madrid.org\/cp.soledadsainz.colmenarviejo\/\/wp-content\/uploads\/cp.soledadsainz.colmenarviejo\/2024\/10\/Scratch-JR.png 1000w, https:\/\/site.educa.madrid.org\/cp.soledadsainz.colmenarviejo\/\/wp-content\/uploads\/cp.soledadsainz.colmenarviejo\/2024\/10\/Scratch-JR-300x113.png 300w, https:\/\/site.educa.madrid.org\/cp.soledadsainz.colmenarviejo\/\/wp-content\/uploads\/cp.soledadsainz.colmenarviejo\/2024\/10\/Scratch-JR-768x289.png 768w\" sizes=\"auto, (max-width: 1000px) 100vw, 1000px\" \/><\/figure><div class=\"wp-block-media-text__content\">\n<p>Aplicaci\u00f3n para m\u00f3vil o tablet para el aprendizaje de los conceptos b\u00e1sicos de programaci\u00f3n. Est\u00e1 especialmente destinado a alumnado de Infantil y 1er ciclo de Primaria.<\/p>\n\n\n\n<p>No requiere identificaci\u00f3n con usuario y contrase\u00f1a.<\/p>\n<\/div><\/div>\n\n\n\n<div style=\"height:57px\" aria-hidden=\"true\" class=\"wp-block-spacer\"><\/div>\n\n\n\n<h4 class=\"wp-block-heading\">YouTube Kids<\/h4>\n\n\n\n<div class=\"wp-block-media-text is-stacked-on-mobile\" style=\"grid-template-columns:33% auto\"><figure class=\"wp-block-media-text__media\"><img loading=\"lazy\" decoding=\"async\" width=\"310\" height=\"162\" src=\"https:\/\/site.educa.madrid.org\/cp.soledadsainz.colmenarviejo\/\/wp-content\/uploads\/cp.soledadsainz.colmenarviejo\/2024\/10\/Youtube-kids.png\" alt=\"\" class=\"wp-image-2100 size-full\" srcset=\"https:\/\/site.educa.madrid.org\/cp.soledadsainz.colmenarviejo\/\/wp-content\/uploads\/cp.soledadsainz.colmenarviejo\/2024\/10\/Youtube-kids.png 310w, https:\/\/site.educa.madrid.org\/cp.soledadsainz.colmenarviejo\/\/wp-content\/uploads\/cp.soledadsainz.colmenarviejo\/2024\/10\/Youtube-kids-300x157.png 300w\" sizes=\"auto, (max-width: 310px) 100vw, 310px\" \/><\/figure><div class=\"wp-block-media-text__content\">\n<p>Aplicaci\u00f3n de YouTube, para tablet y m\u00f3vil, que permite a las familias incorporar un filtro parental al contenido de YouTube para que los ni\u00f1os y las ni\u00f1as solamente puedan ver el contenido seleccionado para su edad. Requiere de identificaci\u00f3n por parte de las familias.<\/p>\n\n\n\n<p><a href=\"https:\/\/support.google.com\/youtubekids\/#topic=12970520\">Gu\u00eda de ayuda para familias<\/a><\/p>\n<\/div><\/div>\n","protected":false},"excerpt":{"rendered":"<p>Aplicaciones educativas Google Classroom Aula Virtual para el alumnado de 1\u00ba a 6\u00ba de Primaria. El acceso puede realizarse mediante un c\u00f3digo facilitado por el docente o simplemente uni\u00e9ndose a la invitaci\u00f3n recibida. El usuario y contrase\u00f1a son los de la cuenta de EducaMadrid de cada alumno\/alumna. Tutorial para ordenador Tutorial para m\u00f3vil o tablet [&hellip;]<\/p>\n","protected":false},"author":3,"featured_media":0,"parent":0,"menu_order":0,"comment_status":"closed","ping_status":"closed","template":"","meta":{"footnotes":""},"folder":[],"class_list":["post-918","page","type-page","status-publish","hentry"],"rttpg_featured_image_url":null,"rttpg_author":{"display_name":"cp.soledadsainz.colmenarviejo","author_link":"https:\/\/site.educa.madrid.org\/cp.soledadsainz.colmenarviejo\/index.php\/author\/cuenta_cp-soledadsainz-colmenarviejo\/"},"rttpg_comment":0,"rttpg_category":false,"rttpg_excerpt":"Aplicaciones educativas Google Classroom Aula Virtual para el alumnado de 1\u00ba a 6\u00ba de Primaria. El acceso puede realizarse mediante un c\u00f3digo facilitado por el docente o simplemente uni\u00e9ndose a la invitaci\u00f3n recibida. El usuario y contrase\u00f1a son los de la cuenta de EducaMadrid de cada alumno\/alumna. Tutorial para ordenador Tutorial para m\u00f3vil o tablet&hellip;","post_mailing_queue_ids":[],"_links":{"self":[{"href":"https:\/\/site.educa.madrid.org\/cp.soledadsainz.colmenarviejo\/index.php\/wp-json\/wp\/v2\/pages\/918","targetHints":{"allow":["GET"]}}],"collection":[{"href":"https:\/\/site.educa.madrid.org\/cp.soledadsainz.colmenarviejo\/index.php\/wp-json\/wp\/v2\/pages"}],"about":[{"href":"https:\/\/site.educa.madrid.org\/cp.soledadsainz.colmenarviejo\/index.php\/wp-json\/wp\/v2\/types\/page"}],"author":[{"embeddable":true,"href":"https:\/\/site.educa.madrid.org\/cp.soledadsainz.colmenarviejo\/index.php\/wp-json\/wp\/v2\/users\/3"}],"replies":[{"embeddable":true,"href":"https:\/\/site.educa.madrid.org\/cp.soledadsainz.colmenarviejo\/index.php\/wp-json\/wp\/v2\/comments?post=918"}],"version-history":[{"count":11,"href":"https:\/\/site.educa.madrid.org\/cp.soledadsainz.colmenarviejo\/index.php\/wp-json\/wp\/v2\/pages\/918\/revisions"}],"predecessor-version":[{"id":2107,"href":"https:\/\/site.educa.madrid.org\/cp.soledadsainz.colmenarviejo\/index.php\/wp-json\/wp\/v2\/pages\/918\/revisions\/2107"}],"wp:attachment":[{"href":"https:\/\/site.educa.madrid.org\/cp.soledadsainz.colmenarviejo\/index.php\/wp-json\/wp\/v2\/media?parent=918"}],"wp:term":[{"taxonomy":"folder","embeddable":true,"href":"https:\/\/site.educa.madrid.org\/cp.soledadsainz.colmenarviejo\/index.php\/wp-json\/wp\/v2\/folder?post=918"}],"curies":[{"name":"wp","href":"https:\/\/api.w.org\/{rel}","templated":true}]}}