{"id":3105,"date":"2024-03-09T21:17:12","date_gmt":"2024-03-09T20:17:12","guid":{"rendered":"https:\/\/site.educa.madrid.org\/cp.tiernogalvan.alcobendas\/?page_id=3105"},"modified":"2026-03-04T22:47:03","modified_gmt":"2026-03-04T21:47:03","slug":"admision-y-matriculacion-2024-2025","status":"publish","type":"page","link":"https:\/\/site.educa.madrid.org\/cp.tiernogalvan.alcobendas\/index.php\/admision-y-matriculacion-2024-2025\/","title":{"rendered":"ADMISI\u00d3N Y MATRICULACI\u00d3N 2025-2026"},"content":{"rendered":"\n<div data-wp-interactive=\"core\/file\" class=\"wp-block-file\"><object data-wp-bind--hidden=\"!state.hasPdfPreview\" hidden class=\"wp-block-file__embed\" data=\"https:\/\/site.educa.madrid.org\/cp.tiernogalvan.alcobendas\/\/wp-content\/uploads\/cp.tiernogalvan.alcobendas\/2026\/03\/PTO.-COMPLEMENTARIO-1.pdf\" type=\"application\/pdf\" style=\"width:100%;height:600px\" aria-label=\"Incrustado de PTO. COMPLEMENTARIO.\"><\/object><a id=\"wp-block-file--media-8005bdd9-7558-476e-935a-4555b6e29d44\" href=\"https:\/\/site.educa.madrid.org\/cp.tiernogalvan.alcobendas\/\/wp-content\/uploads\/cp.tiernogalvan.alcobendas\/2026\/03\/PTO.-COMPLEMENTARIO-1.pdf\">PTO. COMPLEMENTARIO<\/a><a href=\"https:\/\/site.educa.madrid.org\/cp.tiernogalvan.alcobendas\/\/wp-content\/uploads\/cp.tiernogalvan.alcobendas\/2026\/03\/PTO.-COMPLEMENTARIO-1.pdf\" class=\"wp-block-file__button wp-element-button\" download aria-describedby=\"wp-block-file--media-8005bdd9-7558-476e-935a-4555b6e29d44\">Descarga<\/a><\/div>\n\n\n\n<div data-wp-interactive=\"core\/file\" class=\"wp-block-file\"><object data-wp-bind--hidden=\"!state.hasPdfPreview\" hidden class=\"wp-block-file__embed\" data=\"https:\/\/site.educa.madrid.org\/cp.tiernogalvan.alcobendas\/\/wp-content\/uploads\/cp.tiernogalvan.alcobendas\/2025\/03\/punto-complementario.pdf\" type=\"application\/pdf\" style=\"width:100%;height:600px\" aria-label=\"Incrustado de punto complementario.\"><\/object><a id=\"wp-block-file--media-3b7046d3-a271-4bb5-b7dd-606c8618aa3f\" href=\"https:\/\/site.educa.madrid.org\/cp.tiernogalvan.alcobendas\/\/wp-content\/uploads\/cp.tiernogalvan.alcobendas\/2025\/03\/punto-complementario.pdf\">punto complementario<\/a><a href=\"https:\/\/site.educa.madrid.org\/cp.tiernogalvan.alcobendas\/\/wp-content\/uploads\/cp.tiernogalvan.alcobendas\/2025\/03\/punto-complementario.pdf\" class=\"wp-block-file__button wp-element-button\" download aria-describedby=\"wp-block-file--media-3b7046d3-a271-4bb5-b7dd-606c8618aa3f\">Descarga<\/a><\/div>\n\n\n\n<p><strong>INFORMACI\u00d3N B\u00c1SICA PARA FAMILIAS DEL PROCESO DE ADMISI\u00d3N <\/strong><\/p>\n\n\n\n<p><strong>PRIMER CICLO DE EDUCACI\u00d3N INFANTIL (0-3 a\u00f1os)<\/strong><\/p>\n\n\n\n<div data-wp-interactive=\"core\/file\" class=\"wp-block-file\"><object data-wp-bind--hidden=\"!state.hasPdfPreview\" hidden class=\"wp-block-file__embed\" data=\"https:\/\/site.educa.madrid.org\/cp.tiernogalvan.alcobendas\/\/wp-content\/uploads\/cp.tiernogalvan.alcobendas\/2025\/03\/informacion_basica_familias_25-26_0-3.pdf\" type=\"application\/pdf\" style=\"width:100%;height:600px\" aria-label=\"Incrustado de informacion_basica_familias_25-26_0-3.\"><\/object><a id=\"wp-block-file--media-605e7502-39e7-42ce-83be-319d78dd4ab0\" href=\"https:\/\/site.educa.madrid.org\/cp.tiernogalvan.alcobendas\/\/wp-content\/uploads\/cp.tiernogalvan.alcobendas\/2025\/03\/informacion_basica_familias_25-26_0-3.pdf\">informacion_basica_familias_25-26_0-3<\/a><a href=\"https:\/\/site.educa.madrid.org\/cp.tiernogalvan.alcobendas\/\/wp-content\/uploads\/cp.tiernogalvan.alcobendas\/2025\/03\/informacion_basica_familias_25-26_0-3.pdf\" class=\"wp-block-file__button wp-element-button\" download aria-describedby=\"wp-block-file--media-605e7502-39e7-42ce-83be-319d78dd4ab0\">Descarga<\/a><\/div>\n\n\n\n<div data-wp-interactive=\"core\/file\" class=\"wp-block-file\"><object data-wp-bind--hidden=\"!state.hasPdfPreview\" hidden class=\"wp-block-file__embed\" data=\"https:\/\/site.educa.madrid.org\/cp.tiernogalvan.alcobendas\/\/wp-content\/uploads\/cp.tiernogalvan.alcobendas\/2025\/03\/bocm-20241213-25-0-3.pdf\" type=\"application\/pdf\" style=\"width:100%;height:600px\" aria-label=\"Incrustado de bocm-20241213-25-0-3.\"><\/object><a id=\"wp-block-file--media-2917f227-58af-434a-a2b7-f97512896089\" href=\"https:\/\/site.educa.madrid.org\/cp.tiernogalvan.alcobendas\/\/wp-content\/uploads\/cp.tiernogalvan.alcobendas\/2025\/03\/bocm-20241213-25-0-3.pdf\">bocm-20241213-25-0-3<\/a><a href=\"https:\/\/site.educa.madrid.org\/cp.tiernogalvan.alcobendas\/\/wp-content\/uploads\/cp.tiernogalvan.alcobendas\/2025\/03\/bocm-20241213-25-0-3.pdf\" class=\"wp-block-file__button wp-element-button\" download aria-describedby=\"wp-block-file--media-2917f227-58af-434a-a2b7-f97512896089\">Descarga<\/a><\/div>\n\n\n\n<p><strong>SEGUNDO CICLO DE INFANTIL Y PRIMARIA (3-12 a\u00f1os)<\/strong><\/p>\n\n\n\n<figure class=\"wp-block-gallery aligncenter has-nested-images columns-default is-cropped wp-block-gallery-1 is-layout-flex wp-block-gallery-is-layout-flex\"><\/figure>\n","protected":false},"excerpt":{"rendered":"<p>INFORMACI\u00d3N B\u00c1SICA PARA FAMILIAS DEL PROCESO DE ADMISI\u00d3N PRIMER CICLO DE EDUCACI\u00d3N INFANTIL (0-3 a\u00f1os) SEGUNDO CICLO DE INFANTIL Y PRIMARIA (3-12 a\u00f1os)<\/p>\n","protected":false},"author":2,"featured_media":0,"parent":0,"menu_order":0,"comment_status":"closed","ping_status":"closed","template":"","meta":{"footnotes":""},"folder":[],"class_list":["post-3105","page","type-page","status-publish","hentry"],"rttpg_featured_image_url":null,"rttpg_author":{"display_name":"tic.cp.tiernogalvan.alcobendas","author_link":"https:\/\/site.educa.madrid.org\/cp.tiernogalvan.alcobendas\/index.php\/author\/cuenta_tic-cp-tiernogalvan-alcobendas\/"},"rttpg_comment":0,"rttpg_category":false,"rttpg_excerpt":"INFORMACI\u00d3N B\u00c1SICA PARA FAMILIAS DEL PROCESO DE ADMISI\u00d3N PRIMER CICLO DE EDUCACI\u00d3N INFANTIL (0-3 a\u00f1os) SEGUNDO CICLO DE INFANTIL Y PRIMARIA (3-12 a\u00f1os)","post_mailing_queue_ids":[],"_links":{"self":[{"href":"https:\/\/site.educa.madrid.org\/cp.tiernogalvan.alcobendas\/index.php\/wp-json\/wp\/v2\/pages\/3105","targetHints":{"allow":["GET"]}}],"collection":[{"href":"https:\/\/site.educa.madrid.org\/cp.tiernogalvan.alcobendas\/index.php\/wp-json\/wp\/v2\/pages"}],"about":[{"href":"https:\/\/site.educa.madrid.org\/cp.tiernogalvan.alcobendas\/index.php\/wp-json\/wp\/v2\/types\/page"}],"author":[{"embeddable":true,"href":"https:\/\/site.educa.madrid.org\/cp.tiernogalvan.alcobendas\/index.php\/wp-json\/wp\/v2\/users\/2"}],"replies":[{"embeddable":true,"href":"https:\/\/site.educa.madrid.org\/cp.tiernogalvan.alcobendas\/index.php\/wp-json\/wp\/v2\/comments?post=3105"}],"version-history":[{"count":8,"href":"https:\/\/site.educa.madrid.org\/cp.tiernogalvan.alcobendas\/index.php\/wp-json\/wp\/v2\/pages\/3105\/revisions"}],"predecessor-version":[{"id":4176,"href":"https:\/\/site.educa.madrid.org\/cp.tiernogalvan.alcobendas\/index.php\/wp-json\/wp\/v2\/pages\/3105\/revisions\/4176"}],"wp:attachment":[{"href":"https:\/\/site.educa.madrid.org\/cp.tiernogalvan.alcobendas\/index.php\/wp-json\/wp\/v2\/media?parent=3105"}],"wp:term":[{"taxonomy":"folder","embeddable":true,"href":"https:\/\/site.educa.madrid.org\/cp.tiernogalvan.alcobendas\/index.php\/wp-json\/wp\/v2\/folder?post=3105"}],"curies":[{"name":"wp","href":"https:\/\/api.w.org\/{rel}","templated":true}]}}